{"id":3684,"date":"2026-02-21T10:15:25","date_gmt":"2026-02-21T08:15:25","guid":{"rendered":"https:\/\/pagrabueksperti.lv\/?post_type=product&#038;p=3684"},"modified":"2026-02-21T10:16:13","modified_gmt":"2026-02-21T08:16:13","slug":"plastmasas-tvertne-500l-dzerama-udens-uzglabasanai","status":"publish","type":"product","link":"https:\/\/pagrabueksperti.lv\/en\/product\/plastmasas-tvertne-500l-dzerama-udens-uzglabasanai\/","title":{"rendered":"Plastmasas tvertne 500L dzeram\u0101 \u016bdens uzglab\u0101\u0161anai."},"content":{"rendered":"<div class=\"layout-element layout-element--layout layout-element transition transition--slide\" data-v-862b8f16=\"\" data-qa=\"layout-element-wrapper:zee4q7\" data-animation-state=\"active\">\n<h4>Taisnst\u016bra tvertne 500L<\/h4>\n<p><strong>Parametri:<\/strong><\/p>\n<p>Izm\u0113ri: 680\/680\/1250 mm<\/p>\n<p>Kakla diametrs: 350 mm, sienas\u00a0biezums: 4,0\u00a0mm<\/p>\n<p>Integr\u0113ta 3\/4 collu misi\u0146a v\u012btne<\/p>\n<p>Materi\u0101ls:PE<\/p>\n<\/div>","protected":false},"excerpt":{"rendered":"<p>Taisnst\u016bra tvertne 500L Parametri: Izm\u0113ri: 680\/680\/1250 mm Kakla diametrs: 350 mm, sienas\u00a0biezums: 4,0\u00a0mm Integr\u0113ta 3\/4 collu misi\u0146a v\u012btne Materi\u0101ls:PE<\/p>","protected":false},"featured_media":3685,"comment_status":"open","ping_status":"closed","template":"","meta":{"site-sidebar-layout":"default","site-content-layout":"","ast-site-content-layout":"default","site-content-style":"default","site-sidebar-style":"default","ast-global-header-display":"","ast-banner-title-visibility":"","ast-main-header-display":"","ast-hfb-above-header-display":"","ast-hfb-below-header-display":"","ast-hfb-mobile-header-display":"","site-post-title":"","ast-breadcrumbs-content":"","ast-featured-img":"","footer-sml-layout":"","ast-disable-related-posts":"","theme-transparent-header-meta":"default","adv-header-id-meta":"","stick-header-meta":"","header-above-stick-meta":"","header-main-stick-meta":"","header-below-stick-meta":"","astra-migrate-meta-layouts":"set","ast-page-background-enabled":"default","ast-page-background-meta":{"desktop":{"background-color":"","background-image":"","background-repeat":"repeat","background-position":"center center","background-size":"auto","background-attachment":"scroll","background-type":"","background-media":"","overlay-type":"","overlay-color":"","overlay-opacity":"","overlay-gradient":""},"tablet":{"background-color":"","background-image":"","background-repeat":"repeat","background-position":"center center","background-size":"auto","background-attachment":"scroll","background-type":"","background-media":"","overlay-type":"","overlay-color":"","overlay-opacity":"","overlay-gradient":""},"mobile":{"background-color":"","background-image":"","background-repeat":"repeat","background-position":"center center","background-size":"auto","background-attachment":"scroll","background-type":"","background-media":"","overlay-type":"","overlay-color":"","overlay-opacity":"","overlay-gradient":""}},"ast-content-background-meta":{"desktop":{"background-color":"var(--ast-global-color-5)","background-image":"","background-repeat":"repeat","background-position":"center center","background-size":"auto","background-attachment":"scroll","background-type":"","background-media":"","overlay-type":"","overlay-color":"","overlay-opacity":"","overlay-gradient":""},"tablet":{"background-color":"var(--ast-global-color-5)","background-image":"","background-repeat":"repeat","background-position":"center center","background-size":"auto","background-attachment":"scroll","background-type":"","background-media":"","overlay-type":"","overlay-color":"","overlay-opacity":"","overlay-gradient":""},"mobile":{"background-color":"var(--ast-global-color-5)","background-image":"","background-repeat":"repeat","background-position":"center center","background-size":"auto","background-attachment":"scroll","background-type":"","background-media":"","overlay-type":"","overlay-color":"","overlay-opacity":"","overlay-gradient":""}}},"product_brand":[],"product_cat":[53],"product_tag":[56],"class_list":{"0":"post-3684","1":"product","2":"type-product","3":"status-publish","4":"has-post-thumbnail","6":"product_cat-cits-aprikojums","7":"product_tag-udens-tvertnes","8":"desktop-align-left","9":"tablet-align-left","10":"mobile-align-left","12":"first","13":"instock","14":"shipping-taxable","15":"product-type-simple"},"yoast_head":"<!-- This site is optimized with the Yoast SEO Premium plugin v21.8 (Yoast SEO v26.6) - https:\/\/yoast.com\/wordpress\/plugins\/seo\/ -->\n<title>Plastmasas tvertne 500L dzeram\u0101 \u016bdens uzglab\u0101\u0161anai. - Pagrabu Eksperti<\/title>\n<meta name=\"robots\" content=\"index, follow, max-snippet:-1, max-image-preview:large, max-video-preview:-1\" \/>\n<link rel=\"canonical\" href=\"https:\/\/pagrabueksperti.lv\/en\/product\/plastmasas-tvertne-500l-dzerama-udens-uzglabasanai\/\" \/>\n<meta property=\"og:locale\" content=\"en_GB\" \/>\n<meta property=\"og:type\" content=\"article\" \/>\n<meta property=\"og:title\" content=\"Plastmasas tvertne 500L dzeram\u0101 \u016bdens uzglab\u0101\u0161anai.\" \/>\n<meta property=\"og:description\" content=\"Taisnst\u016bra tvertne 500L Parametri: Izm\u0113ri: 680\/680\/1250 mm Kakla diametrs: 350 mm, sienas\u00a0biezums: 4,0\u00a0mm Integr\u0113ta 3\/4 collu misi\u0146a v\u012btne Materi\u0101ls:PE\" \/>\n<meta property=\"og:url\" content=\"https:\/\/pagrabueksperti.lv\/en\/product\/plastmasas-tvertne-500l-dzerama-udens-uzglabasanai\/\" \/>\n<meta property=\"og:site_name\" content=\"Pagrabu Eksperti\" \/>\n<meta property=\"article:modified_time\" content=\"2026-02-21T08:16:13+00:00\" \/>\n<meta property=\"og:image\" content=\"http:\/\/pagrabueksperti.lv\/wp-content\/uploads\/2026\/02\/BK500_face-700x700-1.png\" \/>\n\t<meta property=\"og:image:width\" content=\"700\" \/>\n\t<meta property=\"og:image:height\" content=\"700\" \/>\n\t<meta property=\"og:image:type\" content=\"image\/png\" \/>\n<meta name=\"twitter:card\" content=\"summary_large_image\" \/>\n<meta name=\"twitter:label1\" content=\"Estimated reading time\" \/>\n\t<meta name=\"twitter:data1\" content=\"1 minute\" \/>\n<script type=\"application\/ld+json\" class=\"yoast-schema-graph\">{\"@context\":\"https:\/\/schema.org\",\"@graph\":[{\"@type\":\"WebPage\",\"@id\":\"https:\/\/pagrabueksperti.lv\/product\/plastmasas-tvertne-500l-dzerama-udens-uzglabasanai\/\",\"url\":\"https:\/\/pagrabueksperti.lv\/product\/plastmasas-tvertne-500l-dzerama-udens-uzglabasanai\/\",\"name\":\"Plastmasas tvertne 500L dzeram\u0101 \u016bdens uzglab\u0101\u0161anai. - Pagrabu Eksperti\",\"isPartOf\":{\"@id\":\"https:\/\/pagrabueksperti.lv\/#website\"},\"primaryImageOfPage\":{\"@id\":\"https:\/\/pagrabueksperti.lv\/product\/plastmasas-tvertne-500l-dzerama-udens-uzglabasanai\/#primaryimage\"},\"image\":{\"@id\":\"https:\/\/pagrabueksperti.lv\/product\/plastmasas-tvertne-500l-dzerama-udens-uzglabasanai\/#primaryimage\"},\"thumbnailUrl\":\"https:\/\/pagrabueksperti.lv\/wp-content\/uploads\/2026\/02\/BK500_face-700x700-1.png\",\"datePublished\":\"2026-02-21T08:15:25+00:00\",\"dateModified\":\"2026-02-21T08:16:13+00:00\",\"breadcrumb\":{\"@id\":\"https:\/\/pagrabueksperti.lv\/product\/plastmasas-tvertne-500l-dzerama-udens-uzglabasanai\/#breadcrumb\"},\"inLanguage\":\"en-GB\",\"potentialAction\":[{\"@type\":\"ReadAction\",\"target\":[\"https:\/\/pagrabueksperti.lv\/product\/plastmasas-tvertne-500l-dzerama-udens-uzglabasanai\/\"]}]},{\"@type\":\"ImageObject\",\"inLanguage\":\"en-GB\",\"@id\":\"https:\/\/pagrabueksperti.lv\/product\/plastmasas-tvertne-500l-dzerama-udens-uzglabasanai\/#primaryimage\",\"url\":\"https:\/\/pagrabueksperti.lv\/wp-content\/uploads\/2026\/02\/BK500_face-700x700-1.png\",\"contentUrl\":\"https:\/\/pagrabueksperti.lv\/wp-content\/uploads\/2026\/02\/BK500_face-700x700-1.png\",\"width\":700,\"height\":700},{\"@type\":\"BreadcrumbList\",\"@id\":\"https:\/\/pagrabueksperti.lv\/product\/plastmasas-tvertne-500l-dzerama-udens-uzglabasanai\/#breadcrumb\",\"itemListElement\":[{\"@type\":\"ListItem\",\"position\":1,\"name\":\"Home\",\"item\":\"https:\/\/pagrabueksperti.lv\/\"},{\"@type\":\"ListItem\",\"position\":2,\"name\":\"Products\",\"item\":\"https:\/\/pagrabueksperti.lv\/shop__trashed\/\"},{\"@type\":\"ListItem\",\"position\":3,\"name\":\"Plastmasas tvertne 500L dzeram\u0101 \u016bdens uzglab\u0101\u0161anai.\"}]},{\"@type\":\"WebSite\",\"@id\":\"https:\/\/pagrabueksperti.lv\/#website\",\"url\":\"https:\/\/pagrabueksperti.lv\/\",\"name\":\"Pagrabu Eksperti\",\"description\":\"\",\"publisher\":{\"@id\":\"https:\/\/pagrabueksperti.lv\/#organization\"},\"potentialAction\":[{\"@type\":\"SearchAction\",\"target\":{\"@type\":\"EntryPoint\",\"urlTemplate\":\"https:\/\/pagrabueksperti.lv\/?s={search_term_string}\"},\"query-input\":{\"@type\":\"PropertyValueSpecification\",\"valueRequired\":true,\"valueName\":\"search_term_string\"}}],\"inLanguage\":\"en-GB\"},{\"@type\":\"Organization\",\"@id\":\"https:\/\/pagrabueksperti.lv\/#organization\",\"name\":\"Pagrabu Eksperti\",\"url\":\"https:\/\/pagrabueksperti.lv\/\",\"logo\":{\"@type\":\"ImageObject\",\"inLanguage\":\"en-GB\",\"@id\":\"https:\/\/pagrabueksperti.lv\/#\/schema\/logo\/image\/\",\"url\":\"https:\/\/pagrabueksperti.lv\/wp-content\/uploads\/2025\/02\/Group-20-3.png\",\"contentUrl\":\"https:\/\/pagrabueksperti.lv\/wp-content\/uploads\/2025\/02\/Group-20-3.png\",\"width\":894,\"height\":891,\"caption\":\"Pagrabu Eksperti\"},\"image\":{\"@id\":\"https:\/\/pagrabueksperti.lv\/#\/schema\/logo\/image\/\"}}]}<\/script>\n<!-- \/ Yoast SEO Premium plugin. -->","yoast_head_json":{"title":"Plastmasas tvertne 500L dzeram\u0101 \u016bdens uzglab\u0101\u0161anai. - Pagrabu Eksperti","robots":{"index":"index","follow":"follow","max-snippet":"max-snippet:-1","max-image-preview":"max-image-preview:large","max-video-preview":"max-video-preview:-1"},"canonical":"https:\/\/pagrabueksperti.lv\/en\/product\/plastmasas-tvertne-500l-dzerama-udens-uzglabasanai\/","og_locale":"en_GB","og_type":"article","og_title":"Plastmasas tvertne 500L dzeram\u0101 \u016bdens uzglab\u0101\u0161anai.","og_description":"Taisnst\u016bra tvertne 500L Parametri: Izm\u0113ri: 680\/680\/1250 mm Kakla diametrs: 350 mm, sienas\u00a0biezums: 4,0\u00a0mm Integr\u0113ta 3\/4 collu misi\u0146a v\u012btne Materi\u0101ls:PE","og_url":"https:\/\/pagrabueksperti.lv\/en\/product\/plastmasas-tvertne-500l-dzerama-udens-uzglabasanai\/","og_site_name":"Pagrabu Eksperti","article_modified_time":"2026-02-21T08:16:13+00:00","og_image":[{"width":700,"height":700,"url":"http:\/\/pagrabueksperti.lv\/wp-content\/uploads\/2026\/02\/BK500_face-700x700-1.png","type":"image\/png"}],"twitter_card":"summary_large_image","twitter_misc":{"Estimated reading time":"1 minute"},"schema":{"@context":"https:\/\/schema.org","@graph":[{"@type":"WebPage","@id":"https:\/\/pagrabueksperti.lv\/product\/plastmasas-tvertne-500l-dzerama-udens-uzglabasanai\/","url":"https:\/\/pagrabueksperti.lv\/product\/plastmasas-tvertne-500l-dzerama-udens-uzglabasanai\/","name":"Plastmasas tvertne 500L dzeram\u0101 \u016bdens uzglab\u0101\u0161anai. - Pagrabu Eksperti","isPartOf":{"@id":"https:\/\/pagrabueksperti.lv\/#website"},"primaryImageOfPage":{"@id":"https:\/\/pagrabueksperti.lv\/product\/plastmasas-tvertne-500l-dzerama-udens-uzglabasanai\/#primaryimage"},"image":{"@id":"https:\/\/pagrabueksperti.lv\/product\/plastmasas-tvertne-500l-dzerama-udens-uzglabasanai\/#primaryimage"},"thumbnailUrl":"https:\/\/pagrabueksperti.lv\/wp-content\/uploads\/2026\/02\/BK500_face-700x700-1.png","datePublished":"2026-02-21T08:15:25+00:00","dateModified":"2026-02-21T08:16:13+00:00","breadcrumb":{"@id":"https:\/\/pagrabueksperti.lv\/product\/plastmasas-tvertne-500l-dzerama-udens-uzglabasanai\/#breadcrumb"},"inLanguage":"en-GB","potentialAction":[{"@type":"ReadAction","target":["https:\/\/pagrabueksperti.lv\/product\/plastmasas-tvertne-500l-dzerama-udens-uzglabasanai\/"]}]},{"@type":"ImageObject","inLanguage":"en-GB","@id":"https:\/\/pagrabueksperti.lv\/product\/plastmasas-tvertne-500l-dzerama-udens-uzglabasanai\/#primaryimage","url":"https:\/\/pagrabueksperti.lv\/wp-content\/uploads\/2026\/02\/BK500_face-700x700-1.png","contentUrl":"https:\/\/pagrabueksperti.lv\/wp-content\/uploads\/2026\/02\/BK500_face-700x700-1.png","width":700,"height":700},{"@type":"BreadcrumbList","@id":"https:\/\/pagrabueksperti.lv\/product\/plastmasas-tvertne-500l-dzerama-udens-uzglabasanai\/#breadcrumb","itemListElement":[{"@type":"ListItem","position":1,"name":"Home","item":"https:\/\/pagrabueksperti.lv\/"},{"@type":"ListItem","position":2,"name":"Products","item":"https:\/\/pagrabueksperti.lv\/shop__trashed\/"},{"@type":"ListItem","position":3,"name":"Plastmasas tvertne 500L dzeram\u0101 \u016bdens uzglab\u0101\u0161anai."}]},{"@type":"WebSite","@id":"https:\/\/pagrabueksperti.lv\/#website","url":"https:\/\/pagrabueksperti.lv\/","name":"Pagrabu Eksperti","description":"","publisher":{"@id":"https:\/\/pagrabueksperti.lv\/#organization"},"potentialAction":[{"@type":"SearchAction","target":{"@type":"EntryPoint","urlTemplate":"https:\/\/pagrabueksperti.lv\/?s={search_term_string}"},"query-input":{"@type":"PropertyValueSpecification","valueRequired":true,"valueName":"search_term_string"}}],"inLanguage":"en-GB"},{"@type":"Organization","@id":"https:\/\/pagrabueksperti.lv\/#organization","name":"Pagrabu Eksperti","url":"https:\/\/pagrabueksperti.lv\/","logo":{"@type":"ImageObject","inLanguage":"en-GB","@id":"https:\/\/pagrabueksperti.lv\/#\/schema\/logo\/image\/","url":"https:\/\/pagrabueksperti.lv\/wp-content\/uploads\/2025\/02\/Group-20-3.png","contentUrl":"https:\/\/pagrabueksperti.lv\/wp-content\/uploads\/2025\/02\/Group-20-3.png","width":894,"height":891,"caption":"Pagrabu Eksperti"},"image":{"@id":"https:\/\/pagrabueksperti.lv\/#\/schema\/logo\/image\/"}}]}},"_links":{"self":[{"href":"https:\/\/pagrabueksperti.lv\/en\/wp-json\/wp\/v2\/product\/3684","targetHints":{"allow":["GET"]}}],"collection":[{"href":"https:\/\/pagrabueksperti.lv\/en\/wp-json\/wp\/v2\/product"}],"about":[{"href":"https:\/\/pagrabueksperti.lv\/en\/wp-json\/wp\/v2\/types\/product"}],"replies":[{"embeddable":true,"href":"https:\/\/pagrabueksperti.lv\/en\/wp-json\/wp\/v2\/comments?post=3684"}],"wp:featuredmedia":[{"embeddable":true,"href":"https:\/\/pagrabueksperti.lv\/en\/wp-json\/wp\/v2\/media\/3685"}],"wp:attachment":[{"href":"https:\/\/pagrabueksperti.lv\/en\/wp-json\/wp\/v2\/media?parent=3684"}],"wp:term":[{"taxonomy":"product_brand","embeddable":true,"href":"https:\/\/pagrabueksperti.lv\/en\/wp-json\/wp\/v2\/product_brand?post=3684"},{"taxonomy":"product_cat","embeddable":true,"href":"https:\/\/pagrabueksperti.lv\/en\/wp-json\/wp\/v2\/product_cat?post=3684"},{"taxonomy":"product_tag","embeddable":true,"href":"https:\/\/pagrabueksperti.lv\/en\/wp-json\/wp\/v2\/product_tag?post=3684"}],"curies":[{"name":"wp","href":"https:\/\/api.w.org\/{rel}","templated":true}]}}