{"id":3680,"date":"2026-02-16T19:33:57","date_gmt":"2026-02-16T17:33:57","guid":{"rendered":"https:\/\/pagrabueksperti.lv\/?post_type=product&#038;p=3680"},"modified":"2026-02-16T19:35:02","modified_gmt":"2026-02-16T17:35:02","slug":"plastmasas-kanna-20l-dzerama-udens-uzglabasanai","status":"publish","type":"product","link":"https:\/\/pagrabueksperti.lv\/en\/product\/plastmasas-kanna-20l-dzerama-udens-uzglabasanai\/","title":{"rendered":"Plastmasas Kanna 20L dzeram\u0101 \u016bdens uzglab\u0101\u0161anai."},"content":{"rendered":"<div class=\"layout-element layout-element--layout layout-element transition transition--slide\" data-v-862b8f16=\"\" data-qa=\"layout-element-wrapper:zee4q7\" data-animation-state=\"active\">\n<div id=\"zeE4q7\" class=\"text-box layout-element__component layout-element__component--GridTextBox\" data-v-862b8f16=\"\" data-qa=\"gridtextbox:zee4q7\">\n<p class=\"body\" dir=\"auto\">\u016adens tvertne ar kr\u0101nu piem\u0113rota dzeram\u0101 \u016bdens uzglab\u0101\u0161anai.<\/p>\n<p>Triecieniztur\u012bga.<\/p>\n<p><strong>Parametri:<\/p>\n<p>Tilpums 20 L<\/strong><\/p>\n<p class=\"body\" dir=\"auto\">Augstums:\u00a0 485 mm<br \/>\nPamatne: 375 x 160 mm<br \/>\nSvars: 900 g<\/p>\n<p>Iepild\u012b\u0161anas atveres diametrs: 51 mm\n<\/p>\n<table>\n<tbody>\n<tr>\n<td><strong>Iepakojuma izm\u0113ri un svars<\/strong><\/td>\n<td>0,16 x 0,38 x 0,49 m, 0,9 kg<\/td>\n<\/tr>\n<\/tbody>\n<\/table>\n<\/div>\n<\/div>","protected":false},"excerpt":{"rendered":"<p>\u016adens tvertne ar kr\u0101nu piem\u0113rota dzeram\u0101 \u016bdens uzglab\u0101\u0161anai. Triecieniztur\u012bga. Parametri: Tilpums 20 L Augstums:\u00a0 485 mm Pamatne: 375 x 160 mm Svars: 900 g Iepild\u012b\u0161anas atveres diametrs: 51 mm Iepakojuma izm\u0113ri un svars 0,16 x 0,38 x 0,49 m, 0,9 kg<\/p>","protected":false},"featured_media":3681,"comment_status":"open","ping_status":"closed","template":"","meta":{"site-sidebar-layout":"default","site-content-layout":"","ast-site-content-layout":"default","site-content-style":"default","site-sidebar-style":"default","ast-global-header-display":"","ast-banner-title-visibility":"","ast-main-header-display":"","ast-hfb-above-header-display":"","ast-hfb-below-header-display":"","ast-hfb-mobile-header-display":"","site-post-title":"","ast-breadcrumbs-content":"","ast-featured-img":"","footer-sml-layout":"","ast-disable-related-posts":"","theme-transparent-header-meta":"default","adv-header-id-meta":"","stick-header-meta":"","header-above-stick-meta":"","header-main-stick-meta":"","header-below-stick-meta":"","astra-migrate-meta-layouts":"set","ast-page-background-enabled":"default","ast-page-background-meta":{"desktop":{"background-color":"","background-image":"","background-repeat":"repeat","background-position":"center center","background-size":"auto","background-attachment":"scroll","background-type":"","background-media":"","overlay-type":"","overlay-color":"","overlay-opacity":"","overlay-gradient":""},"tablet":{"background-color":"","background-image":"","background-repeat":"repeat","background-position":"center center","background-size":"auto","background-attachment":"scroll","background-type":"","background-media":"","overlay-type":"","overlay-color":"","overlay-opacity":"","overlay-gradient":""},"mobile":{"background-color":"","background-image":"","background-repeat":"repeat","background-position":"center center","background-size":"auto","background-attachment":"scroll","background-type":"","background-media":"","overlay-type":"","overlay-color":"","overlay-opacity":"","overlay-gradient":""}},"ast-content-background-meta":{"desktop":{"background-color":"var(--ast-global-color-5)","background-image":"","background-repeat":"repeat","background-position":"center center","background-size":"auto","background-attachment":"scroll","background-type":"","background-media":"","overlay-type":"","overlay-color":"","overlay-opacity":"","overlay-gradient":""},"tablet":{"background-color":"var(--ast-global-color-5)","background-image":"","background-repeat":"repeat","background-position":"center center","background-size":"auto","background-attachment":"scroll","background-type":"","background-media":"","overlay-type":"","overlay-color":"","overlay-opacity":"","overlay-gradient":""},"mobile":{"background-color":"var(--ast-global-color-5)","background-image":"","background-repeat":"repeat","background-position":"center center","background-size":"auto","background-attachment":"scroll","background-type":"","background-media":"","overlay-type":"","overlay-color":"","overlay-opacity":"","overlay-gradient":""}}},"product_brand":[],"product_cat":[53],"product_tag":[56],"class_list":{"0":"post-3680","1":"product","2":"type-product","3":"status-publish","4":"has-post-thumbnail","6":"product_cat-cits-aprikojums","7":"product_tag-udens-tvertnes","8":"desktop-align-left","9":"tablet-align-left","10":"mobile-align-left","12":"first","13":"instock","14":"shipping-taxable","15":"product-type-simple"},"yoast_head":"<!-- This site is optimized with the Yoast SEO Premium plugin v21.8 (Yoast SEO v26.6) - https:\/\/yoast.com\/wordpress\/plugins\/seo\/ -->\n<title>Plastmasas Kanna 20L dzeram\u0101 \u016bdens uzglab\u0101\u0161anai. - Pagrabu Eksperti<\/title>\n<meta name=\"robots\" content=\"index, follow, max-snippet:-1, max-image-preview:large, max-video-preview:-1\" \/>\n<link rel=\"canonical\" href=\"https:\/\/pagrabueksperti.lv\/en\/product\/plastmasas-kanna-20l-dzerama-udens-uzglabasanai\/\" \/>\n<meta property=\"og:locale\" content=\"en_GB\" \/>\n<meta property=\"og:type\" content=\"article\" \/>\n<meta property=\"og:title\" content=\"Plastmasas Kanna 20L dzeram\u0101 \u016bdens uzglab\u0101\u0161anai.\" \/>\n<meta property=\"og:description\" content=\"\u016adens tvertne ar kr\u0101nu piem\u0113rota dzeram\u0101 \u016bdens uzglab\u0101\u0161anai. Triecieniztur\u012bga. Parametri: Tilpums 20 L Augstums:\u00a0 485 mm Pamatne: 375 x 160 mm Svars: 900 g Iepild\u012b\u0161anas atveres diametrs: 51 mm Iepakojuma izm\u0113ri un svars 0,16 x 0,38 x 0,49 m, 0,9 kg\" \/>\n<meta property=\"og:url\" content=\"https:\/\/pagrabueksperti.lv\/en\/product\/plastmasas-kanna-20l-dzerama-udens-uzglabasanai\/\" \/>\n<meta property=\"og:site_name\" content=\"Pagrabu Eksperti\" \/>\n<meta property=\"article:modified_time\" content=\"2026-02-16T17:35:02+00:00\" \/>\n<meta property=\"og:image\" content=\"http:\/\/pagrabueksperti.lv\/wp-content\/uploads\/2026\/02\/udens-kanna-bradas-20-l-ar-kranu-ddbdbe6707ddf9b3bbbec236c4a08187_reference.webp\" \/>\n\t<meta property=\"og:image:width\" content=\"600\" \/>\n\t<meta property=\"og:image:height\" content=\"600\" \/>\n\t<meta property=\"og:image:type\" content=\"image\/webp\" \/>\n<meta name=\"twitter:card\" content=\"summary_large_image\" \/>\n<meta name=\"twitter:label1\" content=\"Estimated reading time\" \/>\n\t<meta name=\"twitter:data1\" content=\"1 minute\" \/>\n<script type=\"application\/ld+json\" class=\"yoast-schema-graph\">{\"@context\":\"https:\/\/schema.org\",\"@graph\":[{\"@type\":\"WebPage\",\"@id\":\"https:\/\/pagrabueksperti.lv\/product\/plastmasas-kanna-20l-dzerama-udens-uzglabasanai\/\",\"url\":\"https:\/\/pagrabueksperti.lv\/product\/plastmasas-kanna-20l-dzerama-udens-uzglabasanai\/\",\"name\":\"Plastmasas Kanna 20L dzeram\u0101 \u016bdens uzglab\u0101\u0161anai. - Pagrabu Eksperti\",\"isPartOf\":{\"@id\":\"https:\/\/pagrabueksperti.lv\/#website\"},\"primaryImageOfPage\":{\"@id\":\"https:\/\/pagrabueksperti.lv\/product\/plastmasas-kanna-20l-dzerama-udens-uzglabasanai\/#primaryimage\"},\"image\":{\"@id\":\"https:\/\/pagrabueksperti.lv\/product\/plastmasas-kanna-20l-dzerama-udens-uzglabasanai\/#primaryimage\"},\"thumbnailUrl\":\"https:\/\/pagrabueksperti.lv\/wp-content\/uploads\/2026\/02\/udens-kanna-bradas-20-l-ar-kranu-ddbdbe6707ddf9b3bbbec236c4a08187_reference.webp\",\"datePublished\":\"2026-02-16T17:33:57+00:00\",\"dateModified\":\"2026-02-16T17:35:02+00:00\",\"breadcrumb\":{\"@id\":\"https:\/\/pagrabueksperti.lv\/product\/plastmasas-kanna-20l-dzerama-udens-uzglabasanai\/#breadcrumb\"},\"inLanguage\":\"en-GB\",\"potentialAction\":[{\"@type\":\"ReadAction\",\"target\":[\"https:\/\/pagrabueksperti.lv\/product\/plastmasas-kanna-20l-dzerama-udens-uzglabasanai\/\"]}]},{\"@type\":\"ImageObject\",\"inLanguage\":\"en-GB\",\"@id\":\"https:\/\/pagrabueksperti.lv\/product\/plastmasas-kanna-20l-dzerama-udens-uzglabasanai\/#primaryimage\",\"url\":\"https:\/\/pagrabueksperti.lv\/wp-content\/uploads\/2026\/02\/udens-kanna-bradas-20-l-ar-kranu-ddbdbe6707ddf9b3bbbec236c4a08187_reference.webp\",\"contentUrl\":\"https:\/\/pagrabueksperti.lv\/wp-content\/uploads\/2026\/02\/udens-kanna-bradas-20-l-ar-kranu-ddbdbe6707ddf9b3bbbec236c4a08187_reference.webp\",\"width\":600,\"height\":600},{\"@type\":\"BreadcrumbList\",\"@id\":\"https:\/\/pagrabueksperti.lv\/product\/plastmasas-kanna-20l-dzerama-udens-uzglabasanai\/#breadcrumb\",\"itemListElement\":[{\"@type\":\"ListItem\",\"position\":1,\"name\":\"Home\",\"item\":\"https:\/\/pagrabueksperti.lv\/\"},{\"@type\":\"ListItem\",\"position\":2,\"name\":\"Products\",\"item\":\"https:\/\/pagrabueksperti.lv\/shop__trashed\/\"},{\"@type\":\"ListItem\",\"position\":3,\"name\":\"Plastmasas Kanna 20L dzeram\u0101 \u016bdens uzglab\u0101\u0161anai.\"}]},{\"@type\":\"WebSite\",\"@id\":\"https:\/\/pagrabueksperti.lv\/#website\",\"url\":\"https:\/\/pagrabueksperti.lv\/\",\"name\":\"Pagrabu Eksperti\",\"description\":\"\",\"publisher\":{\"@id\":\"https:\/\/pagrabueksperti.lv\/#organization\"},\"potentialAction\":[{\"@type\":\"SearchAction\",\"target\":{\"@type\":\"EntryPoint\",\"urlTemplate\":\"https:\/\/pagrabueksperti.lv\/?s={search_term_string}\"},\"query-input\":{\"@type\":\"PropertyValueSpecification\",\"valueRequired\":true,\"valueName\":\"search_term_string\"}}],\"inLanguage\":\"en-GB\"},{\"@type\":\"Organization\",\"@id\":\"https:\/\/pagrabueksperti.lv\/#organization\",\"name\":\"Pagrabu Eksperti\",\"url\":\"https:\/\/pagrabueksperti.lv\/\",\"logo\":{\"@type\":\"ImageObject\",\"inLanguage\":\"en-GB\",\"@id\":\"https:\/\/pagrabueksperti.lv\/#\/schema\/logo\/image\/\",\"url\":\"https:\/\/pagrabueksperti.lv\/wp-content\/uploads\/2025\/02\/Group-20-3.png\",\"contentUrl\":\"https:\/\/pagrabueksperti.lv\/wp-content\/uploads\/2025\/02\/Group-20-3.png\",\"width\":894,\"height\":891,\"caption\":\"Pagrabu Eksperti\"},\"image\":{\"@id\":\"https:\/\/pagrabueksperti.lv\/#\/schema\/logo\/image\/\"}}]}<\/script>\n<!-- \/ Yoast SEO Premium plugin. -->","yoast_head_json":{"title":"Plastmasas Kanna 20L dzeram\u0101 \u016bdens uzglab\u0101\u0161anai. - Pagrabu Eksperti","robots":{"index":"index","follow":"follow","max-snippet":"max-snippet:-1","max-image-preview":"max-image-preview:large","max-video-preview":"max-video-preview:-1"},"canonical":"https:\/\/pagrabueksperti.lv\/en\/product\/plastmasas-kanna-20l-dzerama-udens-uzglabasanai\/","og_locale":"en_GB","og_type":"article","og_title":"Plastmasas Kanna 20L dzeram\u0101 \u016bdens uzglab\u0101\u0161anai.","og_description":"\u016adens tvertne ar kr\u0101nu piem\u0113rota dzeram\u0101 \u016bdens uzglab\u0101\u0161anai. Triecieniztur\u012bga. Parametri: Tilpums 20 L Augstums:\u00a0 485 mm Pamatne: 375 x 160 mm Svars: 900 g Iepild\u012b\u0161anas atveres diametrs: 51 mm Iepakojuma izm\u0113ri un svars 0,16 x 0,38 x 0,49 m, 0,9 kg","og_url":"https:\/\/pagrabueksperti.lv\/en\/product\/plastmasas-kanna-20l-dzerama-udens-uzglabasanai\/","og_site_name":"Pagrabu Eksperti","article_modified_time":"2026-02-16T17:35:02+00:00","og_image":[{"width":600,"height":600,"url":"http:\/\/pagrabueksperti.lv\/wp-content\/uploads\/2026\/02\/udens-kanna-bradas-20-l-ar-kranu-ddbdbe6707ddf9b3bbbec236c4a08187_reference.webp","type":"image\/webp"}],"twitter_card":"summary_large_image","twitter_misc":{"Estimated reading time":"1 minute"},"schema":{"@context":"https:\/\/schema.org","@graph":[{"@type":"WebPage","@id":"https:\/\/pagrabueksperti.lv\/product\/plastmasas-kanna-20l-dzerama-udens-uzglabasanai\/","url":"https:\/\/pagrabueksperti.lv\/product\/plastmasas-kanna-20l-dzerama-udens-uzglabasanai\/","name":"Plastmasas Kanna 20L dzeram\u0101 \u016bdens uzglab\u0101\u0161anai. - Pagrabu Eksperti","isPartOf":{"@id":"https:\/\/pagrabueksperti.lv\/#website"},"primaryImageOfPage":{"@id":"https:\/\/pagrabueksperti.lv\/product\/plastmasas-kanna-20l-dzerama-udens-uzglabasanai\/#primaryimage"},"image":{"@id":"https:\/\/pagrabueksperti.lv\/product\/plastmasas-kanna-20l-dzerama-udens-uzglabasanai\/#primaryimage"},"thumbnailUrl":"https:\/\/pagrabueksperti.lv\/wp-content\/uploads\/2026\/02\/udens-kanna-bradas-20-l-ar-kranu-ddbdbe6707ddf9b3bbbec236c4a08187_reference.webp","datePublished":"2026-02-16T17:33:57+00:00","dateModified":"2026-02-16T17:35:02+00:00","breadcrumb":{"@id":"https:\/\/pagrabueksperti.lv\/product\/plastmasas-kanna-20l-dzerama-udens-uzglabasanai\/#breadcrumb"},"inLanguage":"en-GB","potentialAction":[{"@type":"ReadAction","target":["https:\/\/pagrabueksperti.lv\/product\/plastmasas-kanna-20l-dzerama-udens-uzglabasanai\/"]}]},{"@type":"ImageObject","inLanguage":"en-GB","@id":"https:\/\/pagrabueksperti.lv\/product\/plastmasas-kanna-20l-dzerama-udens-uzglabasanai\/#primaryimage","url":"https:\/\/pagrabueksperti.lv\/wp-content\/uploads\/2026\/02\/udens-kanna-bradas-20-l-ar-kranu-ddbdbe6707ddf9b3bbbec236c4a08187_reference.webp","contentUrl":"https:\/\/pagrabueksperti.lv\/wp-content\/uploads\/2026\/02\/udens-kanna-bradas-20-l-ar-kranu-ddbdbe6707ddf9b3bbbec236c4a08187_reference.webp","width":600,"height":600},{"@type":"BreadcrumbList","@id":"https:\/\/pagrabueksperti.lv\/product\/plastmasas-kanna-20l-dzerama-udens-uzglabasanai\/#breadcrumb","itemListElement":[{"@type":"ListItem","position":1,"name":"Home","item":"https:\/\/pagrabueksperti.lv\/"},{"@type":"ListItem","position":2,"name":"Products","item":"https:\/\/pagrabueksperti.lv\/shop__trashed\/"},{"@type":"ListItem","position":3,"name":"Plastmasas Kanna 20L dzeram\u0101 \u016bdens uzglab\u0101\u0161anai."}]},{"@type":"WebSite","@id":"https:\/\/pagrabueksperti.lv\/#website","url":"https:\/\/pagrabueksperti.lv\/","name":"Pagrabu Eksperti","description":"","publisher":{"@id":"https:\/\/pagrabueksperti.lv\/#organization"},"potentialAction":[{"@type":"SearchAction","target":{"@type":"EntryPoint","urlTemplate":"https:\/\/pagrabueksperti.lv\/?s={search_term_string}"},"query-input":{"@type":"PropertyValueSpecification","valueRequired":true,"valueName":"search_term_string"}}],"inLanguage":"en-GB"},{"@type":"Organization","@id":"https:\/\/pagrabueksperti.lv\/#organization","name":"Pagrabu Eksperti","url":"https:\/\/pagrabueksperti.lv\/","logo":{"@type":"ImageObject","inLanguage":"en-GB","@id":"https:\/\/pagrabueksperti.lv\/#\/schema\/logo\/image\/","url":"https:\/\/pagrabueksperti.lv\/wp-content\/uploads\/2025\/02\/Group-20-3.png","contentUrl":"https:\/\/pagrabueksperti.lv\/wp-content\/uploads\/2025\/02\/Group-20-3.png","width":894,"height":891,"caption":"Pagrabu Eksperti"},"image":{"@id":"https:\/\/pagrabueksperti.lv\/#\/schema\/logo\/image\/"}}]}},"_links":{"self":[{"href":"https:\/\/pagrabueksperti.lv\/en\/wp-json\/wp\/v2\/product\/3680","targetHints":{"allow":["GET"]}}],"collection":[{"href":"https:\/\/pagrabueksperti.lv\/en\/wp-json\/wp\/v2\/product"}],"about":[{"href":"https:\/\/pagrabueksperti.lv\/en\/wp-json\/wp\/v2\/types\/product"}],"replies":[{"embeddable":true,"href":"https:\/\/pagrabueksperti.lv\/en\/wp-json\/wp\/v2\/comments?post=3680"}],"wp:featuredmedia":[{"embeddable":true,"href":"https:\/\/pagrabueksperti.lv\/en\/wp-json\/wp\/v2\/media\/3681"}],"wp:attachment":[{"href":"https:\/\/pagrabueksperti.lv\/en\/wp-json\/wp\/v2\/media?parent=3680"}],"wp:term":[{"taxonomy":"product_brand","embeddable":true,"href":"https:\/\/pagrabueksperti.lv\/en\/wp-json\/wp\/v2\/product_brand?post=3680"},{"taxonomy":"product_cat","embeddable":true,"href":"https:\/\/pagrabueksperti.lv\/en\/wp-json\/wp\/v2\/product_cat?post=3680"},{"taxonomy":"product_tag","embeddable":true,"href":"https:\/\/pagrabueksperti.lv\/en\/wp-json\/wp\/v2\/product_tag?post=3680"}],"curies":[{"name":"wp","href":"https:\/\/api.w.org\/{rel}","templated":true}]}}