{"id":3663,"date":"2026-01-30T16:23:32","date_gmt":"2026-01-30T14:23:32","guid":{"rendered":"https:\/\/pagrabueksperti.lv\/?post_type=product&#038;p=3663"},"modified":"2026-01-30T16:26:41","modified_gmt":"2026-01-30T14:26:41","slug":"armijas-saliekama-pargajienu-gulta-bcb","status":"publish","type":"product","link":"https:\/\/pagrabueksperti.lv\/en\/product\/armijas-saliekama-pargajienu-gulta-bcb\/","title":{"rendered":"Armijas saliekam\u0101 p\u0101rg\u0101jienu gulta -BCB"},"content":{"rendered":"<div id=\"bgLayers_comp-mc5vg816\" class=\"MW5IWV\" data-hook=\"bgLayers\" data-motion-part=\"BG_LAYER comp-mc5vg816\">\n<h3>Armijas tipa saliekam\u0101 \u00a0gulta -BCB<\/h3>\n<p>Saliekam\u0101 \u00a0gulta ir izgatavota p\u0113c\u00a0milit\u0101r\u0101s specifik\u0101cijas.<br \/>\nPateicoties salik\u0161anas\u00a0sist\u0113mai, patvert\u0146u,\u00a0gultu var \u0101tri salikt un demont\u0113t.<br \/>\nGulta ir \u016bdensiztur\u012bga, ugunsnotur\u012bga\u00a0paredz\u0113tas \u00a0lieto\u0161anai\u00a0patvertn\u0113s.<\/p>\n<p>Atbilst standartam ISO 9001\/2008, kas p\u0101rbaud\u012bts saska\u0146\u0101 ar EN 581<\/p>\n<p>Iztur\u012bga un \u0101tri saliekama alum\u012bnija konstrukcija.<\/p>\n<p>R\u0101mis: 100% alum\u012bnijs<\/p>\n<p>Materi\u0101ls: P\u0101rvalks 600 D poliesters<\/p>\n<p>Lieto\u0161anas izm\u0113rs:\u00a0 1960mm x 760mm x 440mm<br \/>\nIepakojuma izm\u0113rs: 970mm x 180 x 200 (GxPxA)<br \/>\nSvars: 7,5 kg<br \/>\nKravnes\u012bba: 160 kg<\/p>\n<p>NSN-7105-99-669-8141<br \/>\nRa\u017eots p\u0113c: ISO 9001\/2008<br \/>\nEN 581-1: 2006<br \/>\nEN 581-2: 2009<\/p>\n<\/div>","protected":false},"excerpt":{"rendered":"<p>Armijas tipa saliekam\u0101 \u00a0gulta -BCB Saliekam\u0101 \u00a0gulta ir izgatavota p\u0113c\u00a0milit\u0101r\u0101s specifik\u0101cijas. Pateicoties salik\u0161anas\u00a0sist\u0113mai, patvert\u0146u,\u00a0gultu var \u0101tri salikt un demont\u0113t. Gulta ir \u016bdensiztur\u012bga, ugunsnotur\u012bga\u00a0paredz\u0113tas \u00a0lieto\u0161anai\u00a0patvertn\u0113s. Atbilst standartam ISO 9001\/2008, kas p\u0101rbaud\u012bts saska\u0146\u0101 ar EN 581 Iztur\u012bga un \u0101tri saliekama alum\u012bnija konstrukcija. R\u0101mis: 100% alum\u012bnijs Materi\u0101ls: P\u0101rvalks 600 D poliesters Lieto\u0161anas izm\u0113rs:\u00a0 1960mm x 760mm x 440mm [&hellip;]<\/p>","protected":false},"featured_media":3665,"comment_status":"open","ping_status":"closed","template":"","meta":{"site-sidebar-layout":"default","site-content-layout":"","ast-site-content-layout":"default","site-content-style":"default","site-sidebar-style":"default","ast-global-header-display":"","ast-banner-title-visibility":"","ast-main-header-display":"","ast-hfb-above-header-display":"","ast-hfb-below-header-display":"","ast-hfb-mobile-header-display":"","site-post-title":"","ast-breadcrumbs-content":"","ast-featured-img":"","footer-sml-layout":"","ast-disable-related-posts":"","theme-transparent-header-meta":"default","adv-header-id-meta":"","stick-header-meta":"","header-above-stick-meta":"","header-main-stick-meta":"","header-below-stick-meta":"","astra-migrate-meta-layouts":"set","ast-page-background-enabled":"default","ast-page-background-meta":{"desktop":{"background-color":"","background-image":"","background-repeat":"repeat","background-position":"center center","background-size":"auto","background-attachment":"scroll","background-type":"","background-media":"","overlay-type":"","overlay-color":"","overlay-opacity":"","overlay-gradient":""},"tablet":{"background-color":"","background-image":"","background-repeat":"repeat","background-position":"center center","background-size":"auto","background-attachment":"scroll","background-type":"","background-media":"","overlay-type":"","overlay-color":"","overlay-opacity":"","overlay-gradient":""},"mobile":{"background-color":"","background-image":"","background-repeat":"repeat","background-position":"center center","background-size":"auto","background-attachment":"scroll","background-type":"","background-media":"","overlay-type":"","overlay-color":"","overlay-opacity":"","overlay-gradient":""}},"ast-content-background-meta":{"desktop":{"background-color":"var(--ast-global-color-5)","background-image":"","background-repeat":"repeat","background-position":"center center","background-size":"auto","background-attachment":"scroll","background-type":"","background-media":"","overlay-type":"","overlay-color":"","overlay-opacity":"","overlay-gradient":""},"tablet":{"background-color":"var(--ast-global-color-5)","background-image":"","background-repeat":"repeat","background-position":"center center","background-size":"auto","background-attachment":"scroll","background-type":"","background-media":"","overlay-type":"","overlay-color":"","overlay-opacity":"","overlay-gradient":""},"mobile":{"background-color":"var(--ast-global-color-5)","background-image":"","background-repeat":"repeat","background-position":"center center","background-size":"auto","background-attachment":"scroll","background-type":"","background-media":"","overlay-type":"","overlay-color":"","overlay-opacity":"","overlay-gradient":""}}},"product_brand":[],"product_cat":[53],"product_tag":[54],"class_list":{"0":"post-3663","1":"product","2":"type-product","3":"status-publish","4":"has-post-thumbnail","6":"product_cat-cits-aprikojums","7":"product_tag-gultas-un-kresli","8":"desktop-align-left","9":"tablet-align-left","10":"mobile-align-left","12":"first","13":"instock","14":"shipping-taxable","15":"product-type-simple"},"yoast_head":"<!-- This site is optimized with the Yoast SEO Premium plugin v21.8 (Yoast SEO v26.6) - https:\/\/yoast.com\/wordpress\/plugins\/seo\/ -->\n<title>Armijas saliekam\u0101 p\u0101rg\u0101jienu gulta -BCB - Pagrabu Eksperti<\/title>\n<meta name=\"robots\" content=\"index, follow, max-snippet:-1, max-image-preview:large, max-video-preview:-1\" \/>\n<link rel=\"canonical\" href=\"https:\/\/pagrabueksperti.lv\/en\/product\/armijas-saliekama-pargajienu-gulta-bcb\/\" \/>\n<meta property=\"og:locale\" content=\"en_GB\" \/>\n<meta property=\"og:type\" content=\"article\" \/>\n<meta property=\"og:title\" content=\"Armijas saliekam\u0101 p\u0101rg\u0101jienu gulta -BCB\" \/>\n<meta property=\"og:description\" content=\"Armijas tipa saliekam\u0101 \u00a0gulta -BCB Saliekam\u0101 \u00a0gulta ir izgatavota p\u0113c\u00a0milit\u0101r\u0101s specifik\u0101cijas. Pateicoties salik\u0161anas\u00a0sist\u0113mai, patvert\u0146u,\u00a0gultu var \u0101tri salikt un demont\u0113t. Gulta ir \u016bdensiztur\u012bga, ugunsnotur\u012bga\u00a0paredz\u0113tas \u00a0lieto\u0161anai\u00a0patvertn\u0113s. Atbilst standartam ISO 9001\/2008, kas p\u0101rbaud\u012bts saska\u0146\u0101 ar EN 581 Iztur\u012bga un \u0101tri saliekama alum\u012bnija konstrukcija. R\u0101mis: 100% alum\u012bnijs Materi\u0101ls: P\u0101rvalks 600 D poliesters Lieto\u0161anas izm\u0113rs:\u00a0 1960mm x 760mm x 440mm [&hellip;]\" \/>\n<meta property=\"og:url\" content=\"https:\/\/pagrabueksperti.lv\/en\/product\/armijas-saliekama-pargajienu-gulta-bcb\/\" \/>\n<meta property=\"og:site_name\" content=\"Pagrabu Eksperti\" \/>\n<meta property=\"article:modified_time\" content=\"2026-01-30T14:26:41+00:00\" \/>\n<meta property=\"og:image\" content=\"http:\/\/pagrabueksperti.lv\/wp-content\/uploads\/2026\/01\/Group-78.png\" \/>\n\t<meta property=\"og:image:width\" content=\"665\" \/>\n\t<meta property=\"og:image:height\" content=\"665\" \/>\n\t<meta property=\"og:image:type\" content=\"image\/png\" \/>\n<meta name=\"twitter:card\" content=\"summary_large_image\" \/>\n<meta name=\"twitter:label1\" content=\"Estimated reading time\" \/>\n\t<meta name=\"twitter:data1\" content=\"1 minute\" \/>\n<script type=\"application\/ld+json\" class=\"yoast-schema-graph\">{\"@context\":\"https:\/\/schema.org\",\"@graph\":[{\"@type\":\"WebPage\",\"@id\":\"https:\/\/pagrabueksperti.lv\/product\/armijas-saliekama-pargajienu-gulta-bcb\/\",\"url\":\"https:\/\/pagrabueksperti.lv\/product\/armijas-saliekama-pargajienu-gulta-bcb\/\",\"name\":\"Armijas saliekam\u0101 p\u0101rg\u0101jienu gulta -BCB - Pagrabu Eksperti\",\"isPartOf\":{\"@id\":\"https:\/\/pagrabueksperti.lv\/#website\"},\"primaryImageOfPage\":{\"@id\":\"https:\/\/pagrabueksperti.lv\/product\/armijas-saliekama-pargajienu-gulta-bcb\/#primaryimage\"},\"image\":{\"@id\":\"https:\/\/pagrabueksperti.lv\/product\/armijas-saliekama-pargajienu-gulta-bcb\/#primaryimage\"},\"thumbnailUrl\":\"https:\/\/pagrabueksperti.lv\/wp-content\/uploads\/2026\/01\/Group-78.png\",\"datePublished\":\"2026-01-30T14:23:32+00:00\",\"dateModified\":\"2026-01-30T14:26:41+00:00\",\"breadcrumb\":{\"@id\":\"https:\/\/pagrabueksperti.lv\/product\/armijas-saliekama-pargajienu-gulta-bcb\/#breadcrumb\"},\"inLanguage\":\"en-GB\",\"potentialAction\":[{\"@type\":\"ReadAction\",\"target\":[\"https:\/\/pagrabueksperti.lv\/product\/armijas-saliekama-pargajienu-gulta-bcb\/\"]}]},{\"@type\":\"ImageObject\",\"inLanguage\":\"en-GB\",\"@id\":\"https:\/\/pagrabueksperti.lv\/product\/armijas-saliekama-pargajienu-gulta-bcb\/#primaryimage\",\"url\":\"https:\/\/pagrabueksperti.lv\/wp-content\/uploads\/2026\/01\/Group-78.png\",\"contentUrl\":\"https:\/\/pagrabueksperti.lv\/wp-content\/uploads\/2026\/01\/Group-78.png\",\"width\":665,\"height\":665},{\"@type\":\"BreadcrumbList\",\"@id\":\"https:\/\/pagrabueksperti.lv\/product\/armijas-saliekama-pargajienu-gulta-bcb\/#breadcrumb\",\"itemListElement\":[{\"@type\":\"ListItem\",\"position\":1,\"name\":\"Home\",\"item\":\"https:\/\/pagrabueksperti.lv\/\"},{\"@type\":\"ListItem\",\"position\":2,\"name\":\"Products\",\"item\":\"https:\/\/pagrabueksperti.lv\/shop__trashed\/\"},{\"@type\":\"ListItem\",\"position\":3,\"name\":\"Armijas saliekam\u0101 p\u0101rg\u0101jienu gulta -BCB\"}]},{\"@type\":\"WebSite\",\"@id\":\"https:\/\/pagrabueksperti.lv\/#website\",\"url\":\"https:\/\/pagrabueksperti.lv\/\",\"name\":\"Pagrabu Eksperti\",\"description\":\"\",\"publisher\":{\"@id\":\"https:\/\/pagrabueksperti.lv\/#organization\"},\"potentialAction\":[{\"@type\":\"SearchAction\",\"target\":{\"@type\":\"EntryPoint\",\"urlTemplate\":\"https:\/\/pagrabueksperti.lv\/?s={search_term_string}\"},\"query-input\":{\"@type\":\"PropertyValueSpecification\",\"valueRequired\":true,\"valueName\":\"search_term_string\"}}],\"inLanguage\":\"en-GB\"},{\"@type\":\"Organization\",\"@id\":\"https:\/\/pagrabueksperti.lv\/#organization\",\"name\":\"Pagrabu Eksperti\",\"url\":\"https:\/\/pagrabueksperti.lv\/\",\"logo\":{\"@type\":\"ImageObject\",\"inLanguage\":\"en-GB\",\"@id\":\"https:\/\/pagrabueksperti.lv\/#\/schema\/logo\/image\/\",\"url\":\"https:\/\/pagrabueksperti.lv\/wp-content\/uploads\/2025\/02\/Group-20-3.png\",\"contentUrl\":\"https:\/\/pagrabueksperti.lv\/wp-content\/uploads\/2025\/02\/Group-20-3.png\",\"width\":894,\"height\":891,\"caption\":\"Pagrabu Eksperti\"},\"image\":{\"@id\":\"https:\/\/pagrabueksperti.lv\/#\/schema\/logo\/image\/\"}}]}<\/script>\n<!-- \/ Yoast SEO Premium plugin. -->","yoast_head_json":{"title":"Armijas saliekam\u0101 p\u0101rg\u0101jienu gulta -BCB - Pagrabu Eksperti","robots":{"index":"index","follow":"follow","max-snippet":"max-snippet:-1","max-image-preview":"max-image-preview:large","max-video-preview":"max-video-preview:-1"},"canonical":"https:\/\/pagrabueksperti.lv\/en\/product\/armijas-saliekama-pargajienu-gulta-bcb\/","og_locale":"en_GB","og_type":"article","og_title":"Armijas saliekam\u0101 p\u0101rg\u0101jienu gulta -BCB","og_description":"Armijas tipa saliekam\u0101 \u00a0gulta -BCB Saliekam\u0101 \u00a0gulta ir izgatavota p\u0113c\u00a0milit\u0101r\u0101s specifik\u0101cijas. Pateicoties salik\u0161anas\u00a0sist\u0113mai, patvert\u0146u,\u00a0gultu var \u0101tri salikt un demont\u0113t. Gulta ir \u016bdensiztur\u012bga, ugunsnotur\u012bga\u00a0paredz\u0113tas \u00a0lieto\u0161anai\u00a0patvertn\u0113s. Atbilst standartam ISO 9001\/2008, kas p\u0101rbaud\u012bts saska\u0146\u0101 ar EN 581 Iztur\u012bga un \u0101tri saliekama alum\u012bnija konstrukcija. R\u0101mis: 100% alum\u012bnijs Materi\u0101ls: P\u0101rvalks 600 D poliesters Lieto\u0161anas izm\u0113rs:\u00a0 1960mm x 760mm x 440mm [&hellip;]","og_url":"https:\/\/pagrabueksperti.lv\/en\/product\/armijas-saliekama-pargajienu-gulta-bcb\/","og_site_name":"Pagrabu Eksperti","article_modified_time":"2026-01-30T14:26:41+00:00","og_image":[{"width":665,"height":665,"url":"http:\/\/pagrabueksperti.lv\/wp-content\/uploads\/2026\/01\/Group-78.png","type":"image\/png"}],"twitter_card":"summary_large_image","twitter_misc":{"Estimated reading time":"1 minute"},"schema":{"@context":"https:\/\/schema.org","@graph":[{"@type":"WebPage","@id":"https:\/\/pagrabueksperti.lv\/product\/armijas-saliekama-pargajienu-gulta-bcb\/","url":"https:\/\/pagrabueksperti.lv\/product\/armijas-saliekama-pargajienu-gulta-bcb\/","name":"Armijas saliekam\u0101 p\u0101rg\u0101jienu gulta -BCB - Pagrabu Eksperti","isPartOf":{"@id":"https:\/\/pagrabueksperti.lv\/#website"},"primaryImageOfPage":{"@id":"https:\/\/pagrabueksperti.lv\/product\/armijas-saliekama-pargajienu-gulta-bcb\/#primaryimage"},"image":{"@id":"https:\/\/pagrabueksperti.lv\/product\/armijas-saliekama-pargajienu-gulta-bcb\/#primaryimage"},"thumbnailUrl":"https:\/\/pagrabueksperti.lv\/wp-content\/uploads\/2026\/01\/Group-78.png","datePublished":"2026-01-30T14:23:32+00:00","dateModified":"2026-01-30T14:26:41+00:00","breadcrumb":{"@id":"https:\/\/pagrabueksperti.lv\/product\/armijas-saliekama-pargajienu-gulta-bcb\/#breadcrumb"},"inLanguage":"en-GB","potentialAction":[{"@type":"ReadAction","target":["https:\/\/pagrabueksperti.lv\/product\/armijas-saliekama-pargajienu-gulta-bcb\/"]}]},{"@type":"ImageObject","inLanguage":"en-GB","@id":"https:\/\/pagrabueksperti.lv\/product\/armijas-saliekama-pargajienu-gulta-bcb\/#primaryimage","url":"https:\/\/pagrabueksperti.lv\/wp-content\/uploads\/2026\/01\/Group-78.png","contentUrl":"https:\/\/pagrabueksperti.lv\/wp-content\/uploads\/2026\/01\/Group-78.png","width":665,"height":665},{"@type":"BreadcrumbList","@id":"https:\/\/pagrabueksperti.lv\/product\/armijas-saliekama-pargajienu-gulta-bcb\/#breadcrumb","itemListElement":[{"@type":"ListItem","position":1,"name":"Home","item":"https:\/\/pagrabueksperti.lv\/"},{"@type":"ListItem","position":2,"name":"Products","item":"https:\/\/pagrabueksperti.lv\/shop__trashed\/"},{"@type":"ListItem","position":3,"name":"Armijas saliekam\u0101 p\u0101rg\u0101jienu gulta -BCB"}]},{"@type":"WebSite","@id":"https:\/\/pagrabueksperti.lv\/#website","url":"https:\/\/pagrabueksperti.lv\/","name":"Pagrabu Eksperti","description":"","publisher":{"@id":"https:\/\/pagrabueksperti.lv\/#organization"},"potentialAction":[{"@type":"SearchAction","target":{"@type":"EntryPoint","urlTemplate":"https:\/\/pagrabueksperti.lv\/?s={search_term_string}"},"query-input":{"@type":"PropertyValueSpecification","valueRequired":true,"valueName":"search_term_string"}}],"inLanguage":"en-GB"},{"@type":"Organization","@id":"https:\/\/pagrabueksperti.lv\/#organization","name":"Pagrabu Eksperti","url":"https:\/\/pagrabueksperti.lv\/","logo":{"@type":"ImageObject","inLanguage":"en-GB","@id":"https:\/\/pagrabueksperti.lv\/#\/schema\/logo\/image\/","url":"https:\/\/pagrabueksperti.lv\/wp-content\/uploads\/2025\/02\/Group-20-3.png","contentUrl":"https:\/\/pagrabueksperti.lv\/wp-content\/uploads\/2025\/02\/Group-20-3.png","width":894,"height":891,"caption":"Pagrabu Eksperti"},"image":{"@id":"https:\/\/pagrabueksperti.lv\/#\/schema\/logo\/image\/"}}]}},"_links":{"self":[{"href":"https:\/\/pagrabueksperti.lv\/en\/wp-json\/wp\/v2\/product\/3663","targetHints":{"allow":["GET"]}}],"collection":[{"href":"https:\/\/pagrabueksperti.lv\/en\/wp-json\/wp\/v2\/product"}],"about":[{"href":"https:\/\/pagrabueksperti.lv\/en\/wp-json\/wp\/v2\/types\/product"}],"replies":[{"embeddable":true,"href":"https:\/\/pagrabueksperti.lv\/en\/wp-json\/wp\/v2\/comments?post=3663"}],"wp:featuredmedia":[{"embeddable":true,"href":"https:\/\/pagrabueksperti.lv\/en\/wp-json\/wp\/v2\/media\/3665"}],"wp:attachment":[{"href":"https:\/\/pagrabueksperti.lv\/en\/wp-json\/wp\/v2\/media?parent=3663"}],"wp:term":[{"taxonomy":"product_brand","embeddable":true,"href":"https:\/\/pagrabueksperti.lv\/en\/wp-json\/wp\/v2\/product_brand?post=3663"},{"taxonomy":"product_cat","embeddable":true,"href":"https:\/\/pagrabueksperti.lv\/en\/wp-json\/wp\/v2\/product_cat?post=3663"},{"taxonomy":"product_tag","embeddable":true,"href":"https:\/\/pagrabueksperti.lv\/en\/wp-json\/wp\/v2\/product_tag?post=3663"}],"curies":[{"name":"wp","href":"https:\/\/api.w.org\/{rel}","templated":true}]}}