{"id":3575,"date":"2026-01-07T10:13:13","date_gmt":"2026-01-07T08:13:13","guid":{"rendered":"https:\/\/pagrabueksperti.lv\/?post_type=product&#038;p=3575"},"modified":"2026-01-07T10:15:14","modified_gmt":"2026-01-07T08:15:14","slug":"erv-49m-ventilacijas-putejs-ar-manualas-darbinasanas-iespeju","status":"publish","type":"product","link":"https:\/\/pagrabueksperti.lv\/en\/product\/erv-49m-ventilacijas-putejs-ar-manualas-darbinasanas-iespeju\/","title":{"rendered":"ERV-49M &#8211; Ventil\u0101cijas p\u016bt\u0113js ar manu\u0101las darbin\u0101\u0161anas iesp\u0113ju"},"content":{"rendered":"<ul class=\"font_7_43df413dc0935c792a38b579a0900056_7a9e30e849374982c3fab57762d932eb_987e28b9f9ecd141ac0b9a4f82fe6390_995bea5f05c0b52ab2cc7eccfd29f2d6_b68fbf05067fde228e48e87bdafcbf86_6deaaea99f3cabf9a71da5d02776e2e8 wixui-rich-text__text_abfa11df6cc5e1c7e947474c19442a99_6fee05b204304e5518f99115ba19b86b_5f5b48573a2519272d0eb3062650f606_80a1b074660446c70c1c1ae4caa121fd_d8a9e576830f55677d3a33c86c625cd2_6ce08564f3b173b78271593faaa8259a\">\n<li class=\"wixui-rich-text__text_abfa11df6cc5e1c7e947474c19442a99_6fee05b204304e5518f99115ba19b86b_5f5b48573a2519272d0eb3062650f606_80a1b074660446c70c1c1ae4caa121fd_d8a9e576830f55677d3a33c86c625cd2_6ce08564f3b173b78271593faaa8259a\"><span>Nomin\u0101l\u0101 gaisa pl\u016bsma: 350 m3\/h<\/span><\/li>\n<li class=\"wixui-rich-text__text_abfa11df6cc5e1c7e947474c19442a99_6fee05b204304e5518f99115ba19b86b_5f5b48573a2519272d0eb3062650f606_80a1b074660446c70c1c1ae4caa121fd_d8a9e576830f55677d3a33c86c625cd2_6ce08564f3b173b78271593faaa8259a\"><span>Statiskais spiediens pie nomin\u0101l\u01011000Pa<\/span><\/li>\n<li class=\"wixui-rich-text__text_abfa11df6cc5e1c7e947474c19442a99_6fee05b204304e5518f99115ba19b86b_5f5b48573a2519272d0eb3062650f606_80a1b074660446c70c1c1ae4caa121fd_d8a9e576830f55677d3a33c86c625cd2_6ce08564f3b173b78271593faaa8259a\"><span class=\"wixui-rich-text__text_abfa11df6cc5e1c7e947474c19442a99_6fee05b204304e5518f99115ba19b86b_5f5b48573a2519272d0eb3062650f606_80a1b074660446c70c1c1ae4caa121fd_d8a9e576830f55677d3a33c86c625cd2_6ce08564f3b173b78271593faaa8259a\"><span>Elektrisk\u0101s pras\u012bbas: 380 V<\/span><\/span><\/li>\n<li class=\"wixui-rich-text__text_abfa11df6cc5e1c7e947474c19442a99_6fee05b204304e5518f99115ba19b86b_5f5b48573a2519272d0eb3062650f606_80a1b074660446c70c1c1ae4caa121fd_d8a9e576830f55677d3a33c86c625cd2_6ce08564f3b173b78271593faaa8259a\"><span class=\"wixui-rich-text__text_abfa11df6cc5e1c7e947474c19442a99_6fee05b204304e5518f99115ba19b86b_5f5b48573a2519272d0eb3062650f606_80a1b074660446c70c1c1ae4caa121fd_d8a9e576830f55677d3a33c86c625cd2_6ce08564f3b173b78271593faaa8259a\"><span>Elektromotors: maks. str\u0101va: 1,4 A<\/span><\/span><\/li>\n<li class=\"wixui-rich-text__text_abfa11df6cc5e1c7e947474c19442a99_6fee05b204304e5518f99115ba19b86b_5f5b48573a2519272d0eb3062650f606_80a1b074660446c70c1c1ae4caa121fd_d8a9e576830f55677d3a33c86c625cd2_6ce08564f3b173b78271593faaa8259a\"><span class=\"wixui-rich-text__text_abfa11df6cc5e1c7e947474c19442a99_6fee05b204304e5518f99115ba19b86b_5f5b48573a2519272d0eb3062650f606_80a1b074660446c70c1c1ae4caa121fd_d8a9e576830f55677d3a33c86c625cd2_6ce08564f3b173b78271593faaa8259a\"><span>Dzin\u0113ja jaudas pat\u0113ri\u0146\u0161: 0,55 kW<\/span><\/span><\/li>\n<li class=\"wixui-rich-text__text_abfa11df6cc5e1c7e947474c19442a99_6fee05b204304e5518f99115ba19b86b_5f5b48573a2519272d0eb3062650f606_80a1b074660446c70c1c1ae4caa121fd_d8a9e576830f55677d3a33c86c625cd2_6ce08564f3b173b78271593faaa8259a\"><span>Manu\u0101la dubl\u0113\u0161ana: j\u0101<\/span><\/li>\n<li class=\"wixui-rich-text__text_abfa11df6cc5e1c7e947474c19442a99_6fee05b204304e5518f99115ba19b86b_5f5b48573a2519272d0eb3062650f606_80a1b074660446c70c1c1ae4caa121fd_d8a9e576830f55677d3a33c86c625cd2_6ce08564f3b173b78271593faaa8259a\"><span class=\"wixui-rich-text__text_abfa11df6cc5e1c7e947474c19442a99_6fee05b204304e5518f99115ba19b86b_5f5b48573a2519272d0eb3062650f606_80a1b074660446c70c1c1ae4caa121fd_d8a9e576830f55677d3a33c86c625cd2_6ce08564f3b173b78271593faaa8259a\"><span>Svars: 6,4 kg<\/span><\/span><\/li>\n<li class=\"wixui-rich-text__text_abfa11df6cc5e1c7e947474c19442a99_6fee05b204304e5518f99115ba19b86b_5f5b48573a2519272d0eb3062650f606_80a1b074660446c70c1c1ae4caa121fd_d8a9e576830f55677d3a33c86c625cd2_6ce08564f3b173b78271593faaa8259a\"><span>Uzst\u0101d\u012b\u0161ana: Piestiprin\u0101\u0161ana pie sienas<\/span><\/li>\n<\/ul>","protected":false},"excerpt":{"rendered":"<p>Nomin\u0101l\u0101 gaisa pl\u016bsma: 350 m3\/h Statiskais spiediens pie nomin\u0101l\u01011000Pa Elektrisk\u0101s pras\u012bbas: 380 V Elektromotors: maks. str\u0101va: 1,4 A Dzin\u0113ja jaudas pat\u0113ri\u0146\u0161: 0,55 kW Manu\u0101la dubl\u0113\u0161ana: j\u0101 Svars: 6,4 kg Uzst\u0101d\u012b\u0161ana: Piestiprin\u0101\u0161ana pie sienas<\/p>","protected":false},"featured_media":3577,"comment_status":"open","ping_status":"closed","template":"","meta":{"site-sidebar-layout":"default","site-content-layout":"","ast-site-content-layout":"default","site-content-style":"default","site-sidebar-style":"default","ast-global-header-display":"","ast-banner-title-visibility":"","ast-main-header-display":"","ast-hfb-above-header-display":"","ast-hfb-below-header-display":"","ast-hfb-mobile-header-display":"","site-post-title":"","ast-breadcrumbs-content":"","ast-featured-img":"","footer-sml-layout":"","ast-disable-related-posts":"","theme-transparent-header-meta":"default","adv-header-id-meta":"","stick-header-meta":"","header-above-stick-meta":"","header-main-stick-meta":"","header-below-stick-meta":"","astra-migrate-meta-layouts":"set","ast-page-background-enabled":"default","ast-page-background-meta":{"desktop":{"background-color":"","background-image":"","background-repeat":"repeat","background-position":"center center","background-size":"auto","background-attachment":"scroll","background-type":"","background-media":"","overlay-type":"","overlay-color":"","overlay-opacity":"","overlay-gradient":""},"tablet":{"background-color":"","background-image":"","background-repeat":"repeat","background-position":"center center","background-size":"auto","background-attachment":"scroll","background-type":"","background-media":"","overlay-type":"","overlay-color":"","overlay-opacity":"","overlay-gradient":""},"mobile":{"background-color":"","background-image":"","background-repeat":"repeat","background-position":"center center","background-size":"auto","background-attachment":"scroll","background-type":"","background-media":"","overlay-type":"","overlay-color":"","overlay-opacity":"","overlay-gradient":""}},"ast-content-background-meta":{"desktop":{"background-color":"var(--ast-global-color-5)","background-image":"","background-repeat":"repeat","background-position":"center center","background-size":"auto","background-attachment":"scroll","background-type":"","background-media":"","overlay-type":"","overlay-color":"","overlay-opacity":"","overlay-gradient":""},"tablet":{"background-color":"var(--ast-global-color-5)","background-image":"","background-repeat":"repeat","background-position":"center center","background-size":"auto","background-attachment":"scroll","background-type":"","background-media":"","overlay-type":"","overlay-color":"","overlay-opacity":"","overlay-gradient":""},"mobile":{"background-color":"var(--ast-global-color-5)","background-image":"","background-repeat":"repeat","background-position":"center center","background-size":"auto","background-attachment":"scroll","background-type":"","background-media":"","overlay-type":"","overlay-color":"","overlay-opacity":"","overlay-gradient":""}}},"product_brand":[],"product_cat":[44,50],"product_tag":[],"class_list":{"0":"post-3575","1":"product","2":"type-product","3":"status-publish","4":"has-post-thumbnail","6":"product_cat-filtresanas-un-ventilacijas-sistemas","7":"product_cat-sistemas","8":"desktop-align-left","9":"tablet-align-left","10":"mobile-align-left","12":"first","13":"instock","14":"shipping-taxable","15":"purchasable","16":"product-type-simple"},"yoast_head":"<!-- This site is optimized with the Yoast SEO Premium plugin v21.8 (Yoast SEO v26.6) - https:\/\/yoast.com\/wordpress\/plugins\/seo\/ -->\n<title>ERV-49M - Ventil\u0101cijas p\u016bt\u0113js ar manu\u0101las darbin\u0101\u0161anas iesp\u0113ju - Pagrabu Eksperti<\/title>\n<meta name=\"robots\" content=\"index, follow, max-snippet:-1, max-image-preview:large, max-video-preview:-1\" \/>\n<link rel=\"canonical\" href=\"https:\/\/pagrabueksperti.lv\/en\/product\/erv-49m-ventilacijas-putejs-ar-manualas-darbinasanas-iespeju\/\" \/>\n<meta property=\"og:locale\" content=\"en_GB\" \/>\n<meta property=\"og:type\" content=\"article\" \/>\n<meta property=\"og:title\" content=\"ERV-49M - Ventil\u0101cijas p\u016bt\u0113js ar manu\u0101las darbin\u0101\u0161anas iesp\u0113ju\" \/>\n<meta property=\"og:description\" content=\"Nomin\u0101l\u0101 gaisa pl\u016bsma: 350 m3\/h Statiskais spiediens pie nomin\u0101l\u01011000Pa Elektrisk\u0101s pras\u012bbas: 380 V Elektromotors: maks. str\u0101va: 1,4 A Dzin\u0113ja jaudas pat\u0113ri\u0146\u0161: 0,55 kW Manu\u0101la dubl\u0113\u0161ana: j\u0101 Svars: 6,4 kg Uzst\u0101d\u012b\u0161ana: Piestiprin\u0101\u0161ana pie sienas\" \/>\n<meta property=\"og:url\" content=\"https:\/\/pagrabueksperti.lv\/en\/product\/erv-49m-ventilacijas-putejs-ar-manualas-darbinasanas-iespeju\/\" \/>\n<meta property=\"og:site_name\" content=\"Pagrabu Eksperti\" \/>\n<meta property=\"article:modified_time\" content=\"2026-01-07T08:15:14+00:00\" \/>\n<meta name=\"twitter:card\" content=\"summary_large_image\" \/>\n<meta name=\"twitter:label1\" content=\"Estimated reading time\" \/>\n\t<meta name=\"twitter:data1\" content=\"1 minute\" \/>\n<script type=\"application\/ld+json\" class=\"yoast-schema-graph\">{\"@context\":\"https:\/\/schema.org\",\"@graph\":[{\"@type\":\"WebPage\",\"@id\":\"https:\/\/pagrabueksperti.lv\/product\/erv-49m-ventilacijas-putejs-ar-manualas-darbinasanas-iespeju\/\",\"url\":\"https:\/\/pagrabueksperti.lv\/product\/erv-49m-ventilacijas-putejs-ar-manualas-darbinasanas-iespeju\/\",\"name\":\"ERV-49M - Ventil\u0101cijas p\u016bt\u0113js ar manu\u0101las darbin\u0101\u0161anas iesp\u0113ju - Pagrabu Eksperti\",\"isPartOf\":{\"@id\":\"https:\/\/pagrabueksperti.lv\/#website\"},\"primaryImageOfPage\":{\"@id\":\"https:\/\/pagrabueksperti.lv\/product\/erv-49m-ventilacijas-putejs-ar-manualas-darbinasanas-iespeju\/#primaryimage\"},\"image\":{\"@id\":\"https:\/\/pagrabueksperti.lv\/product\/erv-49m-ventilacijas-putejs-ar-manualas-darbinasanas-iespeju\/#primaryimage\"},\"thumbnailUrl\":\"https:\/\/pagrabueksperti.lv\/wp-content\/uploads\/2026\/01\/\u042d\u0420\u0412-49.avif\",\"datePublished\":\"2026-01-07T08:13:13+00:00\",\"dateModified\":\"2026-01-07T08:15:14+00:00\",\"breadcrumb\":{\"@id\":\"https:\/\/pagrabueksperti.lv\/product\/erv-49m-ventilacijas-putejs-ar-manualas-darbinasanas-iespeju\/#breadcrumb\"},\"inLanguage\":\"en-GB\",\"potentialAction\":[{\"@type\":\"ReadAction\",\"target\":[\"https:\/\/pagrabueksperti.lv\/product\/erv-49m-ventilacijas-putejs-ar-manualas-darbinasanas-iespeju\/\"]}]},{\"@type\":\"ImageObject\",\"inLanguage\":\"en-GB\",\"@id\":\"https:\/\/pagrabueksperti.lv\/product\/erv-49m-ventilacijas-putejs-ar-manualas-darbinasanas-iespeju\/#primaryimage\",\"url\":\"https:\/\/pagrabueksperti.lv\/wp-content\/uploads\/2026\/01\/\u042d\u0420\u0412-49.avif\",\"contentUrl\":\"https:\/\/pagrabueksperti.lv\/wp-content\/uploads\/2026\/01\/\u042d\u0420\u0412-49.avif\",\"width\":748,\"height\":748},{\"@type\":\"BreadcrumbList\",\"@id\":\"https:\/\/pagrabueksperti.lv\/product\/erv-49m-ventilacijas-putejs-ar-manualas-darbinasanas-iespeju\/#breadcrumb\",\"itemListElement\":[{\"@type\":\"ListItem\",\"position\":1,\"name\":\"Home\",\"item\":\"https:\/\/pagrabueksperti.lv\/\"},{\"@type\":\"ListItem\",\"position\":2,\"name\":\"Products\",\"item\":\"https:\/\/pagrabueksperti.lv\/shop__trashed\/\"},{\"@type\":\"ListItem\",\"position\":3,\"name\":\"ERV-49M &#8211; Ventil\u0101cijas p\u016bt\u0113js ar manu\u0101las darbin\u0101\u0161anas iesp\u0113ju\"}]},{\"@type\":\"WebSite\",\"@id\":\"https:\/\/pagrabueksperti.lv\/#website\",\"url\":\"https:\/\/pagrabueksperti.lv\/\",\"name\":\"Pagrabu Eksperti\",\"description\":\"\",\"publisher\":{\"@id\":\"https:\/\/pagrabueksperti.lv\/#organization\"},\"potentialAction\":[{\"@type\":\"SearchAction\",\"target\":{\"@type\":\"EntryPoint\",\"urlTemplate\":\"https:\/\/pagrabueksperti.lv\/?s={search_term_string}\"},\"query-input\":{\"@type\":\"PropertyValueSpecification\",\"valueRequired\":true,\"valueName\":\"search_term_string\"}}],\"inLanguage\":\"en-GB\"},{\"@type\":\"Organization\",\"@id\":\"https:\/\/pagrabueksperti.lv\/#organization\",\"name\":\"Pagrabu Eksperti\",\"url\":\"https:\/\/pagrabueksperti.lv\/\",\"logo\":{\"@type\":\"ImageObject\",\"inLanguage\":\"en-GB\",\"@id\":\"https:\/\/pagrabueksperti.lv\/#\/schema\/logo\/image\/\",\"url\":\"https:\/\/pagrabueksperti.lv\/wp-content\/uploads\/2025\/02\/Group-20-3.png\",\"contentUrl\":\"https:\/\/pagrabueksperti.lv\/wp-content\/uploads\/2025\/02\/Group-20-3.png\",\"width\":894,\"height\":891,\"caption\":\"Pagrabu Eksperti\"},\"image\":{\"@id\":\"https:\/\/pagrabueksperti.lv\/#\/schema\/logo\/image\/\"}}]}<\/script>\n<!-- \/ Yoast SEO Premium plugin. -->","yoast_head_json":{"title":"ERV-49M - Ventil\u0101cijas p\u016bt\u0113js ar manu\u0101las darbin\u0101\u0161anas iesp\u0113ju - Pagrabu Eksperti","robots":{"index":"index","follow":"follow","max-snippet":"max-snippet:-1","max-image-preview":"max-image-preview:large","max-video-preview":"max-video-preview:-1"},"canonical":"https:\/\/pagrabueksperti.lv\/en\/product\/erv-49m-ventilacijas-putejs-ar-manualas-darbinasanas-iespeju\/","og_locale":"en_GB","og_type":"article","og_title":"ERV-49M - Ventil\u0101cijas p\u016bt\u0113js ar manu\u0101las darbin\u0101\u0161anas iesp\u0113ju","og_description":"Nomin\u0101l\u0101 gaisa pl\u016bsma: 350 m3\/h Statiskais spiediens pie nomin\u0101l\u01011000Pa Elektrisk\u0101s pras\u012bbas: 380 V Elektromotors: maks. str\u0101va: 1,4 A Dzin\u0113ja jaudas pat\u0113ri\u0146\u0161: 0,55 kW Manu\u0101la dubl\u0113\u0161ana: j\u0101 Svars: 6,4 kg Uzst\u0101d\u012b\u0161ana: Piestiprin\u0101\u0161ana pie sienas","og_url":"https:\/\/pagrabueksperti.lv\/en\/product\/erv-49m-ventilacijas-putejs-ar-manualas-darbinasanas-iespeju\/","og_site_name":"Pagrabu Eksperti","article_modified_time":"2026-01-07T08:15:14+00:00","twitter_card":"summary_large_image","twitter_misc":{"Estimated reading time":"1 minute"},"schema":{"@context":"https:\/\/schema.org","@graph":[{"@type":"WebPage","@id":"https:\/\/pagrabueksperti.lv\/product\/erv-49m-ventilacijas-putejs-ar-manualas-darbinasanas-iespeju\/","url":"https:\/\/pagrabueksperti.lv\/product\/erv-49m-ventilacijas-putejs-ar-manualas-darbinasanas-iespeju\/","name":"ERV-49M - Ventil\u0101cijas p\u016bt\u0113js ar manu\u0101las darbin\u0101\u0161anas iesp\u0113ju - Pagrabu Eksperti","isPartOf":{"@id":"https:\/\/pagrabueksperti.lv\/#website"},"primaryImageOfPage":{"@id":"https:\/\/pagrabueksperti.lv\/product\/erv-49m-ventilacijas-putejs-ar-manualas-darbinasanas-iespeju\/#primaryimage"},"image":{"@id":"https:\/\/pagrabueksperti.lv\/product\/erv-49m-ventilacijas-putejs-ar-manualas-darbinasanas-iespeju\/#primaryimage"},"thumbnailUrl":"https:\/\/pagrabueksperti.lv\/wp-content\/uploads\/2026\/01\/\u042d\u0420\u0412-49.avif","datePublished":"2026-01-07T08:13:13+00:00","dateModified":"2026-01-07T08:15:14+00:00","breadcrumb":{"@id":"https:\/\/pagrabueksperti.lv\/product\/erv-49m-ventilacijas-putejs-ar-manualas-darbinasanas-iespeju\/#breadcrumb"},"inLanguage":"en-GB","potentialAction":[{"@type":"ReadAction","target":["https:\/\/pagrabueksperti.lv\/product\/erv-49m-ventilacijas-putejs-ar-manualas-darbinasanas-iespeju\/"]}]},{"@type":"ImageObject","inLanguage":"en-GB","@id":"https:\/\/pagrabueksperti.lv\/product\/erv-49m-ventilacijas-putejs-ar-manualas-darbinasanas-iespeju\/#primaryimage","url":"https:\/\/pagrabueksperti.lv\/wp-content\/uploads\/2026\/01\/\u042d\u0420\u0412-49.avif","contentUrl":"https:\/\/pagrabueksperti.lv\/wp-content\/uploads\/2026\/01\/\u042d\u0420\u0412-49.avif","width":748,"height":748},{"@type":"BreadcrumbList","@id":"https:\/\/pagrabueksperti.lv\/product\/erv-49m-ventilacijas-putejs-ar-manualas-darbinasanas-iespeju\/#breadcrumb","itemListElement":[{"@type":"ListItem","position":1,"name":"Home","item":"https:\/\/pagrabueksperti.lv\/"},{"@type":"ListItem","position":2,"name":"Products","item":"https:\/\/pagrabueksperti.lv\/shop__trashed\/"},{"@type":"ListItem","position":3,"name":"ERV-49M &#8211; Ventil\u0101cijas p\u016bt\u0113js ar manu\u0101las darbin\u0101\u0161anas iesp\u0113ju"}]},{"@type":"WebSite","@id":"https:\/\/pagrabueksperti.lv\/#website","url":"https:\/\/pagrabueksperti.lv\/","name":"Pagrabu Eksperti","description":"","publisher":{"@id":"https:\/\/pagrabueksperti.lv\/#organization"},"potentialAction":[{"@type":"SearchAction","target":{"@type":"EntryPoint","urlTemplate":"https:\/\/pagrabueksperti.lv\/?s={search_term_string}"},"query-input":{"@type":"PropertyValueSpecification","valueRequired":true,"valueName":"search_term_string"}}],"inLanguage":"en-GB"},{"@type":"Organization","@id":"https:\/\/pagrabueksperti.lv\/#organization","name":"Pagrabu Eksperti","url":"https:\/\/pagrabueksperti.lv\/","logo":{"@type":"ImageObject","inLanguage":"en-GB","@id":"https:\/\/pagrabueksperti.lv\/#\/schema\/logo\/image\/","url":"https:\/\/pagrabueksperti.lv\/wp-content\/uploads\/2025\/02\/Group-20-3.png","contentUrl":"https:\/\/pagrabueksperti.lv\/wp-content\/uploads\/2025\/02\/Group-20-3.png","width":894,"height":891,"caption":"Pagrabu Eksperti"},"image":{"@id":"https:\/\/pagrabueksperti.lv\/#\/schema\/logo\/image\/"}}]}},"_links":{"self":[{"href":"https:\/\/pagrabueksperti.lv\/en\/wp-json\/wp\/v2\/product\/3575","targetHints":{"allow":["GET"]}}],"collection":[{"href":"https:\/\/pagrabueksperti.lv\/en\/wp-json\/wp\/v2\/product"}],"about":[{"href":"https:\/\/pagrabueksperti.lv\/en\/wp-json\/wp\/v2\/types\/product"}],"replies":[{"embeddable":true,"href":"https:\/\/pagrabueksperti.lv\/en\/wp-json\/wp\/v2\/comments?post=3575"}],"wp:featuredmedia":[{"embeddable":true,"href":"https:\/\/pagrabueksperti.lv\/en\/wp-json\/wp\/v2\/media\/3577"}],"wp:attachment":[{"href":"https:\/\/pagrabueksperti.lv\/en\/wp-json\/wp\/v2\/media?parent=3575"}],"wp:term":[{"taxonomy":"product_brand","embeddable":true,"href":"https:\/\/pagrabueksperti.lv\/en\/wp-json\/wp\/v2\/product_brand?post=3575"},{"taxonomy":"product_cat","embeddable":true,"href":"https:\/\/pagrabueksperti.lv\/en\/wp-json\/wp\/v2\/product_cat?post=3575"},{"taxonomy":"product_tag","embeddable":true,"href":"https:\/\/pagrabueksperti.lv\/en\/wp-json\/wp\/v2\/product_tag?post=3575"}],"curies":[{"name":"wp","href":"https:\/\/api.w.org\/{rel}","templated":true}]}}