{"id":3558,"date":"2026-01-06T19:25:38","date_gmt":"2026-01-06T17:25:38","guid":{"rendered":"https:\/\/pagrabueksperti.lv\/?post_type=product&#038;p=3558"},"modified":"2026-01-07T10:35:26","modified_gmt":"2026-01-07T08:35:26","slug":"rezerves-udens-tvertne-js-3-100l","status":"publish","type":"product","link":"https:\/\/pagrabueksperti.lv\/en\/product\/rezerves-udens-tvertne-js-3-100l\/","title":{"rendered":"Rezerves \u016bdens tvertne JS-3-100L"},"content":{"rendered":"<p>Paredz\u0113ts vis\u0101m civil\u0101s aizsardz\u012bbas patvertn\u0113m.<br \/>\nPlastmasas konteiners ar v\u0101ku un p\u0101rn\u0113s\u0101\u0161anas rokturiem. 100 litru rezerves \u016bdens tvertne vai atkritumu konteiners ir<br \/>\nizgatavots no p\u0101rtikas kvalit\u0101tes plastmasas un ir labi piem\u0113rots dzeram\u0101 \u016bdens ilgsto\u0161ai uzglab\u0101\u0161anai.<\/p>\n<p>Tilpums 100 l<br \/>\nAugstums 690 mm, diametrs 600 mm<br \/>\nSvars 4,9 kg<\/p>\n<p>\u016adens tvertnes sertifik\u0101ts VTT C 1715-07<br \/>\nAtkritumu konteinera sertifik\u0101ts VTT C 1715-07<\/p>","protected":false},"excerpt":{"rendered":"<p>Paredz\u0113ts vis\u0101m civil\u0101s aizsardz\u012bbas patvertn\u0113m. Plastmasas konteiners ar v\u0101ku un p\u0101rn\u0113s\u0101\u0161anas rokturiem. 100 litru rezerves \u016bdens tvertne vai atkritumu konteiners ir izgatavots no p\u0101rtikas kvalit\u0101tes plastmasas un ir labi piem\u0113rots dzeram\u0101 \u016bdens ilgsto\u0161ai uzglab\u0101\u0161anai. Tilpums 100 l Augstums 690 mm, diametrs 600 mm Svars 4,9 kg \u016adens tvertnes sertifik\u0101ts VTT C 1715-07 Atkritumu konteinera sertifik\u0101ts [&hellip;]<\/p>","protected":false},"featured_media":3560,"comment_status":"open","ping_status":"closed","template":"","meta":{"site-sidebar-layout":"default","site-content-layout":"","ast-site-content-layout":"default","site-content-style":"default","site-sidebar-style":"default","ast-global-header-display":"","ast-banner-title-visibility":"","ast-main-header-display":"","ast-hfb-above-header-display":"","ast-hfb-below-header-display":"","ast-hfb-mobile-header-display":"","site-post-title":"","ast-breadcrumbs-content":"","ast-featured-img":"","footer-sml-layout":"","ast-disable-related-posts":"","theme-transparent-header-meta":"default","adv-header-id-meta":"","stick-header-meta":"","header-above-stick-meta":"","header-main-stick-meta":"","header-below-stick-meta":"","astra-migrate-meta-layouts":"set","ast-page-background-enabled":"default","ast-page-background-meta":{"desktop":{"background-color":"","background-image":"","background-repeat":"repeat","background-position":"center center","background-size":"auto","background-attachment":"scroll","background-type":"","background-media":"","overlay-type":"","overlay-color":"","overlay-opacity":"","overlay-gradient":""},"tablet":{"background-color":"","background-image":"","background-repeat":"repeat","background-position":"center center","background-size":"auto","background-attachment":"scroll","background-type":"","background-media":"","overlay-type":"","overlay-color":"","overlay-opacity":"","overlay-gradient":""},"mobile":{"background-color":"","background-image":"","background-repeat":"repeat","background-position":"center center","background-size":"auto","background-attachment":"scroll","background-type":"","background-media":"","overlay-type":"","overlay-color":"","overlay-opacity":"","overlay-gradient":""}},"ast-content-background-meta":{"desktop":{"background-color":"var(--ast-global-color-5)","background-image":"","background-repeat":"repeat","background-position":"center center","background-size":"auto","background-attachment":"scroll","background-type":"","background-media":"","overlay-type":"","overlay-color":"","overlay-opacity":"","overlay-gradient":""},"tablet":{"background-color":"var(--ast-global-color-5)","background-image":"","background-repeat":"repeat","background-position":"center center","background-size":"auto","background-attachment":"scroll","background-type":"","background-media":"","overlay-type":"","overlay-color":"","overlay-opacity":"","overlay-gradient":""},"mobile":{"background-color":"var(--ast-global-color-5)","background-image":"","background-repeat":"repeat","background-position":"center center","background-size":"auto","background-attachment":"scroll","background-type":"","background-media":"","overlay-type":"","overlay-color":"","overlay-opacity":"","overlay-gradient":""}}},"product_brand":[],"product_cat":[53],"product_tag":[56],"class_list":{"0":"post-3558","1":"product","2":"type-product","3":"status-publish","4":"has-post-thumbnail","6":"product_cat-cits-aprikojums","7":"product_tag-udens-tvertnes","8":"desktop-align-left","9":"tablet-align-left","10":"mobile-align-left","12":"first","13":"instock","14":"shipping-taxable","15":"product-type-simple"},"yoast_head":"<!-- This site is optimized with the Yoast SEO Premium plugin v21.8 (Yoast SEO v26.6) - https:\/\/yoast.com\/wordpress\/plugins\/seo\/ -->\n<title>Rezerves \u016bdens tvertne JS-3-100L - Pagrabu Eksperti<\/title>\n<meta name=\"robots\" content=\"index, follow, max-snippet:-1, max-image-preview:large, max-video-preview:-1\" \/>\n<link rel=\"canonical\" href=\"https:\/\/pagrabueksperti.lv\/en\/product\/rezerves-udens-tvertne-js-3-100l\/\" \/>\n<meta property=\"og:locale\" content=\"en_GB\" \/>\n<meta property=\"og:type\" content=\"article\" \/>\n<meta property=\"og:title\" content=\"Rezerves \u016bdens tvertne JS-3-100L\" \/>\n<meta property=\"og:description\" content=\"Paredz\u0113ts vis\u0101m civil\u0101s aizsardz\u012bbas patvertn\u0113m. Plastmasas konteiners ar v\u0101ku un p\u0101rn\u0113s\u0101\u0161anas rokturiem. 100 litru rezerves \u016bdens tvertne vai atkritumu konteiners ir izgatavots no p\u0101rtikas kvalit\u0101tes plastmasas un ir labi piem\u0113rots dzeram\u0101 \u016bdens ilgsto\u0161ai uzglab\u0101\u0161anai. Tilpums 100 l Augstums 690 mm, diametrs 600 mm Svars 4,9 kg \u016adens tvertnes sertifik\u0101ts VTT C 1715-07 Atkritumu konteinera sertifik\u0101ts [&hellip;]\" \/>\n<meta property=\"og:url\" content=\"https:\/\/pagrabueksperti.lv\/en\/product\/rezerves-udens-tvertne-js-3-100l\/\" \/>\n<meta property=\"og:site_name\" content=\"Pagrabu Eksperti\" \/>\n<meta property=\"article:modified_time\" content=\"2026-01-07T08:35:26+00:00\" \/>\n<meta property=\"og:image\" content=\"http:\/\/pagrabueksperti.lv\/wp-content\/uploads\/2026\/01\/9xMQI4vYOW9eXLZzCXZQAbdV2Ms.webp\" \/>\n\t<meta property=\"og:image:width\" content=\"600\" \/>\n\t<meta property=\"og:image:height\" content=\"539\" \/>\n\t<meta property=\"og:image:type\" content=\"image\/webp\" \/>\n<meta name=\"twitter:card\" content=\"summary_large_image\" \/>\n<meta name=\"twitter:label1\" content=\"Estimated reading time\" \/>\n\t<meta name=\"twitter:data1\" content=\"1 minute\" \/>\n<script type=\"application\/ld+json\" class=\"yoast-schema-graph\">{\"@context\":\"https:\/\/schema.org\",\"@graph\":[{\"@type\":\"WebPage\",\"@id\":\"https:\/\/pagrabueksperti.lv\/product\/rezerves-udens-tvertne-js-3-100l\/\",\"url\":\"https:\/\/pagrabueksperti.lv\/product\/rezerves-udens-tvertne-js-3-100l\/\",\"name\":\"Rezerves \u016bdens tvertne JS-3-100L - Pagrabu Eksperti\",\"isPartOf\":{\"@id\":\"https:\/\/pagrabueksperti.lv\/#website\"},\"primaryImageOfPage\":{\"@id\":\"https:\/\/pagrabueksperti.lv\/product\/rezerves-udens-tvertne-js-3-100l\/#primaryimage\"},\"image\":{\"@id\":\"https:\/\/pagrabueksperti.lv\/product\/rezerves-udens-tvertne-js-3-100l\/#primaryimage\"},\"thumbnailUrl\":\"https:\/\/pagrabueksperti.lv\/wp-content\/uploads\/2026\/01\/9xMQI4vYOW9eXLZzCXZQAbdV2Ms.webp\",\"datePublished\":\"2026-01-06T17:25:38+00:00\",\"dateModified\":\"2026-01-07T08:35:26+00:00\",\"breadcrumb\":{\"@id\":\"https:\/\/pagrabueksperti.lv\/product\/rezerves-udens-tvertne-js-3-100l\/#breadcrumb\"},\"inLanguage\":\"en-GB\",\"potentialAction\":[{\"@type\":\"ReadAction\",\"target\":[\"https:\/\/pagrabueksperti.lv\/product\/rezerves-udens-tvertne-js-3-100l\/\"]}]},{\"@type\":\"ImageObject\",\"inLanguage\":\"en-GB\",\"@id\":\"https:\/\/pagrabueksperti.lv\/product\/rezerves-udens-tvertne-js-3-100l\/#primaryimage\",\"url\":\"https:\/\/pagrabueksperti.lv\/wp-content\/uploads\/2026\/01\/9xMQI4vYOW9eXLZzCXZQAbdV2Ms.webp\",\"contentUrl\":\"https:\/\/pagrabueksperti.lv\/wp-content\/uploads\/2026\/01\/9xMQI4vYOW9eXLZzCXZQAbdV2Ms.webp\",\"width\":600,\"height\":539},{\"@type\":\"BreadcrumbList\",\"@id\":\"https:\/\/pagrabueksperti.lv\/product\/rezerves-udens-tvertne-js-3-100l\/#breadcrumb\",\"itemListElement\":[{\"@type\":\"ListItem\",\"position\":1,\"name\":\"Home\",\"item\":\"https:\/\/pagrabueksperti.lv\/\"},{\"@type\":\"ListItem\",\"position\":2,\"name\":\"Products\",\"item\":\"https:\/\/pagrabueksperti.lv\/shop__trashed\/\"},{\"@type\":\"ListItem\",\"position\":3,\"name\":\"Rezerves \u016bdens tvertne JS-3-100L\"}]},{\"@type\":\"WebSite\",\"@id\":\"https:\/\/pagrabueksperti.lv\/#website\",\"url\":\"https:\/\/pagrabueksperti.lv\/\",\"name\":\"Pagrabu Eksperti\",\"description\":\"\",\"publisher\":{\"@id\":\"https:\/\/pagrabueksperti.lv\/#organization\"},\"potentialAction\":[{\"@type\":\"SearchAction\",\"target\":{\"@type\":\"EntryPoint\",\"urlTemplate\":\"https:\/\/pagrabueksperti.lv\/?s={search_term_string}\"},\"query-input\":{\"@type\":\"PropertyValueSpecification\",\"valueRequired\":true,\"valueName\":\"search_term_string\"}}],\"inLanguage\":\"en-GB\"},{\"@type\":\"Organization\",\"@id\":\"https:\/\/pagrabueksperti.lv\/#organization\",\"name\":\"Pagrabu Eksperti\",\"url\":\"https:\/\/pagrabueksperti.lv\/\",\"logo\":{\"@type\":\"ImageObject\",\"inLanguage\":\"en-GB\",\"@id\":\"https:\/\/pagrabueksperti.lv\/#\/schema\/logo\/image\/\",\"url\":\"https:\/\/pagrabueksperti.lv\/wp-content\/uploads\/2025\/02\/Group-20-3.png\",\"contentUrl\":\"https:\/\/pagrabueksperti.lv\/wp-content\/uploads\/2025\/02\/Group-20-3.png\",\"width\":894,\"height\":891,\"caption\":\"Pagrabu Eksperti\"},\"image\":{\"@id\":\"https:\/\/pagrabueksperti.lv\/#\/schema\/logo\/image\/\"}}]}<\/script>\n<!-- \/ Yoast SEO Premium plugin. -->","yoast_head_json":{"title":"Rezerves \u016bdens tvertne JS-3-100L - Pagrabu Eksperti","robots":{"index":"index","follow":"follow","max-snippet":"max-snippet:-1","max-image-preview":"max-image-preview:large","max-video-preview":"max-video-preview:-1"},"canonical":"https:\/\/pagrabueksperti.lv\/en\/product\/rezerves-udens-tvertne-js-3-100l\/","og_locale":"en_GB","og_type":"article","og_title":"Rezerves \u016bdens tvertne JS-3-100L","og_description":"Paredz\u0113ts vis\u0101m civil\u0101s aizsardz\u012bbas patvertn\u0113m. Plastmasas konteiners ar v\u0101ku un p\u0101rn\u0113s\u0101\u0161anas rokturiem. 100 litru rezerves \u016bdens tvertne vai atkritumu konteiners ir izgatavots no p\u0101rtikas kvalit\u0101tes plastmasas un ir labi piem\u0113rots dzeram\u0101 \u016bdens ilgsto\u0161ai uzglab\u0101\u0161anai. Tilpums 100 l Augstums 690 mm, diametrs 600 mm Svars 4,9 kg \u016adens tvertnes sertifik\u0101ts VTT C 1715-07 Atkritumu konteinera sertifik\u0101ts [&hellip;]","og_url":"https:\/\/pagrabueksperti.lv\/en\/product\/rezerves-udens-tvertne-js-3-100l\/","og_site_name":"Pagrabu Eksperti","article_modified_time":"2026-01-07T08:35:26+00:00","og_image":[{"width":600,"height":539,"url":"http:\/\/pagrabueksperti.lv\/wp-content\/uploads\/2026\/01\/9xMQI4vYOW9eXLZzCXZQAbdV2Ms.webp","type":"image\/webp"}],"twitter_card":"summary_large_image","twitter_misc":{"Estimated reading time":"1 minute"},"schema":{"@context":"https:\/\/schema.org","@graph":[{"@type":"WebPage","@id":"https:\/\/pagrabueksperti.lv\/product\/rezerves-udens-tvertne-js-3-100l\/","url":"https:\/\/pagrabueksperti.lv\/product\/rezerves-udens-tvertne-js-3-100l\/","name":"Rezerves \u016bdens tvertne JS-3-100L - Pagrabu Eksperti","isPartOf":{"@id":"https:\/\/pagrabueksperti.lv\/#website"},"primaryImageOfPage":{"@id":"https:\/\/pagrabueksperti.lv\/product\/rezerves-udens-tvertne-js-3-100l\/#primaryimage"},"image":{"@id":"https:\/\/pagrabueksperti.lv\/product\/rezerves-udens-tvertne-js-3-100l\/#primaryimage"},"thumbnailUrl":"https:\/\/pagrabueksperti.lv\/wp-content\/uploads\/2026\/01\/9xMQI4vYOW9eXLZzCXZQAbdV2Ms.webp","datePublished":"2026-01-06T17:25:38+00:00","dateModified":"2026-01-07T08:35:26+00:00","breadcrumb":{"@id":"https:\/\/pagrabueksperti.lv\/product\/rezerves-udens-tvertne-js-3-100l\/#breadcrumb"},"inLanguage":"en-GB","potentialAction":[{"@type":"ReadAction","target":["https:\/\/pagrabueksperti.lv\/product\/rezerves-udens-tvertne-js-3-100l\/"]}]},{"@type":"ImageObject","inLanguage":"en-GB","@id":"https:\/\/pagrabueksperti.lv\/product\/rezerves-udens-tvertne-js-3-100l\/#primaryimage","url":"https:\/\/pagrabueksperti.lv\/wp-content\/uploads\/2026\/01\/9xMQI4vYOW9eXLZzCXZQAbdV2Ms.webp","contentUrl":"https:\/\/pagrabueksperti.lv\/wp-content\/uploads\/2026\/01\/9xMQI4vYOW9eXLZzCXZQAbdV2Ms.webp","width":600,"height":539},{"@type":"BreadcrumbList","@id":"https:\/\/pagrabueksperti.lv\/product\/rezerves-udens-tvertne-js-3-100l\/#breadcrumb","itemListElement":[{"@type":"ListItem","position":1,"name":"Home","item":"https:\/\/pagrabueksperti.lv\/"},{"@type":"ListItem","position":2,"name":"Products","item":"https:\/\/pagrabueksperti.lv\/shop__trashed\/"},{"@type":"ListItem","position":3,"name":"Rezerves \u016bdens tvertne JS-3-100L"}]},{"@type":"WebSite","@id":"https:\/\/pagrabueksperti.lv\/#website","url":"https:\/\/pagrabueksperti.lv\/","name":"Pagrabu Eksperti","description":"","publisher":{"@id":"https:\/\/pagrabueksperti.lv\/#organization"},"potentialAction":[{"@type":"SearchAction","target":{"@type":"EntryPoint","urlTemplate":"https:\/\/pagrabueksperti.lv\/?s={search_term_string}"},"query-input":{"@type":"PropertyValueSpecification","valueRequired":true,"valueName":"search_term_string"}}],"inLanguage":"en-GB"},{"@type":"Organization","@id":"https:\/\/pagrabueksperti.lv\/#organization","name":"Pagrabu Eksperti","url":"https:\/\/pagrabueksperti.lv\/","logo":{"@type":"ImageObject","inLanguage":"en-GB","@id":"https:\/\/pagrabueksperti.lv\/#\/schema\/logo\/image\/","url":"https:\/\/pagrabueksperti.lv\/wp-content\/uploads\/2025\/02\/Group-20-3.png","contentUrl":"https:\/\/pagrabueksperti.lv\/wp-content\/uploads\/2025\/02\/Group-20-3.png","width":894,"height":891,"caption":"Pagrabu Eksperti"},"image":{"@id":"https:\/\/pagrabueksperti.lv\/#\/schema\/logo\/image\/"}}]}},"_links":{"self":[{"href":"https:\/\/pagrabueksperti.lv\/en\/wp-json\/wp\/v2\/product\/3558","targetHints":{"allow":["GET"]}}],"collection":[{"href":"https:\/\/pagrabueksperti.lv\/en\/wp-json\/wp\/v2\/product"}],"about":[{"href":"https:\/\/pagrabueksperti.lv\/en\/wp-json\/wp\/v2\/types\/product"}],"replies":[{"embeddable":true,"href":"https:\/\/pagrabueksperti.lv\/en\/wp-json\/wp\/v2\/comments?post=3558"}],"wp:featuredmedia":[{"embeddable":true,"href":"https:\/\/pagrabueksperti.lv\/en\/wp-json\/wp\/v2\/media\/3560"}],"wp:attachment":[{"href":"https:\/\/pagrabueksperti.lv\/en\/wp-json\/wp\/v2\/media?parent=3558"}],"wp:term":[{"taxonomy":"product_brand","embeddable":true,"href":"https:\/\/pagrabueksperti.lv\/en\/wp-json\/wp\/v2\/product_brand?post=3558"},{"taxonomy":"product_cat","embeddable":true,"href":"https:\/\/pagrabueksperti.lv\/en\/wp-json\/wp\/v2\/product_cat?post=3558"},{"taxonomy":"product_tag","embeddable":true,"href":"https:\/\/pagrabueksperti.lv\/en\/wp-json\/wp\/v2\/product_tag?post=3558"}],"curies":[{"name":"wp","href":"https:\/\/api.w.org\/{rel}","templated":true}]}}