{"id":3556,"date":"2026-01-06T19:23:37","date_gmt":"2026-01-06T17:23:37","guid":{"rendered":"https:\/\/pagrabueksperti.lv\/?post_type=product&#038;p=3556"},"modified":"2026-01-30T16:27:08","modified_gmt":"2026-01-30T14:27:08","slug":"trisstavu-gulta-vv-3","status":"publish","type":"product","link":"https:\/\/pagrabueksperti.lv\/en\/product\/trisstavu-gulta-vv-3\/","title":{"rendered":"Tr\u012bsst\u0101vu gulta VV-3"},"content":{"rendered":"<p>Tr\u012bsst\u0101v\u012bga gulta VV-3 ir paredz\u0113ta lieto\u0161anai civil\u0101s aizsardz\u012bbas patvertn\u0113s.<br \/>\nT\u0101s m\u0113r\u0137is ir garant\u0113t gultasvietas patvertn\u0113 eso\u0161ajiem patv\u0113ruma laik\u0101.<br \/>\nGulta sast\u0101v no trim gultas l\u012bme\u0146iem.<br \/>\nGultas p\u0101rvalka \u0161uves ir termiski metin\u0101tas.<br \/>\nP\u0101rvalks ir \u016bdensiztur\u012bgs ,notur\u012bgs pret pel\u0113jumu.<\/p>\n<p>Gultas r\u0101mis ir izgatavots no karsti cinkota t\u0113rauda profila.<\/p>\n<ul>\n<li>P\u0101rsegs izgatavots no PVC auduma<\/li>\n<li>Gultu var izmantot ar\u012b k\u0101 nestuves<\/li>\n<li>Gulta tiek uzglab\u0101ta iepakojum\u0101.<\/li>\n<\/ul>\n<p><strong>Tehniskie dati<\/strong><br \/>\nGarums 1900 mm<br \/>\nPlatums 700 mm<br \/>\nAugstums 1300 mm<br \/>\nSvars 30,6 kg<br \/>\nSertifik\u0101ts: C1716-07<\/p>","protected":false},"excerpt":{"rendered":"<p>Tr\u012bsst\u0101v\u012bga gulta VV-3 ir paredz\u0113ta lieto\u0161anai civil\u0101s aizsardz\u012bbas patvertn\u0113s. T\u0101s m\u0113r\u0137is ir garant\u0113t gultasvietas patvertn\u0113 eso\u0161ajiem patv\u0113ruma laik\u0101. Gulta sast\u0101v no trim gultas l\u012bme\u0146iem. Gultas p\u0101rvalka \u0161uves ir termiski metin\u0101tas. P\u0101rvalks ir \u016bdensiztur\u012bgs ,notur\u012bgs pret pel\u0113jumu. Gultas r\u0101mis ir izgatavots no karsti cinkota t\u0113rauda profila. P\u0101rsegs izgatavots no PVC auduma Gultu var izmantot ar\u012b k\u0101 [&hellip;]<\/p>","protected":false},"featured_media":3586,"comment_status":"open","ping_status":"closed","template":"","meta":{"site-sidebar-layout":"default","site-content-layout":"","ast-site-content-layout":"default","site-content-style":"default","site-sidebar-style":"default","ast-global-header-display":"","ast-banner-title-visibility":"","ast-main-header-display":"","ast-hfb-above-header-display":"","ast-hfb-below-header-display":"","ast-hfb-mobile-header-display":"","site-post-title":"","ast-breadcrumbs-content":"","ast-featured-img":"","footer-sml-layout":"","ast-disable-related-posts":"","theme-transparent-header-meta":"default","adv-header-id-meta":"","stick-header-meta":"","header-above-stick-meta":"","header-main-stick-meta":"","header-below-stick-meta":"","astra-migrate-meta-layouts":"set","ast-page-background-enabled":"default","ast-page-background-meta":{"desktop":{"background-color":"","background-image":"","background-repeat":"repeat","background-position":"center center","background-size":"auto","background-attachment":"scroll","background-type":"","background-media":"","overlay-type":"","overlay-color":"","overlay-opacity":"","overlay-gradient":""},"tablet":{"background-color":"","background-image":"","background-repeat":"repeat","background-position":"center center","background-size":"auto","background-attachment":"scroll","background-type":"","background-media":"","overlay-type":"","overlay-color":"","overlay-opacity":"","overlay-gradient":""},"mobile":{"background-color":"","background-image":"","background-repeat":"repeat","background-position":"center center","background-size":"auto","background-attachment":"scroll","background-type":"","background-media":"","overlay-type":"","overlay-color":"","overlay-opacity":"","overlay-gradient":""}},"ast-content-background-meta":{"desktop":{"background-color":"var(--ast-global-color-5)","background-image":"","background-repeat":"repeat","background-position":"center center","background-size":"auto","background-attachment":"scroll","background-type":"","background-media":"","overlay-type":"","overlay-color":"","overlay-opacity":"","overlay-gradient":""},"tablet":{"background-color":"var(--ast-global-color-5)","background-image":"","background-repeat":"repeat","background-position":"center center","background-size":"auto","background-attachment":"scroll","background-type":"","background-media":"","overlay-type":"","overlay-color":"","overlay-opacity":"","overlay-gradient":""},"mobile":{"background-color":"var(--ast-global-color-5)","background-image":"","background-repeat":"repeat","background-position":"center center","background-size":"auto","background-attachment":"scroll","background-type":"","background-media":"","overlay-type":"","overlay-color":"","overlay-opacity":"","overlay-gradient":""}}},"product_brand":[],"product_cat":[53],"product_tag":[54],"class_list":{"0":"post-3556","1":"product","2":"type-product","3":"status-publish","4":"has-post-thumbnail","6":"product_cat-cits-aprikojums","7":"product_tag-gultas-un-kresli","8":"desktop-align-left","9":"tablet-align-left","10":"mobile-align-left","12":"first","13":"instock","14":"shipping-taxable","15":"product-type-simple"},"yoast_head":"<!-- This site is optimized with the Yoast SEO Premium plugin v21.8 (Yoast SEO v26.6) - https:\/\/yoast.com\/wordpress\/plugins\/seo\/ -->\n<title>Tr\u012bsst\u0101vu gulta VV-3 - Pagrabu Eksperti<\/title>\n<meta name=\"robots\" content=\"index, follow, max-snippet:-1, max-image-preview:large, max-video-preview:-1\" \/>\n<link rel=\"canonical\" href=\"https:\/\/pagrabueksperti.lv\/en\/product\/trisstavu-gulta-vv-3\/\" \/>\n<meta property=\"og:locale\" content=\"en_GB\" \/>\n<meta property=\"og:type\" content=\"article\" \/>\n<meta property=\"og:title\" content=\"Tr\u012bsst\u0101vu gulta VV-3\" \/>\n<meta property=\"og:description\" content=\"Tr\u012bsst\u0101v\u012bga gulta VV-3 ir paredz\u0113ta lieto\u0161anai civil\u0101s aizsardz\u012bbas patvertn\u0113s. T\u0101s m\u0113r\u0137is ir garant\u0113t gultasvietas patvertn\u0113 eso\u0161ajiem patv\u0113ruma laik\u0101. Gulta sast\u0101v no trim gultas l\u012bme\u0146iem. Gultas p\u0101rvalka \u0161uves ir termiski metin\u0101tas. P\u0101rvalks ir \u016bdensiztur\u012bgs ,notur\u012bgs pret pel\u0113jumu. Gultas r\u0101mis ir izgatavots no karsti cinkota t\u0113rauda profila. P\u0101rsegs izgatavots no PVC auduma Gultu var izmantot ar\u012b k\u0101 [&hellip;]\" \/>\n<meta property=\"og:url\" content=\"https:\/\/pagrabueksperti.lv\/en\/product\/trisstavu-gulta-vv-3\/\" \/>\n<meta property=\"og:site_name\" content=\"Pagrabu Eksperti\" \/>\n<meta property=\"article:modified_time\" content=\"2026-01-30T14:27:08+00:00\" \/>\n<meta property=\"og:image\" content=\"http:\/\/pagrabueksperti.lv\/wp-content\/uploads\/2026\/01\/Group-49.jpg\" \/>\n\t<meta property=\"og:image:width\" content=\"1269\" \/>\n\t<meta property=\"og:image:height\" content=\"978\" \/>\n\t<meta property=\"og:image:type\" content=\"image\/jpeg\" \/>\n<meta name=\"twitter:card\" content=\"summary_large_image\" \/>\n<meta name=\"twitter:label1\" content=\"Estimated reading time\" \/>\n\t<meta name=\"twitter:data1\" content=\"1 minute\" \/>\n<script type=\"application\/ld+json\" class=\"yoast-schema-graph\">{\"@context\":\"https:\/\/schema.org\",\"@graph\":[{\"@type\":\"WebPage\",\"@id\":\"https:\/\/pagrabueksperti.lv\/product\/trisstavu-gulta-vv-3\/\",\"url\":\"https:\/\/pagrabueksperti.lv\/product\/trisstavu-gulta-vv-3\/\",\"name\":\"Tr\u012bsst\u0101vu gulta VV-3 - Pagrabu Eksperti\",\"isPartOf\":{\"@id\":\"https:\/\/pagrabueksperti.lv\/#website\"},\"primaryImageOfPage\":{\"@id\":\"https:\/\/pagrabueksperti.lv\/product\/trisstavu-gulta-vv-3\/#primaryimage\"},\"image\":{\"@id\":\"https:\/\/pagrabueksperti.lv\/product\/trisstavu-gulta-vv-3\/#primaryimage\"},\"thumbnailUrl\":\"https:\/\/pagrabueksperti.lv\/wp-content\/uploads\/2026\/01\/Group-49.jpg\",\"datePublished\":\"2026-01-06T17:23:37+00:00\",\"dateModified\":\"2026-01-30T14:27:08+00:00\",\"breadcrumb\":{\"@id\":\"https:\/\/pagrabueksperti.lv\/product\/trisstavu-gulta-vv-3\/#breadcrumb\"},\"inLanguage\":\"en-GB\",\"potentialAction\":[{\"@type\":\"ReadAction\",\"target\":[\"https:\/\/pagrabueksperti.lv\/product\/trisstavu-gulta-vv-3\/\"]}]},{\"@type\":\"ImageObject\",\"inLanguage\":\"en-GB\",\"@id\":\"https:\/\/pagrabueksperti.lv\/product\/trisstavu-gulta-vv-3\/#primaryimage\",\"url\":\"https:\/\/pagrabueksperti.lv\/wp-content\/uploads\/2026\/01\/Group-49.jpg\",\"contentUrl\":\"https:\/\/pagrabueksperti.lv\/wp-content\/uploads\/2026\/01\/Group-49.jpg\",\"width\":1269,\"height\":978},{\"@type\":\"BreadcrumbList\",\"@id\":\"https:\/\/pagrabueksperti.lv\/product\/trisstavu-gulta-vv-3\/#breadcrumb\",\"itemListElement\":[{\"@type\":\"ListItem\",\"position\":1,\"name\":\"Home\",\"item\":\"https:\/\/pagrabueksperti.lv\/\"},{\"@type\":\"ListItem\",\"position\":2,\"name\":\"Products\",\"item\":\"https:\/\/pagrabueksperti.lv\/shop__trashed\/\"},{\"@type\":\"ListItem\",\"position\":3,\"name\":\"Tr\u012bsst\u0101vu gulta VV-3\"}]},{\"@type\":\"WebSite\",\"@id\":\"https:\/\/pagrabueksperti.lv\/#website\",\"url\":\"https:\/\/pagrabueksperti.lv\/\",\"name\":\"Pagrabu Eksperti\",\"description\":\"\",\"publisher\":{\"@id\":\"https:\/\/pagrabueksperti.lv\/#organization\"},\"potentialAction\":[{\"@type\":\"SearchAction\",\"target\":{\"@type\":\"EntryPoint\",\"urlTemplate\":\"https:\/\/pagrabueksperti.lv\/?s={search_term_string}\"},\"query-input\":{\"@type\":\"PropertyValueSpecification\",\"valueRequired\":true,\"valueName\":\"search_term_string\"}}],\"inLanguage\":\"en-GB\"},{\"@type\":\"Organization\",\"@id\":\"https:\/\/pagrabueksperti.lv\/#organization\",\"name\":\"Pagrabu Eksperti\",\"url\":\"https:\/\/pagrabueksperti.lv\/\",\"logo\":{\"@type\":\"ImageObject\",\"inLanguage\":\"en-GB\",\"@id\":\"https:\/\/pagrabueksperti.lv\/#\/schema\/logo\/image\/\",\"url\":\"https:\/\/pagrabueksperti.lv\/wp-content\/uploads\/2025\/02\/Group-20-3.png\",\"contentUrl\":\"https:\/\/pagrabueksperti.lv\/wp-content\/uploads\/2025\/02\/Group-20-3.png\",\"width\":894,\"height\":891,\"caption\":\"Pagrabu Eksperti\"},\"image\":{\"@id\":\"https:\/\/pagrabueksperti.lv\/#\/schema\/logo\/image\/\"}}]}<\/script>\n<!-- \/ Yoast SEO Premium plugin. -->","yoast_head_json":{"title":"Tr\u012bsst\u0101vu gulta VV-3 - Pagrabu Eksperti","robots":{"index":"index","follow":"follow","max-snippet":"max-snippet:-1","max-image-preview":"max-image-preview:large","max-video-preview":"max-video-preview:-1"},"canonical":"https:\/\/pagrabueksperti.lv\/en\/product\/trisstavu-gulta-vv-3\/","og_locale":"en_GB","og_type":"article","og_title":"Tr\u012bsst\u0101vu gulta VV-3","og_description":"Tr\u012bsst\u0101v\u012bga gulta VV-3 ir paredz\u0113ta lieto\u0161anai civil\u0101s aizsardz\u012bbas patvertn\u0113s. T\u0101s m\u0113r\u0137is ir garant\u0113t gultasvietas patvertn\u0113 eso\u0161ajiem patv\u0113ruma laik\u0101. Gulta sast\u0101v no trim gultas l\u012bme\u0146iem. Gultas p\u0101rvalka \u0161uves ir termiski metin\u0101tas. P\u0101rvalks ir \u016bdensiztur\u012bgs ,notur\u012bgs pret pel\u0113jumu. Gultas r\u0101mis ir izgatavots no karsti cinkota t\u0113rauda profila. P\u0101rsegs izgatavots no PVC auduma Gultu var izmantot ar\u012b k\u0101 [&hellip;]","og_url":"https:\/\/pagrabueksperti.lv\/en\/product\/trisstavu-gulta-vv-3\/","og_site_name":"Pagrabu Eksperti","article_modified_time":"2026-01-30T14:27:08+00:00","og_image":[{"width":1269,"height":978,"url":"http:\/\/pagrabueksperti.lv\/wp-content\/uploads\/2026\/01\/Group-49.jpg","type":"image\/jpeg"}],"twitter_card":"summary_large_image","twitter_misc":{"Estimated reading time":"1 minute"},"schema":{"@context":"https:\/\/schema.org","@graph":[{"@type":"WebPage","@id":"https:\/\/pagrabueksperti.lv\/product\/trisstavu-gulta-vv-3\/","url":"https:\/\/pagrabueksperti.lv\/product\/trisstavu-gulta-vv-3\/","name":"Tr\u012bsst\u0101vu gulta VV-3 - Pagrabu Eksperti","isPartOf":{"@id":"https:\/\/pagrabueksperti.lv\/#website"},"primaryImageOfPage":{"@id":"https:\/\/pagrabueksperti.lv\/product\/trisstavu-gulta-vv-3\/#primaryimage"},"image":{"@id":"https:\/\/pagrabueksperti.lv\/product\/trisstavu-gulta-vv-3\/#primaryimage"},"thumbnailUrl":"https:\/\/pagrabueksperti.lv\/wp-content\/uploads\/2026\/01\/Group-49.jpg","datePublished":"2026-01-06T17:23:37+00:00","dateModified":"2026-01-30T14:27:08+00:00","breadcrumb":{"@id":"https:\/\/pagrabueksperti.lv\/product\/trisstavu-gulta-vv-3\/#breadcrumb"},"inLanguage":"en-GB","potentialAction":[{"@type":"ReadAction","target":["https:\/\/pagrabueksperti.lv\/product\/trisstavu-gulta-vv-3\/"]}]},{"@type":"ImageObject","inLanguage":"en-GB","@id":"https:\/\/pagrabueksperti.lv\/product\/trisstavu-gulta-vv-3\/#primaryimage","url":"https:\/\/pagrabueksperti.lv\/wp-content\/uploads\/2026\/01\/Group-49.jpg","contentUrl":"https:\/\/pagrabueksperti.lv\/wp-content\/uploads\/2026\/01\/Group-49.jpg","width":1269,"height":978},{"@type":"BreadcrumbList","@id":"https:\/\/pagrabueksperti.lv\/product\/trisstavu-gulta-vv-3\/#breadcrumb","itemListElement":[{"@type":"ListItem","position":1,"name":"Home","item":"https:\/\/pagrabueksperti.lv\/"},{"@type":"ListItem","position":2,"name":"Products","item":"https:\/\/pagrabueksperti.lv\/shop__trashed\/"},{"@type":"ListItem","position":3,"name":"Tr\u012bsst\u0101vu gulta VV-3"}]},{"@type":"WebSite","@id":"https:\/\/pagrabueksperti.lv\/#website","url":"https:\/\/pagrabueksperti.lv\/","name":"Pagrabu Eksperti","description":"","publisher":{"@id":"https:\/\/pagrabueksperti.lv\/#organization"},"potentialAction":[{"@type":"SearchAction","target":{"@type":"EntryPoint","urlTemplate":"https:\/\/pagrabueksperti.lv\/?s={search_term_string}"},"query-input":{"@type":"PropertyValueSpecification","valueRequired":true,"valueName":"search_term_string"}}],"inLanguage":"en-GB"},{"@type":"Organization","@id":"https:\/\/pagrabueksperti.lv\/#organization","name":"Pagrabu Eksperti","url":"https:\/\/pagrabueksperti.lv\/","logo":{"@type":"ImageObject","inLanguage":"en-GB","@id":"https:\/\/pagrabueksperti.lv\/#\/schema\/logo\/image\/","url":"https:\/\/pagrabueksperti.lv\/wp-content\/uploads\/2025\/02\/Group-20-3.png","contentUrl":"https:\/\/pagrabueksperti.lv\/wp-content\/uploads\/2025\/02\/Group-20-3.png","width":894,"height":891,"caption":"Pagrabu Eksperti"},"image":{"@id":"https:\/\/pagrabueksperti.lv\/#\/schema\/logo\/image\/"}}]}},"_links":{"self":[{"href":"https:\/\/pagrabueksperti.lv\/en\/wp-json\/wp\/v2\/product\/3556","targetHints":{"allow":["GET"]}}],"collection":[{"href":"https:\/\/pagrabueksperti.lv\/en\/wp-json\/wp\/v2\/product"}],"about":[{"href":"https:\/\/pagrabueksperti.lv\/en\/wp-json\/wp\/v2\/types\/product"}],"replies":[{"embeddable":true,"href":"https:\/\/pagrabueksperti.lv\/en\/wp-json\/wp\/v2\/comments?post=3556"}],"wp:featuredmedia":[{"embeddable":true,"href":"https:\/\/pagrabueksperti.lv\/en\/wp-json\/wp\/v2\/media\/3586"}],"wp:attachment":[{"href":"https:\/\/pagrabueksperti.lv\/en\/wp-json\/wp\/v2\/media?parent=3556"}],"wp:term":[{"taxonomy":"product_brand","embeddable":true,"href":"https:\/\/pagrabueksperti.lv\/en\/wp-json\/wp\/v2\/product_brand?post=3556"},{"taxonomy":"product_cat","embeddable":true,"href":"https:\/\/pagrabueksperti.lv\/en\/wp-json\/wp\/v2\/product_cat?post=3556"},{"taxonomy":"product_tag","embeddable":true,"href":"https:\/\/pagrabueksperti.lv\/en\/wp-json\/wp\/v2\/product_tag?post=3556"}],"curies":[{"name":"wp","href":"https:\/\/api.w.org\/{rel}","templated":true}]}}