{"id":3474,"date":"2025-08-27T08:36:53","date_gmt":"2025-08-27T06:36:53","guid":{"rendered":"https:\/\/pagrabueksperti.lv\/?post_type=product&#038;p=3474"},"modified":"2026-01-30T16:27:23","modified_gmt":"2026-01-30T14:27:23","slug":"saliekams-sols-180-zals","status":"publish","type":"product","link":"https:\/\/pagrabueksperti.lv\/en\/product\/saliekams-sols-180-zals\/","title":{"rendered":"Saliekams sols 180 Za\u013c\u0161"},"content":{"rendered":"<p>Pateicoties savam mazajam svaram un sp\u0113jai saloc\u012bties \u013coti kompakti, saliekamais plastmasas sols ir \u013coti popul\u0101rs. Sola k\u0101j\u0101m ir speci\u0101li aizsargi, t\u0101p\u0113c t\u0101s neskr\u0101p\u0113 gr\u012bdu. \u0160o solu ir \u013coti vienk\u0101r\u0161i p\u0101rvest no vienas vietas uz citu, k\u0101 ar\u012b galda glab\u0101\u0161ana neprasa daudz vietas. Sola iek\u0161pus\u0113 ir piestiprin\u0101ts ne\u0161anas rokturis. Saloc\u012bt\u0101 veid\u0101 solu \u0113rti p\u0101rnes\u012bsiet, vienk\u0101r\u0161i turot rok\u0101.<\/p>","protected":false},"excerpt":{"rendered":"<p>Pateicoties savam mazajam svaram un sp\u0113jai saloc\u012bties \u013coti kompakti, saliekamais plastmasas sols ir \u013coti popul\u0101rs. Sola k\u0101j\u0101m ir speci\u0101li aizsargi, t\u0101p\u0113c t\u0101s neskr\u0101p\u0113 gr\u012bdu. \u0160o solu ir \u013coti vienk\u0101r\u0161i p\u0101rvest no vienas vietas uz citu, k\u0101 ar\u012b galda glab\u0101\u0161ana neprasa daudz vietas. Sola iek\u0161pus\u0113 ir piestiprin\u0101ts ne\u0161anas rokturis. Saloc\u012bt\u0101 veid\u0101 solu \u0113rti p\u0101rnes\u012bsiet, vienk\u0101r\u0161i turot [&hellip;]<\/p>","protected":false},"featured_media":3476,"comment_status":"open","ping_status":"closed","template":"","meta":{"site-sidebar-layout":"default","site-content-layout":"","ast-site-content-layout":"default","site-content-style":"default","site-sidebar-style":"default","ast-global-header-display":"","ast-banner-title-visibility":"","ast-main-header-display":"","ast-hfb-above-header-display":"","ast-hfb-below-header-display":"","ast-hfb-mobile-header-display":"","site-post-title":"","ast-breadcrumbs-content":"","ast-featured-img":"","footer-sml-layout":"","ast-disable-related-posts":"","theme-transparent-header-meta":"default","adv-header-id-meta":"","stick-header-meta":"","header-above-stick-meta":"","header-main-stick-meta":"","header-below-stick-meta":"","astra-migrate-meta-layouts":"set","ast-page-background-enabled":"default","ast-page-background-meta":{"desktop":{"background-color":"","background-image":"","background-repeat":"repeat","background-position":"center center","background-size":"auto","background-attachment":"scroll","background-type":"","background-media":"","overlay-type":"","overlay-color":"","overlay-opacity":"","overlay-gradient":""},"tablet":{"background-color":"","background-image":"","background-repeat":"repeat","background-position":"center center","background-size":"auto","background-attachment":"scroll","background-type":"","background-media":"","overlay-type":"","overlay-color":"","overlay-opacity":"","overlay-gradient":""},"mobile":{"background-color":"","background-image":"","background-repeat":"repeat","background-position":"center center","background-size":"auto","background-attachment":"scroll","background-type":"","background-media":"","overlay-type":"","overlay-color":"","overlay-opacity":"","overlay-gradient":""}},"ast-content-background-meta":{"desktop":{"background-color":"var(--ast-global-color-5)","background-image":"","background-repeat":"repeat","background-position":"center center","background-size":"auto","background-attachment":"scroll","background-type":"","background-media":"","overlay-type":"","overlay-color":"","overlay-opacity":"","overlay-gradient":""},"tablet":{"background-color":"var(--ast-global-color-5)","background-image":"","background-repeat":"repeat","background-position":"center center","background-size":"auto","background-attachment":"scroll","background-type":"","background-media":"","overlay-type":"","overlay-color":"","overlay-opacity":"","overlay-gradient":""},"mobile":{"background-color":"var(--ast-global-color-5)","background-image":"","background-repeat":"repeat","background-position":"center center","background-size":"auto","background-attachment":"scroll","background-type":"","background-media":"","overlay-type":"","overlay-color":"","overlay-opacity":"","overlay-gradient":""}}},"product_brand":[],"product_cat":[53],"product_tag":[54],"class_list":{"0":"post-3474","1":"product","2":"type-product","3":"status-publish","4":"has-post-thumbnail","6":"product_cat-cits-aprikojums","7":"product_tag-gultas-un-kresli","8":"desktop-align-left","9":"tablet-align-left","10":"mobile-align-left","12":"first","13":"instock","14":"shipping-taxable","15":"product-type-simple"},"yoast_head":"<!-- This site is optimized with the Yoast SEO Premium plugin v21.8 (Yoast SEO v26.6) - https:\/\/yoast.com\/wordpress\/plugins\/seo\/ -->\n<title>Saliekams sols 180 Za\u013c\u0161 - Pagrabu Eksperti<\/title>\n<meta name=\"robots\" content=\"index, follow, max-snippet:-1, max-image-preview:large, max-video-preview:-1\" \/>\n<link rel=\"canonical\" href=\"https:\/\/pagrabueksperti.lv\/en\/product\/saliekams-sols-180-zals\/\" \/>\n<meta property=\"og:locale\" content=\"en_GB\" \/>\n<meta property=\"og:type\" content=\"article\" \/>\n<meta property=\"og:title\" content=\"Saliekams sols 180 Za\u013c\u0161\" \/>\n<meta property=\"og:description\" content=\"Pateicoties savam mazajam svaram un sp\u0113jai saloc\u012bties \u013coti kompakti, saliekamais plastmasas sols ir \u013coti popul\u0101rs. Sola k\u0101j\u0101m ir speci\u0101li aizsargi, t\u0101p\u0113c t\u0101s neskr\u0101p\u0113 gr\u012bdu. \u0160o solu ir \u013coti vienk\u0101r\u0161i p\u0101rvest no vienas vietas uz citu, k\u0101 ar\u012b galda glab\u0101\u0161ana neprasa daudz vietas. Sola iek\u0161pus\u0113 ir piestiprin\u0101ts ne\u0161anas rokturis. Saloc\u012bt\u0101 veid\u0101 solu \u0113rti p\u0101rnes\u012bsiet, vienk\u0101r\u0161i turot [&hellip;]\" \/>\n<meta property=\"og:url\" content=\"https:\/\/pagrabueksperti.lv\/en\/product\/saliekams-sols-180-zals\/\" \/>\n<meta property=\"og:site_name\" content=\"Pagrabu Eksperti\" \/>\n<meta property=\"article:modified_time\" content=\"2026-01-30T14:27:23+00:00\" \/>\n<meta property=\"og:image\" content=\"http:\/\/pagrabueksperti.lv\/wp-content\/uploads\/2025\/08\/saliekams-sols-180-zals.webp\" \/>\n\t<meta property=\"og:image:width\" content=\"690\" \/>\n\t<meta property=\"og:image:height\" content=\"690\" \/>\n\t<meta property=\"og:image:type\" content=\"image\/webp\" \/>\n<meta name=\"twitter:card\" content=\"summary_large_image\" \/>\n<meta name=\"twitter:label1\" content=\"Estimated reading time\" \/>\n\t<meta name=\"twitter:data1\" content=\"1 minute\" \/>\n<script type=\"application\/ld+json\" class=\"yoast-schema-graph\">{\"@context\":\"https:\/\/schema.org\",\"@graph\":[{\"@type\":\"WebPage\",\"@id\":\"https:\/\/pagrabueksperti.lv\/product\/saliekams-sols-180-zals\/\",\"url\":\"https:\/\/pagrabueksperti.lv\/product\/saliekams-sols-180-zals\/\",\"name\":\"Saliekams sols 180 Za\u013c\u0161 - Pagrabu Eksperti\",\"isPartOf\":{\"@id\":\"https:\/\/pagrabueksperti.lv\/#website\"},\"primaryImageOfPage\":{\"@id\":\"https:\/\/pagrabueksperti.lv\/product\/saliekams-sols-180-zals\/#primaryimage\"},\"image\":{\"@id\":\"https:\/\/pagrabueksperti.lv\/product\/saliekams-sols-180-zals\/#primaryimage\"},\"thumbnailUrl\":\"https:\/\/pagrabueksperti.lv\/wp-content\/uploads\/2025\/08\/saliekams-sols-180-zals.webp\",\"datePublished\":\"2025-08-27T06:36:53+00:00\",\"dateModified\":\"2026-01-30T14:27:23+00:00\",\"breadcrumb\":{\"@id\":\"https:\/\/pagrabueksperti.lv\/product\/saliekams-sols-180-zals\/#breadcrumb\"},\"inLanguage\":\"en-GB\",\"potentialAction\":[{\"@type\":\"ReadAction\",\"target\":[\"https:\/\/pagrabueksperti.lv\/product\/saliekams-sols-180-zals\/\"]}]},{\"@type\":\"ImageObject\",\"inLanguage\":\"en-GB\",\"@id\":\"https:\/\/pagrabueksperti.lv\/product\/saliekams-sols-180-zals\/#primaryimage\",\"url\":\"https:\/\/pagrabueksperti.lv\/wp-content\/uploads\/2025\/08\/saliekams-sols-180-zals.webp\",\"contentUrl\":\"https:\/\/pagrabueksperti.lv\/wp-content\/uploads\/2025\/08\/saliekams-sols-180-zals.webp\",\"width\":690,\"height\":690},{\"@type\":\"BreadcrumbList\",\"@id\":\"https:\/\/pagrabueksperti.lv\/product\/saliekams-sols-180-zals\/#breadcrumb\",\"itemListElement\":[{\"@type\":\"ListItem\",\"position\":1,\"name\":\"Home\",\"item\":\"https:\/\/pagrabueksperti.lv\/\"},{\"@type\":\"ListItem\",\"position\":2,\"name\":\"Products\",\"item\":\"https:\/\/pagrabueksperti.lv\/shop__trashed\/\"},{\"@type\":\"ListItem\",\"position\":3,\"name\":\"Saliekams sols 180 Za\u013c\u0161\"}]},{\"@type\":\"WebSite\",\"@id\":\"https:\/\/pagrabueksperti.lv\/#website\",\"url\":\"https:\/\/pagrabueksperti.lv\/\",\"name\":\"Pagrabu Eksperti\",\"description\":\"\",\"publisher\":{\"@id\":\"https:\/\/pagrabueksperti.lv\/#organization\"},\"potentialAction\":[{\"@type\":\"SearchAction\",\"target\":{\"@type\":\"EntryPoint\",\"urlTemplate\":\"https:\/\/pagrabueksperti.lv\/?s={search_term_string}\"},\"query-input\":{\"@type\":\"PropertyValueSpecification\",\"valueRequired\":true,\"valueName\":\"search_term_string\"}}],\"inLanguage\":\"en-GB\"},{\"@type\":\"Organization\",\"@id\":\"https:\/\/pagrabueksperti.lv\/#organization\",\"name\":\"Pagrabu Eksperti\",\"url\":\"https:\/\/pagrabueksperti.lv\/\",\"logo\":{\"@type\":\"ImageObject\",\"inLanguage\":\"en-GB\",\"@id\":\"https:\/\/pagrabueksperti.lv\/#\/schema\/logo\/image\/\",\"url\":\"https:\/\/pagrabueksperti.lv\/wp-content\/uploads\/2025\/02\/Group-20-3.png\",\"contentUrl\":\"https:\/\/pagrabueksperti.lv\/wp-content\/uploads\/2025\/02\/Group-20-3.png\",\"width\":894,\"height\":891,\"caption\":\"Pagrabu Eksperti\"},\"image\":{\"@id\":\"https:\/\/pagrabueksperti.lv\/#\/schema\/logo\/image\/\"}}]}<\/script>\n<!-- \/ Yoast SEO Premium plugin. -->","yoast_head_json":{"title":"Saliekams sols 180 Za\u013c\u0161 - Pagrabu Eksperti","robots":{"index":"index","follow":"follow","max-snippet":"max-snippet:-1","max-image-preview":"max-image-preview:large","max-video-preview":"max-video-preview:-1"},"canonical":"https:\/\/pagrabueksperti.lv\/en\/product\/saliekams-sols-180-zals\/","og_locale":"en_GB","og_type":"article","og_title":"Saliekams sols 180 Za\u013c\u0161","og_description":"Pateicoties savam mazajam svaram un sp\u0113jai saloc\u012bties \u013coti kompakti, saliekamais plastmasas sols ir \u013coti popul\u0101rs. Sola k\u0101j\u0101m ir speci\u0101li aizsargi, t\u0101p\u0113c t\u0101s neskr\u0101p\u0113 gr\u012bdu. \u0160o solu ir \u013coti vienk\u0101r\u0161i p\u0101rvest no vienas vietas uz citu, k\u0101 ar\u012b galda glab\u0101\u0161ana neprasa daudz vietas. Sola iek\u0161pus\u0113 ir piestiprin\u0101ts ne\u0161anas rokturis. Saloc\u012bt\u0101 veid\u0101 solu \u0113rti p\u0101rnes\u012bsiet, vienk\u0101r\u0161i turot [&hellip;]","og_url":"https:\/\/pagrabueksperti.lv\/en\/product\/saliekams-sols-180-zals\/","og_site_name":"Pagrabu Eksperti","article_modified_time":"2026-01-30T14:27:23+00:00","og_image":[{"width":690,"height":690,"url":"http:\/\/pagrabueksperti.lv\/wp-content\/uploads\/2025\/08\/saliekams-sols-180-zals.webp","type":"image\/webp"}],"twitter_card":"summary_large_image","twitter_misc":{"Estimated reading time":"1 minute"},"schema":{"@context":"https:\/\/schema.org","@graph":[{"@type":"WebPage","@id":"https:\/\/pagrabueksperti.lv\/product\/saliekams-sols-180-zals\/","url":"https:\/\/pagrabueksperti.lv\/product\/saliekams-sols-180-zals\/","name":"Saliekams sols 180 Za\u013c\u0161 - Pagrabu Eksperti","isPartOf":{"@id":"https:\/\/pagrabueksperti.lv\/#website"},"primaryImageOfPage":{"@id":"https:\/\/pagrabueksperti.lv\/product\/saliekams-sols-180-zals\/#primaryimage"},"image":{"@id":"https:\/\/pagrabueksperti.lv\/product\/saliekams-sols-180-zals\/#primaryimage"},"thumbnailUrl":"https:\/\/pagrabueksperti.lv\/wp-content\/uploads\/2025\/08\/saliekams-sols-180-zals.webp","datePublished":"2025-08-27T06:36:53+00:00","dateModified":"2026-01-30T14:27:23+00:00","breadcrumb":{"@id":"https:\/\/pagrabueksperti.lv\/product\/saliekams-sols-180-zals\/#breadcrumb"},"inLanguage":"en-GB","potentialAction":[{"@type":"ReadAction","target":["https:\/\/pagrabueksperti.lv\/product\/saliekams-sols-180-zals\/"]}]},{"@type":"ImageObject","inLanguage":"en-GB","@id":"https:\/\/pagrabueksperti.lv\/product\/saliekams-sols-180-zals\/#primaryimage","url":"https:\/\/pagrabueksperti.lv\/wp-content\/uploads\/2025\/08\/saliekams-sols-180-zals.webp","contentUrl":"https:\/\/pagrabueksperti.lv\/wp-content\/uploads\/2025\/08\/saliekams-sols-180-zals.webp","width":690,"height":690},{"@type":"BreadcrumbList","@id":"https:\/\/pagrabueksperti.lv\/product\/saliekams-sols-180-zals\/#breadcrumb","itemListElement":[{"@type":"ListItem","position":1,"name":"Home","item":"https:\/\/pagrabueksperti.lv\/"},{"@type":"ListItem","position":2,"name":"Products","item":"https:\/\/pagrabueksperti.lv\/shop__trashed\/"},{"@type":"ListItem","position":3,"name":"Saliekams sols 180 Za\u013c\u0161"}]},{"@type":"WebSite","@id":"https:\/\/pagrabueksperti.lv\/#website","url":"https:\/\/pagrabueksperti.lv\/","name":"Pagrabu Eksperti","description":"","publisher":{"@id":"https:\/\/pagrabueksperti.lv\/#organization"},"potentialAction":[{"@type":"SearchAction","target":{"@type":"EntryPoint","urlTemplate":"https:\/\/pagrabueksperti.lv\/?s={search_term_string}"},"query-input":{"@type":"PropertyValueSpecification","valueRequired":true,"valueName":"search_term_string"}}],"inLanguage":"en-GB"},{"@type":"Organization","@id":"https:\/\/pagrabueksperti.lv\/#organization","name":"Pagrabu Eksperti","url":"https:\/\/pagrabueksperti.lv\/","logo":{"@type":"ImageObject","inLanguage":"en-GB","@id":"https:\/\/pagrabueksperti.lv\/#\/schema\/logo\/image\/","url":"https:\/\/pagrabueksperti.lv\/wp-content\/uploads\/2025\/02\/Group-20-3.png","contentUrl":"https:\/\/pagrabueksperti.lv\/wp-content\/uploads\/2025\/02\/Group-20-3.png","width":894,"height":891,"caption":"Pagrabu Eksperti"},"image":{"@id":"https:\/\/pagrabueksperti.lv\/#\/schema\/logo\/image\/"}}]}},"_links":{"self":[{"href":"https:\/\/pagrabueksperti.lv\/en\/wp-json\/wp\/v2\/product\/3474","targetHints":{"allow":["GET"]}}],"collection":[{"href":"https:\/\/pagrabueksperti.lv\/en\/wp-json\/wp\/v2\/product"}],"about":[{"href":"https:\/\/pagrabueksperti.lv\/en\/wp-json\/wp\/v2\/types\/product"}],"replies":[{"embeddable":true,"href":"https:\/\/pagrabueksperti.lv\/en\/wp-json\/wp\/v2\/comments?post=3474"}],"wp:featuredmedia":[{"embeddable":true,"href":"https:\/\/pagrabueksperti.lv\/en\/wp-json\/wp\/v2\/media\/3476"}],"wp:attachment":[{"href":"https:\/\/pagrabueksperti.lv\/en\/wp-json\/wp\/v2\/media?parent=3474"}],"wp:term":[{"taxonomy":"product_brand","embeddable":true,"href":"https:\/\/pagrabueksperti.lv\/en\/wp-json\/wp\/v2\/product_brand?post=3474"},{"taxonomy":"product_cat","embeddable":true,"href":"https:\/\/pagrabueksperti.lv\/en\/wp-json\/wp\/v2\/product_cat?post=3474"},{"taxonomy":"product_tag","embeddable":true,"href":"https:\/\/pagrabueksperti.lv\/en\/wp-json\/wp\/v2\/product_tag?post=3474"}],"curies":[{"name":"wp","href":"https:\/\/api.w.org\/{rel}","templated":true}]}}