{"id":3471,"date":"2025-08-27T08:33:56","date_gmt":"2025-08-27T06:33:56","guid":{"rendered":"https:\/\/pagrabueksperti.lv\/?post_type=product&#038;p=3471"},"modified":"2026-01-30T16:27:19","modified_gmt":"2026-01-30T14:27:19","slug":"saliekams-kresls-europa-zals","status":"publish","type":"product","link":"https:\/\/pagrabueksperti.lv\/en\/product\/saliekams-kresls-europa-zals\/","title":{"rendered":"Saliekams kr\u0113sls Za\u013c\u0161 120kg"},"content":{"rendered":"<p>\u0160o kr\u0113slu korpuss ir izgatavots no t\u0113rauda konstrukcijas, t\u0101p\u0113c kr\u0113sli izce\u013cas ar iztur\u012bbu, ilgm\u016b\u017e\u012bbu, tos var tur\u0113t \u0101r\u0101 ar\u012b<br \/>\nmitros laikapst\u0101k\u013cos, s\u0113deklis un atzveltne ir izgatavoti no plastmasas, t\u0101p\u0113c kr\u0113sli ir \u0113rti un iztur\u012bgi.<\/p>\n<p><strong>Komplekt\u0101cija:<\/strong><br \/>\nMateri\u0101ls: T\u0113rauda un ir stiprin\u0101ta plastmasa<br \/>\nKr\u0113sla maksim\u0101l\u0101 slodze: 120 KG<br \/>\nPiem\u0113rots lieto\u0161anai: Gan \u0101r\u0101, gan iek\u0161telp\u0101s<br \/>\nKr\u0101sa: Melna &#8211; Za\u013ca<br \/>\nSvars 3.35 kg.<br \/>\nVeids: Saliekamais kr\u0113sls<br \/>\nKr\u0113sla dzi\u013cums: 44 cm<br \/>\nKr\u0113sla augstums: 80 cm<br \/>\nKr\u0113sla platums: 44 cm<br \/>\nIepakojums: 45 x 4 x 98 cm (3.35 kg)<\/p>","protected":false},"excerpt":{"rendered":"<p>\u0160o kr\u0113slu korpuss ir izgatavots no t\u0113rauda konstrukcijas, t\u0101p\u0113c kr\u0113sli izce\u013cas ar iztur\u012bbu, ilgm\u016b\u017e\u012bbu, tos var tur\u0113t \u0101r\u0101 ar\u012b mitros laikapst\u0101k\u013cos, s\u0113deklis un atzveltne ir izgatavoti no plastmasas, t\u0101p\u0113c kr\u0113sli ir \u0113rti un iztur\u012bgi. Komplekt\u0101cija: Materi\u0101ls: T\u0113rauda un ir stiprin\u0101ta plastmasa Kr\u0113sla maksim\u0101l\u0101 slodze: 120 KG Piem\u0113rots lieto\u0161anai: Gan \u0101r\u0101, gan iek\u0161telp\u0101s Kr\u0101sa: Melna &#8211; [&hellip;]<\/p>","protected":false},"featured_media":3472,"comment_status":"open","ping_status":"closed","template":"","meta":{"site-sidebar-layout":"default","site-content-layout":"","ast-site-content-layout":"default","site-content-style":"default","site-sidebar-style":"default","ast-global-header-display":"","ast-banner-title-visibility":"","ast-main-header-display":"","ast-hfb-above-header-display":"","ast-hfb-below-header-display":"","ast-hfb-mobile-header-display":"","site-post-title":"","ast-breadcrumbs-content":"","ast-featured-img":"","footer-sml-layout":"","ast-disable-related-posts":"","theme-transparent-header-meta":"default","adv-header-id-meta":"","stick-header-meta":"","header-above-stick-meta":"","header-main-stick-meta":"","header-below-stick-meta":"","astra-migrate-meta-layouts":"set","ast-page-background-enabled":"default","ast-page-background-meta":{"desktop":{"background-color":"","background-image":"","background-repeat":"repeat","background-position":"center center","background-size":"auto","background-attachment":"scroll","background-type":"","background-media":"","overlay-type":"","overlay-color":"","overlay-opacity":"","overlay-gradient":""},"tablet":{"background-color":"","background-image":"","background-repeat":"repeat","background-position":"center center","background-size":"auto","background-attachment":"scroll","background-type":"","background-media":"","overlay-type":"","overlay-color":"","overlay-opacity":"","overlay-gradient":""},"mobile":{"background-color":"","background-image":"","background-repeat":"repeat","background-position":"center center","background-size":"auto","background-attachment":"scroll","background-type":"","background-media":"","overlay-type":"","overlay-color":"","overlay-opacity":"","overlay-gradient":""}},"ast-content-background-meta":{"desktop":{"background-color":"var(--ast-global-color-5)","background-image":"","background-repeat":"repeat","background-position":"center center","background-size":"auto","background-attachment":"scroll","background-type":"","background-media":"","overlay-type":"","overlay-color":"","overlay-opacity":"","overlay-gradient":""},"tablet":{"background-color":"var(--ast-global-color-5)","background-image":"","background-repeat":"repeat","background-position":"center center","background-size":"auto","background-attachment":"scroll","background-type":"","background-media":"","overlay-type":"","overlay-color":"","overlay-opacity":"","overlay-gradient":""},"mobile":{"background-color":"var(--ast-global-color-5)","background-image":"","background-repeat":"repeat","background-position":"center center","background-size":"auto","background-attachment":"scroll","background-type":"","background-media":"","overlay-type":"","overlay-color":"","overlay-opacity":"","overlay-gradient":""}}},"product_brand":[],"product_cat":[53],"product_tag":[54],"class_list":{"0":"post-3471","1":"product","2":"type-product","3":"status-publish","4":"has-post-thumbnail","6":"product_cat-cits-aprikojums","7":"product_tag-gultas-un-kresli","8":"desktop-align-left","9":"tablet-align-left","10":"mobile-align-left","12":"first","13":"instock","14":"shipping-taxable","15":"product-type-simple"},"yoast_head":"<!-- This site is optimized with the Yoast SEO Premium plugin v21.8 (Yoast SEO v26.6) - https:\/\/yoast.com\/wordpress\/plugins\/seo\/ -->\n<title>Saliekams kr\u0113sls Za\u013c\u0161 120kg - Pagrabu Eksperti<\/title>\n<meta name=\"robots\" content=\"index, follow, max-snippet:-1, max-image-preview:large, max-video-preview:-1\" \/>\n<link rel=\"canonical\" href=\"https:\/\/pagrabueksperti.lv\/en\/product\/saliekams-kresls-europa-zals\/\" \/>\n<meta property=\"og:locale\" content=\"en_GB\" \/>\n<meta property=\"og:type\" content=\"article\" \/>\n<meta property=\"og:title\" content=\"Saliekams kr\u0113sls Za\u013c\u0161 120kg\" \/>\n<meta property=\"og:description\" content=\"\u0160o kr\u0113slu korpuss ir izgatavots no t\u0113rauda konstrukcijas, t\u0101p\u0113c kr\u0113sli izce\u013cas ar iztur\u012bbu, ilgm\u016b\u017e\u012bbu, tos var tur\u0113t \u0101r\u0101 ar\u012b mitros laikapst\u0101k\u013cos, s\u0113deklis un atzveltne ir izgatavoti no plastmasas, t\u0101p\u0113c kr\u0113sli ir \u0113rti un iztur\u012bgi. Komplekt\u0101cija: Materi\u0101ls: T\u0113rauda un ir stiprin\u0101ta plastmasa Kr\u0113sla maksim\u0101l\u0101 slodze: 120 KG Piem\u0113rots lieto\u0161anai: Gan \u0101r\u0101, gan iek\u0161telp\u0101s Kr\u0101sa: Melna &#8211; [&hellip;]\" \/>\n<meta property=\"og:url\" content=\"https:\/\/pagrabueksperti.lv\/en\/product\/saliekams-kresls-europa-zals\/\" \/>\n<meta property=\"og:site_name\" content=\"Pagrabu Eksperti\" \/>\n<meta property=\"article:modified_time\" content=\"2026-01-30T14:27:19+00:00\" \/>\n<meta property=\"og:image\" content=\"http:\/\/pagrabueksperti.lv\/wp-content\/uploads\/2025\/08\/saliekams-kresls-europa-zals.webp\" \/>\n\t<meta property=\"og:image:width\" content=\"690\" \/>\n\t<meta property=\"og:image:height\" content=\"690\" \/>\n\t<meta property=\"og:image:type\" content=\"image\/webp\" \/>\n<meta name=\"twitter:card\" content=\"summary_large_image\" \/>\n<meta name=\"twitter:label1\" content=\"Estimated reading time\" \/>\n\t<meta name=\"twitter:data1\" content=\"1 minute\" \/>\n<script type=\"application\/ld+json\" class=\"yoast-schema-graph\">{\"@context\":\"https:\/\/schema.org\",\"@graph\":[{\"@type\":\"WebPage\",\"@id\":\"https:\/\/pagrabueksperti.lv\/product\/saliekams-kresls-europa-zals\/\",\"url\":\"https:\/\/pagrabueksperti.lv\/product\/saliekams-kresls-europa-zals\/\",\"name\":\"Saliekams kr\u0113sls Za\u013c\u0161 120kg - Pagrabu Eksperti\",\"isPartOf\":{\"@id\":\"https:\/\/pagrabueksperti.lv\/#website\"},\"primaryImageOfPage\":{\"@id\":\"https:\/\/pagrabueksperti.lv\/product\/saliekams-kresls-europa-zals\/#primaryimage\"},\"image\":{\"@id\":\"https:\/\/pagrabueksperti.lv\/product\/saliekams-kresls-europa-zals\/#primaryimage\"},\"thumbnailUrl\":\"https:\/\/pagrabueksperti.lv\/wp-content\/uploads\/2025\/08\/saliekams-kresls-europa-zals.webp\",\"datePublished\":\"2025-08-27T06:33:56+00:00\",\"dateModified\":\"2026-01-30T14:27:19+00:00\",\"breadcrumb\":{\"@id\":\"https:\/\/pagrabueksperti.lv\/product\/saliekams-kresls-europa-zals\/#breadcrumb\"},\"inLanguage\":\"en-GB\",\"potentialAction\":[{\"@type\":\"ReadAction\",\"target\":[\"https:\/\/pagrabueksperti.lv\/product\/saliekams-kresls-europa-zals\/\"]}]},{\"@type\":\"ImageObject\",\"inLanguage\":\"en-GB\",\"@id\":\"https:\/\/pagrabueksperti.lv\/product\/saliekams-kresls-europa-zals\/#primaryimage\",\"url\":\"https:\/\/pagrabueksperti.lv\/wp-content\/uploads\/2025\/08\/saliekams-kresls-europa-zals.webp\",\"contentUrl\":\"https:\/\/pagrabueksperti.lv\/wp-content\/uploads\/2025\/08\/saliekams-kresls-europa-zals.webp\",\"width\":690,\"height\":690},{\"@type\":\"BreadcrumbList\",\"@id\":\"https:\/\/pagrabueksperti.lv\/product\/saliekams-kresls-europa-zals\/#breadcrumb\",\"itemListElement\":[{\"@type\":\"ListItem\",\"position\":1,\"name\":\"Home\",\"item\":\"https:\/\/pagrabueksperti.lv\/\"},{\"@type\":\"ListItem\",\"position\":2,\"name\":\"Products\",\"item\":\"https:\/\/pagrabueksperti.lv\/shop__trashed\/\"},{\"@type\":\"ListItem\",\"position\":3,\"name\":\"Saliekams kr\u0113sls Za\u013c\u0161 120kg\"}]},{\"@type\":\"WebSite\",\"@id\":\"https:\/\/pagrabueksperti.lv\/#website\",\"url\":\"https:\/\/pagrabueksperti.lv\/\",\"name\":\"Pagrabu Eksperti\",\"description\":\"\",\"publisher\":{\"@id\":\"https:\/\/pagrabueksperti.lv\/#organization\"},\"potentialAction\":[{\"@type\":\"SearchAction\",\"target\":{\"@type\":\"EntryPoint\",\"urlTemplate\":\"https:\/\/pagrabueksperti.lv\/?s={search_term_string}\"},\"query-input\":{\"@type\":\"PropertyValueSpecification\",\"valueRequired\":true,\"valueName\":\"search_term_string\"}}],\"inLanguage\":\"en-GB\"},{\"@type\":\"Organization\",\"@id\":\"https:\/\/pagrabueksperti.lv\/#organization\",\"name\":\"Pagrabu Eksperti\",\"url\":\"https:\/\/pagrabueksperti.lv\/\",\"logo\":{\"@type\":\"ImageObject\",\"inLanguage\":\"en-GB\",\"@id\":\"https:\/\/pagrabueksperti.lv\/#\/schema\/logo\/image\/\",\"url\":\"https:\/\/pagrabueksperti.lv\/wp-content\/uploads\/2025\/02\/Group-20-3.png\",\"contentUrl\":\"https:\/\/pagrabueksperti.lv\/wp-content\/uploads\/2025\/02\/Group-20-3.png\",\"width\":894,\"height\":891,\"caption\":\"Pagrabu Eksperti\"},\"image\":{\"@id\":\"https:\/\/pagrabueksperti.lv\/#\/schema\/logo\/image\/\"}}]}<\/script>\n<!-- \/ Yoast SEO Premium plugin. -->","yoast_head_json":{"title":"Saliekams kr\u0113sls Za\u013c\u0161 120kg - Pagrabu Eksperti","robots":{"index":"index","follow":"follow","max-snippet":"max-snippet:-1","max-image-preview":"max-image-preview:large","max-video-preview":"max-video-preview:-1"},"canonical":"https:\/\/pagrabueksperti.lv\/en\/product\/saliekams-kresls-europa-zals\/","og_locale":"en_GB","og_type":"article","og_title":"Saliekams kr\u0113sls Za\u013c\u0161 120kg","og_description":"\u0160o kr\u0113slu korpuss ir izgatavots no t\u0113rauda konstrukcijas, t\u0101p\u0113c kr\u0113sli izce\u013cas ar iztur\u012bbu, ilgm\u016b\u017e\u012bbu, tos var tur\u0113t \u0101r\u0101 ar\u012b mitros laikapst\u0101k\u013cos, s\u0113deklis un atzveltne ir izgatavoti no plastmasas, t\u0101p\u0113c kr\u0113sli ir \u0113rti un iztur\u012bgi. Komplekt\u0101cija: Materi\u0101ls: T\u0113rauda un ir stiprin\u0101ta plastmasa Kr\u0113sla maksim\u0101l\u0101 slodze: 120 KG Piem\u0113rots lieto\u0161anai: Gan \u0101r\u0101, gan iek\u0161telp\u0101s Kr\u0101sa: Melna &#8211; [&hellip;]","og_url":"https:\/\/pagrabueksperti.lv\/en\/product\/saliekams-kresls-europa-zals\/","og_site_name":"Pagrabu Eksperti","article_modified_time":"2026-01-30T14:27:19+00:00","og_image":[{"width":690,"height":690,"url":"http:\/\/pagrabueksperti.lv\/wp-content\/uploads\/2025\/08\/saliekams-kresls-europa-zals.webp","type":"image\/webp"}],"twitter_card":"summary_large_image","twitter_misc":{"Estimated reading time":"1 minute"},"schema":{"@context":"https:\/\/schema.org","@graph":[{"@type":"WebPage","@id":"https:\/\/pagrabueksperti.lv\/product\/saliekams-kresls-europa-zals\/","url":"https:\/\/pagrabueksperti.lv\/product\/saliekams-kresls-europa-zals\/","name":"Saliekams kr\u0113sls Za\u013c\u0161 120kg - Pagrabu Eksperti","isPartOf":{"@id":"https:\/\/pagrabueksperti.lv\/#website"},"primaryImageOfPage":{"@id":"https:\/\/pagrabueksperti.lv\/product\/saliekams-kresls-europa-zals\/#primaryimage"},"image":{"@id":"https:\/\/pagrabueksperti.lv\/product\/saliekams-kresls-europa-zals\/#primaryimage"},"thumbnailUrl":"https:\/\/pagrabueksperti.lv\/wp-content\/uploads\/2025\/08\/saliekams-kresls-europa-zals.webp","datePublished":"2025-08-27T06:33:56+00:00","dateModified":"2026-01-30T14:27:19+00:00","breadcrumb":{"@id":"https:\/\/pagrabueksperti.lv\/product\/saliekams-kresls-europa-zals\/#breadcrumb"},"inLanguage":"en-GB","potentialAction":[{"@type":"ReadAction","target":["https:\/\/pagrabueksperti.lv\/product\/saliekams-kresls-europa-zals\/"]}]},{"@type":"ImageObject","inLanguage":"en-GB","@id":"https:\/\/pagrabueksperti.lv\/product\/saliekams-kresls-europa-zals\/#primaryimage","url":"https:\/\/pagrabueksperti.lv\/wp-content\/uploads\/2025\/08\/saliekams-kresls-europa-zals.webp","contentUrl":"https:\/\/pagrabueksperti.lv\/wp-content\/uploads\/2025\/08\/saliekams-kresls-europa-zals.webp","width":690,"height":690},{"@type":"BreadcrumbList","@id":"https:\/\/pagrabueksperti.lv\/product\/saliekams-kresls-europa-zals\/#breadcrumb","itemListElement":[{"@type":"ListItem","position":1,"name":"Home","item":"https:\/\/pagrabueksperti.lv\/"},{"@type":"ListItem","position":2,"name":"Products","item":"https:\/\/pagrabueksperti.lv\/shop__trashed\/"},{"@type":"ListItem","position":3,"name":"Saliekams kr\u0113sls Za\u013c\u0161 120kg"}]},{"@type":"WebSite","@id":"https:\/\/pagrabueksperti.lv\/#website","url":"https:\/\/pagrabueksperti.lv\/","name":"Pagrabu Eksperti","description":"","publisher":{"@id":"https:\/\/pagrabueksperti.lv\/#organization"},"potentialAction":[{"@type":"SearchAction","target":{"@type":"EntryPoint","urlTemplate":"https:\/\/pagrabueksperti.lv\/?s={search_term_string}"},"query-input":{"@type":"PropertyValueSpecification","valueRequired":true,"valueName":"search_term_string"}}],"inLanguage":"en-GB"},{"@type":"Organization","@id":"https:\/\/pagrabueksperti.lv\/#organization","name":"Pagrabu Eksperti","url":"https:\/\/pagrabueksperti.lv\/","logo":{"@type":"ImageObject","inLanguage":"en-GB","@id":"https:\/\/pagrabueksperti.lv\/#\/schema\/logo\/image\/","url":"https:\/\/pagrabueksperti.lv\/wp-content\/uploads\/2025\/02\/Group-20-3.png","contentUrl":"https:\/\/pagrabueksperti.lv\/wp-content\/uploads\/2025\/02\/Group-20-3.png","width":894,"height":891,"caption":"Pagrabu Eksperti"},"image":{"@id":"https:\/\/pagrabueksperti.lv\/#\/schema\/logo\/image\/"}}]}},"_links":{"self":[{"href":"https:\/\/pagrabueksperti.lv\/en\/wp-json\/wp\/v2\/product\/3471","targetHints":{"allow":["GET"]}}],"collection":[{"href":"https:\/\/pagrabueksperti.lv\/en\/wp-json\/wp\/v2\/product"}],"about":[{"href":"https:\/\/pagrabueksperti.lv\/en\/wp-json\/wp\/v2\/types\/product"}],"replies":[{"embeddable":true,"href":"https:\/\/pagrabueksperti.lv\/en\/wp-json\/wp\/v2\/comments?post=3471"}],"wp:featuredmedia":[{"embeddable":true,"href":"https:\/\/pagrabueksperti.lv\/en\/wp-json\/wp\/v2\/media\/3472"}],"wp:attachment":[{"href":"https:\/\/pagrabueksperti.lv\/en\/wp-json\/wp\/v2\/media?parent=3471"}],"wp:term":[{"taxonomy":"product_brand","embeddable":true,"href":"https:\/\/pagrabueksperti.lv\/en\/wp-json\/wp\/v2\/product_brand?post=3471"},{"taxonomy":"product_cat","embeddable":true,"href":"https:\/\/pagrabueksperti.lv\/en\/wp-json\/wp\/v2\/product_cat?post=3471"},{"taxonomy":"product_tag","embeddable":true,"href":"https:\/\/pagrabueksperti.lv\/en\/wp-json\/wp\/v2\/product_tag?post=3471"}],"curies":[{"name":"wp","href":"https:\/\/api.w.org\/{rel}","templated":true}]}}