{"id":3465,"date":"2025-08-27T08:28:47","date_gmt":"2025-08-27T06:28:47","guid":{"rendered":"https:\/\/pagrabueksperti.lv\/?post_type=product&#038;p=3465"},"modified":"2026-01-14T10:31:22","modified_gmt":"2026-01-14T08:31:22","slug":"sausas-tualetes-kabine-k-3","status":"publish","type":"product","link":"https:\/\/pagrabueksperti.lv\/en\/product\/sausas-tualetes-kabine-k-3\/","title":{"rendered":"Saus\u0101s tualetes kab\u012bne K-3"},"content":{"rendered":"<p>Saus\u0101s tualetes kab\u012bne KH-3 tiek izmantota civil\u0101s aizsardz\u012bbas patvertn\u0113s. Kab\u012bnei j\u0101atrodas pie sienas ,lai b\u016btu<br \/>\niesp\u0113jams kab\u012bni savienot ar patvertnes ventil\u0101cijas vai gaisa apmai\u0146as izvadiem, kas kalpo k\u0101 tualetes telpu ventil\u0101cijas<br \/>\nsist\u0113ma. Saus\u0101s tualetes pods tiek novietotas saus\u0101s tualetes kab\u012bn\u0113.<br \/>\nKatra saus\u0101s tualetes kab\u012bnes ieeja ir apr\u012bkota ar r\u0101v\u0113jsl\u0113dz\u0113ja aizdari. Saus\u0101s tualetes kab\u012bnes r\u0101mis sast\u0101v no<br \/>\ncauru\u013cveida t\u0113rauda konstrukcijas, kas p\u0101rkl\u0101ta ar ugunsdro\u0161u audumu, kuras ugunsdro\u0161\u012bbas klase ir apstiprin\u0101ta<br \/>\nsaska\u0146\u0101 ar testa metod\u0113m.<br \/>\nSaus\u0101s tualete kab\u012bnes tiek uzglab\u0101tas iepakojum\u0101<br \/>\nKomplekt\u0101cija:<br \/>\nSaliekam\u0101s saus\u0101s tualetes kab\u012bnes mode\u013cus var novietot blakus vienu otram. KH-3 KH-3\/2 KH-3\/3<br \/>\nIzm\u0113ri: KH-3\/3 P\/G\/A 2100x1000x2000 mm<br \/>\nIepakojuma izm\u0113ri: 120x30x18 cm<br \/>\nSvars: 17 kg<br \/>\nSertifik\u0101ts: C295\/04<\/p>","protected":false},"excerpt":{"rendered":"<p>Saus\u0101s tualetes kab\u012bne KH-3 tiek izmantota civil\u0101s aizsardz\u012bbas patvertn\u0113s. Kab\u012bnei j\u0101atrodas pie sienas ,lai b\u016btu iesp\u0113jams kab\u012bni savienot ar patvertnes ventil\u0101cijas vai gaisa apmai\u0146as izvadiem, kas kalpo k\u0101 tualetes telpu ventil\u0101cijas sist\u0113ma. Saus\u0101s tualetes pods tiek novietotas saus\u0101s tualetes kab\u012bn\u0113. Katra saus\u0101s tualetes kab\u012bnes ieeja ir apr\u012bkota ar r\u0101v\u0113jsl\u0113dz\u0113ja aizdari. Saus\u0101s tualetes kab\u012bnes r\u0101mis sast\u0101v [&hellip;]<\/p>","protected":false},"featured_media":3644,"comment_status":"open","ping_status":"closed","template":"","meta":{"site-sidebar-layout":"default","site-content-layout":"","ast-site-content-layout":"default","site-content-style":"default","site-sidebar-style":"default","ast-global-header-display":"","ast-banner-title-visibility":"","ast-main-header-display":"","ast-hfb-above-header-display":"","ast-hfb-below-header-display":"","ast-hfb-mobile-header-display":"","site-post-title":"","ast-breadcrumbs-content":"","ast-featured-img":"","footer-sml-layout":"","ast-disable-related-posts":"","theme-transparent-header-meta":"default","adv-header-id-meta":"","stick-header-meta":"","header-above-stick-meta":"","header-main-stick-meta":"","header-below-stick-meta":"","astra-migrate-meta-layouts":"set","ast-page-background-enabled":"default","ast-page-background-meta":{"desktop":{"background-color":"","background-image":"","background-repeat":"repeat","background-position":"center center","background-size":"auto","background-attachment":"scroll","background-type":"","background-media":"","overlay-type":"","overlay-color":"","overlay-opacity":"","overlay-gradient":""},"tablet":{"background-color":"","background-image":"","background-repeat":"repeat","background-position":"center center","background-size":"auto","background-attachment":"scroll","background-type":"","background-media":"","overlay-type":"","overlay-color":"","overlay-opacity":"","overlay-gradient":""},"mobile":{"background-color":"","background-image":"","background-repeat":"repeat","background-position":"center center","background-size":"auto","background-attachment":"scroll","background-type":"","background-media":"","overlay-type":"","overlay-color":"","overlay-opacity":"","overlay-gradient":""}},"ast-content-background-meta":{"desktop":{"background-color":"var(--ast-global-color-5)","background-image":"","background-repeat":"repeat","background-position":"center center","background-size":"auto","background-attachment":"scroll","background-type":"","background-media":"","overlay-type":"","overlay-color":"","overlay-opacity":"","overlay-gradient":""},"tablet":{"background-color":"var(--ast-global-color-5)","background-image":"","background-repeat":"repeat","background-position":"center center","background-size":"auto","background-attachment":"scroll","background-type":"","background-media":"","overlay-type":"","overlay-color":"","overlay-opacity":"","overlay-gradient":""},"mobile":{"background-color":"var(--ast-global-color-5)","background-image":"","background-repeat":"repeat","background-position":"center center","background-size":"auto","background-attachment":"scroll","background-type":"","background-media":"","overlay-type":"","overlay-color":"","overlay-opacity":"","overlay-gradient":""}}},"product_brand":[],"product_cat":[53],"product_tag":[55],"class_list":{"0":"post-3465","1":"product","2":"type-product","3":"status-publish","4":"has-post-thumbnail","6":"product_cat-cits-aprikojums","7":"product_tag-tualetes-aprikojums","8":"desktop-align-left","9":"tablet-align-left","10":"mobile-align-left","12":"first","13":"instock","14":"shipping-taxable","15":"product-type-simple"},"yoast_head":"<!-- This site is optimized with the Yoast SEO Premium plugin v21.8 (Yoast SEO v26.6) - https:\/\/yoast.com\/wordpress\/plugins\/seo\/ -->\n<title>Saus\u0101s tualetes kab\u012bne K-3 - Pagrabu Eksperti<\/title>\n<meta name=\"robots\" content=\"index, follow, max-snippet:-1, max-image-preview:large, max-video-preview:-1\" \/>\n<link rel=\"canonical\" href=\"https:\/\/pagrabueksperti.lv\/en\/product\/sausas-tualetes-kabine-k-3\/\" \/>\n<meta property=\"og:locale\" content=\"en_GB\" \/>\n<meta property=\"og:type\" content=\"article\" \/>\n<meta property=\"og:title\" content=\"Saus\u0101s tualetes kab\u012bne K-3\" \/>\n<meta property=\"og:description\" content=\"Saus\u0101s tualetes kab\u012bne KH-3 tiek izmantota civil\u0101s aizsardz\u012bbas patvertn\u0113s. Kab\u012bnei j\u0101atrodas pie sienas ,lai b\u016btu iesp\u0113jams kab\u012bni savienot ar patvertnes ventil\u0101cijas vai gaisa apmai\u0146as izvadiem, kas kalpo k\u0101 tualetes telpu ventil\u0101cijas sist\u0113ma. Saus\u0101s tualetes pods tiek novietotas saus\u0101s tualetes kab\u012bn\u0113. Katra saus\u0101s tualetes kab\u012bnes ieeja ir apr\u012bkota ar r\u0101v\u0113jsl\u0113dz\u0113ja aizdari. Saus\u0101s tualetes kab\u012bnes r\u0101mis sast\u0101v [&hellip;]\" \/>\n<meta property=\"og:url\" content=\"https:\/\/pagrabueksperti.lv\/en\/product\/sausas-tualetes-kabine-k-3\/\" \/>\n<meta property=\"og:site_name\" content=\"Pagrabu Eksperti\" \/>\n<meta property=\"article:modified_time\" content=\"2026-01-14T08:31:22+00:00\" \/>\n<meta property=\"og:image\" content=\"http:\/\/pagrabueksperti.lv\/wp-content\/uploads\/2025\/08\/KH3.jpg\" \/>\n\t<meta property=\"og:image:width\" content=\"1291\" \/>\n\t<meta property=\"og:image:height\" content=\"1170\" \/>\n\t<meta property=\"og:image:type\" content=\"image\/jpeg\" \/>\n<meta name=\"twitter:card\" content=\"summary_large_image\" \/>\n<meta name=\"twitter:label1\" content=\"Estimated reading time\" \/>\n\t<meta name=\"twitter:data1\" content=\"1 minute\" \/>\n<script type=\"application\/ld+json\" class=\"yoast-schema-graph\">{\"@context\":\"https:\/\/schema.org\",\"@graph\":[{\"@type\":\"WebPage\",\"@id\":\"https:\/\/pagrabueksperti.lv\/product\/sausas-tualetes-kabine-k-3\/\",\"url\":\"https:\/\/pagrabueksperti.lv\/product\/sausas-tualetes-kabine-k-3\/\",\"name\":\"Saus\u0101s tualetes kab\u012bne K-3 - Pagrabu Eksperti\",\"isPartOf\":{\"@id\":\"https:\/\/pagrabueksperti.lv\/#website\"},\"primaryImageOfPage\":{\"@id\":\"https:\/\/pagrabueksperti.lv\/product\/sausas-tualetes-kabine-k-3\/#primaryimage\"},\"image\":{\"@id\":\"https:\/\/pagrabueksperti.lv\/product\/sausas-tualetes-kabine-k-3\/#primaryimage\"},\"thumbnailUrl\":\"https:\/\/pagrabueksperti.lv\/wp-content\/uploads\/2025\/08\/KH3.jpg\",\"datePublished\":\"2025-08-27T06:28:47+00:00\",\"dateModified\":\"2026-01-14T08:31:22+00:00\",\"breadcrumb\":{\"@id\":\"https:\/\/pagrabueksperti.lv\/product\/sausas-tualetes-kabine-k-3\/#breadcrumb\"},\"inLanguage\":\"en-GB\",\"potentialAction\":[{\"@type\":\"ReadAction\",\"target\":[\"https:\/\/pagrabueksperti.lv\/product\/sausas-tualetes-kabine-k-3\/\"]}]},{\"@type\":\"ImageObject\",\"inLanguage\":\"en-GB\",\"@id\":\"https:\/\/pagrabueksperti.lv\/product\/sausas-tualetes-kabine-k-3\/#primaryimage\",\"url\":\"https:\/\/pagrabueksperti.lv\/wp-content\/uploads\/2025\/08\/KH3.jpg\",\"contentUrl\":\"https:\/\/pagrabueksperti.lv\/wp-content\/uploads\/2025\/08\/KH3.jpg\",\"width\":1291,\"height\":1170},{\"@type\":\"BreadcrumbList\",\"@id\":\"https:\/\/pagrabueksperti.lv\/product\/sausas-tualetes-kabine-k-3\/#breadcrumb\",\"itemListElement\":[{\"@type\":\"ListItem\",\"position\":1,\"name\":\"Home\",\"item\":\"https:\/\/pagrabueksperti.lv\/\"},{\"@type\":\"ListItem\",\"position\":2,\"name\":\"Products\",\"item\":\"https:\/\/pagrabueksperti.lv\/shop__trashed\/\"},{\"@type\":\"ListItem\",\"position\":3,\"name\":\"Saus\u0101s tualetes kab\u012bne K-3\"}]},{\"@type\":\"WebSite\",\"@id\":\"https:\/\/pagrabueksperti.lv\/#website\",\"url\":\"https:\/\/pagrabueksperti.lv\/\",\"name\":\"Pagrabu Eksperti\",\"description\":\"\",\"publisher\":{\"@id\":\"https:\/\/pagrabueksperti.lv\/#organization\"},\"potentialAction\":[{\"@type\":\"SearchAction\",\"target\":{\"@type\":\"EntryPoint\",\"urlTemplate\":\"https:\/\/pagrabueksperti.lv\/?s={search_term_string}\"},\"query-input\":{\"@type\":\"PropertyValueSpecification\",\"valueRequired\":true,\"valueName\":\"search_term_string\"}}],\"inLanguage\":\"en-GB\"},{\"@type\":\"Organization\",\"@id\":\"https:\/\/pagrabueksperti.lv\/#organization\",\"name\":\"Pagrabu Eksperti\",\"url\":\"https:\/\/pagrabueksperti.lv\/\",\"logo\":{\"@type\":\"ImageObject\",\"inLanguage\":\"en-GB\",\"@id\":\"https:\/\/pagrabueksperti.lv\/#\/schema\/logo\/image\/\",\"url\":\"https:\/\/pagrabueksperti.lv\/wp-content\/uploads\/2025\/02\/Group-20-3.png\",\"contentUrl\":\"https:\/\/pagrabueksperti.lv\/wp-content\/uploads\/2025\/02\/Group-20-3.png\",\"width\":894,\"height\":891,\"caption\":\"Pagrabu Eksperti\"},\"image\":{\"@id\":\"https:\/\/pagrabueksperti.lv\/#\/schema\/logo\/image\/\"}}]}<\/script>\n<!-- \/ Yoast SEO Premium plugin. -->","yoast_head_json":{"title":"Saus\u0101s tualetes kab\u012bne K-3 - Pagrabu Eksperti","robots":{"index":"index","follow":"follow","max-snippet":"max-snippet:-1","max-image-preview":"max-image-preview:large","max-video-preview":"max-video-preview:-1"},"canonical":"https:\/\/pagrabueksperti.lv\/en\/product\/sausas-tualetes-kabine-k-3\/","og_locale":"en_GB","og_type":"article","og_title":"Saus\u0101s tualetes kab\u012bne K-3","og_description":"Saus\u0101s tualetes kab\u012bne KH-3 tiek izmantota civil\u0101s aizsardz\u012bbas patvertn\u0113s. Kab\u012bnei j\u0101atrodas pie sienas ,lai b\u016btu iesp\u0113jams kab\u012bni savienot ar patvertnes ventil\u0101cijas vai gaisa apmai\u0146as izvadiem, kas kalpo k\u0101 tualetes telpu ventil\u0101cijas sist\u0113ma. Saus\u0101s tualetes pods tiek novietotas saus\u0101s tualetes kab\u012bn\u0113. Katra saus\u0101s tualetes kab\u012bnes ieeja ir apr\u012bkota ar r\u0101v\u0113jsl\u0113dz\u0113ja aizdari. Saus\u0101s tualetes kab\u012bnes r\u0101mis sast\u0101v [&hellip;]","og_url":"https:\/\/pagrabueksperti.lv\/en\/product\/sausas-tualetes-kabine-k-3\/","og_site_name":"Pagrabu Eksperti","article_modified_time":"2026-01-14T08:31:22+00:00","og_image":[{"width":1291,"height":1170,"url":"http:\/\/pagrabueksperti.lv\/wp-content\/uploads\/2025\/08\/KH3.jpg","type":"image\/jpeg"}],"twitter_card":"summary_large_image","twitter_misc":{"Estimated reading time":"1 minute"},"schema":{"@context":"https:\/\/schema.org","@graph":[{"@type":"WebPage","@id":"https:\/\/pagrabueksperti.lv\/product\/sausas-tualetes-kabine-k-3\/","url":"https:\/\/pagrabueksperti.lv\/product\/sausas-tualetes-kabine-k-3\/","name":"Saus\u0101s tualetes kab\u012bne K-3 - Pagrabu Eksperti","isPartOf":{"@id":"https:\/\/pagrabueksperti.lv\/#website"},"primaryImageOfPage":{"@id":"https:\/\/pagrabueksperti.lv\/product\/sausas-tualetes-kabine-k-3\/#primaryimage"},"image":{"@id":"https:\/\/pagrabueksperti.lv\/product\/sausas-tualetes-kabine-k-3\/#primaryimage"},"thumbnailUrl":"https:\/\/pagrabueksperti.lv\/wp-content\/uploads\/2025\/08\/KH3.jpg","datePublished":"2025-08-27T06:28:47+00:00","dateModified":"2026-01-14T08:31:22+00:00","breadcrumb":{"@id":"https:\/\/pagrabueksperti.lv\/product\/sausas-tualetes-kabine-k-3\/#breadcrumb"},"inLanguage":"en-GB","potentialAction":[{"@type":"ReadAction","target":["https:\/\/pagrabueksperti.lv\/product\/sausas-tualetes-kabine-k-3\/"]}]},{"@type":"ImageObject","inLanguage":"en-GB","@id":"https:\/\/pagrabueksperti.lv\/product\/sausas-tualetes-kabine-k-3\/#primaryimage","url":"https:\/\/pagrabueksperti.lv\/wp-content\/uploads\/2025\/08\/KH3.jpg","contentUrl":"https:\/\/pagrabueksperti.lv\/wp-content\/uploads\/2025\/08\/KH3.jpg","width":1291,"height":1170},{"@type":"BreadcrumbList","@id":"https:\/\/pagrabueksperti.lv\/product\/sausas-tualetes-kabine-k-3\/#breadcrumb","itemListElement":[{"@type":"ListItem","position":1,"name":"Home","item":"https:\/\/pagrabueksperti.lv\/"},{"@type":"ListItem","position":2,"name":"Products","item":"https:\/\/pagrabueksperti.lv\/shop__trashed\/"},{"@type":"ListItem","position":3,"name":"Saus\u0101s tualetes kab\u012bne K-3"}]},{"@type":"WebSite","@id":"https:\/\/pagrabueksperti.lv\/#website","url":"https:\/\/pagrabueksperti.lv\/","name":"Pagrabu Eksperti","description":"","publisher":{"@id":"https:\/\/pagrabueksperti.lv\/#organization"},"potentialAction":[{"@type":"SearchAction","target":{"@type":"EntryPoint","urlTemplate":"https:\/\/pagrabueksperti.lv\/?s={search_term_string}"},"query-input":{"@type":"PropertyValueSpecification","valueRequired":true,"valueName":"search_term_string"}}],"inLanguage":"en-GB"},{"@type":"Organization","@id":"https:\/\/pagrabueksperti.lv\/#organization","name":"Pagrabu Eksperti","url":"https:\/\/pagrabueksperti.lv\/","logo":{"@type":"ImageObject","inLanguage":"en-GB","@id":"https:\/\/pagrabueksperti.lv\/#\/schema\/logo\/image\/","url":"https:\/\/pagrabueksperti.lv\/wp-content\/uploads\/2025\/02\/Group-20-3.png","contentUrl":"https:\/\/pagrabueksperti.lv\/wp-content\/uploads\/2025\/02\/Group-20-3.png","width":894,"height":891,"caption":"Pagrabu Eksperti"},"image":{"@id":"https:\/\/pagrabueksperti.lv\/#\/schema\/logo\/image\/"}}]}},"_links":{"self":[{"href":"https:\/\/pagrabueksperti.lv\/en\/wp-json\/wp\/v2\/product\/3465","targetHints":{"allow":["GET"]}}],"collection":[{"href":"https:\/\/pagrabueksperti.lv\/en\/wp-json\/wp\/v2\/product"}],"about":[{"href":"https:\/\/pagrabueksperti.lv\/en\/wp-json\/wp\/v2\/types\/product"}],"replies":[{"embeddable":true,"href":"https:\/\/pagrabueksperti.lv\/en\/wp-json\/wp\/v2\/comments?post=3465"}],"wp:featuredmedia":[{"embeddable":true,"href":"https:\/\/pagrabueksperti.lv\/en\/wp-json\/wp\/v2\/media\/3644"}],"wp:attachment":[{"href":"https:\/\/pagrabueksperti.lv\/en\/wp-json\/wp\/v2\/media?parent=3465"}],"wp:term":[{"taxonomy":"product_brand","embeddable":true,"href":"https:\/\/pagrabueksperti.lv\/en\/wp-json\/wp\/v2\/product_brand?post=3465"},{"taxonomy":"product_cat","embeddable":true,"href":"https:\/\/pagrabueksperti.lv\/en\/wp-json\/wp\/v2\/product_cat?post=3465"},{"taxonomy":"product_tag","embeddable":true,"href":"https:\/\/pagrabueksperti.lv\/en\/wp-json\/wp\/v2\/product_tag?post=3465"}],"curies":[{"name":"wp","href":"https:\/\/api.w.org\/{rel}","templated":true}]}}