{"id":3455,"date":"2025-08-07T11:42:24","date_gmt":"2025-08-07T09:42:24","guid":{"rendered":"https:\/\/pagrabueksperti.lv\/?post_type=product&#038;p=3455"},"modified":"2026-01-14T10:43:10","modified_gmt":"2026-01-14T08:43:10","slug":"evakuacijas-palags-85-90-cm","status":"publish","type":"product","link":"https:\/\/pagrabueksperti.lv\/en\/product\/evakuacijas-palags-85-90-cm\/","title":{"rendered":"Evaku\u0101cijas palags 85-90 cm"},"content":{"rendered":"<p>Evaku\u0101cijas palags ir piem\u0113rots gu\u013co\u0161u pacientu evaku\u0101cijai kop\u0101 ar matraci. Palags ir kl\u0101jams zem matra\u010da, pie kura<br \/>\ntas ir stiprin\u0101ms ar elast\u012bgu gumiju pal\u012bdz\u012bbu. Briesmu gad\u012bjum\u0101 pacientu kop\u0101 ar matraci aptin ar palaga stiprin\u0101\u0161anas<br \/>\nsiksn\u0101m. Var lietot pa evaku\u0101cijas k\u0101pn\u0113m.<\/p>\n<p><strong>Description:<\/strong><br \/>\nAbos \u012bsajos galos iestr\u0101d\u0101tas garas vilk\u0161anas rokturi \u013cauj person\u0101lam str\u0101d\u0101t taisnu muguru un mazina fizisko slodzi.<br \/>\nSiksnas ar \u012bpa\u0161i iztur\u012bgu \u201cVelcro\u201d aizdari. Spilgti oran\u017ea kr\u0101sa ir labi paman\u0101ma un kalpo k\u0101 papildu dro\u0161\u012bbas elements.<br \/>\nPiem\u0113rots lieto\u0161anai sausos un mitros apst\u0101k\u013cos. Var izmantot evaku\u0101cijai pa k\u0101pn\u0113m. Konstrukcija paredz\u0113ta ilgsto\u0161ai<br \/>\nun uzticamai ekspluat\u0101cijai.<\/p>","protected":false},"excerpt":{"rendered":"<p>Evaku\u0101cijas palags ir piem\u0113rots gu\u013co\u0161u pacientu evaku\u0101cijai kop\u0101 ar matraci. Palags ir kl\u0101jams zem matra\u010da, pie kura tas ir stiprin\u0101ms ar elast\u012bgu gumiju pal\u012bdz\u012bbu. Briesmu gad\u012bjum\u0101 pacientu kop\u0101 ar matraci aptin ar palaga stiprin\u0101\u0161anas siksn\u0101m. Var lietot pa evaku\u0101cijas k\u0101pn\u0113m. Apraksts: Abos \u012bsajos galos iestr\u0101d\u0101tas garas vilk\u0161anas rokturi \u013cauj person\u0101lam str\u0101d\u0101t taisnu muguru un mazina [&hellip;]<\/p>","protected":false},"featured_media":3656,"comment_status":"open","ping_status":"closed","template":"","meta":{"site-sidebar-layout":"default","site-content-layout":"","ast-site-content-layout":"default","site-content-style":"default","site-sidebar-style":"default","ast-global-header-display":"","ast-banner-title-visibility":"","ast-main-header-display":"","ast-hfb-above-header-display":"","ast-hfb-below-header-display":"","ast-hfb-mobile-header-display":"","site-post-title":"","ast-breadcrumbs-content":"","ast-featured-img":"","footer-sml-layout":"","ast-disable-related-posts":"","theme-transparent-header-meta":"default","adv-header-id-meta":"","stick-header-meta":"","header-above-stick-meta":"","header-main-stick-meta":"","header-below-stick-meta":"","astra-migrate-meta-layouts":"set","ast-page-background-enabled":"default","ast-page-background-meta":{"desktop":{"background-color":"","background-image":"","background-repeat":"repeat","background-position":"center center","background-size":"auto","background-attachment":"scroll","background-type":"","background-media":"","overlay-type":"","overlay-color":"","overlay-opacity":"","overlay-gradient":""},"tablet":{"background-color":"","background-image":"","background-repeat":"repeat","background-position":"center center","background-size":"auto","background-attachment":"scroll","background-type":"","background-media":"","overlay-type":"","overlay-color":"","overlay-opacity":"","overlay-gradient":""},"mobile":{"background-color":"","background-image":"","background-repeat":"repeat","background-position":"center center","background-size":"auto","background-attachment":"scroll","background-type":"","background-media":"","overlay-type":"","overlay-color":"","overlay-opacity":"","overlay-gradient":""}},"ast-content-background-meta":{"desktop":{"background-color":"var(--ast-global-color-5)","background-image":"","background-repeat":"repeat","background-position":"center center","background-size":"auto","background-attachment":"scroll","background-type":"","background-media":"","overlay-type":"","overlay-color":"","overlay-opacity":"","overlay-gradient":""},"tablet":{"background-color":"var(--ast-global-color-5)","background-image":"","background-repeat":"repeat","background-position":"center center","background-size":"auto","background-attachment":"scroll","background-type":"","background-media":"","overlay-type":"","overlay-color":"","overlay-opacity":"","overlay-gradient":""},"mobile":{"background-color":"var(--ast-global-color-5)","background-image":"","background-repeat":"repeat","background-position":"center center","background-size":"auto","background-attachment":"scroll","background-type":"","background-media":"","overlay-type":"","overlay-color":"","overlay-opacity":"","overlay-gradient":""}}},"product_brand":[],"product_cat":[53],"product_tag":[57],"class_list":{"0":"post-3455","1":"product","2":"type-product","3":"status-publish","4":"has-post-thumbnail","6":"product_cat-cits-aprikojums","7":"product_tag-drosibas-aprikojums","8":"desktop-align-left","9":"tablet-align-left","10":"mobile-align-left","12":"first","13":"instock","14":"shipping-taxable","15":"product-type-simple"},"yoast_head":"<!-- This site is optimized with the Yoast SEO Premium plugin v21.8 (Yoast SEO v26.6) - https:\/\/yoast.com\/wordpress\/plugins\/seo\/ -->\n<title>Evaku\u0101cijas palags 85-90 cm - Pagrabu Eksperti<\/title>\n<meta name=\"robots\" content=\"index, follow, max-snippet:-1, max-image-preview:large, max-video-preview:-1\" \/>\n<link rel=\"canonical\" href=\"https:\/\/pagrabueksperti.lv\/en\/product\/evakuacijas-palags-85-90-cm\/\" \/>\n<meta property=\"og:locale\" content=\"en_GB\" \/>\n<meta property=\"og:type\" content=\"article\" \/>\n<meta property=\"og:title\" content=\"Evaku\u0101cijas palags 85-90 cm\" \/>\n<meta property=\"og:description\" content=\"Evaku\u0101cijas palags ir piem\u0113rots gu\u013co\u0161u pacientu evaku\u0101cijai kop\u0101 ar matraci. Palags ir kl\u0101jams zem matra\u010da, pie kura tas ir stiprin\u0101ms ar elast\u012bgu gumiju pal\u012bdz\u012bbu. Briesmu gad\u012bjum\u0101 pacientu kop\u0101 ar matraci aptin ar palaga stiprin\u0101\u0161anas siksn\u0101m. Var lietot pa evaku\u0101cijas k\u0101pn\u0113m. Apraksts: Abos \u012bsajos galos iestr\u0101d\u0101tas garas vilk\u0161anas rokturi \u013cauj person\u0101lam str\u0101d\u0101t taisnu muguru un mazina [&hellip;]\" \/>\n<meta property=\"og:url\" content=\"https:\/\/pagrabueksperti.lv\/en\/product\/evakuacijas-palags-85-90-cm\/\" \/>\n<meta property=\"og:site_name\" content=\"Pagrabu Eksperti\" \/>\n<meta property=\"article:modified_time\" content=\"2026-01-14T08:43:10+00:00\" \/>\n<meta property=\"og:image\" content=\"http:\/\/pagrabueksperti.lv\/wp-content\/uploads\/2025\/08\/EVAK-PALAGS.jpg\" \/>\n\t<meta property=\"og:image:width\" content=\"554\" \/>\n\t<meta property=\"og:image:height\" content=\"554\" \/>\n\t<meta property=\"og:image:type\" content=\"image\/jpeg\" \/>\n<meta name=\"twitter:card\" content=\"summary_large_image\" \/>\n<meta name=\"twitter:label1\" content=\"Estimated reading time\" \/>\n\t<meta name=\"twitter:data1\" content=\"1 minute\" \/>\n<script type=\"application\/ld+json\" class=\"yoast-schema-graph\">{\"@context\":\"https:\/\/schema.org\",\"@graph\":[{\"@type\":\"WebPage\",\"@id\":\"https:\/\/pagrabueksperti.lv\/product\/evakuacijas-palags-85-90-cm\/\",\"url\":\"https:\/\/pagrabueksperti.lv\/product\/evakuacijas-palags-85-90-cm\/\",\"name\":\"Evaku\u0101cijas palags 85-90 cm - Pagrabu Eksperti\",\"isPartOf\":{\"@id\":\"https:\/\/pagrabueksperti.lv\/#website\"},\"primaryImageOfPage\":{\"@id\":\"https:\/\/pagrabueksperti.lv\/product\/evakuacijas-palags-85-90-cm\/#primaryimage\"},\"image\":{\"@id\":\"https:\/\/pagrabueksperti.lv\/product\/evakuacijas-palags-85-90-cm\/#primaryimage\"},\"thumbnailUrl\":\"https:\/\/pagrabueksperti.lv\/wp-content\/uploads\/2025\/08\/EVAK-PALAGS.jpg\",\"datePublished\":\"2025-08-07T09:42:24+00:00\",\"dateModified\":\"2026-01-14T08:43:10+00:00\",\"breadcrumb\":{\"@id\":\"https:\/\/pagrabueksperti.lv\/product\/evakuacijas-palags-85-90-cm\/#breadcrumb\"},\"inLanguage\":\"en-GB\",\"potentialAction\":[{\"@type\":\"ReadAction\",\"target\":[\"https:\/\/pagrabueksperti.lv\/product\/evakuacijas-palags-85-90-cm\/\"]}]},{\"@type\":\"ImageObject\",\"inLanguage\":\"en-GB\",\"@id\":\"https:\/\/pagrabueksperti.lv\/product\/evakuacijas-palags-85-90-cm\/#primaryimage\",\"url\":\"https:\/\/pagrabueksperti.lv\/wp-content\/uploads\/2025\/08\/EVAK-PALAGS.jpg\",\"contentUrl\":\"https:\/\/pagrabueksperti.lv\/wp-content\/uploads\/2025\/08\/EVAK-PALAGS.jpg\",\"width\":554,\"height\":554},{\"@type\":\"BreadcrumbList\",\"@id\":\"https:\/\/pagrabueksperti.lv\/product\/evakuacijas-palags-85-90-cm\/#breadcrumb\",\"itemListElement\":[{\"@type\":\"ListItem\",\"position\":1,\"name\":\"Home\",\"item\":\"https:\/\/pagrabueksperti.lv\/\"},{\"@type\":\"ListItem\",\"position\":2,\"name\":\"Products\",\"item\":\"https:\/\/pagrabueksperti.lv\/shop__trashed\/\"},{\"@type\":\"ListItem\",\"position\":3,\"name\":\"Evaku\u0101cijas palags 85-90 cm\"}]},{\"@type\":\"WebSite\",\"@id\":\"https:\/\/pagrabueksperti.lv\/#website\",\"url\":\"https:\/\/pagrabueksperti.lv\/\",\"name\":\"Pagrabu Eksperti\",\"description\":\"\",\"publisher\":{\"@id\":\"https:\/\/pagrabueksperti.lv\/#organization\"},\"potentialAction\":[{\"@type\":\"SearchAction\",\"target\":{\"@type\":\"EntryPoint\",\"urlTemplate\":\"https:\/\/pagrabueksperti.lv\/?s={search_term_string}\"},\"query-input\":{\"@type\":\"PropertyValueSpecification\",\"valueRequired\":true,\"valueName\":\"search_term_string\"}}],\"inLanguage\":\"en-GB\"},{\"@type\":\"Organization\",\"@id\":\"https:\/\/pagrabueksperti.lv\/#organization\",\"name\":\"Pagrabu Eksperti\",\"url\":\"https:\/\/pagrabueksperti.lv\/\",\"logo\":{\"@type\":\"ImageObject\",\"inLanguage\":\"en-GB\",\"@id\":\"https:\/\/pagrabueksperti.lv\/#\/schema\/logo\/image\/\",\"url\":\"https:\/\/pagrabueksperti.lv\/wp-content\/uploads\/2025\/02\/Group-20-3.png\",\"contentUrl\":\"https:\/\/pagrabueksperti.lv\/wp-content\/uploads\/2025\/02\/Group-20-3.png\",\"width\":894,\"height\":891,\"caption\":\"Pagrabu Eksperti\"},\"image\":{\"@id\":\"https:\/\/pagrabueksperti.lv\/#\/schema\/logo\/image\/\"}}]}<\/script>\n<!-- \/ Yoast SEO Premium plugin. -->","yoast_head_json":{"title":"Evaku\u0101cijas palags 85-90 cm - Pagrabu Eksperti","robots":{"index":"index","follow":"follow","max-snippet":"max-snippet:-1","max-image-preview":"max-image-preview:large","max-video-preview":"max-video-preview:-1"},"canonical":"https:\/\/pagrabueksperti.lv\/en\/product\/evakuacijas-palags-85-90-cm\/","og_locale":"en_GB","og_type":"article","og_title":"Evaku\u0101cijas palags 85-90 cm","og_description":"Evaku\u0101cijas palags ir piem\u0113rots gu\u013co\u0161u pacientu evaku\u0101cijai kop\u0101 ar matraci. Palags ir kl\u0101jams zem matra\u010da, pie kura tas ir stiprin\u0101ms ar elast\u012bgu gumiju pal\u012bdz\u012bbu. Briesmu gad\u012bjum\u0101 pacientu kop\u0101 ar matraci aptin ar palaga stiprin\u0101\u0161anas siksn\u0101m. Var lietot pa evaku\u0101cijas k\u0101pn\u0113m. Apraksts: Abos \u012bsajos galos iestr\u0101d\u0101tas garas vilk\u0161anas rokturi \u013cauj person\u0101lam str\u0101d\u0101t taisnu muguru un mazina [&hellip;]","og_url":"https:\/\/pagrabueksperti.lv\/en\/product\/evakuacijas-palags-85-90-cm\/","og_site_name":"Pagrabu Eksperti","article_modified_time":"2026-01-14T08:43:10+00:00","og_image":[{"width":554,"height":554,"url":"http:\/\/pagrabueksperti.lv\/wp-content\/uploads\/2025\/08\/EVAK-PALAGS.jpg","type":"image\/jpeg"}],"twitter_card":"summary_large_image","twitter_misc":{"Estimated reading time":"1 minute"},"schema":{"@context":"https:\/\/schema.org","@graph":[{"@type":"WebPage","@id":"https:\/\/pagrabueksperti.lv\/product\/evakuacijas-palags-85-90-cm\/","url":"https:\/\/pagrabueksperti.lv\/product\/evakuacijas-palags-85-90-cm\/","name":"Evaku\u0101cijas palags 85-90 cm - Pagrabu Eksperti","isPartOf":{"@id":"https:\/\/pagrabueksperti.lv\/#website"},"primaryImageOfPage":{"@id":"https:\/\/pagrabueksperti.lv\/product\/evakuacijas-palags-85-90-cm\/#primaryimage"},"image":{"@id":"https:\/\/pagrabueksperti.lv\/product\/evakuacijas-palags-85-90-cm\/#primaryimage"},"thumbnailUrl":"https:\/\/pagrabueksperti.lv\/wp-content\/uploads\/2025\/08\/EVAK-PALAGS.jpg","datePublished":"2025-08-07T09:42:24+00:00","dateModified":"2026-01-14T08:43:10+00:00","breadcrumb":{"@id":"https:\/\/pagrabueksperti.lv\/product\/evakuacijas-palags-85-90-cm\/#breadcrumb"},"inLanguage":"en-GB","potentialAction":[{"@type":"ReadAction","target":["https:\/\/pagrabueksperti.lv\/product\/evakuacijas-palags-85-90-cm\/"]}]},{"@type":"ImageObject","inLanguage":"en-GB","@id":"https:\/\/pagrabueksperti.lv\/product\/evakuacijas-palags-85-90-cm\/#primaryimage","url":"https:\/\/pagrabueksperti.lv\/wp-content\/uploads\/2025\/08\/EVAK-PALAGS.jpg","contentUrl":"https:\/\/pagrabueksperti.lv\/wp-content\/uploads\/2025\/08\/EVAK-PALAGS.jpg","width":554,"height":554},{"@type":"BreadcrumbList","@id":"https:\/\/pagrabueksperti.lv\/product\/evakuacijas-palags-85-90-cm\/#breadcrumb","itemListElement":[{"@type":"ListItem","position":1,"name":"Home","item":"https:\/\/pagrabueksperti.lv\/"},{"@type":"ListItem","position":2,"name":"Products","item":"https:\/\/pagrabueksperti.lv\/shop__trashed\/"},{"@type":"ListItem","position":3,"name":"Evaku\u0101cijas palags 85-90 cm"}]},{"@type":"WebSite","@id":"https:\/\/pagrabueksperti.lv\/#website","url":"https:\/\/pagrabueksperti.lv\/","name":"Pagrabu Eksperti","description":"","publisher":{"@id":"https:\/\/pagrabueksperti.lv\/#organization"},"potentialAction":[{"@type":"SearchAction","target":{"@type":"EntryPoint","urlTemplate":"https:\/\/pagrabueksperti.lv\/?s={search_term_string}"},"query-input":{"@type":"PropertyValueSpecification","valueRequired":true,"valueName":"search_term_string"}}],"inLanguage":"en-GB"},{"@type":"Organization","@id":"https:\/\/pagrabueksperti.lv\/#organization","name":"Pagrabu Eksperti","url":"https:\/\/pagrabueksperti.lv\/","logo":{"@type":"ImageObject","inLanguage":"en-GB","@id":"https:\/\/pagrabueksperti.lv\/#\/schema\/logo\/image\/","url":"https:\/\/pagrabueksperti.lv\/wp-content\/uploads\/2025\/02\/Group-20-3.png","contentUrl":"https:\/\/pagrabueksperti.lv\/wp-content\/uploads\/2025\/02\/Group-20-3.png","width":894,"height":891,"caption":"Pagrabu Eksperti"},"image":{"@id":"https:\/\/pagrabueksperti.lv\/#\/schema\/logo\/image\/"}}]}},"_links":{"self":[{"href":"https:\/\/pagrabueksperti.lv\/en\/wp-json\/wp\/v2\/product\/3455","targetHints":{"allow":["GET"]}}],"collection":[{"href":"https:\/\/pagrabueksperti.lv\/en\/wp-json\/wp\/v2\/product"}],"about":[{"href":"https:\/\/pagrabueksperti.lv\/en\/wp-json\/wp\/v2\/types\/product"}],"replies":[{"embeddable":true,"href":"https:\/\/pagrabueksperti.lv\/en\/wp-json\/wp\/v2\/comments?post=3455"}],"wp:featuredmedia":[{"embeddable":true,"href":"https:\/\/pagrabueksperti.lv\/en\/wp-json\/wp\/v2\/media\/3656"}],"wp:attachment":[{"href":"https:\/\/pagrabueksperti.lv\/en\/wp-json\/wp\/v2\/media?parent=3455"}],"wp:term":[{"taxonomy":"product_brand","embeddable":true,"href":"https:\/\/pagrabueksperti.lv\/en\/wp-json\/wp\/v2\/product_brand?post=3455"},{"taxonomy":"product_cat","embeddable":true,"href":"https:\/\/pagrabueksperti.lv\/en\/wp-json\/wp\/v2\/product_cat?post=3455"},{"taxonomy":"product_tag","embeddable":true,"href":"https:\/\/pagrabueksperti.lv\/en\/wp-json\/wp\/v2\/product_tag?post=3455"}],"curies":[{"name":"wp","href":"https:\/\/api.w.org\/{rel}","templated":true}]}}