{"id":3449,"date":"2025-08-07T11:38:07","date_gmt":"2025-08-07T09:38:07","guid":{"rendered":"https:\/\/pagrabueksperti.lv\/?post_type=product&#038;p=3449"},"modified":"2026-01-07T10:36:37","modified_gmt":"2026-01-07T08:36:37","slug":"modernizeti-aizsarglogu-slegi","status":"publish","type":"product","link":"https:\/\/pagrabueksperti.lv\/en\/product\/modernizeti-aizsarglogu-slegi\/","title":{"rendered":"Moderniz\u0113ti aizsarglogu sl\u0113\u0123i"},"content":{"rendered":"<p>P\u0113c pas\u016bt\u012bjuma izgatavoti sl\u0113\u0123i, kas paredz\u0113ti uzst\u0101d\u012b\u0161anai virs eso\u0161aj\u0101m logu ail\u0113m, lai aizsarg\u0101tu pret spr\u0101dzieniem un ballistiskiem draudiem. Sl\u0113\u0123i var b\u016bt b\u012bd\u0101mi vai ar e\u0146\u0123\u0113m, un tos var piel\u0101got \u012bpa\u0161iem logu izm\u0113riem.<\/p>","protected":false},"excerpt":{"rendered":"<p>P\u0113c pas\u016bt\u012bjuma izgatavoti sl\u0113\u0123i, kas paredz\u0113ti uzst\u0101d\u012b\u0161anai virs eso\u0161aj\u0101m logu ail\u0113m, lai aizsarg\u0101tu pret spr\u0101dzieniem un ballistiskiem draudiem. Sl\u0113\u0123i var b\u016bt b\u012bd\u0101mi vai ar e\u0146\u0123\u0113m, un tos var piel\u0101got \u012bpa\u0161iem logu izm\u0113riem.<\/p>","protected":false},"featured_media":3451,"comment_status":"open","ping_status":"closed","template":"","meta":{"site-sidebar-layout":"default","site-content-layout":"","ast-site-content-layout":"default","site-content-style":"default","site-sidebar-style":"default","ast-global-header-display":"","ast-banner-title-visibility":"","ast-main-header-display":"","ast-hfb-above-header-display":"","ast-hfb-below-header-display":"","ast-hfb-mobile-header-display":"","site-post-title":"","ast-breadcrumbs-content":"","ast-featured-img":"","footer-sml-layout":"","ast-disable-related-posts":"","theme-transparent-header-meta":"default","adv-header-id-meta":"","stick-header-meta":"","header-above-stick-meta":"","header-main-stick-meta":"","header-below-stick-meta":"","astra-migrate-meta-layouts":"set","ast-page-background-enabled":"default","ast-page-background-meta":{"desktop":{"background-color":"","background-image":"","background-repeat":"repeat","background-position":"center center","background-size":"auto","background-attachment":"scroll","background-type":"","background-media":"","overlay-type":"","overlay-color":"","overlay-opacity":"","overlay-gradient":""},"tablet":{"background-color":"","background-image":"","background-repeat":"repeat","background-position":"center center","background-size":"auto","background-attachment":"scroll","background-type":"","background-media":"","overlay-type":"","overlay-color":"","overlay-opacity":"","overlay-gradient":""},"mobile":{"background-color":"","background-image":"","background-repeat":"repeat","background-position":"center center","background-size":"auto","background-attachment":"scroll","background-type":"","background-media":"","overlay-type":"","overlay-color":"","overlay-opacity":"","overlay-gradient":""}},"ast-content-background-meta":{"desktop":{"background-color":"var(--ast-global-color-5)","background-image":"","background-repeat":"repeat","background-position":"center center","background-size":"auto","background-attachment":"scroll","background-type":"","background-media":"","overlay-type":"","overlay-color":"","overlay-opacity":"","overlay-gradient":""},"tablet":{"background-color":"var(--ast-global-color-5)","background-image":"","background-repeat":"repeat","background-position":"center center","background-size":"auto","background-attachment":"scroll","background-type":"","background-media":"","overlay-type":"","overlay-color":"","overlay-opacity":"","overlay-gradient":""},"mobile":{"background-color":"var(--ast-global-color-5)","background-image":"","background-repeat":"repeat","background-position":"center center","background-size":"auto","background-attachment":"scroll","background-type":"","background-media":"","overlay-type":"","overlay-color":"","overlay-opacity":"","overlay-gradient":""}}},"product_brand":[],"product_cat":[53],"product_tag":[57],"class_list":{"0":"post-3449","1":"product","2":"type-product","3":"status-publish","4":"has-post-thumbnail","6":"product_cat-cits-aprikojums","7":"product_tag-drosibas-aprikojums","8":"desktop-align-left","9":"tablet-align-left","10":"mobile-align-left","12":"first","13":"instock","14":"shipping-taxable","15":"product-type-simple"},"yoast_head":"<!-- This site is optimized with the Yoast SEO Premium plugin v21.8 (Yoast SEO v26.6) - https:\/\/yoast.com\/wordpress\/plugins\/seo\/ -->\n<title>Moderniz\u0113ti aizsarglogu sl\u0113\u0123i - Pagrabu Eksperti<\/title>\n<meta name=\"robots\" content=\"index, follow, max-snippet:-1, max-image-preview:large, max-video-preview:-1\" \/>\n<link rel=\"canonical\" href=\"https:\/\/pagrabueksperti.lv\/en\/product\/modernizeti-aizsarglogu-slegi\/\" \/>\n<meta property=\"og:locale\" content=\"en_GB\" \/>\n<meta property=\"og:type\" content=\"article\" \/>\n<meta property=\"og:title\" content=\"Moderniz\u0113ti aizsarglogu sl\u0113\u0123i\" \/>\n<meta property=\"og:description\" content=\"P\u0113c pas\u016bt\u012bjuma izgatavoti sl\u0113\u0123i, kas paredz\u0113ti uzst\u0101d\u012b\u0161anai virs eso\u0161aj\u0101m logu ail\u0113m, lai aizsarg\u0101tu pret spr\u0101dzieniem un ballistiskiem draudiem. Sl\u0113\u0123i var b\u016bt b\u012bd\u0101mi vai ar e\u0146\u0123\u0113m, un tos var piel\u0101got \u012bpa\u0161iem logu izm\u0113riem.\" \/>\n<meta property=\"og:url\" content=\"https:\/\/pagrabueksperti.lv\/en\/product\/modernizeti-aizsarglogu-slegi\/\" \/>\n<meta property=\"og:site_name\" content=\"Pagrabu Eksperti\" \/>\n<meta property=\"article:modified_time\" content=\"2026-01-07T08:36:37+00:00\" \/>\n<meta name=\"twitter:card\" content=\"summary_large_image\" \/>\n<meta name=\"twitter:label1\" content=\"Estimated reading time\" \/>\n\t<meta name=\"twitter:data1\" content=\"1 minute\" \/>\n<script type=\"application\/ld+json\" class=\"yoast-schema-graph\">{\"@context\":\"https:\/\/schema.org\",\"@graph\":[{\"@type\":\"WebPage\",\"@id\":\"https:\/\/pagrabueksperti.lv\/product\/modernizeti-aizsarglogu-slegi\/\",\"url\":\"https:\/\/pagrabueksperti.lv\/product\/modernizeti-aizsarglogu-slegi\/\",\"name\":\"Moderniz\u0113ti aizsarglogu sl\u0113\u0123i - Pagrabu Eksperti\",\"isPartOf\":{\"@id\":\"https:\/\/pagrabueksperti.lv\/#website\"},\"primaryImageOfPage\":{\"@id\":\"https:\/\/pagrabueksperti.lv\/product\/modernizeti-aizsarglogu-slegi\/#primaryimage\"},\"image\":{\"@id\":\"https:\/\/pagrabueksperti.lv\/product\/modernizeti-aizsarglogu-slegi\/#primaryimage\"},\"thumbnailUrl\":\"https:\/\/pagrabueksperti.lv\/wp-content\/uploads\/2025\/08\/blast-shutters-for-windows-web.avif\",\"datePublished\":\"2025-08-07T09:38:07+00:00\",\"dateModified\":\"2026-01-07T08:36:37+00:00\",\"breadcrumb\":{\"@id\":\"https:\/\/pagrabueksperti.lv\/product\/modernizeti-aizsarglogu-slegi\/#breadcrumb\"},\"inLanguage\":\"en-GB\",\"potentialAction\":[{\"@type\":\"ReadAction\",\"target\":[\"https:\/\/pagrabueksperti.lv\/product\/modernizeti-aizsarglogu-slegi\/\"]}]},{\"@type\":\"ImageObject\",\"inLanguage\":\"en-GB\",\"@id\":\"https:\/\/pagrabueksperti.lv\/product\/modernizeti-aizsarglogu-slegi\/#primaryimage\",\"url\":\"https:\/\/pagrabueksperti.lv\/wp-content\/uploads\/2025\/08\/blast-shutters-for-windows-web.avif\",\"contentUrl\":\"https:\/\/pagrabueksperti.lv\/wp-content\/uploads\/2025\/08\/blast-shutters-for-windows-web.avif\",\"width\":636,\"height\":634},{\"@type\":\"BreadcrumbList\",\"@id\":\"https:\/\/pagrabueksperti.lv\/product\/modernizeti-aizsarglogu-slegi\/#breadcrumb\",\"itemListElement\":[{\"@type\":\"ListItem\",\"position\":1,\"name\":\"Home\",\"item\":\"https:\/\/pagrabueksperti.lv\/\"},{\"@type\":\"ListItem\",\"position\":2,\"name\":\"Products\",\"item\":\"https:\/\/pagrabueksperti.lv\/shop__trashed\/\"},{\"@type\":\"ListItem\",\"position\":3,\"name\":\"Moderniz\u0113ti aizsarglogu sl\u0113\u0123i\"}]},{\"@type\":\"WebSite\",\"@id\":\"https:\/\/pagrabueksperti.lv\/#website\",\"url\":\"https:\/\/pagrabueksperti.lv\/\",\"name\":\"Pagrabu Eksperti\",\"description\":\"\",\"publisher\":{\"@id\":\"https:\/\/pagrabueksperti.lv\/#organization\"},\"potentialAction\":[{\"@type\":\"SearchAction\",\"target\":{\"@type\":\"EntryPoint\",\"urlTemplate\":\"https:\/\/pagrabueksperti.lv\/?s={search_term_string}\"},\"query-input\":{\"@type\":\"PropertyValueSpecification\",\"valueRequired\":true,\"valueName\":\"search_term_string\"}}],\"inLanguage\":\"en-GB\"},{\"@type\":\"Organization\",\"@id\":\"https:\/\/pagrabueksperti.lv\/#organization\",\"name\":\"Pagrabu Eksperti\",\"url\":\"https:\/\/pagrabueksperti.lv\/\",\"logo\":{\"@type\":\"ImageObject\",\"inLanguage\":\"en-GB\",\"@id\":\"https:\/\/pagrabueksperti.lv\/#\/schema\/logo\/image\/\",\"url\":\"https:\/\/pagrabueksperti.lv\/wp-content\/uploads\/2025\/02\/Group-20-3.png\",\"contentUrl\":\"https:\/\/pagrabueksperti.lv\/wp-content\/uploads\/2025\/02\/Group-20-3.png\",\"width\":894,\"height\":891,\"caption\":\"Pagrabu Eksperti\"},\"image\":{\"@id\":\"https:\/\/pagrabueksperti.lv\/#\/schema\/logo\/image\/\"}}]}<\/script>\n<!-- \/ Yoast SEO Premium plugin. -->","yoast_head_json":{"title":"Moderniz\u0113ti aizsarglogu sl\u0113\u0123i - Pagrabu Eksperti","robots":{"index":"index","follow":"follow","max-snippet":"max-snippet:-1","max-image-preview":"max-image-preview:large","max-video-preview":"max-video-preview:-1"},"canonical":"https:\/\/pagrabueksperti.lv\/en\/product\/modernizeti-aizsarglogu-slegi\/","og_locale":"en_GB","og_type":"article","og_title":"Moderniz\u0113ti aizsarglogu sl\u0113\u0123i","og_description":"P\u0113c pas\u016bt\u012bjuma izgatavoti sl\u0113\u0123i, kas paredz\u0113ti uzst\u0101d\u012b\u0161anai virs eso\u0161aj\u0101m logu ail\u0113m, lai aizsarg\u0101tu pret spr\u0101dzieniem un ballistiskiem draudiem. Sl\u0113\u0123i var b\u016bt b\u012bd\u0101mi vai ar e\u0146\u0123\u0113m, un tos var piel\u0101got \u012bpa\u0161iem logu izm\u0113riem.","og_url":"https:\/\/pagrabueksperti.lv\/en\/product\/modernizeti-aizsarglogu-slegi\/","og_site_name":"Pagrabu Eksperti","article_modified_time":"2026-01-07T08:36:37+00:00","twitter_card":"summary_large_image","twitter_misc":{"Estimated reading time":"1 minute"},"schema":{"@context":"https:\/\/schema.org","@graph":[{"@type":"WebPage","@id":"https:\/\/pagrabueksperti.lv\/product\/modernizeti-aizsarglogu-slegi\/","url":"https:\/\/pagrabueksperti.lv\/product\/modernizeti-aizsarglogu-slegi\/","name":"Moderniz\u0113ti aizsarglogu sl\u0113\u0123i - Pagrabu Eksperti","isPartOf":{"@id":"https:\/\/pagrabueksperti.lv\/#website"},"primaryImageOfPage":{"@id":"https:\/\/pagrabueksperti.lv\/product\/modernizeti-aizsarglogu-slegi\/#primaryimage"},"image":{"@id":"https:\/\/pagrabueksperti.lv\/product\/modernizeti-aizsarglogu-slegi\/#primaryimage"},"thumbnailUrl":"https:\/\/pagrabueksperti.lv\/wp-content\/uploads\/2025\/08\/blast-shutters-for-windows-web.avif","datePublished":"2025-08-07T09:38:07+00:00","dateModified":"2026-01-07T08:36:37+00:00","breadcrumb":{"@id":"https:\/\/pagrabueksperti.lv\/product\/modernizeti-aizsarglogu-slegi\/#breadcrumb"},"inLanguage":"en-GB","potentialAction":[{"@type":"ReadAction","target":["https:\/\/pagrabueksperti.lv\/product\/modernizeti-aizsarglogu-slegi\/"]}]},{"@type":"ImageObject","inLanguage":"en-GB","@id":"https:\/\/pagrabueksperti.lv\/product\/modernizeti-aizsarglogu-slegi\/#primaryimage","url":"https:\/\/pagrabueksperti.lv\/wp-content\/uploads\/2025\/08\/blast-shutters-for-windows-web.avif","contentUrl":"https:\/\/pagrabueksperti.lv\/wp-content\/uploads\/2025\/08\/blast-shutters-for-windows-web.avif","width":636,"height":634},{"@type":"BreadcrumbList","@id":"https:\/\/pagrabueksperti.lv\/product\/modernizeti-aizsarglogu-slegi\/#breadcrumb","itemListElement":[{"@type":"ListItem","position":1,"name":"Home","item":"https:\/\/pagrabueksperti.lv\/"},{"@type":"ListItem","position":2,"name":"Products","item":"https:\/\/pagrabueksperti.lv\/shop__trashed\/"},{"@type":"ListItem","position":3,"name":"Moderniz\u0113ti aizsarglogu sl\u0113\u0123i"}]},{"@type":"WebSite","@id":"https:\/\/pagrabueksperti.lv\/#website","url":"https:\/\/pagrabueksperti.lv\/","name":"Pagrabu Eksperti","description":"","publisher":{"@id":"https:\/\/pagrabueksperti.lv\/#organization"},"potentialAction":[{"@type":"SearchAction","target":{"@type":"EntryPoint","urlTemplate":"https:\/\/pagrabueksperti.lv\/?s={search_term_string}"},"query-input":{"@type":"PropertyValueSpecification","valueRequired":true,"valueName":"search_term_string"}}],"inLanguage":"en-GB"},{"@type":"Organization","@id":"https:\/\/pagrabueksperti.lv\/#organization","name":"Pagrabu Eksperti","url":"https:\/\/pagrabueksperti.lv\/","logo":{"@type":"ImageObject","inLanguage":"en-GB","@id":"https:\/\/pagrabueksperti.lv\/#\/schema\/logo\/image\/","url":"https:\/\/pagrabueksperti.lv\/wp-content\/uploads\/2025\/02\/Group-20-3.png","contentUrl":"https:\/\/pagrabueksperti.lv\/wp-content\/uploads\/2025\/02\/Group-20-3.png","width":894,"height":891,"caption":"Pagrabu Eksperti"},"image":{"@id":"https:\/\/pagrabueksperti.lv\/#\/schema\/logo\/image\/"}}]}},"_links":{"self":[{"href":"https:\/\/pagrabueksperti.lv\/en\/wp-json\/wp\/v2\/product\/3449","targetHints":{"allow":["GET"]}}],"collection":[{"href":"https:\/\/pagrabueksperti.lv\/en\/wp-json\/wp\/v2\/product"}],"about":[{"href":"https:\/\/pagrabueksperti.lv\/en\/wp-json\/wp\/v2\/types\/product"}],"replies":[{"embeddable":true,"href":"https:\/\/pagrabueksperti.lv\/en\/wp-json\/wp\/v2\/comments?post=3449"}],"wp:featuredmedia":[{"embeddable":true,"href":"https:\/\/pagrabueksperti.lv\/en\/wp-json\/wp\/v2\/media\/3451"}],"wp:attachment":[{"href":"https:\/\/pagrabueksperti.lv\/en\/wp-json\/wp\/v2\/media?parent=3449"}],"wp:term":[{"taxonomy":"product_brand","embeddable":true,"href":"https:\/\/pagrabueksperti.lv\/en\/wp-json\/wp\/v2\/product_brand?post=3449"},{"taxonomy":"product_cat","embeddable":true,"href":"https:\/\/pagrabueksperti.lv\/en\/wp-json\/wp\/v2\/product_cat?post=3449"},{"taxonomy":"product_tag","embeddable":true,"href":"https:\/\/pagrabueksperti.lv\/en\/wp-json\/wp\/v2\/product_tag?post=3449"}],"curies":[{"name":"wp","href":"https:\/\/api.w.org\/{rel}","templated":true}]}}