{"id":2874,"date":"2025-02-23T17:53:18","date_gmt":"2025-02-23T15:53:18","guid":{"rendered":"https:\/\/pagrabueksperti.lv\/?post_type=product&#038;p=2874"},"modified":"2025-02-26T20:14:18","modified_gmt":"2025-02-26T18:14:18","slug":"spradziendrosi-atverti-varsti-9bar-z-tips","status":"publish","type":"product","link":"https:\/\/pagrabueksperti.lv\/en\/product\/spradziendrosi-atverti-varsti-9bar-z-tips\/","title":{"rendered":"Explosion-proof open valves, 9 bars, type Z."},"content":{"rendered":"<p>BVNO explosion-proof valves: protection against hazards.<br \/>\nExplosion-proof valves are the main protective devices that remain open under normal conditions, allowing air to flow freely in and out of the protected space. These innovative solutions are therefore installed on vents and ducts in ventilation systems. Their main purpose is to protect shelter spaces and structures against blast-induced pressure waves, which can be both positive and negative. Thanks to these devices, you can reduce the risk of damage and ensure the safety of those inside the protected premises.<\/p>\n<p>BVNO explosion-proof valve models.<br \/>\nWe offer a range of BVNO explosion-proof valve models tailored to different needs and specifications. For example, you can use the following options to choose the right model:<\/p>\n<p>BVNO 50 - nominal air flow: 50 m\u00b3\/h at 200 Pa<br \/>\nBVNO 550 \u2013 nominal air flow: 550 m\u00b3\/h at 200 Pa<br \/>\nBVNO 600 \u2013 nominal air flow: 600 m\u00b3\/h at 200 Pa<br \/>\nBVNO 1000 \u2013 nominal air flow: 1000 m\u00b3\/h at 200 Pa<br \/>\nBVNO 1800 \u2013 nominal air flow: 1800 m\u00b3\/h at 200 Pa<br \/>\nBVNO 2600 \u2013 nominal air flow: 2600 m\u00b3\/h at 200 Pa<br \/>\nBVNO 2900 \u2013 nominal air flow: 2900 m\u00b3\/h at 200 Pa<\/p>\n<p>Each model has different characteristics that allow them to be optimally adapted to the specific application.<\/p>\n<p>Technical specifications for BVNO valves.<br \/>\nOur BVNO explosion-proof valves have a high resistance to various factors. Here are the main technical specifications.<\/p>\n<p>Back pressure resistance: &gt;900 kPa (9 bars)<br \/>\nMechanical impact resistance: &gt;12 g<\/p>\n<p>This applies to the Y version, which is equipped with a safety feature that further increases its efficiency.<\/p>\n<p>Adapting valves to individual customer needs<br \/>\nBVNO explosion-proof valves can be easily customised to meet customer needs, we offer various options such as:<\/p>\n<p>Enclosures for ducted connection<br \/>\nApkakles<br \/>\nPre-filters<br \/>\nQuick connectors<\/p>\n<p>This allows the specific requirements of each project to be met efficiently.<\/p>\n<p>These valves are used in a wide range of industries where safety and explosion protection are a priority. For example, we offer solutions suitable for the chemical, petrochemical and other industries exposed to potential threats. If you are interested in implementing these innovative solutions in your project, please contact us. Our team will be happy to answer all your questions and help you choose the right products!<\/p>","protected":false},"excerpt":{"rendered":"<p>BVNO spr\u0101dziendro\u0161ie v\u0101rsti: aizsardz\u012bba pret apdraud\u0113jumiem. Spr\u0101dziendro\u0161i v\u0101rsti ir galven\u0101s aizsargier\u012bces, kas norm\u0101los apst\u0101k\u013cos paliek atv\u0113rtas, \u013caujot gaisam br\u012bvi iepl\u016bst aizsarg\u0101taj\u0101 telp\u0101 un \u0101r\u0101 no t\u0101s. T\u0101d\u0113\u013c \u0161ie inovat\u012bvie risin\u0101jumi tiek uzst\u0101d\u012bti uz ventil\u0101cijas atver\u0113m un gaisa vadiem ventil\u0101cijas sist\u0113m\u0101s. To galvenais m\u0113r\u0137is ir aizsarg\u0101t patvertnes telpas un b\u016bves pret spr\u0101dziena izrais\u012btu spiediena vi\u013c\u0146iem, kuri [&hellip;]<\/p>","protected":false},"featured_media":3033,"comment_status":"open","ping_status":"closed","template":"","meta":{"site-sidebar-layout":"default","site-content-layout":"","ast-site-content-layout":"default","site-content-style":"default","site-sidebar-style":"default","ast-global-header-display":"","ast-banner-title-visibility":"","ast-main-header-display":"","ast-hfb-above-header-display":"","ast-hfb-below-header-display":"","ast-hfb-mobile-header-display":"","site-post-title":"","ast-breadcrumbs-content":"","ast-featured-img":"","footer-sml-layout":"","ast-disable-related-posts":"","theme-transparent-header-meta":"default","adv-header-id-meta":"","stick-header-meta":"","header-above-stick-meta":"","header-main-stick-meta":"","header-below-stick-meta":"","astra-migrate-meta-layouts":"set","ast-page-background-enabled":"default","ast-page-background-meta":{"desktop":{"background-color":"","background-image":"","background-repeat":"repeat","background-position":"center center","background-size":"auto","background-attachment":"scroll","background-type":"","background-media":"","overlay-type":"","overlay-color":"","overlay-opacity":"","overlay-gradient":""},"tablet":{"background-color":"","background-image":"","background-repeat":"repeat","background-position":"center center","background-size":"auto","background-attachment":"scroll","background-type":"","background-media":"","overlay-type":"","overlay-color":"","overlay-opacity":"","overlay-gradient":""},"mobile":{"background-color":"","background-image":"","background-repeat":"repeat","background-position":"center center","background-size":"auto","background-attachment":"scroll","background-type":"","background-media":"","overlay-type":"","overlay-color":"","overlay-opacity":"","overlay-gradient":""}},"ast-content-background-meta":{"desktop":{"background-color":"var(--ast-global-color-5)","background-image":"","background-repeat":"repeat","background-position":"center center","background-size":"auto","background-attachment":"scroll","background-type":"","background-media":"","overlay-type":"","overlay-color":"","overlay-opacity":"","overlay-gradient":""},"tablet":{"background-color":"var(--ast-global-color-5)","background-image":"","background-repeat":"repeat","background-position":"center center","background-size":"auto","background-attachment":"scroll","background-type":"","background-media":"","overlay-type":"","overlay-color":"","overlay-opacity":"","overlay-gradient":""},"mobile":{"background-color":"var(--ast-global-color-5)","background-image":"","background-repeat":"repeat","background-position":"center center","background-size":"auto","background-attachment":"scroll","background-type":"","background-media":"","overlay-type":"","overlay-color":"","overlay-opacity":"","overlay-gradient":""}}},"product_brand":[],"product_cat":[44,49],"product_tag":[],"class_list":{"0":"post-2874","1":"product","2":"type-product","3":"status-publish","4":"has-post-thumbnail","6":"product_cat-filtresanas-un-ventilacijas-sistemas","7":"product_cat-filtri","8":"desktop-align-left","9":"tablet-align-left","10":"mobile-align-left","12":"first","13":"instock","14":"shipping-taxable","15":"purchasable","16":"product-type-simple"},"yoast_head":"<!-- This site is optimized with the Yoast SEO Premium plugin v21.8 (Yoast SEO v26.6) - https:\/\/yoast.com\/wordpress\/plugins\/seo\/ -->\n<title>Spr\u0101dziendro\u0161i atv\u0113rti v\u0101rsti 9bar Z tips. - Pagrabu Eksperti<\/title>\n<meta name=\"robots\" content=\"index, follow, max-snippet:-1, max-image-preview:large, max-video-preview:-1\" \/>\n<link rel=\"canonical\" href=\"https:\/\/pagrabueksperti.lv\/en\/product\/spradziendrosi-atverti-varsti-9bar-z-tips\/\" \/>\n<meta property=\"og:locale\" content=\"en_GB\" \/>\n<meta property=\"og:type\" content=\"article\" \/>\n<meta property=\"og:title\" content=\"Spr\u0101dziendro\u0161i atv\u0113rti v\u0101rsti 9bar Z tips.\" \/>\n<meta property=\"og:description\" content=\"BVNO spr\u0101dziendro\u0161ie v\u0101rsti: aizsardz\u012bba pret apdraud\u0113jumiem. Spr\u0101dziendro\u0161i v\u0101rsti ir galven\u0101s aizsargier\u012bces, kas norm\u0101los apst\u0101k\u013cos paliek atv\u0113rtas, \u013caujot gaisam br\u012bvi iepl\u016bst aizsarg\u0101taj\u0101 telp\u0101 un \u0101r\u0101 no t\u0101s. T\u0101d\u0113\u013c \u0161ie inovat\u012bvie risin\u0101jumi tiek uzst\u0101d\u012bti uz ventil\u0101cijas atver\u0113m un gaisa vadiem ventil\u0101cijas sist\u0113m\u0101s. To galvenais m\u0113r\u0137is ir aizsarg\u0101t patvertnes telpas un b\u016bves pret spr\u0101dziena izrais\u012btu spiediena vi\u013c\u0146iem, kuri [&hellip;]\" \/>\n<meta property=\"og:url\" content=\"https:\/\/pagrabueksperti.lv\/en\/product\/spradziendrosi-atverti-varsti-9bar-z-tips\/\" \/>\n<meta property=\"og:site_name\" content=\"Pagrabu Eksperti\" \/>\n<meta property=\"article:modified_time\" content=\"2025-02-26T18:14:18+00:00\" \/>\n<meta property=\"og:image\" content=\"http:\/\/pagrabueksperti.lv\/wp-content\/uploads\/2025\/02\/z1.png\" \/>\n\t<meta property=\"og:image:width\" content=\"996\" \/>\n\t<meta property=\"og:image:height\" content=\"823\" \/>\n\t<meta property=\"og:image:type\" content=\"image\/png\" \/>\n<meta name=\"twitter:card\" content=\"summary_large_image\" \/>\n<meta name=\"twitter:label1\" content=\"Estimated reading time\" \/>\n\t<meta name=\"twitter:data1\" content=\"2 minutes\" \/>\n<script type=\"application\/ld+json\" class=\"yoast-schema-graph\">{\"@context\":\"https:\/\/schema.org\",\"@graph\":[{\"@type\":\"WebPage\",\"@id\":\"https:\/\/pagrabueksperti.lv\/product\/spradziendrosi-atverti-varsti-9bar-z-tips\/\",\"url\":\"https:\/\/pagrabueksperti.lv\/product\/spradziendrosi-atverti-varsti-9bar-z-tips\/\",\"name\":\"Spr\u0101dziendro\u0161i atv\u0113rti v\u0101rsti 9bar Z tips. - Pagrabu Eksperti\",\"isPartOf\":{\"@id\":\"https:\/\/pagrabueksperti.lv\/#website\"},\"primaryImageOfPage\":{\"@id\":\"https:\/\/pagrabueksperti.lv\/product\/spradziendrosi-atverti-varsti-9bar-z-tips\/#primaryimage\"},\"image\":{\"@id\":\"https:\/\/pagrabueksperti.lv\/product\/spradziendrosi-atverti-varsti-9bar-z-tips\/#primaryimage\"},\"thumbnailUrl\":\"https:\/\/pagrabueksperti.lv\/wp-content\/uploads\/2025\/02\/z1.png\",\"datePublished\":\"2025-02-23T15:53:18+00:00\",\"dateModified\":\"2025-02-26T18:14:18+00:00\",\"breadcrumb\":{\"@id\":\"https:\/\/pagrabueksperti.lv\/product\/spradziendrosi-atverti-varsti-9bar-z-tips\/#breadcrumb\"},\"inLanguage\":\"en-GB\",\"potentialAction\":[{\"@type\":\"ReadAction\",\"target\":[\"https:\/\/pagrabueksperti.lv\/product\/spradziendrosi-atverti-varsti-9bar-z-tips\/\"]}]},{\"@type\":\"ImageObject\",\"inLanguage\":\"en-GB\",\"@id\":\"https:\/\/pagrabueksperti.lv\/product\/spradziendrosi-atverti-varsti-9bar-z-tips\/#primaryimage\",\"url\":\"https:\/\/pagrabueksperti.lv\/wp-content\/uploads\/2025\/02\/z1.png\",\"contentUrl\":\"https:\/\/pagrabueksperti.lv\/wp-content\/uploads\/2025\/02\/z1.png\",\"width\":996,\"height\":823},{\"@type\":\"BreadcrumbList\",\"@id\":\"https:\/\/pagrabueksperti.lv\/product\/spradziendrosi-atverti-varsti-9bar-z-tips\/#breadcrumb\",\"itemListElement\":[{\"@type\":\"ListItem\",\"position\":1,\"name\":\"Home\",\"item\":\"https:\/\/pagrabueksperti.lv\/\"},{\"@type\":\"ListItem\",\"position\":2,\"name\":\"Products\",\"item\":\"https:\/\/pagrabueksperti.lv\/shop__trashed\/\"},{\"@type\":\"ListItem\",\"position\":3,\"name\":\"Spr\u0101dziendro\u0161i atv\u0113rti v\u0101rsti 9bar Z tips.\"}]},{\"@type\":\"WebSite\",\"@id\":\"https:\/\/pagrabueksperti.lv\/#website\",\"url\":\"https:\/\/pagrabueksperti.lv\/\",\"name\":\"Pagrabu Eksperti\",\"description\":\"\",\"publisher\":{\"@id\":\"https:\/\/pagrabueksperti.lv\/#organization\"},\"potentialAction\":[{\"@type\":\"SearchAction\",\"target\":{\"@type\":\"EntryPoint\",\"urlTemplate\":\"https:\/\/pagrabueksperti.lv\/?s={search_term_string}\"},\"query-input\":{\"@type\":\"PropertyValueSpecification\",\"valueRequired\":true,\"valueName\":\"search_term_string\"}}],\"inLanguage\":\"en-GB\"},{\"@type\":\"Organization\",\"@id\":\"https:\/\/pagrabueksperti.lv\/#organization\",\"name\":\"Pagrabu Eksperti\",\"url\":\"https:\/\/pagrabueksperti.lv\/\",\"logo\":{\"@type\":\"ImageObject\",\"inLanguage\":\"en-GB\",\"@id\":\"https:\/\/pagrabueksperti.lv\/#\/schema\/logo\/image\/\",\"url\":\"https:\/\/pagrabueksperti.lv\/wp-content\/uploads\/2025\/02\/Group-20-3.png\",\"contentUrl\":\"https:\/\/pagrabueksperti.lv\/wp-content\/uploads\/2025\/02\/Group-20-3.png\",\"width\":894,\"height\":891,\"caption\":\"Pagrabu Eksperti\"},\"image\":{\"@id\":\"https:\/\/pagrabueksperti.lv\/#\/schema\/logo\/image\/\"}}]}<\/script>\n<!-- \/ Yoast SEO Premium plugin. -->","yoast_head_json":{"title":"Spr\u0101dziendro\u0161i atv\u0113rti v\u0101rsti 9bar Z tips. - Pagrabu Eksperti","robots":{"index":"index","follow":"follow","max-snippet":"max-snippet:-1","max-image-preview":"max-image-preview:large","max-video-preview":"max-video-preview:-1"},"canonical":"https:\/\/pagrabueksperti.lv\/en\/product\/spradziendrosi-atverti-varsti-9bar-z-tips\/","og_locale":"en_GB","og_type":"article","og_title":"Spr\u0101dziendro\u0161i atv\u0113rti v\u0101rsti 9bar Z tips.","og_description":"BVNO spr\u0101dziendro\u0161ie v\u0101rsti: aizsardz\u012bba pret apdraud\u0113jumiem. Spr\u0101dziendro\u0161i v\u0101rsti ir galven\u0101s aizsargier\u012bces, kas norm\u0101los apst\u0101k\u013cos paliek atv\u0113rtas, \u013caujot gaisam br\u012bvi iepl\u016bst aizsarg\u0101taj\u0101 telp\u0101 un \u0101r\u0101 no t\u0101s. T\u0101d\u0113\u013c \u0161ie inovat\u012bvie risin\u0101jumi tiek uzst\u0101d\u012bti uz ventil\u0101cijas atver\u0113m un gaisa vadiem ventil\u0101cijas sist\u0113m\u0101s. To galvenais m\u0113r\u0137is ir aizsarg\u0101t patvertnes telpas un b\u016bves pret spr\u0101dziena izrais\u012btu spiediena vi\u013c\u0146iem, kuri [&hellip;]","og_url":"https:\/\/pagrabueksperti.lv\/en\/product\/spradziendrosi-atverti-varsti-9bar-z-tips\/","og_site_name":"Pagrabu Eksperti","article_modified_time":"2025-02-26T18:14:18+00:00","og_image":[{"width":996,"height":823,"url":"http:\/\/pagrabueksperti.lv\/wp-content\/uploads\/2025\/02\/z1.png","type":"image\/png"}],"twitter_card":"summary_large_image","twitter_misc":{"Estimated reading time":"2 minutes"},"schema":{"@context":"https:\/\/schema.org","@graph":[{"@type":"WebPage","@id":"https:\/\/pagrabueksperti.lv\/product\/spradziendrosi-atverti-varsti-9bar-z-tips\/","url":"https:\/\/pagrabueksperti.lv\/product\/spradziendrosi-atverti-varsti-9bar-z-tips\/","name":"Spr\u0101dziendro\u0161i atv\u0113rti v\u0101rsti 9bar Z tips. - Pagrabu Eksperti","isPartOf":{"@id":"https:\/\/pagrabueksperti.lv\/#website"},"primaryImageOfPage":{"@id":"https:\/\/pagrabueksperti.lv\/product\/spradziendrosi-atverti-varsti-9bar-z-tips\/#primaryimage"},"image":{"@id":"https:\/\/pagrabueksperti.lv\/product\/spradziendrosi-atverti-varsti-9bar-z-tips\/#primaryimage"},"thumbnailUrl":"https:\/\/pagrabueksperti.lv\/wp-content\/uploads\/2025\/02\/z1.png","datePublished":"2025-02-23T15:53:18+00:00","dateModified":"2025-02-26T18:14:18+00:00","breadcrumb":{"@id":"https:\/\/pagrabueksperti.lv\/product\/spradziendrosi-atverti-varsti-9bar-z-tips\/#breadcrumb"},"inLanguage":"en-GB","potentialAction":[{"@type":"ReadAction","target":["https:\/\/pagrabueksperti.lv\/product\/spradziendrosi-atverti-varsti-9bar-z-tips\/"]}]},{"@type":"ImageObject","inLanguage":"en-GB","@id":"https:\/\/pagrabueksperti.lv\/product\/spradziendrosi-atverti-varsti-9bar-z-tips\/#primaryimage","url":"https:\/\/pagrabueksperti.lv\/wp-content\/uploads\/2025\/02\/z1.png","contentUrl":"https:\/\/pagrabueksperti.lv\/wp-content\/uploads\/2025\/02\/z1.png","width":996,"height":823},{"@type":"BreadcrumbList","@id":"https:\/\/pagrabueksperti.lv\/product\/spradziendrosi-atverti-varsti-9bar-z-tips\/#breadcrumb","itemListElement":[{"@type":"ListItem","position":1,"name":"Home","item":"https:\/\/pagrabueksperti.lv\/"},{"@type":"ListItem","position":2,"name":"Products","item":"https:\/\/pagrabueksperti.lv\/shop__trashed\/"},{"@type":"ListItem","position":3,"name":"Spr\u0101dziendro\u0161i atv\u0113rti v\u0101rsti 9bar Z tips."}]},{"@type":"WebSite","@id":"https:\/\/pagrabueksperti.lv\/#website","url":"https:\/\/pagrabueksperti.lv\/","name":"Pagrabu Eksperti","description":"","publisher":{"@id":"https:\/\/pagrabueksperti.lv\/#organization"},"potentialAction":[{"@type":"SearchAction","target":{"@type":"EntryPoint","urlTemplate":"https:\/\/pagrabueksperti.lv\/?s={search_term_string}"},"query-input":{"@type":"PropertyValueSpecification","valueRequired":true,"valueName":"search_term_string"}}],"inLanguage":"en-GB"},{"@type":"Organization","@id":"https:\/\/pagrabueksperti.lv\/#organization","name":"Pagrabu Eksperti","url":"https:\/\/pagrabueksperti.lv\/","logo":{"@type":"ImageObject","inLanguage":"en-GB","@id":"https:\/\/pagrabueksperti.lv\/#\/schema\/logo\/image\/","url":"https:\/\/pagrabueksperti.lv\/wp-content\/uploads\/2025\/02\/Group-20-3.png","contentUrl":"https:\/\/pagrabueksperti.lv\/wp-content\/uploads\/2025\/02\/Group-20-3.png","width":894,"height":891,"caption":"Pagrabu Eksperti"},"image":{"@id":"https:\/\/pagrabueksperti.lv\/#\/schema\/logo\/image\/"}}]}},"_links":{"self":[{"href":"https:\/\/pagrabueksperti.lv\/en\/wp-json\/wp\/v2\/product\/2874","targetHints":{"allow":["GET"]}}],"collection":[{"href":"https:\/\/pagrabueksperti.lv\/en\/wp-json\/wp\/v2\/product"}],"about":[{"href":"https:\/\/pagrabueksperti.lv\/en\/wp-json\/wp\/v2\/types\/product"}],"replies":[{"embeddable":true,"href":"https:\/\/pagrabueksperti.lv\/en\/wp-json\/wp\/v2\/comments?post=2874"}],"wp:featuredmedia":[{"embeddable":true,"href":"https:\/\/pagrabueksperti.lv\/en\/wp-json\/wp\/v2\/media\/3033"}],"wp:attachment":[{"href":"https:\/\/pagrabueksperti.lv\/en\/wp-json\/wp\/v2\/media?parent=2874"}],"wp:term":[{"taxonomy":"product_brand","embeddable":true,"href":"https:\/\/pagrabueksperti.lv\/en\/wp-json\/wp\/v2\/product_brand?post=2874"},{"taxonomy":"product_cat","embeddable":true,"href":"https:\/\/pagrabueksperti.lv\/en\/wp-json\/wp\/v2\/product_cat?post=2874"},{"taxonomy":"product_tag","embeddable":true,"href":"https:\/\/pagrabueksperti.lv\/en\/wp-json\/wp\/v2\/product_tag?post=2874"}],"curies":[{"name":"wp","href":"https:\/\/api.w.org\/{rel}","templated":true}]}}