{"id":2872,"date":"2025-02-23T17:52:58","date_gmt":"2025-02-23T15:52:58","guid":{"rendered":"https:\/\/pagrabueksperti.lv\/?post_type=product&#038;p=2872"},"modified":"2026-01-07T10:11:53","modified_gmt":"2026-01-07T08:11:53","slug":"nbc-safe-360-filtresanas-un-ventilacijas-sistema-mazam-patvernem","status":"publish","type":"product","link":"https:\/\/pagrabueksperti.lv\/en\/product\/nbc-safe-360-filtresanas-un-ventilacijas-sistema-mazam-patvernem\/","title":{"rendered":"NBC SAFE 360 filtration and ventilation system for small shelters."},"content":{"rendered":"<p>The filtration system was designed for small shelters, safe rooms, apartments, and other spaces requiring NBC (nuclear, biological, chemical) air filtration and ventilation. The compact, wall-mounted design saves floor space, allowing users to make full use of the area\u2014for example, as a room for everyday use.<\/p>\n<p>Thousands of rooms with SAFE-360 installed serve as nurseries, bedrooms and offices. The rooms can be quickly converted into shelters if needed and are ready to use in minutes.<\/p>\n<p>Easy assembly.<\/p>\n<p>SAFE-360 is easy to install in both new buildings and existing premises. In addition, the system is easy to use and most users can use it after a short training session.<\/p>\n<p>Credibility and certification<br \/>\nThe SAFE-360 system meets all modern civil protection standards, making it reliable in any situation.<\/p>\n<p>The main advantages of a filtration and ventilation system:<br \/>\nCompact size: 46 x 35 x 25 cm<\/p>\n<p>Specification:<br \/>\nOperating voltage: 100-240 V, 50\/60 Hz<br \/>\nEmergency power supply:<br \/>\nA manually operated system allows it to operate during power cuts.<\/p>\n<p>Operating modes:<br \/>\nNBC filtration: flow 36 m\u00b3\/h<br \/>\nVentilation: flow 54 m\u00b3\/h<br \/>\nMultiple systems can be installed to increase air flow.<br \/>\nThe SAFE-360 supplies fresh, filtered air and maintains the pressure in the shelter depending on its airtightness.<\/p>\n<p>SAFE-360 includes:<br \/>\nBlower valve<br \/>\nPre-filter<br \/>\nNBC filter (carbon + HEPA)<br \/>\nElectric blower<br \/>\nManual operation<br \/>\nPressure relief valve<\/p>","protected":false},"excerpt":{"rendered":"<p>Filtr\u0113\u0161anas sist\u0113ma tika izveidota neliel\u0101m patvertn\u0113m, dro\u0161\u0101m telp\u0101m, dz\u012bvok\u013ciem, un cit\u0101m telp\u0101m, kur\u0101m nepiecie\u0161ama NBC (kodolener\u0123ija, biolo\u0123isk\u0101, \u0137\u012bmisk\u0101) gaisa filtr\u0113\u0161ana un ventil\u0101cija. Kompaktais dizains pie sienas ietaupa gr\u012bdas plat\u012bbu, t\u0101p\u0113c lietot\u0101ji var br\u012bvi izmantot telpu, piem\u0113ram, k\u0101 ikdienas lieto\u0161anas telpu. T\u016bksto\u0161iem telpu ar uzst\u0101d\u012bto SAFE-360 sist\u0113mu kalpo k\u0101 b\u0113rnistabas, gu\u013camistabas un biroji. Vajadz\u012bbas gad\u012bjum\u0101 telpas [&hellip;]<\/p>","protected":false},"featured_media":3565,"comment_status":"open","ping_status":"closed","template":"","meta":{"site-sidebar-layout":"default","site-content-layout":"","ast-site-content-layout":"default","site-content-style":"default","site-sidebar-style":"default","ast-global-header-display":"","ast-banner-title-visibility":"","ast-main-header-display":"","ast-hfb-above-header-display":"","ast-hfb-below-header-display":"","ast-hfb-mobile-header-display":"","site-post-title":"","ast-breadcrumbs-content":"","ast-featured-img":"","footer-sml-layout":"","ast-disable-related-posts":"","theme-transparent-header-meta":"default","adv-header-id-meta":"","stick-header-meta":"","header-above-stick-meta":"","header-main-stick-meta":"","header-below-stick-meta":"","astra-migrate-meta-layouts":"set","ast-page-background-enabled":"default","ast-page-background-meta":{"desktop":{"background-color":"","background-image":"","background-repeat":"repeat","background-position":"center center","background-size":"auto","background-attachment":"scroll","background-type":"","background-media":"","overlay-type":"","overlay-color":"","overlay-opacity":"","overlay-gradient":""},"tablet":{"background-color":"","background-image":"","background-repeat":"repeat","background-position":"center center","background-size":"auto","background-attachment":"scroll","background-type":"","background-media":"","overlay-type":"","overlay-color":"","overlay-opacity":"","overlay-gradient":""},"mobile":{"background-color":"","background-image":"","background-repeat":"repeat","background-position":"center center","background-size":"auto","background-attachment":"scroll","background-type":"","background-media":"","overlay-type":"","overlay-color":"","overlay-opacity":"","overlay-gradient":""}},"ast-content-background-meta":{"desktop":{"background-color":"var(--ast-global-color-5)","background-image":"","background-repeat":"repeat","background-position":"center center","background-size":"auto","background-attachment":"scroll","background-type":"","background-media":"","overlay-type":"","overlay-color":"","overlay-opacity":"","overlay-gradient":""},"tablet":{"background-color":"var(--ast-global-color-5)","background-image":"","background-repeat":"repeat","background-position":"center center","background-size":"auto","background-attachment":"scroll","background-type":"","background-media":"","overlay-type":"","overlay-color":"","overlay-opacity":"","overlay-gradient":""},"mobile":{"background-color":"var(--ast-global-color-5)","background-image":"","background-repeat":"repeat","background-position":"center center","background-size":"auto","background-attachment":"scroll","background-type":"","background-media":"","overlay-type":"","overlay-color":"","overlay-opacity":"","overlay-gradient":""}}},"product_brand":[],"product_cat":[44,50],"product_tag":[],"class_list":{"0":"post-2872","1":"product","2":"type-product","3":"status-publish","4":"has-post-thumbnail","6":"product_cat-filtresanas-un-ventilacijas-sistemas","7":"product_cat-sistemas","8":"desktop-align-left","9":"tablet-align-left","10":"mobile-align-left","12":"first","13":"instock","14":"shipping-taxable","15":"purchasable","16":"product-type-simple"},"yoast_head":"<!-- This site is optimized with the Yoast SEO Premium plugin v21.8 (Yoast SEO v26.6) - https:\/\/yoast.com\/wordpress\/plugins\/seo\/ -->\n<title>NBC SAFE 360 filtr\u0113\u0161anas un ventil\u0101cijas sist\u0113ma maz\u0101m patvern\u0113m. - Pagrabu Eksperti<\/title>\n<meta name=\"robots\" content=\"index, follow, max-snippet:-1, max-image-preview:large, max-video-preview:-1\" \/>\n<link rel=\"canonical\" href=\"https:\/\/pagrabueksperti.lv\/en\/product\/nbc-safe-360-filtresanas-un-ventilacijas-sistema-mazam-patvernem\/\" \/>\n<meta property=\"og:locale\" content=\"en_GB\" \/>\n<meta property=\"og:type\" content=\"article\" \/>\n<meta property=\"og:title\" content=\"NBC SAFE 360 filtr\u0113\u0161anas un ventil\u0101cijas sist\u0113ma maz\u0101m patvern\u0113m.\" \/>\n<meta property=\"og:description\" content=\"Filtr\u0113\u0161anas sist\u0113ma tika izveidota neliel\u0101m patvertn\u0113m, dro\u0161\u0101m telp\u0101m, dz\u012bvok\u013ciem, un cit\u0101m telp\u0101m, kur\u0101m nepiecie\u0161ama NBC (kodolener\u0123ija, biolo\u0123isk\u0101, \u0137\u012bmisk\u0101) gaisa filtr\u0113\u0161ana un ventil\u0101cija. Kompaktais dizains pie sienas ietaupa gr\u012bdas plat\u012bbu, t\u0101p\u0113c lietot\u0101ji var br\u012bvi izmantot telpu, piem\u0113ram, k\u0101 ikdienas lieto\u0161anas telpu. T\u016bksto\u0161iem telpu ar uzst\u0101d\u012bto SAFE-360 sist\u0113mu kalpo k\u0101 b\u0113rnistabas, gu\u013camistabas un biroji. Vajadz\u012bbas gad\u012bjum\u0101 telpas [&hellip;]\" \/>\n<meta property=\"og:url\" content=\"https:\/\/pagrabueksperti.lv\/en\/product\/nbc-safe-360-filtresanas-un-ventilacijas-sistema-mazam-patvernem\/\" \/>\n<meta property=\"og:site_name\" content=\"Pagrabu Eksperti\" \/>\n<meta property=\"article:modified_time\" content=\"2026-01-07T08:11:53+00:00\" \/>\n<meta property=\"og:image\" content=\"http:\/\/pagrabueksperti.lv\/wp-content\/uploads\/2025\/02\/Screenshot-2026-01-07-at-10.11.23.png\" \/>\n\t<meta property=\"og:image:width\" content=\"668\" \/>\n\t<meta property=\"og:image:height\" content=\"922\" \/>\n\t<meta property=\"og:image:type\" content=\"image\/png\" \/>\n<meta name=\"twitter:card\" content=\"summary_large_image\" \/>\n<meta name=\"twitter:label1\" content=\"Estimated reading time\" \/>\n\t<meta name=\"twitter:data1\" content=\"2 minutes\" \/>\n<script type=\"application\/ld+json\" class=\"yoast-schema-graph\">{\"@context\":\"https:\/\/schema.org\",\"@graph\":[{\"@type\":\"WebPage\",\"@id\":\"https:\/\/pagrabueksperti.lv\/product\/nbc-safe-360-filtresanas-un-ventilacijas-sistema-mazam-patvernem\/\",\"url\":\"https:\/\/pagrabueksperti.lv\/product\/nbc-safe-360-filtresanas-un-ventilacijas-sistema-mazam-patvernem\/\",\"name\":\"NBC SAFE 360 filtr\u0113\u0161anas un ventil\u0101cijas sist\u0113ma maz\u0101m patvern\u0113m. - Pagrabu Eksperti\",\"isPartOf\":{\"@id\":\"https:\/\/pagrabueksperti.lv\/#website\"},\"primaryImageOfPage\":{\"@id\":\"https:\/\/pagrabueksperti.lv\/product\/nbc-safe-360-filtresanas-un-ventilacijas-sistema-mazam-patvernem\/#primaryimage\"},\"image\":{\"@id\":\"https:\/\/pagrabueksperti.lv\/product\/nbc-safe-360-filtresanas-un-ventilacijas-sistema-mazam-patvernem\/#primaryimage\"},\"thumbnailUrl\":\"https:\/\/pagrabueksperti.lv\/wp-content\/uploads\/2025\/02\/Screenshot-2026-01-07-at-10.11.23.png\",\"datePublished\":\"2025-02-23T15:52:58+00:00\",\"dateModified\":\"2026-01-07T08:11:53+00:00\",\"breadcrumb\":{\"@id\":\"https:\/\/pagrabueksperti.lv\/product\/nbc-safe-360-filtresanas-un-ventilacijas-sistema-mazam-patvernem\/#breadcrumb\"},\"inLanguage\":\"en-GB\",\"potentialAction\":[{\"@type\":\"ReadAction\",\"target\":[\"https:\/\/pagrabueksperti.lv\/product\/nbc-safe-360-filtresanas-un-ventilacijas-sistema-mazam-patvernem\/\"]}]},{\"@type\":\"ImageObject\",\"inLanguage\":\"en-GB\",\"@id\":\"https:\/\/pagrabueksperti.lv\/product\/nbc-safe-360-filtresanas-un-ventilacijas-sistema-mazam-patvernem\/#primaryimage\",\"url\":\"https:\/\/pagrabueksperti.lv\/wp-content\/uploads\/2025\/02\/Screenshot-2026-01-07-at-10.11.23.png\",\"contentUrl\":\"https:\/\/pagrabueksperti.lv\/wp-content\/uploads\/2025\/02\/Screenshot-2026-01-07-at-10.11.23.png\",\"width\":668,\"height\":922},{\"@type\":\"BreadcrumbList\",\"@id\":\"https:\/\/pagrabueksperti.lv\/product\/nbc-safe-360-filtresanas-un-ventilacijas-sistema-mazam-patvernem\/#breadcrumb\",\"itemListElement\":[{\"@type\":\"ListItem\",\"position\":1,\"name\":\"Home\",\"item\":\"https:\/\/pagrabueksperti.lv\/\"},{\"@type\":\"ListItem\",\"position\":2,\"name\":\"Products\",\"item\":\"https:\/\/pagrabueksperti.lv\/shop__trashed\/\"},{\"@type\":\"ListItem\",\"position\":3,\"name\":\"NBC SAFE 360 filtr\u0113\u0161anas un ventil\u0101cijas sist\u0113ma maz\u0101m patvern\u0113m.\"}]},{\"@type\":\"WebSite\",\"@id\":\"https:\/\/pagrabueksperti.lv\/#website\",\"url\":\"https:\/\/pagrabueksperti.lv\/\",\"name\":\"Pagrabu Eksperti\",\"description\":\"\",\"publisher\":{\"@id\":\"https:\/\/pagrabueksperti.lv\/#organization\"},\"potentialAction\":[{\"@type\":\"SearchAction\",\"target\":{\"@type\":\"EntryPoint\",\"urlTemplate\":\"https:\/\/pagrabueksperti.lv\/?s={search_term_string}\"},\"query-input\":{\"@type\":\"PropertyValueSpecification\",\"valueRequired\":true,\"valueName\":\"search_term_string\"}}],\"inLanguage\":\"en-GB\"},{\"@type\":\"Organization\",\"@id\":\"https:\/\/pagrabueksperti.lv\/#organization\",\"name\":\"Pagrabu Eksperti\",\"url\":\"https:\/\/pagrabueksperti.lv\/\",\"logo\":{\"@type\":\"ImageObject\",\"inLanguage\":\"en-GB\",\"@id\":\"https:\/\/pagrabueksperti.lv\/#\/schema\/logo\/image\/\",\"url\":\"https:\/\/pagrabueksperti.lv\/wp-content\/uploads\/2025\/02\/Group-20-3.png\",\"contentUrl\":\"https:\/\/pagrabueksperti.lv\/wp-content\/uploads\/2025\/02\/Group-20-3.png\",\"width\":894,\"height\":891,\"caption\":\"Pagrabu Eksperti\"},\"image\":{\"@id\":\"https:\/\/pagrabueksperti.lv\/#\/schema\/logo\/image\/\"}}]}<\/script>\n<!-- \/ Yoast SEO Premium plugin. -->","yoast_head_json":{"title":"NBC SAFE 360 filtr\u0113\u0161anas un ventil\u0101cijas sist\u0113ma maz\u0101m patvern\u0113m. - Pagrabu Eksperti","robots":{"index":"index","follow":"follow","max-snippet":"max-snippet:-1","max-image-preview":"max-image-preview:large","max-video-preview":"max-video-preview:-1"},"canonical":"https:\/\/pagrabueksperti.lv\/en\/product\/nbc-safe-360-filtresanas-un-ventilacijas-sistema-mazam-patvernem\/","og_locale":"en_GB","og_type":"article","og_title":"NBC SAFE 360 filtr\u0113\u0161anas un ventil\u0101cijas sist\u0113ma maz\u0101m patvern\u0113m.","og_description":"Filtr\u0113\u0161anas sist\u0113ma tika izveidota neliel\u0101m patvertn\u0113m, dro\u0161\u0101m telp\u0101m, dz\u012bvok\u013ciem, un cit\u0101m telp\u0101m, kur\u0101m nepiecie\u0161ama NBC (kodolener\u0123ija, biolo\u0123isk\u0101, \u0137\u012bmisk\u0101) gaisa filtr\u0113\u0161ana un ventil\u0101cija. Kompaktais dizains pie sienas ietaupa gr\u012bdas plat\u012bbu, t\u0101p\u0113c lietot\u0101ji var br\u012bvi izmantot telpu, piem\u0113ram, k\u0101 ikdienas lieto\u0161anas telpu. T\u016bksto\u0161iem telpu ar uzst\u0101d\u012bto SAFE-360 sist\u0113mu kalpo k\u0101 b\u0113rnistabas, gu\u013camistabas un biroji. Vajadz\u012bbas gad\u012bjum\u0101 telpas [&hellip;]","og_url":"https:\/\/pagrabueksperti.lv\/en\/product\/nbc-safe-360-filtresanas-un-ventilacijas-sistema-mazam-patvernem\/","og_site_name":"Pagrabu Eksperti","article_modified_time":"2026-01-07T08:11:53+00:00","og_image":[{"width":668,"height":922,"url":"http:\/\/pagrabueksperti.lv\/wp-content\/uploads\/2025\/02\/Screenshot-2026-01-07-at-10.11.23.png","type":"image\/png"}],"twitter_card":"summary_large_image","twitter_misc":{"Estimated reading time":"2 minutes"},"schema":{"@context":"https:\/\/schema.org","@graph":[{"@type":"WebPage","@id":"https:\/\/pagrabueksperti.lv\/product\/nbc-safe-360-filtresanas-un-ventilacijas-sistema-mazam-patvernem\/","url":"https:\/\/pagrabueksperti.lv\/product\/nbc-safe-360-filtresanas-un-ventilacijas-sistema-mazam-patvernem\/","name":"NBC SAFE 360 filtr\u0113\u0161anas un ventil\u0101cijas sist\u0113ma maz\u0101m patvern\u0113m. - Pagrabu Eksperti","isPartOf":{"@id":"https:\/\/pagrabueksperti.lv\/#website"},"primaryImageOfPage":{"@id":"https:\/\/pagrabueksperti.lv\/product\/nbc-safe-360-filtresanas-un-ventilacijas-sistema-mazam-patvernem\/#primaryimage"},"image":{"@id":"https:\/\/pagrabueksperti.lv\/product\/nbc-safe-360-filtresanas-un-ventilacijas-sistema-mazam-patvernem\/#primaryimage"},"thumbnailUrl":"https:\/\/pagrabueksperti.lv\/wp-content\/uploads\/2025\/02\/Screenshot-2026-01-07-at-10.11.23.png","datePublished":"2025-02-23T15:52:58+00:00","dateModified":"2026-01-07T08:11:53+00:00","breadcrumb":{"@id":"https:\/\/pagrabueksperti.lv\/product\/nbc-safe-360-filtresanas-un-ventilacijas-sistema-mazam-patvernem\/#breadcrumb"},"inLanguage":"en-GB","potentialAction":[{"@type":"ReadAction","target":["https:\/\/pagrabueksperti.lv\/product\/nbc-safe-360-filtresanas-un-ventilacijas-sistema-mazam-patvernem\/"]}]},{"@type":"ImageObject","inLanguage":"en-GB","@id":"https:\/\/pagrabueksperti.lv\/product\/nbc-safe-360-filtresanas-un-ventilacijas-sistema-mazam-patvernem\/#primaryimage","url":"https:\/\/pagrabueksperti.lv\/wp-content\/uploads\/2025\/02\/Screenshot-2026-01-07-at-10.11.23.png","contentUrl":"https:\/\/pagrabueksperti.lv\/wp-content\/uploads\/2025\/02\/Screenshot-2026-01-07-at-10.11.23.png","width":668,"height":922},{"@type":"BreadcrumbList","@id":"https:\/\/pagrabueksperti.lv\/product\/nbc-safe-360-filtresanas-un-ventilacijas-sistema-mazam-patvernem\/#breadcrumb","itemListElement":[{"@type":"ListItem","position":1,"name":"Home","item":"https:\/\/pagrabueksperti.lv\/"},{"@type":"ListItem","position":2,"name":"Products","item":"https:\/\/pagrabueksperti.lv\/shop__trashed\/"},{"@type":"ListItem","position":3,"name":"NBC SAFE 360 filtr\u0113\u0161anas un ventil\u0101cijas sist\u0113ma maz\u0101m patvern\u0113m."}]},{"@type":"WebSite","@id":"https:\/\/pagrabueksperti.lv\/#website","url":"https:\/\/pagrabueksperti.lv\/","name":"Pagrabu Eksperti","description":"","publisher":{"@id":"https:\/\/pagrabueksperti.lv\/#organization"},"potentialAction":[{"@type":"SearchAction","target":{"@type":"EntryPoint","urlTemplate":"https:\/\/pagrabueksperti.lv\/?s={search_term_string}"},"query-input":{"@type":"PropertyValueSpecification","valueRequired":true,"valueName":"search_term_string"}}],"inLanguage":"en-GB"},{"@type":"Organization","@id":"https:\/\/pagrabueksperti.lv\/#organization","name":"Pagrabu Eksperti","url":"https:\/\/pagrabueksperti.lv\/","logo":{"@type":"ImageObject","inLanguage":"en-GB","@id":"https:\/\/pagrabueksperti.lv\/#\/schema\/logo\/image\/","url":"https:\/\/pagrabueksperti.lv\/wp-content\/uploads\/2025\/02\/Group-20-3.png","contentUrl":"https:\/\/pagrabueksperti.lv\/wp-content\/uploads\/2025\/02\/Group-20-3.png","width":894,"height":891,"caption":"Pagrabu Eksperti"},"image":{"@id":"https:\/\/pagrabueksperti.lv\/#\/schema\/logo\/image\/"}}]}},"_links":{"self":[{"href":"https:\/\/pagrabueksperti.lv\/en\/wp-json\/wp\/v2\/product\/2872","targetHints":{"allow":["GET"]}}],"collection":[{"href":"https:\/\/pagrabueksperti.lv\/en\/wp-json\/wp\/v2\/product"}],"about":[{"href":"https:\/\/pagrabueksperti.lv\/en\/wp-json\/wp\/v2\/types\/product"}],"replies":[{"embeddable":true,"href":"https:\/\/pagrabueksperti.lv\/en\/wp-json\/wp\/v2\/comments?post=2872"}],"wp:featuredmedia":[{"embeddable":true,"href":"https:\/\/pagrabueksperti.lv\/en\/wp-json\/wp\/v2\/media\/3565"}],"wp:attachment":[{"href":"https:\/\/pagrabueksperti.lv\/en\/wp-json\/wp\/v2\/media?parent=2872"}],"wp:term":[{"taxonomy":"product_brand","embeddable":true,"href":"https:\/\/pagrabueksperti.lv\/en\/wp-json\/wp\/v2\/product_brand?post=2872"},{"taxonomy":"product_cat","embeddable":true,"href":"https:\/\/pagrabueksperti.lv\/en\/wp-json\/wp\/v2\/product_cat?post=2872"},{"taxonomy":"product_tag","embeddable":true,"href":"https:\/\/pagrabueksperti.lv\/en\/wp-json\/wp\/v2\/product_tag?post=2872"}],"curies":[{"name":"wp","href":"https:\/\/api.w.org\/{rel}","templated":true}]}}