{"id":2870,"date":"2025-02-23T17:49:05","date_gmt":"2025-02-23T15:49:05","guid":{"rendered":"https:\/\/pagrabueksperti.lv\/?post_type=product&#038;p=2870"},"modified":"2025-02-26T20:14:31","modified_gmt":"2025-02-26T18:14:31","slug":"nbc-co2-filtri-no-vecam-esosajam-filtru-ventilacijas-iekartam","status":"publish","type":"product","link":"https:\/\/pagrabueksperti.lv\/en\/product\/nbc-co2-filtri-no-vecam-esosajam-filtru-ventilacijas-iekartam\/","title":{"rendered":"NBC\/CO2 filters from old existing filter ventilation units."},"content":{"rendered":"<p>Improved version of the shelter filters.<br \/>\nMany shelters in Eastern Europe still use old filtration equipment. These systems require special NBC filters and CO2 filters such as \u0424\u041f\u0423-200, \u0424\u041f-300, \u0420\u041f-100 and others. That's why we offer modern and improved versions of these filters. They allow easy replacement of old filters, eliminating the need to replace the entire filtration system while it is running.<\/p>\n<p>Modern ARCONIK absorbent filters offer efficient solutions for both retrofitting existing ventilation systems and for new structures. The compact and robust AFU series ensures maintenance-free operation. In addition, these filters are certified according to the DSTU 9077:2021 standard, which confirms their high quality and compliance with the general technical requirements for air purification in protective facilities.<\/p>\n<p>There is also a set of elements available, i.e. air ducts, blowers, valves and accessories needed to assemble the whole system. Furthermore, these filters are equipped with an anti-shock system.<\/p>","protected":false},"excerpt":{"rendered":"<p>Uzlabota patvert\u0146u filtru versija. Daudz\u0101s patvertn\u0113s Austrumeirop\u0101 joproj\u0101m tiek izmantotas vec\u0101s filtr\u0113\u0161anas iek\u0101rtas. \u0160\u012bm sist\u0113m\u0101m ir nepiecie\u0161ami \u012bpa\u0161i NBC filtri un CO2 filtri, piem\u0113ram, \u0424\u041f\u0423-200, \u0424\u041f-300, \u0420\u041f-100 un citi. T\u0101p\u0113c m\u0113s pied\u0101v\u0101jam modernas un uzlabotas \u0161o filtru versijas. Tie \u013cauj viegli nomain\u012bt vecos filtrus, nov\u0113r\u0161ot nepiecie\u0161am\u012bbu nomain\u012bt visu filtr\u0113\u0161anas sist\u0113mu, kam\u0113r t\u0101 darbojas. M\u016bsdien\u012bgie ARCONIK [&hellip;]<\/p>","protected":false},"featured_media":3029,"comment_status":"open","ping_status":"closed","template":"","meta":{"site-sidebar-layout":"default","site-content-layout":"","ast-site-content-layout":"default","site-content-style":"default","site-sidebar-style":"default","ast-global-header-display":"","ast-banner-title-visibility":"","ast-main-header-display":"","ast-hfb-above-header-display":"","ast-hfb-below-header-display":"","ast-hfb-mobile-header-display":"","site-post-title":"","ast-breadcrumbs-content":"","ast-featured-img":"","footer-sml-layout":"","ast-disable-related-posts":"","theme-transparent-header-meta":"default","adv-header-id-meta":"","stick-header-meta":"","header-above-stick-meta":"","header-main-stick-meta":"","header-below-stick-meta":"","astra-migrate-meta-layouts":"set","ast-page-background-enabled":"default","ast-page-background-meta":{"desktop":{"background-color":"","background-image":"","background-repeat":"repeat","background-position":"center center","background-size":"auto","background-attachment":"scroll","background-type":"","background-media":"","overlay-type":"","overlay-color":"","overlay-opacity":"","overlay-gradient":""},"tablet":{"background-color":"","background-image":"","background-repeat":"repeat","background-position":"center center","background-size":"auto","background-attachment":"scroll","background-type":"","background-media":"","overlay-type":"","overlay-color":"","overlay-opacity":"","overlay-gradient":""},"mobile":{"background-color":"","background-image":"","background-repeat":"repeat","background-position":"center center","background-size":"auto","background-attachment":"scroll","background-type":"","background-media":"","overlay-type":"","overlay-color":"","overlay-opacity":"","overlay-gradient":""}},"ast-content-background-meta":{"desktop":{"background-color":"var(--ast-global-color-5)","background-image":"","background-repeat":"repeat","background-position":"center center","background-size":"auto","background-attachment":"scroll","background-type":"","background-media":"","overlay-type":"","overlay-color":"","overlay-opacity":"","overlay-gradient":""},"tablet":{"background-color":"var(--ast-global-color-5)","background-image":"","background-repeat":"repeat","background-position":"center center","background-size":"auto","background-attachment":"scroll","background-type":"","background-media":"","overlay-type":"","overlay-color":"","overlay-opacity":"","overlay-gradient":""},"mobile":{"background-color":"var(--ast-global-color-5)","background-image":"","background-repeat":"repeat","background-position":"center center","background-size":"auto","background-attachment":"scroll","background-type":"","background-media":"","overlay-type":"","overlay-color":"","overlay-opacity":"","overlay-gradient":""}}},"product_brand":[],"product_cat":[44,49],"product_tag":[],"class_list":{"0":"post-2870","1":"product","2":"type-product","3":"status-publish","4":"has-post-thumbnail","6":"product_cat-filtresanas-un-ventilacijas-sistemas","7":"product_cat-filtri","8":"desktop-align-left","9":"tablet-align-left","10":"mobile-align-left","12":"first","13":"instock","14":"shipping-taxable","15":"purchasable","16":"product-type-simple"},"yoast_head":"<!-- This site is optimized with the Yoast SEO Premium plugin v21.8 (Yoast SEO v26.6) - https:\/\/yoast.com\/wordpress\/plugins\/seo\/ -->\n<title>NBC\/CO2 filtri no vec\u0101m eso\u0161aj\u0101m filtru ventil\u0101cijas iek\u0101rt\u0101m. - Pagrabu Eksperti<\/title>\n<meta name=\"robots\" content=\"index, follow, max-snippet:-1, max-image-preview:large, max-video-preview:-1\" \/>\n<link rel=\"canonical\" href=\"https:\/\/pagrabueksperti.lv\/en\/product\/nbc-co2-filtri-no-vecam-esosajam-filtru-ventilacijas-iekartam\/\" \/>\n<meta property=\"og:locale\" content=\"en_GB\" \/>\n<meta property=\"og:type\" content=\"article\" \/>\n<meta property=\"og:title\" content=\"NBC\/CO2 filtri no vec\u0101m eso\u0161aj\u0101m filtru ventil\u0101cijas iek\u0101rt\u0101m.\" \/>\n<meta property=\"og:description\" content=\"Uzlabota patvert\u0146u filtru versija. Daudz\u0101s patvertn\u0113s Austrumeirop\u0101 joproj\u0101m tiek izmantotas vec\u0101s filtr\u0113\u0161anas iek\u0101rtas. \u0160\u012bm sist\u0113m\u0101m ir nepiecie\u0161ami \u012bpa\u0161i NBC filtri un CO2 filtri, piem\u0113ram, \u0424\u041f\u0423-200, \u0424\u041f-300, \u0420\u041f-100 un citi. T\u0101p\u0113c m\u0113s pied\u0101v\u0101jam modernas un uzlabotas \u0161o filtru versijas. Tie \u013cauj viegli nomain\u012bt vecos filtrus, nov\u0113r\u0161ot nepiecie\u0161am\u012bbu nomain\u012bt visu filtr\u0113\u0161anas sist\u0113mu, kam\u0113r t\u0101 darbojas. M\u016bsdien\u012bgie ARCONIK [&hellip;]\" \/>\n<meta property=\"og:url\" content=\"https:\/\/pagrabueksperti.lv\/en\/product\/nbc-co2-filtri-no-vecam-esosajam-filtru-ventilacijas-iekartam\/\" \/>\n<meta property=\"og:site_name\" content=\"Pagrabu Eksperti\" \/>\n<meta property=\"article:modified_time\" content=\"2025-02-26T18:14:31+00:00\" \/>\n<meta property=\"og:image\" content=\"http:\/\/pagrabueksperti.lv\/wp-content\/uploads\/2025\/02\/vec1.png\" \/>\n\t<meta property=\"og:image:width\" content=\"785\" \/>\n\t<meta property=\"og:image:height\" content=\"785\" \/>\n\t<meta property=\"og:image:type\" content=\"image\/png\" \/>\n<meta name=\"twitter:card\" content=\"summary_large_image\" \/>\n<meta name=\"twitter:label1\" content=\"Estimated reading time\" \/>\n\t<meta name=\"twitter:data1\" content=\"1 minute\" \/>\n<script type=\"application\/ld+json\" class=\"yoast-schema-graph\">{\"@context\":\"https:\/\/schema.org\",\"@graph\":[{\"@type\":\"WebPage\",\"@id\":\"https:\/\/pagrabueksperti.lv\/product\/nbc-co2-filtri-no-vecam-esosajam-filtru-ventilacijas-iekartam\/\",\"url\":\"https:\/\/pagrabueksperti.lv\/product\/nbc-co2-filtri-no-vecam-esosajam-filtru-ventilacijas-iekartam\/\",\"name\":\"NBC\/CO2 filtri no vec\u0101m eso\u0161aj\u0101m filtru ventil\u0101cijas iek\u0101rt\u0101m. - Pagrabu Eksperti\",\"isPartOf\":{\"@id\":\"https:\/\/pagrabueksperti.lv\/#website\"},\"primaryImageOfPage\":{\"@id\":\"https:\/\/pagrabueksperti.lv\/product\/nbc-co2-filtri-no-vecam-esosajam-filtru-ventilacijas-iekartam\/#primaryimage\"},\"image\":{\"@id\":\"https:\/\/pagrabueksperti.lv\/product\/nbc-co2-filtri-no-vecam-esosajam-filtru-ventilacijas-iekartam\/#primaryimage\"},\"thumbnailUrl\":\"https:\/\/pagrabueksperti.lv\/wp-content\/uploads\/2025\/02\/vec1.png\",\"datePublished\":\"2025-02-23T15:49:05+00:00\",\"dateModified\":\"2025-02-26T18:14:31+00:00\",\"breadcrumb\":{\"@id\":\"https:\/\/pagrabueksperti.lv\/product\/nbc-co2-filtri-no-vecam-esosajam-filtru-ventilacijas-iekartam\/#breadcrumb\"},\"inLanguage\":\"en-GB\",\"potentialAction\":[{\"@type\":\"ReadAction\",\"target\":[\"https:\/\/pagrabueksperti.lv\/product\/nbc-co2-filtri-no-vecam-esosajam-filtru-ventilacijas-iekartam\/\"]}]},{\"@type\":\"ImageObject\",\"inLanguage\":\"en-GB\",\"@id\":\"https:\/\/pagrabueksperti.lv\/product\/nbc-co2-filtri-no-vecam-esosajam-filtru-ventilacijas-iekartam\/#primaryimage\",\"url\":\"https:\/\/pagrabueksperti.lv\/wp-content\/uploads\/2025\/02\/vec1.png\",\"contentUrl\":\"https:\/\/pagrabueksperti.lv\/wp-content\/uploads\/2025\/02\/vec1.png\",\"width\":785,\"height\":785},{\"@type\":\"BreadcrumbList\",\"@id\":\"https:\/\/pagrabueksperti.lv\/product\/nbc-co2-filtri-no-vecam-esosajam-filtru-ventilacijas-iekartam\/#breadcrumb\",\"itemListElement\":[{\"@type\":\"ListItem\",\"position\":1,\"name\":\"Home\",\"item\":\"https:\/\/pagrabueksperti.lv\/\"},{\"@type\":\"ListItem\",\"position\":2,\"name\":\"Products\",\"item\":\"https:\/\/pagrabueksperti.lv\/shop__trashed\/\"},{\"@type\":\"ListItem\",\"position\":3,\"name\":\"NBC\/CO2 filtri no vec\u0101m eso\u0161aj\u0101m filtru ventil\u0101cijas iek\u0101rt\u0101m.\"}]},{\"@type\":\"WebSite\",\"@id\":\"https:\/\/pagrabueksperti.lv\/#website\",\"url\":\"https:\/\/pagrabueksperti.lv\/\",\"name\":\"Pagrabu Eksperti\",\"description\":\"\",\"publisher\":{\"@id\":\"https:\/\/pagrabueksperti.lv\/#organization\"},\"potentialAction\":[{\"@type\":\"SearchAction\",\"target\":{\"@type\":\"EntryPoint\",\"urlTemplate\":\"https:\/\/pagrabueksperti.lv\/?s={search_term_string}\"},\"query-input\":{\"@type\":\"PropertyValueSpecification\",\"valueRequired\":true,\"valueName\":\"search_term_string\"}}],\"inLanguage\":\"en-GB\"},{\"@type\":\"Organization\",\"@id\":\"https:\/\/pagrabueksperti.lv\/#organization\",\"name\":\"Pagrabu Eksperti\",\"url\":\"https:\/\/pagrabueksperti.lv\/\",\"logo\":{\"@type\":\"ImageObject\",\"inLanguage\":\"en-GB\",\"@id\":\"https:\/\/pagrabueksperti.lv\/#\/schema\/logo\/image\/\",\"url\":\"https:\/\/pagrabueksperti.lv\/wp-content\/uploads\/2025\/02\/Group-20-3.png\",\"contentUrl\":\"https:\/\/pagrabueksperti.lv\/wp-content\/uploads\/2025\/02\/Group-20-3.png\",\"width\":894,\"height\":891,\"caption\":\"Pagrabu Eksperti\"},\"image\":{\"@id\":\"https:\/\/pagrabueksperti.lv\/#\/schema\/logo\/image\/\"}}]}<\/script>\n<!-- \/ Yoast SEO Premium plugin. -->","yoast_head_json":{"title":"NBC\/CO2 filtri no vec\u0101m eso\u0161aj\u0101m filtru ventil\u0101cijas iek\u0101rt\u0101m. - Pagrabu Eksperti","robots":{"index":"index","follow":"follow","max-snippet":"max-snippet:-1","max-image-preview":"max-image-preview:large","max-video-preview":"max-video-preview:-1"},"canonical":"https:\/\/pagrabueksperti.lv\/en\/product\/nbc-co2-filtri-no-vecam-esosajam-filtru-ventilacijas-iekartam\/","og_locale":"en_GB","og_type":"article","og_title":"NBC\/CO2 filtri no vec\u0101m eso\u0161aj\u0101m filtru ventil\u0101cijas iek\u0101rt\u0101m.","og_description":"Uzlabota patvert\u0146u filtru versija. Daudz\u0101s patvertn\u0113s Austrumeirop\u0101 joproj\u0101m tiek izmantotas vec\u0101s filtr\u0113\u0161anas iek\u0101rtas. \u0160\u012bm sist\u0113m\u0101m ir nepiecie\u0161ami \u012bpa\u0161i NBC filtri un CO2 filtri, piem\u0113ram, \u0424\u041f\u0423-200, \u0424\u041f-300, \u0420\u041f-100 un citi. T\u0101p\u0113c m\u0113s pied\u0101v\u0101jam modernas un uzlabotas \u0161o filtru versijas. Tie \u013cauj viegli nomain\u012bt vecos filtrus, nov\u0113r\u0161ot nepiecie\u0161am\u012bbu nomain\u012bt visu filtr\u0113\u0161anas sist\u0113mu, kam\u0113r t\u0101 darbojas. M\u016bsdien\u012bgie ARCONIK [&hellip;]","og_url":"https:\/\/pagrabueksperti.lv\/en\/product\/nbc-co2-filtri-no-vecam-esosajam-filtru-ventilacijas-iekartam\/","og_site_name":"Pagrabu Eksperti","article_modified_time":"2025-02-26T18:14:31+00:00","og_image":[{"width":785,"height":785,"url":"http:\/\/pagrabueksperti.lv\/wp-content\/uploads\/2025\/02\/vec1.png","type":"image\/png"}],"twitter_card":"summary_large_image","twitter_misc":{"Estimated reading time":"1 minute"},"schema":{"@context":"https:\/\/schema.org","@graph":[{"@type":"WebPage","@id":"https:\/\/pagrabueksperti.lv\/product\/nbc-co2-filtri-no-vecam-esosajam-filtru-ventilacijas-iekartam\/","url":"https:\/\/pagrabueksperti.lv\/product\/nbc-co2-filtri-no-vecam-esosajam-filtru-ventilacijas-iekartam\/","name":"NBC\/CO2 filtri no vec\u0101m eso\u0161aj\u0101m filtru ventil\u0101cijas iek\u0101rt\u0101m. - Pagrabu Eksperti","isPartOf":{"@id":"https:\/\/pagrabueksperti.lv\/#website"},"primaryImageOfPage":{"@id":"https:\/\/pagrabueksperti.lv\/product\/nbc-co2-filtri-no-vecam-esosajam-filtru-ventilacijas-iekartam\/#primaryimage"},"image":{"@id":"https:\/\/pagrabueksperti.lv\/product\/nbc-co2-filtri-no-vecam-esosajam-filtru-ventilacijas-iekartam\/#primaryimage"},"thumbnailUrl":"https:\/\/pagrabueksperti.lv\/wp-content\/uploads\/2025\/02\/vec1.png","datePublished":"2025-02-23T15:49:05+00:00","dateModified":"2025-02-26T18:14:31+00:00","breadcrumb":{"@id":"https:\/\/pagrabueksperti.lv\/product\/nbc-co2-filtri-no-vecam-esosajam-filtru-ventilacijas-iekartam\/#breadcrumb"},"inLanguage":"en-GB","potentialAction":[{"@type":"ReadAction","target":["https:\/\/pagrabueksperti.lv\/product\/nbc-co2-filtri-no-vecam-esosajam-filtru-ventilacijas-iekartam\/"]}]},{"@type":"ImageObject","inLanguage":"en-GB","@id":"https:\/\/pagrabueksperti.lv\/product\/nbc-co2-filtri-no-vecam-esosajam-filtru-ventilacijas-iekartam\/#primaryimage","url":"https:\/\/pagrabueksperti.lv\/wp-content\/uploads\/2025\/02\/vec1.png","contentUrl":"https:\/\/pagrabueksperti.lv\/wp-content\/uploads\/2025\/02\/vec1.png","width":785,"height":785},{"@type":"BreadcrumbList","@id":"https:\/\/pagrabueksperti.lv\/product\/nbc-co2-filtri-no-vecam-esosajam-filtru-ventilacijas-iekartam\/#breadcrumb","itemListElement":[{"@type":"ListItem","position":1,"name":"Home","item":"https:\/\/pagrabueksperti.lv\/"},{"@type":"ListItem","position":2,"name":"Products","item":"https:\/\/pagrabueksperti.lv\/shop__trashed\/"},{"@type":"ListItem","position":3,"name":"NBC\/CO2 filtri no vec\u0101m eso\u0161aj\u0101m filtru ventil\u0101cijas iek\u0101rt\u0101m."}]},{"@type":"WebSite","@id":"https:\/\/pagrabueksperti.lv\/#website","url":"https:\/\/pagrabueksperti.lv\/","name":"Pagrabu Eksperti","description":"","publisher":{"@id":"https:\/\/pagrabueksperti.lv\/#organization"},"potentialAction":[{"@type":"SearchAction","target":{"@type":"EntryPoint","urlTemplate":"https:\/\/pagrabueksperti.lv\/?s={search_term_string}"},"query-input":{"@type":"PropertyValueSpecification","valueRequired":true,"valueName":"search_term_string"}}],"inLanguage":"en-GB"},{"@type":"Organization","@id":"https:\/\/pagrabueksperti.lv\/#organization","name":"Pagrabu Eksperti","url":"https:\/\/pagrabueksperti.lv\/","logo":{"@type":"ImageObject","inLanguage":"en-GB","@id":"https:\/\/pagrabueksperti.lv\/#\/schema\/logo\/image\/","url":"https:\/\/pagrabueksperti.lv\/wp-content\/uploads\/2025\/02\/Group-20-3.png","contentUrl":"https:\/\/pagrabueksperti.lv\/wp-content\/uploads\/2025\/02\/Group-20-3.png","width":894,"height":891,"caption":"Pagrabu Eksperti"},"image":{"@id":"https:\/\/pagrabueksperti.lv\/#\/schema\/logo\/image\/"}}]}},"_links":{"self":[{"href":"https:\/\/pagrabueksperti.lv\/en\/wp-json\/wp\/v2\/product\/2870","targetHints":{"allow":["GET"]}}],"collection":[{"href":"https:\/\/pagrabueksperti.lv\/en\/wp-json\/wp\/v2\/product"}],"about":[{"href":"https:\/\/pagrabueksperti.lv\/en\/wp-json\/wp\/v2\/types\/product"}],"replies":[{"embeddable":true,"href":"https:\/\/pagrabueksperti.lv\/en\/wp-json\/wp\/v2\/comments?post=2870"}],"wp:featuredmedia":[{"embeddable":true,"href":"https:\/\/pagrabueksperti.lv\/en\/wp-json\/wp\/v2\/media\/3029"}],"wp:attachment":[{"href":"https:\/\/pagrabueksperti.lv\/en\/wp-json\/wp\/v2\/media?parent=2870"}],"wp:term":[{"taxonomy":"product_brand","embeddable":true,"href":"https:\/\/pagrabueksperti.lv\/en\/wp-json\/wp\/v2\/product_brand?post=2870"},{"taxonomy":"product_cat","embeddable":true,"href":"https:\/\/pagrabueksperti.lv\/en\/wp-json\/wp\/v2\/product_cat?post=2870"},{"taxonomy":"product_tag","embeddable":true,"href":"https:\/\/pagrabueksperti.lv\/en\/wp-json\/wp\/v2\/product_tag?post=2870"}],"curies":[{"name":"wp","href":"https:\/\/api.w.org\/{rel}","templated":true}]}}