{"id":2868,"date":"2025-02-23T17:48:50","date_gmt":"2025-02-23T15:48:50","guid":{"rendered":"https:\/\/pagrabueksperti.lv\/?post_type=product&#038;p=2868"},"modified":"2025-02-26T20:14:38","modified_gmt":"2025-02-26T18:14:38","slug":"spradziendrosi-atverti-varsti-9bar-y-tips","status":"publish","type":"product","link":"https:\/\/pagrabueksperti.lv\/en\/product\/spradziendrosi-atverti-varsti-9bar-y-tips\/","title":{"rendered":"Explosion-proof open valves, 9 bars, Type Y."},"content":{"rendered":"<p>Explosion-proof valves are specialised protective devices that remain open under normal operating conditions, allowing air to flow freely in both directions - in and out of the protected space. They effectively operate natural ventilation, ensuring proper air circulation in the system. These valves are usually installed on vents or ducts as part of larger ventilation systems. Their main purpose is to protect, for example, shelters, cellars or other enclosed spaces against the pressure wave - both positive and negative - caused by a potential explosion.<\/p>\n<p>Available BVNO valve models:<br \/>\nBVNO 50 - nominal air flow: 50 m\u00b3\/h at 200 Pa<br \/>\nBVNO 550 \u2013 nominal air flow: 550 m\u00b3\/h at 200 Pa<br \/>\nBVNO 600 \u2013 nominal air flow: 600 m\u00b3\/h at 200 Pa<br \/>\nBVNO 1000 \u2013 nominal air flow: 1000 m\u00b3\/h at 200 Pa<br \/>\nBVNO 1800 \u2013 nominal air flow: 1800 m\u00b3\/h at 200 Pa<br \/>\nBVNO 2600 \u2013 nominal air flow: 2600 m\u00b3\/h at 200 Pa<br \/>\nBVNO 2900 \u2013 nominal air flow: 2900 m\u00b3\/h at 200 Pa<\/p>\n<p>Technical specifications for explosion-proof valves:<\/p>\n<p>The back pressure resistance of more than 900 kPa (i.e. more than 9 bar) makes the valves particularly resistant to high back pressures. With a mechanical shock resistance of more than 12 g, they are reliable in harsh environments. Refers to the Y version, i.e. the valve model designed for the safety function only. BVNO valves can be further customised to the specific needs of the user - for example, they can be equipped with a special housing for connection to ducting, mounting flanges, pre-filters or quick couplers.<\/p>","protected":false},"excerpt":{"rendered":"<p>Spr\u0101dziendro\u0161ie v\u0101rsti ir specializ\u0113tas aizsargier\u012bces, kas norm\u0101los darb\u012bbas apst\u0101k\u013cos paliek atv\u0113rti, \u013caujot gaisam br\u012bvi pl\u016bst abos virzienos \u2013 gan uz aizsarg\u0101jamo telpu, gan \u0101r\u0101 no t\u0101. Tie efekt\u012bvi darbina dabisko ventil\u0101ciju, nodro\u0161inot pareizu gaisa cirkul\u0101ciju sist\u0113m\u0101. \u0160os v\u0101rstus parasti uzst\u0101da uz ventil\u0101cijas atver\u0113m vai gaisa vadiem k\u0101 da\u013cu no liel\u0101k\u0101m ventil\u0101cijas sist\u0113m\u0101m. To galvenais uzdevums [&hellip;]<\/p>","protected":false},"featured_media":3028,"comment_status":"open","ping_status":"closed","template":"","meta":{"site-sidebar-layout":"default","site-content-layout":"","ast-site-content-layout":"default","site-content-style":"default","site-sidebar-style":"default","ast-global-header-display":"","ast-banner-title-visibility":"","ast-main-header-display":"","ast-hfb-above-header-display":"","ast-hfb-below-header-display":"","ast-hfb-mobile-header-display":"","site-post-title":"","ast-breadcrumbs-content":"","ast-featured-img":"","footer-sml-layout":"","ast-disable-related-posts":"","theme-transparent-header-meta":"default","adv-header-id-meta":"","stick-header-meta":"","header-above-stick-meta":"","header-main-stick-meta":"","header-below-stick-meta":"","astra-migrate-meta-layouts":"set","ast-page-background-enabled":"default","ast-page-background-meta":{"desktop":{"background-color":"","background-image":"","background-repeat":"repeat","background-position":"center center","background-size":"auto","background-attachment":"scroll","background-type":"","background-media":"","overlay-type":"","overlay-color":"","overlay-opacity":"","overlay-gradient":""},"tablet":{"background-color":"","background-image":"","background-repeat":"repeat","background-position":"center center","background-size":"auto","background-attachment":"scroll","background-type":"","background-media":"","overlay-type":"","overlay-color":"","overlay-opacity":"","overlay-gradient":""},"mobile":{"background-color":"","background-image":"","background-repeat":"repeat","background-position":"center center","background-size":"auto","background-attachment":"scroll","background-type":"","background-media":"","overlay-type":"","overlay-color":"","overlay-opacity":"","overlay-gradient":""}},"ast-content-background-meta":{"desktop":{"background-color":"var(--ast-global-color-5)","background-image":"","background-repeat":"repeat","background-position":"center center","background-size":"auto","background-attachment":"scroll","background-type":"","background-media":"","overlay-type":"","overlay-color":"","overlay-opacity":"","overlay-gradient":""},"tablet":{"background-color":"var(--ast-global-color-5)","background-image":"","background-repeat":"repeat","background-position":"center center","background-size":"auto","background-attachment":"scroll","background-type":"","background-media":"","overlay-type":"","overlay-color":"","overlay-opacity":"","overlay-gradient":""},"mobile":{"background-color":"var(--ast-global-color-5)","background-image":"","background-repeat":"repeat","background-position":"center center","background-size":"auto","background-attachment":"scroll","background-type":"","background-media":"","overlay-type":"","overlay-color":"","overlay-opacity":"","overlay-gradient":""}}},"product_brand":[],"product_cat":[44,49],"product_tag":[],"class_list":{"0":"post-2868","1":"product","2":"type-product","3":"status-publish","4":"has-post-thumbnail","6":"product_cat-filtresanas-un-ventilacijas-sistemas","7":"product_cat-filtri","8":"desktop-align-left","9":"tablet-align-left","10":"mobile-align-left","12":"first","13":"instock","14":"shipping-taxable","15":"purchasable","16":"product-type-simple"},"yoast_head":"<!-- This site is optimized with the Yoast SEO Premium plugin v21.8 (Yoast SEO v26.6) - https:\/\/yoast.com\/wordpress\/plugins\/seo\/ -->\n<title>Spr\u0101dziendro\u0161i atv\u0113rti v\u0101rsti 9bar Y tips. - Pagrabu Eksperti<\/title>\n<meta name=\"robots\" content=\"index, follow, max-snippet:-1, max-image-preview:large, max-video-preview:-1\" \/>\n<link rel=\"canonical\" href=\"https:\/\/pagrabueksperti.lv\/en\/product\/spradziendrosi-atverti-varsti-9bar-y-tips\/\" \/>\n<meta property=\"og:locale\" content=\"en_GB\" \/>\n<meta property=\"og:type\" content=\"article\" \/>\n<meta property=\"og:title\" content=\"Spr\u0101dziendro\u0161i atv\u0113rti v\u0101rsti 9bar Y tips.\" \/>\n<meta property=\"og:description\" content=\"Spr\u0101dziendro\u0161ie v\u0101rsti ir specializ\u0113tas aizsargier\u012bces, kas norm\u0101los darb\u012bbas apst\u0101k\u013cos paliek atv\u0113rti, \u013caujot gaisam br\u012bvi pl\u016bst abos virzienos \u2013 gan uz aizsarg\u0101jamo telpu, gan \u0101r\u0101 no t\u0101. Tie efekt\u012bvi darbina dabisko ventil\u0101ciju, nodro\u0161inot pareizu gaisa cirkul\u0101ciju sist\u0113m\u0101. \u0160os v\u0101rstus parasti uzst\u0101da uz ventil\u0101cijas atver\u0113m vai gaisa vadiem k\u0101 da\u013cu no liel\u0101k\u0101m ventil\u0101cijas sist\u0113m\u0101m. To galvenais uzdevums [&hellip;]\" \/>\n<meta property=\"og:url\" content=\"https:\/\/pagrabueksperti.lv\/en\/product\/spradziendrosi-atverti-varsti-9bar-y-tips\/\" \/>\n<meta property=\"og:site_name\" content=\"Pagrabu Eksperti\" \/>\n<meta property=\"article:modified_time\" content=\"2025-02-26T18:14:38+00:00\" \/>\n<meta property=\"og:image\" content=\"http:\/\/pagrabueksperti.lv\/wp-content\/uploads\/2025\/02\/9-bar-y.png\" \/>\n\t<meta property=\"og:image:width\" content=\"295\" \/>\n\t<meta property=\"og:image:height\" content=\"218\" \/>\n\t<meta property=\"og:image:type\" content=\"image\/png\" \/>\n<meta name=\"twitter:card\" content=\"summary_large_image\" \/>\n<meta name=\"twitter:label1\" content=\"Estimated reading time\" \/>\n\t<meta name=\"twitter:data1\" content=\"2 minutes\" \/>\n<script type=\"application\/ld+json\" class=\"yoast-schema-graph\">{\"@context\":\"https:\/\/schema.org\",\"@graph\":[{\"@type\":\"WebPage\",\"@id\":\"https:\/\/pagrabueksperti.lv\/product\/spradziendrosi-atverti-varsti-9bar-y-tips\/\",\"url\":\"https:\/\/pagrabueksperti.lv\/product\/spradziendrosi-atverti-varsti-9bar-y-tips\/\",\"name\":\"Spr\u0101dziendro\u0161i atv\u0113rti v\u0101rsti 9bar Y tips. - Pagrabu Eksperti\",\"isPartOf\":{\"@id\":\"https:\/\/pagrabueksperti.lv\/#website\"},\"primaryImageOfPage\":{\"@id\":\"https:\/\/pagrabueksperti.lv\/product\/spradziendrosi-atverti-varsti-9bar-y-tips\/#primaryimage\"},\"image\":{\"@id\":\"https:\/\/pagrabueksperti.lv\/product\/spradziendrosi-atverti-varsti-9bar-y-tips\/#primaryimage\"},\"thumbnailUrl\":\"https:\/\/pagrabueksperti.lv\/wp-content\/uploads\/2025\/02\/9-bar-y.png\",\"datePublished\":\"2025-02-23T15:48:50+00:00\",\"dateModified\":\"2025-02-26T18:14:38+00:00\",\"breadcrumb\":{\"@id\":\"https:\/\/pagrabueksperti.lv\/product\/spradziendrosi-atverti-varsti-9bar-y-tips\/#breadcrumb\"},\"inLanguage\":\"en-GB\",\"potentialAction\":[{\"@type\":\"ReadAction\",\"target\":[\"https:\/\/pagrabueksperti.lv\/product\/spradziendrosi-atverti-varsti-9bar-y-tips\/\"]}]},{\"@type\":\"ImageObject\",\"inLanguage\":\"en-GB\",\"@id\":\"https:\/\/pagrabueksperti.lv\/product\/spradziendrosi-atverti-varsti-9bar-y-tips\/#primaryimage\",\"url\":\"https:\/\/pagrabueksperti.lv\/wp-content\/uploads\/2025\/02\/9-bar-y.png\",\"contentUrl\":\"https:\/\/pagrabueksperti.lv\/wp-content\/uploads\/2025\/02\/9-bar-y.png\",\"width\":295,\"height\":218},{\"@type\":\"BreadcrumbList\",\"@id\":\"https:\/\/pagrabueksperti.lv\/product\/spradziendrosi-atverti-varsti-9bar-y-tips\/#breadcrumb\",\"itemListElement\":[{\"@type\":\"ListItem\",\"position\":1,\"name\":\"Home\",\"item\":\"https:\/\/pagrabueksperti.lv\/\"},{\"@type\":\"ListItem\",\"position\":2,\"name\":\"Products\",\"item\":\"https:\/\/pagrabueksperti.lv\/shop__trashed\/\"},{\"@type\":\"ListItem\",\"position\":3,\"name\":\"Spr\u0101dziendro\u0161i atv\u0113rti v\u0101rsti 9bar Y tips.\"}]},{\"@type\":\"WebSite\",\"@id\":\"https:\/\/pagrabueksperti.lv\/#website\",\"url\":\"https:\/\/pagrabueksperti.lv\/\",\"name\":\"Pagrabu Eksperti\",\"description\":\"\",\"publisher\":{\"@id\":\"https:\/\/pagrabueksperti.lv\/#organization\"},\"potentialAction\":[{\"@type\":\"SearchAction\",\"target\":{\"@type\":\"EntryPoint\",\"urlTemplate\":\"https:\/\/pagrabueksperti.lv\/?s={search_term_string}\"},\"query-input\":{\"@type\":\"PropertyValueSpecification\",\"valueRequired\":true,\"valueName\":\"search_term_string\"}}],\"inLanguage\":\"en-GB\"},{\"@type\":\"Organization\",\"@id\":\"https:\/\/pagrabueksperti.lv\/#organization\",\"name\":\"Pagrabu Eksperti\",\"url\":\"https:\/\/pagrabueksperti.lv\/\",\"logo\":{\"@type\":\"ImageObject\",\"inLanguage\":\"en-GB\",\"@id\":\"https:\/\/pagrabueksperti.lv\/#\/schema\/logo\/image\/\",\"url\":\"https:\/\/pagrabueksperti.lv\/wp-content\/uploads\/2025\/02\/Group-20-3.png\",\"contentUrl\":\"https:\/\/pagrabueksperti.lv\/wp-content\/uploads\/2025\/02\/Group-20-3.png\",\"width\":894,\"height\":891,\"caption\":\"Pagrabu Eksperti\"},\"image\":{\"@id\":\"https:\/\/pagrabueksperti.lv\/#\/schema\/logo\/image\/\"}}]}<\/script>\n<!-- \/ Yoast SEO Premium plugin. -->","yoast_head_json":{"title":"Spr\u0101dziendro\u0161i atv\u0113rti v\u0101rsti 9bar Y tips. - Pagrabu Eksperti","robots":{"index":"index","follow":"follow","max-snippet":"max-snippet:-1","max-image-preview":"max-image-preview:large","max-video-preview":"max-video-preview:-1"},"canonical":"https:\/\/pagrabueksperti.lv\/en\/product\/spradziendrosi-atverti-varsti-9bar-y-tips\/","og_locale":"en_GB","og_type":"article","og_title":"Spr\u0101dziendro\u0161i atv\u0113rti v\u0101rsti 9bar Y tips.","og_description":"Spr\u0101dziendro\u0161ie v\u0101rsti ir specializ\u0113tas aizsargier\u012bces, kas norm\u0101los darb\u012bbas apst\u0101k\u013cos paliek atv\u0113rti, \u013caujot gaisam br\u012bvi pl\u016bst abos virzienos \u2013 gan uz aizsarg\u0101jamo telpu, gan \u0101r\u0101 no t\u0101. Tie efekt\u012bvi darbina dabisko ventil\u0101ciju, nodro\u0161inot pareizu gaisa cirkul\u0101ciju sist\u0113m\u0101. \u0160os v\u0101rstus parasti uzst\u0101da uz ventil\u0101cijas atver\u0113m vai gaisa vadiem k\u0101 da\u013cu no liel\u0101k\u0101m ventil\u0101cijas sist\u0113m\u0101m. To galvenais uzdevums [&hellip;]","og_url":"https:\/\/pagrabueksperti.lv\/en\/product\/spradziendrosi-atverti-varsti-9bar-y-tips\/","og_site_name":"Pagrabu Eksperti","article_modified_time":"2025-02-26T18:14:38+00:00","og_image":[{"width":295,"height":218,"url":"http:\/\/pagrabueksperti.lv\/wp-content\/uploads\/2025\/02\/9-bar-y.png","type":"image\/png"}],"twitter_card":"summary_large_image","twitter_misc":{"Estimated reading time":"2 minutes"},"schema":{"@context":"https:\/\/schema.org","@graph":[{"@type":"WebPage","@id":"https:\/\/pagrabueksperti.lv\/product\/spradziendrosi-atverti-varsti-9bar-y-tips\/","url":"https:\/\/pagrabueksperti.lv\/product\/spradziendrosi-atverti-varsti-9bar-y-tips\/","name":"Spr\u0101dziendro\u0161i atv\u0113rti v\u0101rsti 9bar Y tips. - Pagrabu Eksperti","isPartOf":{"@id":"https:\/\/pagrabueksperti.lv\/#website"},"primaryImageOfPage":{"@id":"https:\/\/pagrabueksperti.lv\/product\/spradziendrosi-atverti-varsti-9bar-y-tips\/#primaryimage"},"image":{"@id":"https:\/\/pagrabueksperti.lv\/product\/spradziendrosi-atverti-varsti-9bar-y-tips\/#primaryimage"},"thumbnailUrl":"https:\/\/pagrabueksperti.lv\/wp-content\/uploads\/2025\/02\/9-bar-y.png","datePublished":"2025-02-23T15:48:50+00:00","dateModified":"2025-02-26T18:14:38+00:00","breadcrumb":{"@id":"https:\/\/pagrabueksperti.lv\/product\/spradziendrosi-atverti-varsti-9bar-y-tips\/#breadcrumb"},"inLanguage":"en-GB","potentialAction":[{"@type":"ReadAction","target":["https:\/\/pagrabueksperti.lv\/product\/spradziendrosi-atverti-varsti-9bar-y-tips\/"]}]},{"@type":"ImageObject","inLanguage":"en-GB","@id":"https:\/\/pagrabueksperti.lv\/product\/spradziendrosi-atverti-varsti-9bar-y-tips\/#primaryimage","url":"https:\/\/pagrabueksperti.lv\/wp-content\/uploads\/2025\/02\/9-bar-y.png","contentUrl":"https:\/\/pagrabueksperti.lv\/wp-content\/uploads\/2025\/02\/9-bar-y.png","width":295,"height":218},{"@type":"BreadcrumbList","@id":"https:\/\/pagrabueksperti.lv\/product\/spradziendrosi-atverti-varsti-9bar-y-tips\/#breadcrumb","itemListElement":[{"@type":"ListItem","position":1,"name":"Home","item":"https:\/\/pagrabueksperti.lv\/"},{"@type":"ListItem","position":2,"name":"Products","item":"https:\/\/pagrabueksperti.lv\/shop__trashed\/"},{"@type":"ListItem","position":3,"name":"Spr\u0101dziendro\u0161i atv\u0113rti v\u0101rsti 9bar Y tips."}]},{"@type":"WebSite","@id":"https:\/\/pagrabueksperti.lv\/#website","url":"https:\/\/pagrabueksperti.lv\/","name":"Pagrabu Eksperti","description":"","publisher":{"@id":"https:\/\/pagrabueksperti.lv\/#organization"},"potentialAction":[{"@type":"SearchAction","target":{"@type":"EntryPoint","urlTemplate":"https:\/\/pagrabueksperti.lv\/?s={search_term_string}"},"query-input":{"@type":"PropertyValueSpecification","valueRequired":true,"valueName":"search_term_string"}}],"inLanguage":"en-GB"},{"@type":"Organization","@id":"https:\/\/pagrabueksperti.lv\/#organization","name":"Pagrabu Eksperti","url":"https:\/\/pagrabueksperti.lv\/","logo":{"@type":"ImageObject","inLanguage":"en-GB","@id":"https:\/\/pagrabueksperti.lv\/#\/schema\/logo\/image\/","url":"https:\/\/pagrabueksperti.lv\/wp-content\/uploads\/2025\/02\/Group-20-3.png","contentUrl":"https:\/\/pagrabueksperti.lv\/wp-content\/uploads\/2025\/02\/Group-20-3.png","width":894,"height":891,"caption":"Pagrabu Eksperti"},"image":{"@id":"https:\/\/pagrabueksperti.lv\/#\/schema\/logo\/image\/"}}]}},"_links":{"self":[{"href":"https:\/\/pagrabueksperti.lv\/en\/wp-json\/wp\/v2\/product\/2868","targetHints":{"allow":["GET"]}}],"collection":[{"href":"https:\/\/pagrabueksperti.lv\/en\/wp-json\/wp\/v2\/product"}],"about":[{"href":"https:\/\/pagrabueksperti.lv\/en\/wp-json\/wp\/v2\/types\/product"}],"replies":[{"embeddable":true,"href":"https:\/\/pagrabueksperti.lv\/en\/wp-json\/wp\/v2\/comments?post=2868"}],"wp:featuredmedia":[{"embeddable":true,"href":"https:\/\/pagrabueksperti.lv\/en\/wp-json\/wp\/v2\/media\/3028"}],"wp:attachment":[{"href":"https:\/\/pagrabueksperti.lv\/en\/wp-json\/wp\/v2\/media?parent=2868"}],"wp:term":[{"taxonomy":"product_brand","embeddable":true,"href":"https:\/\/pagrabueksperti.lv\/en\/wp-json\/wp\/v2\/product_brand?post=2868"},{"taxonomy":"product_cat","embeddable":true,"href":"https:\/\/pagrabueksperti.lv\/en\/wp-json\/wp\/v2\/product_cat?post=2868"},{"taxonomy":"product_tag","embeddable":true,"href":"https:\/\/pagrabueksperti.lv\/en\/wp-json\/wp\/v2\/product_tag?post=2868"}],"curies":[{"name":"wp","href":"https:\/\/api.w.org\/{rel}","templated":true}]}}