{"id":2866,"date":"2025-02-23T17:48:33","date_gmt":"2025-02-23T15:48:33","guid":{"rendered":"https:\/\/pagrabueksperti.lv\/?post_type=product&#038;p=2866"},"modified":"2025-02-26T20:14:45","modified_gmt":"2025-02-26T18:14:45","slug":"slegti-spradziendrosi-varsti-9bar-bvnc","status":"publish","type":"product","link":"https:\/\/pagrabueksperti.lv\/en\/product\/slegti-spradziendrosi-varsti-9bar-bvnc\/","title":{"rendered":"Explosion-proof valves 9Bar BVNC closed."},"content":{"rendered":"<p>Pressure relief valves are specialised devices that normally operate as closed valves. They are designed to effectively maintain excessive pressure in the protected area. In addition, their operating principles provide additional protection against explosions. This makes them important for protecting premises exposed to potential threats. In this way, these valves play an important role in ensuring safety and stability in facilities that require special protection.<\/p>\n<p>Such a valve works by remaining closed until a certain level of overpressure is reached in the bunker or shelter. When the internal pressure exceeds the set threshold, the valve automatically opens, allowing excess air or pressure to be released. This prevents further pressure build-up that could damage the structure or endanger the safety of people in the protected space.<\/p>\n<p>BVNC valve range:<\/p>\n<p>BVN\u0421 40 - 40 m\u00b3\/h nominal air flow at 200 Pa<br \/>\nBVN\u0421 300 - 300 m\u00b3\/h nominal air flow at 200 Pa<br \/>\nBVN\u0421 600 - 600 m\u00b3\/h nominal air flow at 200 Pa<br \/>\nBVN\u0421 1500 - 1500 m\u00b3\/h nominal air flow at 200 Pa<br \/>\nBVN\u0421 2100 - 2100 m\u00b3\/h nominal air flow at 200 Pa<br \/>\nBVN\u0421 3300 - 3300 m\u00b3\/h nominal air flow at 200 Pa<br \/>\nTechnical specifications for explosion-proof closed valves:<\/p>\n<p>Resistance to back pressure: &gt;900 (9) Kpa (bar)<br \/>\nMechanical shock resistance: &gt;12 g<br \/>\nValues are for version Y (valve with protection only)<br \/>\nBVN\u0421 valves can be fitted with a special housing<br \/>\n(for connection to ducting, flanges, pre-filters, connectors)<\/p>","protected":false},"excerpt":{"rendered":"<p>Spiediena samazin\u0101\u0161anas v\u0101rsti ir specializ\u0113tas ier\u012bces, kas norm\u0101los apst\u0101k\u013cos darbojas k\u0101 sl\u0113gti v\u0101rsti. Tie ir izstr\u0101d\u0101ti, lai efekt\u012bvi uztur\u0113tu p\u0101rm\u0113r\u012bgu spiedienu aizsarg\u0101jamaj\u0101 zon\u0101. Turkl\u0101t to darb\u012bbas principi nodro\u0161ina papildu aizsardz\u012bbu pret spr\u0101dzieniem. Tas padara tos svar\u012bgus, lai aizsarg\u0101tu telpas, kas pak\u013cautas iesp\u0113jamiem draudiem. T\u0101d\u0101 veid\u0101 \u0161iem v\u0101rstiem ir svar\u012bga noz\u012bme dro\u0161\u012bbas un stabilit\u0101tes nodro\u0161in\u0101\u0161an\u0101 objektos, [&hellip;]<\/p>","protected":false},"featured_media":3022,"comment_status":"open","ping_status":"closed","template":"","meta":{"site-sidebar-layout":"default","site-content-layout":"","ast-site-content-layout":"default","site-content-style":"default","site-sidebar-style":"default","ast-global-header-display":"","ast-banner-title-visibility":"","ast-main-header-display":"","ast-hfb-above-header-display":"","ast-hfb-below-header-display":"","ast-hfb-mobile-header-display":"","site-post-title":"","ast-breadcrumbs-content":"","ast-featured-img":"","footer-sml-layout":"","ast-disable-related-posts":"","theme-transparent-header-meta":"default","adv-header-id-meta":"","stick-header-meta":"","header-above-stick-meta":"","header-main-stick-meta":"","header-below-stick-meta":"","astra-migrate-meta-layouts":"set","ast-page-background-enabled":"default","ast-page-background-meta":{"desktop":{"background-color":"","background-image":"","background-repeat":"repeat","background-position":"center center","background-size":"auto","background-attachment":"scroll","background-type":"","background-media":"","overlay-type":"","overlay-color":"","overlay-opacity":"","overlay-gradient":""},"tablet":{"background-color":"","background-image":"","background-repeat":"repeat","background-position":"center center","background-size":"auto","background-attachment":"scroll","background-type":"","background-media":"","overlay-type":"","overlay-color":"","overlay-opacity":"","overlay-gradient":""},"mobile":{"background-color":"","background-image":"","background-repeat":"repeat","background-position":"center center","background-size":"auto","background-attachment":"scroll","background-type":"","background-media":"","overlay-type":"","overlay-color":"","overlay-opacity":"","overlay-gradient":""}},"ast-content-background-meta":{"desktop":{"background-color":"var(--ast-global-color-5)","background-image":"","background-repeat":"repeat","background-position":"center center","background-size":"auto","background-attachment":"scroll","background-type":"","background-media":"","overlay-type":"","overlay-color":"","overlay-opacity":"","overlay-gradient":""},"tablet":{"background-color":"var(--ast-global-color-5)","background-image":"","background-repeat":"repeat","background-position":"center center","background-size":"auto","background-attachment":"scroll","background-type":"","background-media":"","overlay-type":"","overlay-color":"","overlay-opacity":"","overlay-gradient":""},"mobile":{"background-color":"var(--ast-global-color-5)","background-image":"","background-repeat":"repeat","background-position":"center center","background-size":"auto","background-attachment":"scroll","background-type":"","background-media":"","overlay-type":"","overlay-color":"","overlay-opacity":"","overlay-gradient":""}}},"product_brand":[],"product_cat":[44,49],"product_tag":[],"class_list":{"0":"post-2866","1":"product","2":"type-product","3":"status-publish","4":"has-post-thumbnail","6":"product_cat-filtresanas-un-ventilacijas-sistemas","7":"product_cat-filtri","8":"desktop-align-left","9":"tablet-align-left","10":"mobile-align-left","12":"first","13":"instock","14":"shipping-taxable","15":"purchasable","16":"product-type-simple"},"yoast_head":"<!-- This site is optimized with the Yoast SEO Premium plugin v21.8 (Yoast SEO v26.6) - https:\/\/yoast.com\/wordpress\/plugins\/seo\/ -->\n<title>Sl\u0113gti spr\u0101dziendro\u0161i v\u0101rsti 9Bar BVNC. - Pagrabu Eksperti<\/title>\n<meta name=\"robots\" content=\"index, follow, max-snippet:-1, max-image-preview:large, max-video-preview:-1\" \/>\n<link rel=\"canonical\" href=\"https:\/\/pagrabueksperti.lv\/en\/product\/slegti-spradziendrosi-varsti-9bar-bvnc\/\" \/>\n<meta property=\"og:locale\" content=\"en_GB\" \/>\n<meta property=\"og:type\" content=\"article\" \/>\n<meta property=\"og:title\" content=\"Sl\u0113gti spr\u0101dziendro\u0161i v\u0101rsti 9Bar BVNC.\" \/>\n<meta property=\"og:description\" content=\"Spiediena samazin\u0101\u0161anas v\u0101rsti ir specializ\u0113tas ier\u012bces, kas norm\u0101los apst\u0101k\u013cos darbojas k\u0101 sl\u0113gti v\u0101rsti. Tie ir izstr\u0101d\u0101ti, lai efekt\u012bvi uztur\u0113tu p\u0101rm\u0113r\u012bgu spiedienu aizsarg\u0101jamaj\u0101 zon\u0101. Turkl\u0101t to darb\u012bbas principi nodro\u0161ina papildu aizsardz\u012bbu pret spr\u0101dzieniem. Tas padara tos svar\u012bgus, lai aizsarg\u0101tu telpas, kas pak\u013cautas iesp\u0113jamiem draudiem. T\u0101d\u0101 veid\u0101 \u0161iem v\u0101rstiem ir svar\u012bga noz\u012bme dro\u0161\u012bbas un stabilit\u0101tes nodro\u0161in\u0101\u0161an\u0101 objektos, [&hellip;]\" \/>\n<meta property=\"og:url\" content=\"https:\/\/pagrabueksperti.lv\/en\/product\/slegti-spradziendrosi-varsti-9bar-bvnc\/\" \/>\n<meta property=\"og:site_name\" content=\"Pagrabu Eksperti\" \/>\n<meta property=\"article:modified_time\" content=\"2025-02-26T18:14:45+00:00\" \/>\n<meta property=\"og:image\" content=\"http:\/\/pagrabueksperti.lv\/wp-content\/uploads\/2025\/02\/bvnc1.png\" \/>\n\t<meta property=\"og:image:width\" content=\"808\" \/>\n\t<meta property=\"og:image:height\" content=\"816\" \/>\n\t<meta property=\"og:image:type\" content=\"image\/png\" \/>\n<meta name=\"twitter:card\" content=\"summary_large_image\" \/>\n<meta name=\"twitter:label1\" content=\"Estimated reading time\" \/>\n\t<meta name=\"twitter:data1\" content=\"2 minutes\" \/>\n<script type=\"application\/ld+json\" class=\"yoast-schema-graph\">{\"@context\":\"https:\/\/schema.org\",\"@graph\":[{\"@type\":\"WebPage\",\"@id\":\"https:\/\/pagrabueksperti.lv\/product\/slegti-spradziendrosi-varsti-9bar-bvnc\/\",\"url\":\"https:\/\/pagrabueksperti.lv\/product\/slegti-spradziendrosi-varsti-9bar-bvnc\/\",\"name\":\"Sl\u0113gti spr\u0101dziendro\u0161i v\u0101rsti 9Bar BVNC. - Pagrabu Eksperti\",\"isPartOf\":{\"@id\":\"https:\/\/pagrabueksperti.lv\/#website\"},\"primaryImageOfPage\":{\"@id\":\"https:\/\/pagrabueksperti.lv\/product\/slegti-spradziendrosi-varsti-9bar-bvnc\/#primaryimage\"},\"image\":{\"@id\":\"https:\/\/pagrabueksperti.lv\/product\/slegti-spradziendrosi-varsti-9bar-bvnc\/#primaryimage\"},\"thumbnailUrl\":\"https:\/\/pagrabueksperti.lv\/wp-content\/uploads\/2025\/02\/bvnc1.png\",\"datePublished\":\"2025-02-23T15:48:33+00:00\",\"dateModified\":\"2025-02-26T18:14:45+00:00\",\"breadcrumb\":{\"@id\":\"https:\/\/pagrabueksperti.lv\/product\/slegti-spradziendrosi-varsti-9bar-bvnc\/#breadcrumb\"},\"inLanguage\":\"en-GB\",\"potentialAction\":[{\"@type\":\"ReadAction\",\"target\":[\"https:\/\/pagrabueksperti.lv\/product\/slegti-spradziendrosi-varsti-9bar-bvnc\/\"]}]},{\"@type\":\"ImageObject\",\"inLanguage\":\"en-GB\",\"@id\":\"https:\/\/pagrabueksperti.lv\/product\/slegti-spradziendrosi-varsti-9bar-bvnc\/#primaryimage\",\"url\":\"https:\/\/pagrabueksperti.lv\/wp-content\/uploads\/2025\/02\/bvnc1.png\",\"contentUrl\":\"https:\/\/pagrabueksperti.lv\/wp-content\/uploads\/2025\/02\/bvnc1.png\",\"width\":808,\"height\":816},{\"@type\":\"BreadcrumbList\",\"@id\":\"https:\/\/pagrabueksperti.lv\/product\/slegti-spradziendrosi-varsti-9bar-bvnc\/#breadcrumb\",\"itemListElement\":[{\"@type\":\"ListItem\",\"position\":1,\"name\":\"Home\",\"item\":\"https:\/\/pagrabueksperti.lv\/\"},{\"@type\":\"ListItem\",\"position\":2,\"name\":\"Products\",\"item\":\"https:\/\/pagrabueksperti.lv\/shop__trashed\/\"},{\"@type\":\"ListItem\",\"position\":3,\"name\":\"Sl\u0113gti spr\u0101dziendro\u0161i v\u0101rsti 9Bar BVNC.\"}]},{\"@type\":\"WebSite\",\"@id\":\"https:\/\/pagrabueksperti.lv\/#website\",\"url\":\"https:\/\/pagrabueksperti.lv\/\",\"name\":\"Pagrabu Eksperti\",\"description\":\"\",\"publisher\":{\"@id\":\"https:\/\/pagrabueksperti.lv\/#organization\"},\"potentialAction\":[{\"@type\":\"SearchAction\",\"target\":{\"@type\":\"EntryPoint\",\"urlTemplate\":\"https:\/\/pagrabueksperti.lv\/?s={search_term_string}\"},\"query-input\":{\"@type\":\"PropertyValueSpecification\",\"valueRequired\":true,\"valueName\":\"search_term_string\"}}],\"inLanguage\":\"en-GB\"},{\"@type\":\"Organization\",\"@id\":\"https:\/\/pagrabueksperti.lv\/#organization\",\"name\":\"Pagrabu Eksperti\",\"url\":\"https:\/\/pagrabueksperti.lv\/\",\"logo\":{\"@type\":\"ImageObject\",\"inLanguage\":\"en-GB\",\"@id\":\"https:\/\/pagrabueksperti.lv\/#\/schema\/logo\/image\/\",\"url\":\"https:\/\/pagrabueksperti.lv\/wp-content\/uploads\/2025\/02\/Group-20-3.png\",\"contentUrl\":\"https:\/\/pagrabueksperti.lv\/wp-content\/uploads\/2025\/02\/Group-20-3.png\",\"width\":894,\"height\":891,\"caption\":\"Pagrabu Eksperti\"},\"image\":{\"@id\":\"https:\/\/pagrabueksperti.lv\/#\/schema\/logo\/image\/\"}}]}<\/script>\n<!-- \/ Yoast SEO Premium plugin. -->","yoast_head_json":{"title":"Sl\u0113gti spr\u0101dziendro\u0161i v\u0101rsti 9Bar BVNC. - Pagrabu Eksperti","robots":{"index":"index","follow":"follow","max-snippet":"max-snippet:-1","max-image-preview":"max-image-preview:large","max-video-preview":"max-video-preview:-1"},"canonical":"https:\/\/pagrabueksperti.lv\/en\/product\/slegti-spradziendrosi-varsti-9bar-bvnc\/","og_locale":"en_GB","og_type":"article","og_title":"Sl\u0113gti spr\u0101dziendro\u0161i v\u0101rsti 9Bar BVNC.","og_description":"Spiediena samazin\u0101\u0161anas v\u0101rsti ir specializ\u0113tas ier\u012bces, kas norm\u0101los apst\u0101k\u013cos darbojas k\u0101 sl\u0113gti v\u0101rsti. Tie ir izstr\u0101d\u0101ti, lai efekt\u012bvi uztur\u0113tu p\u0101rm\u0113r\u012bgu spiedienu aizsarg\u0101jamaj\u0101 zon\u0101. Turkl\u0101t to darb\u012bbas principi nodro\u0161ina papildu aizsardz\u012bbu pret spr\u0101dzieniem. Tas padara tos svar\u012bgus, lai aizsarg\u0101tu telpas, kas pak\u013cautas iesp\u0113jamiem draudiem. T\u0101d\u0101 veid\u0101 \u0161iem v\u0101rstiem ir svar\u012bga noz\u012bme dro\u0161\u012bbas un stabilit\u0101tes nodro\u0161in\u0101\u0161an\u0101 objektos, [&hellip;]","og_url":"https:\/\/pagrabueksperti.lv\/en\/product\/slegti-spradziendrosi-varsti-9bar-bvnc\/","og_site_name":"Pagrabu Eksperti","article_modified_time":"2025-02-26T18:14:45+00:00","og_image":[{"width":808,"height":816,"url":"http:\/\/pagrabueksperti.lv\/wp-content\/uploads\/2025\/02\/bvnc1.png","type":"image\/png"}],"twitter_card":"summary_large_image","twitter_misc":{"Estimated reading time":"2 minutes"},"schema":{"@context":"https:\/\/schema.org","@graph":[{"@type":"WebPage","@id":"https:\/\/pagrabueksperti.lv\/product\/slegti-spradziendrosi-varsti-9bar-bvnc\/","url":"https:\/\/pagrabueksperti.lv\/product\/slegti-spradziendrosi-varsti-9bar-bvnc\/","name":"Sl\u0113gti spr\u0101dziendro\u0161i v\u0101rsti 9Bar BVNC. - Pagrabu Eksperti","isPartOf":{"@id":"https:\/\/pagrabueksperti.lv\/#website"},"primaryImageOfPage":{"@id":"https:\/\/pagrabueksperti.lv\/product\/slegti-spradziendrosi-varsti-9bar-bvnc\/#primaryimage"},"image":{"@id":"https:\/\/pagrabueksperti.lv\/product\/slegti-spradziendrosi-varsti-9bar-bvnc\/#primaryimage"},"thumbnailUrl":"https:\/\/pagrabueksperti.lv\/wp-content\/uploads\/2025\/02\/bvnc1.png","datePublished":"2025-02-23T15:48:33+00:00","dateModified":"2025-02-26T18:14:45+00:00","breadcrumb":{"@id":"https:\/\/pagrabueksperti.lv\/product\/slegti-spradziendrosi-varsti-9bar-bvnc\/#breadcrumb"},"inLanguage":"en-GB","potentialAction":[{"@type":"ReadAction","target":["https:\/\/pagrabueksperti.lv\/product\/slegti-spradziendrosi-varsti-9bar-bvnc\/"]}]},{"@type":"ImageObject","inLanguage":"en-GB","@id":"https:\/\/pagrabueksperti.lv\/product\/slegti-spradziendrosi-varsti-9bar-bvnc\/#primaryimage","url":"https:\/\/pagrabueksperti.lv\/wp-content\/uploads\/2025\/02\/bvnc1.png","contentUrl":"https:\/\/pagrabueksperti.lv\/wp-content\/uploads\/2025\/02\/bvnc1.png","width":808,"height":816},{"@type":"BreadcrumbList","@id":"https:\/\/pagrabueksperti.lv\/product\/slegti-spradziendrosi-varsti-9bar-bvnc\/#breadcrumb","itemListElement":[{"@type":"ListItem","position":1,"name":"Home","item":"https:\/\/pagrabueksperti.lv\/"},{"@type":"ListItem","position":2,"name":"Products","item":"https:\/\/pagrabueksperti.lv\/shop__trashed\/"},{"@type":"ListItem","position":3,"name":"Sl\u0113gti spr\u0101dziendro\u0161i v\u0101rsti 9Bar BVNC."}]},{"@type":"WebSite","@id":"https:\/\/pagrabueksperti.lv\/#website","url":"https:\/\/pagrabueksperti.lv\/","name":"Pagrabu Eksperti","description":"","publisher":{"@id":"https:\/\/pagrabueksperti.lv\/#organization"},"potentialAction":[{"@type":"SearchAction","target":{"@type":"EntryPoint","urlTemplate":"https:\/\/pagrabueksperti.lv\/?s={search_term_string}"},"query-input":{"@type":"PropertyValueSpecification","valueRequired":true,"valueName":"search_term_string"}}],"inLanguage":"en-GB"},{"@type":"Organization","@id":"https:\/\/pagrabueksperti.lv\/#organization","name":"Pagrabu Eksperti","url":"https:\/\/pagrabueksperti.lv\/","logo":{"@type":"ImageObject","inLanguage":"en-GB","@id":"https:\/\/pagrabueksperti.lv\/#\/schema\/logo\/image\/","url":"https:\/\/pagrabueksperti.lv\/wp-content\/uploads\/2025\/02\/Group-20-3.png","contentUrl":"https:\/\/pagrabueksperti.lv\/wp-content\/uploads\/2025\/02\/Group-20-3.png","width":894,"height":891,"caption":"Pagrabu Eksperti"},"image":{"@id":"https:\/\/pagrabueksperti.lv\/#\/schema\/logo\/image\/"}}]}},"_links":{"self":[{"href":"https:\/\/pagrabueksperti.lv\/en\/wp-json\/wp\/v2\/product\/2866","targetHints":{"allow":["GET"]}}],"collection":[{"href":"https:\/\/pagrabueksperti.lv\/en\/wp-json\/wp\/v2\/product"}],"about":[{"href":"https:\/\/pagrabueksperti.lv\/en\/wp-json\/wp\/v2\/types\/product"}],"replies":[{"embeddable":true,"href":"https:\/\/pagrabueksperti.lv\/en\/wp-json\/wp\/v2\/comments?post=2866"}],"wp:featuredmedia":[{"embeddable":true,"href":"https:\/\/pagrabueksperti.lv\/en\/wp-json\/wp\/v2\/media\/3022"}],"wp:attachment":[{"href":"https:\/\/pagrabueksperti.lv\/en\/wp-json\/wp\/v2\/media?parent=2866"}],"wp:term":[{"taxonomy":"product_brand","embeddable":true,"href":"https:\/\/pagrabueksperti.lv\/en\/wp-json\/wp\/v2\/product_brand?post=2866"},{"taxonomy":"product_cat","embeddable":true,"href":"https:\/\/pagrabueksperti.lv\/en\/wp-json\/wp\/v2\/product_cat?post=2866"},{"taxonomy":"product_tag","embeddable":true,"href":"https:\/\/pagrabueksperti.lv\/en\/wp-json\/wp\/v2\/product_tag?post=2866"}],"curies":[{"name":"wp","href":"https:\/\/api.w.org\/{rel}","templated":true}]}}