{"id":2864,"date":"2025-02-23T17:48:06","date_gmt":"2025-02-23T15:48:06","guid":{"rendered":"https:\/\/pagrabueksperti.lv\/?post_type=product&#038;p=2864"},"modified":"2025-02-26T20:14:55","modified_gmt":"2025-02-26T18:14:55","slug":"spradziendrosi-atverti-varsti-9bar-x-tips","status":"publish","type":"product","link":"https:\/\/pagrabueksperti.lv\/en\/product\/spradziendrosi-atverti-varsti-9bar-x-tips\/","title":{"rendered":"Explosion-proof open valves, 9 bars, Type X"},"content":{"rendered":"<p>With pre-filter and protective cover (without housing)<br \/>\nExplosion-proof valves are protective devices that remain open under normal conditions. This allows air to flow freely in both directions - in and out of the protected space. They are usually installed on vents or ducts in ventilation systems. Their main task is to protect the shelter spaces, structures against the pressure waves, both positive and negative, generated by the explosion.<\/p>\n<p>Pieejamie BVNO atv\u0113rto spr\u0101dziendro\u0161o v\u0101rstu mode\u013ci:<br \/>\nBVNO 50 - nominal air flow: 50 m\u00b3\/h at 200 Pa<br \/>\nBVNO 550 \u2013 nominal air flow: 550 m\u00b3\/h at 200 Pa<br \/>\nBVNO 600 \u2013 nominal air flow: 600 m\u00b3\/h at 200 Pa<br \/>\nBVNO 1000 \u2013 nominal air flow: 1000 m\u00b3\/h at 200 Pa<br \/>\nBVNO 1800 \u2013 nominal air flow: 1800 m\u00b3\/h at 200 Pa<br \/>\nBVNO 2600 \u2013 nominal air flow: 2600 m\u00b3\/h at 200 Pa<br \/>\nBVNO 2900 \u2013 nominal air flow: 2900 m\u00b3\/h at 200 Pa<\/p>\n<p>Technical specifications for explosion-proof valves:<br \/>\nResistance to back pressure: &gt;900 kPa (9 bar)<br \/>\nMechanical shock resistance: &gt;12 g<br \/>\nValues apply to version Y (safety valve only).<br \/>\nBVNO valves can be customised to suit individual needs, for example by fitting them with a body that connects to the duct, as well as flanges, pre-filters or quick connectors. In addition, such customisation makes it easier to integrate existing ventilation systems. This allows BVNO valves to meet different requirements, both in terms of installation and specific operating conditions.<\/p>","protected":false},"excerpt":{"rendered":"<p>Ar priek\u0161filtru un aizsargapvalku (bez korpusa) Spr\u0101dziendro\u0161ie v\u0101rsti ir aizsargier\u012bces, kas norm\u0101los apst\u0101k\u013cos paliek atv\u0113rtas. Tas \u013cauj gaisam br\u012bvi pl\u016bst abos virzienos \u2013 gan uz aizsarg\u0101jamo telpu, gan no t\u0101s. Parasti tos uzst\u0101da uz ventil\u0101cijas atver\u0113m vai gaisa vadiem ventil\u0101cijas sist\u0113m\u0101s. To galvenais uzdevums ir aizsarg\u0101t patvertnes telpas, b\u016bves pret spr\u0101dziena rad\u012bto spiediena vi\u013c\u0146u, gan [&hellip;]<\/p>","protected":false},"featured_media":3020,"comment_status":"open","ping_status":"closed","template":"","meta":{"site-sidebar-layout":"default","site-content-layout":"","ast-site-content-layout":"default","site-content-style":"default","site-sidebar-style":"default","ast-global-header-display":"","ast-banner-title-visibility":"","ast-main-header-display":"","ast-hfb-above-header-display":"","ast-hfb-below-header-display":"","ast-hfb-mobile-header-display":"","site-post-title":"","ast-breadcrumbs-content":"","ast-featured-img":"","footer-sml-layout":"","ast-disable-related-posts":"","theme-transparent-header-meta":"default","adv-header-id-meta":"","stick-header-meta":"","header-above-stick-meta":"","header-main-stick-meta":"","header-below-stick-meta":"","astra-migrate-meta-layouts":"set","ast-page-background-enabled":"default","ast-page-background-meta":{"desktop":{"background-color":"","background-image":"","background-repeat":"repeat","background-position":"center center","background-size":"auto","background-attachment":"scroll","background-type":"","background-media":"","overlay-type":"","overlay-color":"","overlay-opacity":"","overlay-gradient":""},"tablet":{"background-color":"","background-image":"","background-repeat":"repeat","background-position":"center center","background-size":"auto","background-attachment":"scroll","background-type":"","background-media":"","overlay-type":"","overlay-color":"","overlay-opacity":"","overlay-gradient":""},"mobile":{"background-color":"","background-image":"","background-repeat":"repeat","background-position":"center center","background-size":"auto","background-attachment":"scroll","background-type":"","background-media":"","overlay-type":"","overlay-color":"","overlay-opacity":"","overlay-gradient":""}},"ast-content-background-meta":{"desktop":{"background-color":"var(--ast-global-color-5)","background-image":"","background-repeat":"repeat","background-position":"center center","background-size":"auto","background-attachment":"scroll","background-type":"","background-media":"","overlay-type":"","overlay-color":"","overlay-opacity":"","overlay-gradient":""},"tablet":{"background-color":"var(--ast-global-color-5)","background-image":"","background-repeat":"repeat","background-position":"center center","background-size":"auto","background-attachment":"scroll","background-type":"","background-media":"","overlay-type":"","overlay-color":"","overlay-opacity":"","overlay-gradient":""},"mobile":{"background-color":"var(--ast-global-color-5)","background-image":"","background-repeat":"repeat","background-position":"center center","background-size":"auto","background-attachment":"scroll","background-type":"","background-media":"","overlay-type":"","overlay-color":"","overlay-opacity":"","overlay-gradient":""}}},"product_brand":[],"product_cat":[44,49],"product_tag":[],"class_list":{"0":"post-2864","1":"product","2":"type-product","3":"status-publish","4":"has-post-thumbnail","6":"product_cat-filtresanas-un-ventilacijas-sistemas","7":"product_cat-filtri","8":"desktop-align-left","9":"tablet-align-left","10":"mobile-align-left","12":"first","13":"instock","14":"shipping-taxable","15":"purchasable","16":"product-type-simple"},"yoast_head":"<!-- This site is optimized with the Yoast SEO Premium plugin v21.8 (Yoast SEO v26.6) - https:\/\/yoast.com\/wordpress\/plugins\/seo\/ -->\n<title>Spr\u0101dziendro\u0161i atv\u0113rti v\u0101rsti 9bar X tips - Pagrabu Eksperti<\/title>\n<meta name=\"robots\" content=\"index, follow, max-snippet:-1, max-image-preview:large, max-video-preview:-1\" \/>\n<link rel=\"canonical\" href=\"https:\/\/pagrabueksperti.lv\/en\/product\/spradziendrosi-atverti-varsti-9bar-x-tips\/\" \/>\n<meta property=\"og:locale\" content=\"en_GB\" \/>\n<meta property=\"og:type\" content=\"article\" \/>\n<meta property=\"og:title\" content=\"Spr\u0101dziendro\u0161i atv\u0113rti v\u0101rsti 9bar X tips\" \/>\n<meta property=\"og:description\" content=\"Ar priek\u0161filtru un aizsargapvalku (bez korpusa) Spr\u0101dziendro\u0161ie v\u0101rsti ir aizsargier\u012bces, kas norm\u0101los apst\u0101k\u013cos paliek atv\u0113rtas. Tas \u013cauj gaisam br\u012bvi pl\u016bst abos virzienos \u2013 gan uz aizsarg\u0101jamo telpu, gan no t\u0101s. Parasti tos uzst\u0101da uz ventil\u0101cijas atver\u0113m vai gaisa vadiem ventil\u0101cijas sist\u0113m\u0101s. To galvenais uzdevums ir aizsarg\u0101t patvertnes telpas, b\u016bves pret spr\u0101dziena rad\u012bto spiediena vi\u013c\u0146u, gan [&hellip;]\" \/>\n<meta property=\"og:url\" content=\"https:\/\/pagrabueksperti.lv\/en\/product\/spradziendrosi-atverti-varsti-9bar-x-tips\/\" \/>\n<meta property=\"og:site_name\" content=\"Pagrabu Eksperti\" \/>\n<meta property=\"article:modified_time\" content=\"2025-02-26T18:14:55+00:00\" \/>\n<meta property=\"og:image\" content=\"http:\/\/pagrabueksperti.lv\/wp-content\/uploads\/2025\/02\/9-bar-x.png\" \/>\n\t<meta property=\"og:image:width\" content=\"1013\" \/>\n\t<meta property=\"og:image:height\" content=\"822\" \/>\n\t<meta property=\"og:image:type\" content=\"image\/png\" \/>\n<meta name=\"twitter:card\" content=\"summary_large_image\" \/>\n<meta name=\"twitter:label1\" content=\"Estimated reading time\" \/>\n\t<meta name=\"twitter:data1\" content=\"2 minutes\" \/>\n<script type=\"application\/ld+json\" class=\"yoast-schema-graph\">{\"@context\":\"https:\/\/schema.org\",\"@graph\":[{\"@type\":\"WebPage\",\"@id\":\"https:\/\/pagrabueksperti.lv\/product\/spradziendrosi-atverti-varsti-9bar-x-tips\/\",\"url\":\"https:\/\/pagrabueksperti.lv\/product\/spradziendrosi-atverti-varsti-9bar-x-tips\/\",\"name\":\"Spr\u0101dziendro\u0161i atv\u0113rti v\u0101rsti 9bar X tips - Pagrabu Eksperti\",\"isPartOf\":{\"@id\":\"https:\/\/pagrabueksperti.lv\/#website\"},\"primaryImageOfPage\":{\"@id\":\"https:\/\/pagrabueksperti.lv\/product\/spradziendrosi-atverti-varsti-9bar-x-tips\/#primaryimage\"},\"image\":{\"@id\":\"https:\/\/pagrabueksperti.lv\/product\/spradziendrosi-atverti-varsti-9bar-x-tips\/#primaryimage\"},\"thumbnailUrl\":\"https:\/\/pagrabueksperti.lv\/wp-content\/uploads\/2025\/02\/9-bar-x.png\",\"datePublished\":\"2025-02-23T15:48:06+00:00\",\"dateModified\":\"2025-02-26T18:14:55+00:00\",\"breadcrumb\":{\"@id\":\"https:\/\/pagrabueksperti.lv\/product\/spradziendrosi-atverti-varsti-9bar-x-tips\/#breadcrumb\"},\"inLanguage\":\"en-GB\",\"potentialAction\":[{\"@type\":\"ReadAction\",\"target\":[\"https:\/\/pagrabueksperti.lv\/product\/spradziendrosi-atverti-varsti-9bar-x-tips\/\"]}]},{\"@type\":\"ImageObject\",\"inLanguage\":\"en-GB\",\"@id\":\"https:\/\/pagrabueksperti.lv\/product\/spradziendrosi-atverti-varsti-9bar-x-tips\/#primaryimage\",\"url\":\"https:\/\/pagrabueksperti.lv\/wp-content\/uploads\/2025\/02\/9-bar-x.png\",\"contentUrl\":\"https:\/\/pagrabueksperti.lv\/wp-content\/uploads\/2025\/02\/9-bar-x.png\",\"width\":1013,\"height\":822},{\"@type\":\"BreadcrumbList\",\"@id\":\"https:\/\/pagrabueksperti.lv\/product\/spradziendrosi-atverti-varsti-9bar-x-tips\/#breadcrumb\",\"itemListElement\":[{\"@type\":\"ListItem\",\"position\":1,\"name\":\"Home\",\"item\":\"https:\/\/pagrabueksperti.lv\/\"},{\"@type\":\"ListItem\",\"position\":2,\"name\":\"Products\",\"item\":\"https:\/\/pagrabueksperti.lv\/shop__trashed\/\"},{\"@type\":\"ListItem\",\"position\":3,\"name\":\"Spr\u0101dziendro\u0161i atv\u0113rti v\u0101rsti 9bar X tips\"}]},{\"@type\":\"WebSite\",\"@id\":\"https:\/\/pagrabueksperti.lv\/#website\",\"url\":\"https:\/\/pagrabueksperti.lv\/\",\"name\":\"Pagrabu Eksperti\",\"description\":\"\",\"publisher\":{\"@id\":\"https:\/\/pagrabueksperti.lv\/#organization\"},\"potentialAction\":[{\"@type\":\"SearchAction\",\"target\":{\"@type\":\"EntryPoint\",\"urlTemplate\":\"https:\/\/pagrabueksperti.lv\/?s={search_term_string}\"},\"query-input\":{\"@type\":\"PropertyValueSpecification\",\"valueRequired\":true,\"valueName\":\"search_term_string\"}}],\"inLanguage\":\"en-GB\"},{\"@type\":\"Organization\",\"@id\":\"https:\/\/pagrabueksperti.lv\/#organization\",\"name\":\"Pagrabu Eksperti\",\"url\":\"https:\/\/pagrabueksperti.lv\/\",\"logo\":{\"@type\":\"ImageObject\",\"inLanguage\":\"en-GB\",\"@id\":\"https:\/\/pagrabueksperti.lv\/#\/schema\/logo\/image\/\",\"url\":\"https:\/\/pagrabueksperti.lv\/wp-content\/uploads\/2025\/02\/Group-20-3.png\",\"contentUrl\":\"https:\/\/pagrabueksperti.lv\/wp-content\/uploads\/2025\/02\/Group-20-3.png\",\"width\":894,\"height\":891,\"caption\":\"Pagrabu Eksperti\"},\"image\":{\"@id\":\"https:\/\/pagrabueksperti.lv\/#\/schema\/logo\/image\/\"}}]}<\/script>\n<!-- \/ Yoast SEO Premium plugin. -->","yoast_head_json":{"title":"Spr\u0101dziendro\u0161i atv\u0113rti v\u0101rsti 9bar X tips - Pagrabu Eksperti","robots":{"index":"index","follow":"follow","max-snippet":"max-snippet:-1","max-image-preview":"max-image-preview:large","max-video-preview":"max-video-preview:-1"},"canonical":"https:\/\/pagrabueksperti.lv\/en\/product\/spradziendrosi-atverti-varsti-9bar-x-tips\/","og_locale":"en_GB","og_type":"article","og_title":"Spr\u0101dziendro\u0161i atv\u0113rti v\u0101rsti 9bar X tips","og_description":"Ar priek\u0161filtru un aizsargapvalku (bez korpusa) Spr\u0101dziendro\u0161ie v\u0101rsti ir aizsargier\u012bces, kas norm\u0101los apst\u0101k\u013cos paliek atv\u0113rtas. Tas \u013cauj gaisam br\u012bvi pl\u016bst abos virzienos \u2013 gan uz aizsarg\u0101jamo telpu, gan no t\u0101s. Parasti tos uzst\u0101da uz ventil\u0101cijas atver\u0113m vai gaisa vadiem ventil\u0101cijas sist\u0113m\u0101s. To galvenais uzdevums ir aizsarg\u0101t patvertnes telpas, b\u016bves pret spr\u0101dziena rad\u012bto spiediena vi\u013c\u0146u, gan [&hellip;]","og_url":"https:\/\/pagrabueksperti.lv\/en\/product\/spradziendrosi-atverti-varsti-9bar-x-tips\/","og_site_name":"Pagrabu Eksperti","article_modified_time":"2025-02-26T18:14:55+00:00","og_image":[{"width":1013,"height":822,"url":"http:\/\/pagrabueksperti.lv\/wp-content\/uploads\/2025\/02\/9-bar-x.png","type":"image\/png"}],"twitter_card":"summary_large_image","twitter_misc":{"Estimated reading time":"2 minutes"},"schema":{"@context":"https:\/\/schema.org","@graph":[{"@type":"WebPage","@id":"https:\/\/pagrabueksperti.lv\/product\/spradziendrosi-atverti-varsti-9bar-x-tips\/","url":"https:\/\/pagrabueksperti.lv\/product\/spradziendrosi-atverti-varsti-9bar-x-tips\/","name":"Spr\u0101dziendro\u0161i atv\u0113rti v\u0101rsti 9bar X tips - Pagrabu Eksperti","isPartOf":{"@id":"https:\/\/pagrabueksperti.lv\/#website"},"primaryImageOfPage":{"@id":"https:\/\/pagrabueksperti.lv\/product\/spradziendrosi-atverti-varsti-9bar-x-tips\/#primaryimage"},"image":{"@id":"https:\/\/pagrabueksperti.lv\/product\/spradziendrosi-atverti-varsti-9bar-x-tips\/#primaryimage"},"thumbnailUrl":"https:\/\/pagrabueksperti.lv\/wp-content\/uploads\/2025\/02\/9-bar-x.png","datePublished":"2025-02-23T15:48:06+00:00","dateModified":"2025-02-26T18:14:55+00:00","breadcrumb":{"@id":"https:\/\/pagrabueksperti.lv\/product\/spradziendrosi-atverti-varsti-9bar-x-tips\/#breadcrumb"},"inLanguage":"en-GB","potentialAction":[{"@type":"ReadAction","target":["https:\/\/pagrabueksperti.lv\/product\/spradziendrosi-atverti-varsti-9bar-x-tips\/"]}]},{"@type":"ImageObject","inLanguage":"en-GB","@id":"https:\/\/pagrabueksperti.lv\/product\/spradziendrosi-atverti-varsti-9bar-x-tips\/#primaryimage","url":"https:\/\/pagrabueksperti.lv\/wp-content\/uploads\/2025\/02\/9-bar-x.png","contentUrl":"https:\/\/pagrabueksperti.lv\/wp-content\/uploads\/2025\/02\/9-bar-x.png","width":1013,"height":822},{"@type":"BreadcrumbList","@id":"https:\/\/pagrabueksperti.lv\/product\/spradziendrosi-atverti-varsti-9bar-x-tips\/#breadcrumb","itemListElement":[{"@type":"ListItem","position":1,"name":"Home","item":"https:\/\/pagrabueksperti.lv\/"},{"@type":"ListItem","position":2,"name":"Products","item":"https:\/\/pagrabueksperti.lv\/shop__trashed\/"},{"@type":"ListItem","position":3,"name":"Spr\u0101dziendro\u0161i atv\u0113rti v\u0101rsti 9bar X tips"}]},{"@type":"WebSite","@id":"https:\/\/pagrabueksperti.lv\/#website","url":"https:\/\/pagrabueksperti.lv\/","name":"Pagrabu Eksperti","description":"","publisher":{"@id":"https:\/\/pagrabueksperti.lv\/#organization"},"potentialAction":[{"@type":"SearchAction","target":{"@type":"EntryPoint","urlTemplate":"https:\/\/pagrabueksperti.lv\/?s={search_term_string}"},"query-input":{"@type":"PropertyValueSpecification","valueRequired":true,"valueName":"search_term_string"}}],"inLanguage":"en-GB"},{"@type":"Organization","@id":"https:\/\/pagrabueksperti.lv\/#organization","name":"Pagrabu Eksperti","url":"https:\/\/pagrabueksperti.lv\/","logo":{"@type":"ImageObject","inLanguage":"en-GB","@id":"https:\/\/pagrabueksperti.lv\/#\/schema\/logo\/image\/","url":"https:\/\/pagrabueksperti.lv\/wp-content\/uploads\/2025\/02\/Group-20-3.png","contentUrl":"https:\/\/pagrabueksperti.lv\/wp-content\/uploads\/2025\/02\/Group-20-3.png","width":894,"height":891,"caption":"Pagrabu Eksperti"},"image":{"@id":"https:\/\/pagrabueksperti.lv\/#\/schema\/logo\/image\/"}}]}},"_links":{"self":[{"href":"https:\/\/pagrabueksperti.lv\/en\/wp-json\/wp\/v2\/product\/2864","targetHints":{"allow":["GET"]}}],"collection":[{"href":"https:\/\/pagrabueksperti.lv\/en\/wp-json\/wp\/v2\/product"}],"about":[{"href":"https:\/\/pagrabueksperti.lv\/en\/wp-json\/wp\/v2\/types\/product"}],"replies":[{"embeddable":true,"href":"https:\/\/pagrabueksperti.lv\/en\/wp-json\/wp\/v2\/comments?post=2864"}],"wp:featuredmedia":[{"embeddable":true,"href":"https:\/\/pagrabueksperti.lv\/en\/wp-json\/wp\/v2\/media\/3020"}],"wp:attachment":[{"href":"https:\/\/pagrabueksperti.lv\/en\/wp-json\/wp\/v2\/media?parent=2864"}],"wp:term":[{"taxonomy":"product_brand","embeddable":true,"href":"https:\/\/pagrabueksperti.lv\/en\/wp-json\/wp\/v2\/product_brand?post=2864"},{"taxonomy":"product_cat","embeddable":true,"href":"https:\/\/pagrabueksperti.lv\/en\/wp-json\/wp\/v2\/product_cat?post=2864"},{"taxonomy":"product_tag","embeddable":true,"href":"https:\/\/pagrabueksperti.lv\/en\/wp-json\/wp\/v2\/product_tag?post=2864"}],"curies":[{"name":"wp","href":"https:\/\/api.w.org\/{rel}","templated":true}]}}