{"id":2860,"date":"2025-02-23T17:47:32","date_gmt":"2025-02-23T15:47:32","guid":{"rendered":"https:\/\/pagrabueksperti.lv\/?post_type=product&#038;p=2860"},"modified":"2025-02-26T20:15:12","modified_gmt":"2025-02-26T18:15:12","slug":"arc-manualie-gaisa-slegvarsti","status":"publish","type":"product","link":"https:\/\/pagrabueksperti.lv\/en\/product\/arc-manualie-gaisa-slegvarsti\/","title":{"rendered":"ARC manual air shut-off valves"},"content":{"rendered":"<p>Manual air shut-off valves are used in conjunction with explosion-proof valves when conventional gravity or mechanical ventilation is used. Gas-tight valves are installed in ventilation ducts as shut-off devices. They are used to control the flow of air or as a barrier to air entering or leaving the protected space.<\/p>\n<p>The range of GK valves available:<br \/>\nGK 100 \u2013 nominal opening: 100 mm<br \/>\nGK 150 \u2013 nominal opening: 150 mm<br \/>\nGK 200 \u2013 nominal opening: 200 mm<br \/>\nGK 250 \u2013 nominal opening: 250 mm<br \/>\nGK 300 \u2013 nominal opening: 300 mm<br \/>\nGK 350 \u2013 nominal opening: 350 mm<br \/>\nGK 400 \u2013 nominal opening: 400 mm<br \/>\nGK 630 \u2013 nominal opening: 630 mm<br \/>\nGK 730 \u2013 nominal opening: 730 mm<br \/>\nGK 800 \u2013 nominal opening: 800 mm<\/p>\n<p>Specification:<br \/>\nThe product is certified.<br \/>\nThe valve body is connected to the ducts using appropriate flanges.<br \/>\nThe valve plate has a gas-tight O-ring.<\/p>\n<p>Drive options:<br \/>\nManually operated<br \/>\nElectrically powered<\/p>","protected":false},"excerpt":{"rendered":"<p>Manu\u0101lie gaisa sl\u0113gv\u0101rsti tiek izmantoti kop\u0101 ar spr\u0101dziendro\u0161iem v\u0101rstiem, ja tiek izmantota parast\u0101 gravit\u0101cijas vai meh\u0101nisk\u0101 ventil\u0101cija. G\u0101zes necaurlaid\u012bgie v\u0101rsti tiek uzst\u0101d\u012bti ventil\u0101cijas kan\u0101los k\u0101 sl\u0113gier\u012bces. Tos izmanto, lai kontrol\u0113tu gaisa pl\u016bsmu vai k\u0101 barjeru gaisa iepl\u016b\u0161anai vai izpl\u016b\u0161anai no aizsarg\u0101t\u0101s telpas. Pieejamo GK v\u0101rstu kl\u0101sts: GK 100 \u2013 nomin\u0101lais atv\u0113rums: 100 mm GK 150 [&hellip;]<\/p>","protected":false},"featured_media":3017,"comment_status":"open","ping_status":"closed","template":"","meta":{"site-sidebar-layout":"default","site-content-layout":"","ast-site-content-layout":"default","site-content-style":"default","site-sidebar-style":"default","ast-global-header-display":"","ast-banner-title-visibility":"","ast-main-header-display":"","ast-hfb-above-header-display":"","ast-hfb-below-header-display":"","ast-hfb-mobile-header-display":"","site-post-title":"","ast-breadcrumbs-content":"","ast-featured-img":"","footer-sml-layout":"","ast-disable-related-posts":"","theme-transparent-header-meta":"default","adv-header-id-meta":"","stick-header-meta":"","header-above-stick-meta":"","header-main-stick-meta":"","header-below-stick-meta":"","astra-migrate-meta-layouts":"set","ast-page-background-enabled":"default","ast-page-background-meta":{"desktop":{"background-color":"","background-image":"","background-repeat":"repeat","background-position":"center center","background-size":"auto","background-attachment":"scroll","background-type":"","background-media":"","overlay-type":"","overlay-color":"","overlay-opacity":"","overlay-gradient":""},"tablet":{"background-color":"","background-image":"","background-repeat":"repeat","background-position":"center center","background-size":"auto","background-attachment":"scroll","background-type":"","background-media":"","overlay-type":"","overlay-color":"","overlay-opacity":"","overlay-gradient":""},"mobile":{"background-color":"","background-image":"","background-repeat":"repeat","background-position":"center center","background-size":"auto","background-attachment":"scroll","background-type":"","background-media":"","overlay-type":"","overlay-color":"","overlay-opacity":"","overlay-gradient":""}},"ast-content-background-meta":{"desktop":{"background-color":"var(--ast-global-color-5)","background-image":"","background-repeat":"repeat","background-position":"center center","background-size":"auto","background-attachment":"scroll","background-type":"","background-media":"","overlay-type":"","overlay-color":"","overlay-opacity":"","overlay-gradient":""},"tablet":{"background-color":"var(--ast-global-color-5)","background-image":"","background-repeat":"repeat","background-position":"center center","background-size":"auto","background-attachment":"scroll","background-type":"","background-media":"","overlay-type":"","overlay-color":"","overlay-opacity":"","overlay-gradient":""},"mobile":{"background-color":"var(--ast-global-color-5)","background-image":"","background-repeat":"repeat","background-position":"center center","background-size":"auto","background-attachment":"scroll","background-type":"","background-media":"","overlay-type":"","overlay-color":"","overlay-opacity":"","overlay-gradient":""}}},"product_brand":[],"product_cat":[44,49],"product_tag":[],"class_list":{"0":"post-2860","1":"product","2":"type-product","3":"status-publish","4":"has-post-thumbnail","6":"product_cat-filtresanas-un-ventilacijas-sistemas","7":"product_cat-filtri","8":"desktop-align-left","9":"tablet-align-left","10":"mobile-align-left","12":"first","13":"instock","14":"shipping-taxable","15":"purchasable","16":"product-type-simple"},"yoast_head":"<!-- This site is optimized with the Yoast SEO Premium plugin v21.8 (Yoast SEO v26.6) - https:\/\/yoast.com\/wordpress\/plugins\/seo\/ -->\n<title>ARC manu\u0101lie gaisa sl\u0113gv\u0101rsti - Pagrabu Eksperti<\/title>\n<meta name=\"robots\" content=\"index, follow, max-snippet:-1, max-image-preview:large, max-video-preview:-1\" \/>\n<link rel=\"canonical\" href=\"https:\/\/pagrabueksperti.lv\/en\/product\/arc-manualie-gaisa-slegvarsti\/\" \/>\n<meta property=\"og:locale\" content=\"en_GB\" \/>\n<meta property=\"og:type\" content=\"article\" \/>\n<meta property=\"og:title\" content=\"ARC manu\u0101lie gaisa sl\u0113gv\u0101rsti\" \/>\n<meta property=\"og:description\" content=\"Manu\u0101lie gaisa sl\u0113gv\u0101rsti tiek izmantoti kop\u0101 ar spr\u0101dziendro\u0161iem v\u0101rstiem, ja tiek izmantota parast\u0101 gravit\u0101cijas vai meh\u0101nisk\u0101 ventil\u0101cija. G\u0101zes necaurlaid\u012bgie v\u0101rsti tiek uzst\u0101d\u012bti ventil\u0101cijas kan\u0101los k\u0101 sl\u0113gier\u012bces. Tos izmanto, lai kontrol\u0113tu gaisa pl\u016bsmu vai k\u0101 barjeru gaisa iepl\u016b\u0161anai vai izpl\u016b\u0161anai no aizsarg\u0101t\u0101s telpas. Pieejamo GK v\u0101rstu kl\u0101sts: GK 100 \u2013 nomin\u0101lais atv\u0113rums: 100 mm GK 150 [&hellip;]\" \/>\n<meta property=\"og:url\" content=\"https:\/\/pagrabueksperti.lv\/en\/product\/arc-manualie-gaisa-slegvarsti\/\" \/>\n<meta property=\"og:site_name\" content=\"Pagrabu Eksperti\" \/>\n<meta property=\"article:modified_time\" content=\"2025-02-26T18:15:12+00:00\" \/>\n<meta property=\"og:image\" content=\"http:\/\/pagrabueksperti.lv\/wp-content\/uploads\/2025\/02\/arc.png\" \/>\n\t<meta property=\"og:image:width\" content=\"594\" \/>\n\t<meta property=\"og:image:height\" content=\"519\" \/>\n\t<meta property=\"og:image:type\" content=\"image\/png\" \/>\n<meta name=\"twitter:card\" content=\"summary_large_image\" \/>\n<meta name=\"twitter:label1\" content=\"Estimated reading time\" \/>\n\t<meta name=\"twitter:data1\" content=\"1 minute\" \/>\n<script type=\"application\/ld+json\" class=\"yoast-schema-graph\">{\"@context\":\"https:\/\/schema.org\",\"@graph\":[{\"@type\":\"WebPage\",\"@id\":\"https:\/\/pagrabueksperti.lv\/product\/arc-manualie-gaisa-slegvarsti\/\",\"url\":\"https:\/\/pagrabueksperti.lv\/product\/arc-manualie-gaisa-slegvarsti\/\",\"name\":\"ARC manu\u0101lie gaisa sl\u0113gv\u0101rsti - Pagrabu Eksperti\",\"isPartOf\":{\"@id\":\"https:\/\/pagrabueksperti.lv\/#website\"},\"primaryImageOfPage\":{\"@id\":\"https:\/\/pagrabueksperti.lv\/product\/arc-manualie-gaisa-slegvarsti\/#primaryimage\"},\"image\":{\"@id\":\"https:\/\/pagrabueksperti.lv\/product\/arc-manualie-gaisa-slegvarsti\/#primaryimage\"},\"thumbnailUrl\":\"https:\/\/pagrabueksperti.lv\/wp-content\/uploads\/2025\/02\/arc.png\",\"datePublished\":\"2025-02-23T15:47:32+00:00\",\"dateModified\":\"2025-02-26T18:15:12+00:00\",\"breadcrumb\":{\"@id\":\"https:\/\/pagrabueksperti.lv\/product\/arc-manualie-gaisa-slegvarsti\/#breadcrumb\"},\"inLanguage\":\"en-GB\",\"potentialAction\":[{\"@type\":\"ReadAction\",\"target\":[\"https:\/\/pagrabueksperti.lv\/product\/arc-manualie-gaisa-slegvarsti\/\"]}]},{\"@type\":\"ImageObject\",\"inLanguage\":\"en-GB\",\"@id\":\"https:\/\/pagrabueksperti.lv\/product\/arc-manualie-gaisa-slegvarsti\/#primaryimage\",\"url\":\"https:\/\/pagrabueksperti.lv\/wp-content\/uploads\/2025\/02\/arc.png\",\"contentUrl\":\"https:\/\/pagrabueksperti.lv\/wp-content\/uploads\/2025\/02\/arc.png\",\"width\":594,\"height\":519},{\"@type\":\"BreadcrumbList\",\"@id\":\"https:\/\/pagrabueksperti.lv\/product\/arc-manualie-gaisa-slegvarsti\/#breadcrumb\",\"itemListElement\":[{\"@type\":\"ListItem\",\"position\":1,\"name\":\"Home\",\"item\":\"https:\/\/pagrabueksperti.lv\/\"},{\"@type\":\"ListItem\",\"position\":2,\"name\":\"Products\",\"item\":\"https:\/\/pagrabueksperti.lv\/shop__trashed\/\"},{\"@type\":\"ListItem\",\"position\":3,\"name\":\"ARC manu\u0101lie gaisa sl\u0113gv\u0101rsti\"}]},{\"@type\":\"WebSite\",\"@id\":\"https:\/\/pagrabueksperti.lv\/#website\",\"url\":\"https:\/\/pagrabueksperti.lv\/\",\"name\":\"Pagrabu Eksperti\",\"description\":\"\",\"publisher\":{\"@id\":\"https:\/\/pagrabueksperti.lv\/#organization\"},\"potentialAction\":[{\"@type\":\"SearchAction\",\"target\":{\"@type\":\"EntryPoint\",\"urlTemplate\":\"https:\/\/pagrabueksperti.lv\/?s={search_term_string}\"},\"query-input\":{\"@type\":\"PropertyValueSpecification\",\"valueRequired\":true,\"valueName\":\"search_term_string\"}}],\"inLanguage\":\"en-GB\"},{\"@type\":\"Organization\",\"@id\":\"https:\/\/pagrabueksperti.lv\/#organization\",\"name\":\"Pagrabu Eksperti\",\"url\":\"https:\/\/pagrabueksperti.lv\/\",\"logo\":{\"@type\":\"ImageObject\",\"inLanguage\":\"en-GB\",\"@id\":\"https:\/\/pagrabueksperti.lv\/#\/schema\/logo\/image\/\",\"url\":\"https:\/\/pagrabueksperti.lv\/wp-content\/uploads\/2025\/02\/Group-20-3.png\",\"contentUrl\":\"https:\/\/pagrabueksperti.lv\/wp-content\/uploads\/2025\/02\/Group-20-3.png\",\"width\":894,\"height\":891,\"caption\":\"Pagrabu Eksperti\"},\"image\":{\"@id\":\"https:\/\/pagrabueksperti.lv\/#\/schema\/logo\/image\/\"}}]}<\/script>\n<!-- \/ Yoast SEO Premium plugin. -->","yoast_head_json":{"title":"ARC manu\u0101lie gaisa sl\u0113gv\u0101rsti - Pagrabu Eksperti","robots":{"index":"index","follow":"follow","max-snippet":"max-snippet:-1","max-image-preview":"max-image-preview:large","max-video-preview":"max-video-preview:-1"},"canonical":"https:\/\/pagrabueksperti.lv\/en\/product\/arc-manualie-gaisa-slegvarsti\/","og_locale":"en_GB","og_type":"article","og_title":"ARC manu\u0101lie gaisa sl\u0113gv\u0101rsti","og_description":"Manu\u0101lie gaisa sl\u0113gv\u0101rsti tiek izmantoti kop\u0101 ar spr\u0101dziendro\u0161iem v\u0101rstiem, ja tiek izmantota parast\u0101 gravit\u0101cijas vai meh\u0101nisk\u0101 ventil\u0101cija. G\u0101zes necaurlaid\u012bgie v\u0101rsti tiek uzst\u0101d\u012bti ventil\u0101cijas kan\u0101los k\u0101 sl\u0113gier\u012bces. Tos izmanto, lai kontrol\u0113tu gaisa pl\u016bsmu vai k\u0101 barjeru gaisa iepl\u016b\u0161anai vai izpl\u016b\u0161anai no aizsarg\u0101t\u0101s telpas. Pieejamo GK v\u0101rstu kl\u0101sts: GK 100 \u2013 nomin\u0101lais atv\u0113rums: 100 mm GK 150 [&hellip;]","og_url":"https:\/\/pagrabueksperti.lv\/en\/product\/arc-manualie-gaisa-slegvarsti\/","og_site_name":"Pagrabu Eksperti","article_modified_time":"2025-02-26T18:15:12+00:00","og_image":[{"width":594,"height":519,"url":"http:\/\/pagrabueksperti.lv\/wp-content\/uploads\/2025\/02\/arc.png","type":"image\/png"}],"twitter_card":"summary_large_image","twitter_misc":{"Estimated reading time":"1 minute"},"schema":{"@context":"https:\/\/schema.org","@graph":[{"@type":"WebPage","@id":"https:\/\/pagrabueksperti.lv\/product\/arc-manualie-gaisa-slegvarsti\/","url":"https:\/\/pagrabueksperti.lv\/product\/arc-manualie-gaisa-slegvarsti\/","name":"ARC manu\u0101lie gaisa sl\u0113gv\u0101rsti - Pagrabu Eksperti","isPartOf":{"@id":"https:\/\/pagrabueksperti.lv\/#website"},"primaryImageOfPage":{"@id":"https:\/\/pagrabueksperti.lv\/product\/arc-manualie-gaisa-slegvarsti\/#primaryimage"},"image":{"@id":"https:\/\/pagrabueksperti.lv\/product\/arc-manualie-gaisa-slegvarsti\/#primaryimage"},"thumbnailUrl":"https:\/\/pagrabueksperti.lv\/wp-content\/uploads\/2025\/02\/arc.png","datePublished":"2025-02-23T15:47:32+00:00","dateModified":"2025-02-26T18:15:12+00:00","breadcrumb":{"@id":"https:\/\/pagrabueksperti.lv\/product\/arc-manualie-gaisa-slegvarsti\/#breadcrumb"},"inLanguage":"en-GB","potentialAction":[{"@type":"ReadAction","target":["https:\/\/pagrabueksperti.lv\/product\/arc-manualie-gaisa-slegvarsti\/"]}]},{"@type":"ImageObject","inLanguage":"en-GB","@id":"https:\/\/pagrabueksperti.lv\/product\/arc-manualie-gaisa-slegvarsti\/#primaryimage","url":"https:\/\/pagrabueksperti.lv\/wp-content\/uploads\/2025\/02\/arc.png","contentUrl":"https:\/\/pagrabueksperti.lv\/wp-content\/uploads\/2025\/02\/arc.png","width":594,"height":519},{"@type":"BreadcrumbList","@id":"https:\/\/pagrabueksperti.lv\/product\/arc-manualie-gaisa-slegvarsti\/#breadcrumb","itemListElement":[{"@type":"ListItem","position":1,"name":"Home","item":"https:\/\/pagrabueksperti.lv\/"},{"@type":"ListItem","position":2,"name":"Products","item":"https:\/\/pagrabueksperti.lv\/shop__trashed\/"},{"@type":"ListItem","position":3,"name":"ARC manu\u0101lie gaisa sl\u0113gv\u0101rsti"}]},{"@type":"WebSite","@id":"https:\/\/pagrabueksperti.lv\/#website","url":"https:\/\/pagrabueksperti.lv\/","name":"Pagrabu Eksperti","description":"","publisher":{"@id":"https:\/\/pagrabueksperti.lv\/#organization"},"potentialAction":[{"@type":"SearchAction","target":{"@type":"EntryPoint","urlTemplate":"https:\/\/pagrabueksperti.lv\/?s={search_term_string}"},"query-input":{"@type":"PropertyValueSpecification","valueRequired":true,"valueName":"search_term_string"}}],"inLanguage":"en-GB"},{"@type":"Organization","@id":"https:\/\/pagrabueksperti.lv\/#organization","name":"Pagrabu Eksperti","url":"https:\/\/pagrabueksperti.lv\/","logo":{"@type":"ImageObject","inLanguage":"en-GB","@id":"https:\/\/pagrabueksperti.lv\/#\/schema\/logo\/image\/","url":"https:\/\/pagrabueksperti.lv\/wp-content\/uploads\/2025\/02\/Group-20-3.png","contentUrl":"https:\/\/pagrabueksperti.lv\/wp-content\/uploads\/2025\/02\/Group-20-3.png","width":894,"height":891,"caption":"Pagrabu Eksperti"},"image":{"@id":"https:\/\/pagrabueksperti.lv\/#\/schema\/logo\/image\/"}}]}},"_links":{"self":[{"href":"https:\/\/pagrabueksperti.lv\/en\/wp-json\/wp\/v2\/product\/2860","targetHints":{"allow":["GET"]}}],"collection":[{"href":"https:\/\/pagrabueksperti.lv\/en\/wp-json\/wp\/v2\/product"}],"about":[{"href":"https:\/\/pagrabueksperti.lv\/en\/wp-json\/wp\/v2\/types\/product"}],"replies":[{"embeddable":true,"href":"https:\/\/pagrabueksperti.lv\/en\/wp-json\/wp\/v2\/comments?post=2860"}],"wp:featuredmedia":[{"embeddable":true,"href":"https:\/\/pagrabueksperti.lv\/en\/wp-json\/wp\/v2\/media\/3017"}],"wp:attachment":[{"href":"https:\/\/pagrabueksperti.lv\/en\/wp-json\/wp\/v2\/media?parent=2860"}],"wp:term":[{"taxonomy":"product_brand","embeddable":true,"href":"https:\/\/pagrabueksperti.lv\/en\/wp-json\/wp\/v2\/product_brand?post=2860"},{"taxonomy":"product_cat","embeddable":true,"href":"https:\/\/pagrabueksperti.lv\/en\/wp-json\/wp\/v2\/product_cat?post=2860"},{"taxonomy":"product_tag","embeddable":true,"href":"https:\/\/pagrabueksperti.lv\/en\/wp-json\/wp\/v2\/product_tag?post=2860"}],"curies":[{"name":"wp","href":"https:\/\/api.w.org\/{rel}","templated":true}]}}