{"id":2858,"date":"2025-02-23T17:47:14","date_gmt":"2025-02-23T15:47:14","guid":{"rendered":"https:\/\/pagrabueksperti.lv\/?post_type=product&#038;p=2858"},"modified":"2025-02-26T20:13:45","modified_gmt":"2025-02-26T18:13:45","slug":"nbc-lunor-ventilacijas-sistema-40-75-150-m3","status":"publish","type":"product","link":"https:\/\/pagrabueksperti.lv\/en\/product\/nbc-lunor-ventilacijas-sistema-40-75-150-m3\/","title":{"rendered":"NBC Lunor ventil\u0101cijas sist\u0113ma 40 \/ 75 \/ 150 m3"},"content":{"rendered":"<p>The LUNOR ventilation system provides effective protection against nuclear, biological and chemical contamination (NBC). VA-40\/75\/150 series shelter ventilation systems protect people and equipment in emergency situations. It is installed to protect against the effects of weapons of mass destruction such as explosions, shock waves, seismic shocks. The system cleans the outdoor air of chemical, biological and radioactive pollutants.<\/p>\n<p>The ventilation of the shelter ensures clean air and a positive pressure of 50-250 Pa. The set consists of a fan (VA, air handling unit) that draws outdoor air through an explosion-proof valve with pre-filter (ESV-VF).<\/p>\n<p>How to choose the right NBC ventilation system?<br \/>\nThe ventilation system should be chosen according to the number of places in the shelter:<\/p>\n<p>VA-40: up to 13 people<br \/>\nVA-75: 14 to 25 people<br \/>\nVA-150: 26 to 50 people<br \/>\nVA-300: 201 to 800 people<\/p>\n<p>Explosion-proof and pressure relief valves.<br \/>\nExplosion-proof and pressure relief valves play an important role in ensuring the airtightness of air inlets and outlets in spaces such as NBC shelters and command centres. Their function is to protect against blast effects and control overpressure. This is particularly important in areas where the highest level of security is required.<br \/>\nExplosion-proof valves are also used in other hazardous areas. For example, in power plants or command centres, where the security of defence systems is a priority.<\/p>\n<p>Explosion-proof valves with pre-filters additionally filter the air before it enters the system, ensuring maximum protection against contamination.<\/p>","protected":false},"excerpt":{"rendered":"<p>LUNOR ventil\u0101cijas sist\u0113ma nodro\u0161ina efekt\u012bvu aizsardz\u012bbu pret kodoliero\u010du, biolo\u0123isko un \u0137\u012bmisko pies\u0101r\u0146ojumu ( NBC ). VA-40\/75\/150 s\u0113rijas patvert\u0146u ventil\u0101cijas sist\u0113mas aizsarg\u0101 cilv\u0113kus un iek\u0101rtas av\u0101rijas situ\u0101cij\u0101s.T\u0101 tiek uzst\u0101d\u012bta, lai aizsarg\u0101tu pret masu izn\u012bcin\u0101\u0161anas iero\u010du iedarb\u012bbu, piem\u0113ram, spr\u0101dzieniem, triecienvi\u013c\u0146iem, seismiskiem triecieniem. Sist\u0113ma att\u012bra \u0101ra gaisu no \u0137\u012bmiskiem, biolo\u0123iskiem un radioakt\u012bviem pies\u0101r\u0146ot\u0101jiem. Patvertnes ventil\u0101cija nodro\u0161ina t\u012bru gaisu [&hellip;]<\/p>","protected":false},"featured_media":3013,"comment_status":"open","ping_status":"closed","template":"","meta":{"site-sidebar-layout":"default","site-content-layout":"","ast-site-content-layout":"default","site-content-style":"default","site-sidebar-style":"default","ast-global-header-display":"","ast-banner-title-visibility":"","ast-main-header-display":"","ast-hfb-above-header-display":"","ast-hfb-below-header-display":"","ast-hfb-mobile-header-display":"","site-post-title":"","ast-breadcrumbs-content":"","ast-featured-img":"","footer-sml-layout":"","ast-disable-related-posts":"","theme-transparent-header-meta":"default","adv-header-id-meta":"","stick-header-meta":"","header-above-stick-meta":"","header-main-stick-meta":"","header-below-stick-meta":"","astra-migrate-meta-layouts":"set","ast-page-background-enabled":"default","ast-page-background-meta":{"desktop":{"background-color":"","background-image":"","background-repeat":"repeat","background-position":"center center","background-size":"auto","background-attachment":"scroll","background-type":"","background-media":"","overlay-type":"","overlay-color":"","overlay-opacity":"","overlay-gradient":""},"tablet":{"background-color":"","background-image":"","background-repeat":"repeat","background-position":"center center","background-size":"auto","background-attachment":"scroll","background-type":"","background-media":"","overlay-type":"","overlay-color":"","overlay-opacity":"","overlay-gradient":""},"mobile":{"background-color":"","background-image":"","background-repeat":"repeat","background-position":"center center","background-size":"auto","background-attachment":"scroll","background-type":"","background-media":"","overlay-type":"","overlay-color":"","overlay-opacity":"","overlay-gradient":""}},"ast-content-background-meta":{"desktop":{"background-color":"var(--ast-global-color-5)","background-image":"","background-repeat":"repeat","background-position":"center center","background-size":"auto","background-attachment":"scroll","background-type":"","background-media":"","overlay-type":"","overlay-color":"","overlay-opacity":"","overlay-gradient":""},"tablet":{"background-color":"var(--ast-global-color-5)","background-image":"","background-repeat":"repeat","background-position":"center center","background-size":"auto","background-attachment":"scroll","background-type":"","background-media":"","overlay-type":"","overlay-color":"","overlay-opacity":"","overlay-gradient":""},"mobile":{"background-color":"var(--ast-global-color-5)","background-image":"","background-repeat":"repeat","background-position":"center center","background-size":"auto","background-attachment":"scroll","background-type":"","background-media":"","overlay-type":"","overlay-color":"","overlay-opacity":"","overlay-gradient":""}}},"product_brand":[],"product_cat":[44,50],"product_tag":[],"class_list":{"0":"post-2858","1":"product","2":"type-product","3":"status-publish","4":"has-post-thumbnail","6":"product_cat-filtresanas-un-ventilacijas-sistemas","7":"product_cat-sistemas","8":"desktop-align-left","9":"tablet-align-left","10":"mobile-align-left","12":"first","13":"instock","14":"shipping-taxable","15":"purchasable","16":"product-type-simple"},"yoast_head":"<!-- This site is optimized with the Yoast SEO Premium plugin v21.8 (Yoast SEO v26.6) - https:\/\/yoast.com\/wordpress\/plugins\/seo\/ -->\n<title>NBC Lunor ventil\u0101cijas sist\u0113ma 40 \/ 75 \/ 150 m3 - Pagrabu Eksperti<\/title>\n<meta name=\"robots\" content=\"index, follow, max-snippet:-1, max-image-preview:large, max-video-preview:-1\" \/>\n<link rel=\"canonical\" href=\"https:\/\/pagrabueksperti.lv\/en\/product\/nbc-lunor-ventilacijas-sistema-40-75-150-m3\/\" \/>\n<meta property=\"og:locale\" content=\"en_GB\" \/>\n<meta property=\"og:type\" content=\"article\" \/>\n<meta property=\"og:title\" content=\"NBC Lunor ventil\u0101cijas sist\u0113ma 40 \/ 75 \/ 150 m3\" \/>\n<meta property=\"og:description\" content=\"LUNOR ventil\u0101cijas sist\u0113ma nodro\u0161ina efekt\u012bvu aizsardz\u012bbu pret kodoliero\u010du, biolo\u0123isko un \u0137\u012bmisko pies\u0101r\u0146ojumu ( NBC ). VA-40\/75\/150 s\u0113rijas patvert\u0146u ventil\u0101cijas sist\u0113mas aizsarg\u0101 cilv\u0113kus un iek\u0101rtas av\u0101rijas situ\u0101cij\u0101s.T\u0101 tiek uzst\u0101d\u012bta, lai aizsarg\u0101tu pret masu izn\u012bcin\u0101\u0161anas iero\u010du iedarb\u012bbu, piem\u0113ram, spr\u0101dzieniem, triecienvi\u013c\u0146iem, seismiskiem triecieniem. Sist\u0113ma att\u012bra \u0101ra gaisu no \u0137\u012bmiskiem, biolo\u0123iskiem un radioakt\u012bviem pies\u0101r\u0146ot\u0101jiem. Patvertnes ventil\u0101cija nodro\u0161ina t\u012bru gaisu [&hellip;]\" \/>\n<meta property=\"og:url\" content=\"https:\/\/pagrabueksperti.lv\/en\/product\/nbc-lunor-ventilacijas-sistema-40-75-150-m3\/\" \/>\n<meta property=\"og:site_name\" content=\"Pagrabu Eksperti\" \/>\n<meta property=\"article:modified_time\" content=\"2025-02-26T18:13:45+00:00\" \/>\n<meta property=\"og:image\" content=\"http:\/\/pagrabueksperti.lv\/wp-content\/uploads\/2025\/02\/1.png\" \/>\n\t<meta property=\"og:image:width\" content=\"795\" \/>\n\t<meta property=\"og:image:height\" content=\"793\" \/>\n\t<meta property=\"og:image:type\" content=\"image\/png\" \/>\n<meta name=\"twitter:card\" content=\"summary_large_image\" \/>\n<meta name=\"twitter:label1\" content=\"Estimated reading time\" \/>\n\t<meta name=\"twitter:data1\" content=\"2 minutes\" \/>\n<script type=\"application\/ld+json\" class=\"yoast-schema-graph\">{\"@context\":\"https:\/\/schema.org\",\"@graph\":[{\"@type\":\"WebPage\",\"@id\":\"https:\/\/pagrabueksperti.lv\/product\/nbc-lunor-ventilacijas-sistema-40-75-150-m3\/\",\"url\":\"https:\/\/pagrabueksperti.lv\/product\/nbc-lunor-ventilacijas-sistema-40-75-150-m3\/\",\"name\":\"NBC Lunor ventil\u0101cijas sist\u0113ma 40 \/ 75 \/ 150 m3 - Pagrabu Eksperti\",\"isPartOf\":{\"@id\":\"https:\/\/pagrabueksperti.lv\/#website\"},\"primaryImageOfPage\":{\"@id\":\"https:\/\/pagrabueksperti.lv\/product\/nbc-lunor-ventilacijas-sistema-40-75-150-m3\/#primaryimage\"},\"image\":{\"@id\":\"https:\/\/pagrabueksperti.lv\/product\/nbc-lunor-ventilacijas-sistema-40-75-150-m3\/#primaryimage\"},\"thumbnailUrl\":\"https:\/\/pagrabueksperti.lv\/wp-content\/uploads\/2025\/02\/1.png\",\"datePublished\":\"2025-02-23T15:47:14+00:00\",\"dateModified\":\"2025-02-26T18:13:45+00:00\",\"breadcrumb\":{\"@id\":\"https:\/\/pagrabueksperti.lv\/product\/nbc-lunor-ventilacijas-sistema-40-75-150-m3\/#breadcrumb\"},\"inLanguage\":\"en-GB\",\"potentialAction\":[{\"@type\":\"ReadAction\",\"target\":[\"https:\/\/pagrabueksperti.lv\/product\/nbc-lunor-ventilacijas-sistema-40-75-150-m3\/\"]}]},{\"@type\":\"ImageObject\",\"inLanguage\":\"en-GB\",\"@id\":\"https:\/\/pagrabueksperti.lv\/product\/nbc-lunor-ventilacijas-sistema-40-75-150-m3\/#primaryimage\",\"url\":\"https:\/\/pagrabueksperti.lv\/wp-content\/uploads\/2025\/02\/1.png\",\"contentUrl\":\"https:\/\/pagrabueksperti.lv\/wp-content\/uploads\/2025\/02\/1.png\",\"width\":795,\"height\":793},{\"@type\":\"BreadcrumbList\",\"@id\":\"https:\/\/pagrabueksperti.lv\/product\/nbc-lunor-ventilacijas-sistema-40-75-150-m3\/#breadcrumb\",\"itemListElement\":[{\"@type\":\"ListItem\",\"position\":1,\"name\":\"Home\",\"item\":\"https:\/\/pagrabueksperti.lv\/\"},{\"@type\":\"ListItem\",\"position\":2,\"name\":\"Products\",\"item\":\"https:\/\/pagrabueksperti.lv\/shop__trashed\/\"},{\"@type\":\"ListItem\",\"position\":3,\"name\":\"NBC Lunor ventil\u0101cijas sist\u0113ma 40 \/ 75 \/ 150 m3\"}]},{\"@type\":\"WebSite\",\"@id\":\"https:\/\/pagrabueksperti.lv\/#website\",\"url\":\"https:\/\/pagrabueksperti.lv\/\",\"name\":\"Pagrabu Eksperti\",\"description\":\"\",\"publisher\":{\"@id\":\"https:\/\/pagrabueksperti.lv\/#organization\"},\"potentialAction\":[{\"@type\":\"SearchAction\",\"target\":{\"@type\":\"EntryPoint\",\"urlTemplate\":\"https:\/\/pagrabueksperti.lv\/?s={search_term_string}\"},\"query-input\":{\"@type\":\"PropertyValueSpecification\",\"valueRequired\":true,\"valueName\":\"search_term_string\"}}],\"inLanguage\":\"en-GB\"},{\"@type\":\"Organization\",\"@id\":\"https:\/\/pagrabueksperti.lv\/#organization\",\"name\":\"Pagrabu Eksperti\",\"url\":\"https:\/\/pagrabueksperti.lv\/\",\"logo\":{\"@type\":\"ImageObject\",\"inLanguage\":\"en-GB\",\"@id\":\"https:\/\/pagrabueksperti.lv\/#\/schema\/logo\/image\/\",\"url\":\"https:\/\/pagrabueksperti.lv\/wp-content\/uploads\/2025\/02\/Group-20-3.png\",\"contentUrl\":\"https:\/\/pagrabueksperti.lv\/wp-content\/uploads\/2025\/02\/Group-20-3.png\",\"width\":894,\"height\":891,\"caption\":\"Pagrabu Eksperti\"},\"image\":{\"@id\":\"https:\/\/pagrabueksperti.lv\/#\/schema\/logo\/image\/\"}}]}<\/script>\n<!-- \/ Yoast SEO Premium plugin. -->","yoast_head_json":{"title":"NBC Lunor ventil\u0101cijas sist\u0113ma 40 \/ 75 \/ 150 m3 - Pagrabu Eksperti","robots":{"index":"index","follow":"follow","max-snippet":"max-snippet:-1","max-image-preview":"max-image-preview:large","max-video-preview":"max-video-preview:-1"},"canonical":"https:\/\/pagrabueksperti.lv\/en\/product\/nbc-lunor-ventilacijas-sistema-40-75-150-m3\/","og_locale":"en_GB","og_type":"article","og_title":"NBC Lunor ventil\u0101cijas sist\u0113ma 40 \/ 75 \/ 150 m3","og_description":"LUNOR ventil\u0101cijas sist\u0113ma nodro\u0161ina efekt\u012bvu aizsardz\u012bbu pret kodoliero\u010du, biolo\u0123isko un \u0137\u012bmisko pies\u0101r\u0146ojumu ( NBC ). VA-40\/75\/150 s\u0113rijas patvert\u0146u ventil\u0101cijas sist\u0113mas aizsarg\u0101 cilv\u0113kus un iek\u0101rtas av\u0101rijas situ\u0101cij\u0101s.T\u0101 tiek uzst\u0101d\u012bta, lai aizsarg\u0101tu pret masu izn\u012bcin\u0101\u0161anas iero\u010du iedarb\u012bbu, piem\u0113ram, spr\u0101dzieniem, triecienvi\u013c\u0146iem, seismiskiem triecieniem. Sist\u0113ma att\u012bra \u0101ra gaisu no \u0137\u012bmiskiem, biolo\u0123iskiem un radioakt\u012bviem pies\u0101r\u0146ot\u0101jiem. Patvertnes ventil\u0101cija nodro\u0161ina t\u012bru gaisu [&hellip;]","og_url":"https:\/\/pagrabueksperti.lv\/en\/product\/nbc-lunor-ventilacijas-sistema-40-75-150-m3\/","og_site_name":"Pagrabu Eksperti","article_modified_time":"2025-02-26T18:13:45+00:00","og_image":[{"width":795,"height":793,"url":"http:\/\/pagrabueksperti.lv\/wp-content\/uploads\/2025\/02\/1.png","type":"image\/png"}],"twitter_card":"summary_large_image","twitter_misc":{"Estimated reading time":"2 minutes"},"schema":{"@context":"https:\/\/schema.org","@graph":[{"@type":"WebPage","@id":"https:\/\/pagrabueksperti.lv\/product\/nbc-lunor-ventilacijas-sistema-40-75-150-m3\/","url":"https:\/\/pagrabueksperti.lv\/product\/nbc-lunor-ventilacijas-sistema-40-75-150-m3\/","name":"NBC Lunor ventil\u0101cijas sist\u0113ma 40 \/ 75 \/ 150 m3 - Pagrabu Eksperti","isPartOf":{"@id":"https:\/\/pagrabueksperti.lv\/#website"},"primaryImageOfPage":{"@id":"https:\/\/pagrabueksperti.lv\/product\/nbc-lunor-ventilacijas-sistema-40-75-150-m3\/#primaryimage"},"image":{"@id":"https:\/\/pagrabueksperti.lv\/product\/nbc-lunor-ventilacijas-sistema-40-75-150-m3\/#primaryimage"},"thumbnailUrl":"https:\/\/pagrabueksperti.lv\/wp-content\/uploads\/2025\/02\/1.png","datePublished":"2025-02-23T15:47:14+00:00","dateModified":"2025-02-26T18:13:45+00:00","breadcrumb":{"@id":"https:\/\/pagrabueksperti.lv\/product\/nbc-lunor-ventilacijas-sistema-40-75-150-m3\/#breadcrumb"},"inLanguage":"en-GB","potentialAction":[{"@type":"ReadAction","target":["https:\/\/pagrabueksperti.lv\/product\/nbc-lunor-ventilacijas-sistema-40-75-150-m3\/"]}]},{"@type":"ImageObject","inLanguage":"en-GB","@id":"https:\/\/pagrabueksperti.lv\/product\/nbc-lunor-ventilacijas-sistema-40-75-150-m3\/#primaryimage","url":"https:\/\/pagrabueksperti.lv\/wp-content\/uploads\/2025\/02\/1.png","contentUrl":"https:\/\/pagrabueksperti.lv\/wp-content\/uploads\/2025\/02\/1.png","width":795,"height":793},{"@type":"BreadcrumbList","@id":"https:\/\/pagrabueksperti.lv\/product\/nbc-lunor-ventilacijas-sistema-40-75-150-m3\/#breadcrumb","itemListElement":[{"@type":"ListItem","position":1,"name":"Home","item":"https:\/\/pagrabueksperti.lv\/"},{"@type":"ListItem","position":2,"name":"Products","item":"https:\/\/pagrabueksperti.lv\/shop__trashed\/"},{"@type":"ListItem","position":3,"name":"NBC Lunor ventil\u0101cijas sist\u0113ma 40 \/ 75 \/ 150 m3"}]},{"@type":"WebSite","@id":"https:\/\/pagrabueksperti.lv\/#website","url":"https:\/\/pagrabueksperti.lv\/","name":"Pagrabu Eksperti","description":"","publisher":{"@id":"https:\/\/pagrabueksperti.lv\/#organization"},"potentialAction":[{"@type":"SearchAction","target":{"@type":"EntryPoint","urlTemplate":"https:\/\/pagrabueksperti.lv\/?s={search_term_string}"},"query-input":{"@type":"PropertyValueSpecification","valueRequired":true,"valueName":"search_term_string"}}],"inLanguage":"en-GB"},{"@type":"Organization","@id":"https:\/\/pagrabueksperti.lv\/#organization","name":"Pagrabu Eksperti","url":"https:\/\/pagrabueksperti.lv\/","logo":{"@type":"ImageObject","inLanguage":"en-GB","@id":"https:\/\/pagrabueksperti.lv\/#\/schema\/logo\/image\/","url":"https:\/\/pagrabueksperti.lv\/wp-content\/uploads\/2025\/02\/Group-20-3.png","contentUrl":"https:\/\/pagrabueksperti.lv\/wp-content\/uploads\/2025\/02\/Group-20-3.png","width":894,"height":891,"caption":"Pagrabu Eksperti"},"image":{"@id":"https:\/\/pagrabueksperti.lv\/#\/schema\/logo\/image\/"}}]}},"_links":{"self":[{"href":"https:\/\/pagrabueksperti.lv\/en\/wp-json\/wp\/v2\/product\/2858","targetHints":{"allow":["GET"]}}],"collection":[{"href":"https:\/\/pagrabueksperti.lv\/en\/wp-json\/wp\/v2\/product"}],"about":[{"href":"https:\/\/pagrabueksperti.lv\/en\/wp-json\/wp\/v2\/types\/product"}],"replies":[{"embeddable":true,"href":"https:\/\/pagrabueksperti.lv\/en\/wp-json\/wp\/v2\/comments?post=2858"}],"wp:featuredmedia":[{"embeddable":true,"href":"https:\/\/pagrabueksperti.lv\/en\/wp-json\/wp\/v2\/media\/3013"}],"wp:attachment":[{"href":"https:\/\/pagrabueksperti.lv\/en\/wp-json\/wp\/v2\/media?parent=2858"}],"wp:term":[{"taxonomy":"product_brand","embeddable":true,"href":"https:\/\/pagrabueksperti.lv\/en\/wp-json\/wp\/v2\/product_brand?post=2858"},{"taxonomy":"product_cat","embeddable":true,"href":"https:\/\/pagrabueksperti.lv\/en\/wp-json\/wp\/v2\/product_cat?post=2858"},{"taxonomy":"product_tag","embeddable":true,"href":"https:\/\/pagrabueksperti.lv\/en\/wp-json\/wp\/v2\/product_tag?post=2858"}],"curies":[{"name":"wp","href":"https:\/\/api.w.org\/{rel}","templated":true}]}}