{"id":2854,"date":"2025-02-23T17:46:37","date_gmt":"2025-02-23T15:46:37","guid":{"rendered":"https:\/\/pagrabueksperti.lv\/?post_type=product&#038;p=2854"},"modified":"2025-02-26T20:15:26","modified_gmt":"2025-02-26T18:15:26","slug":"nbc-cbrn-co2-un-co-gaisa-filtri","status":"publish","type":"product","link":"https:\/\/pagrabueksperti.lv\/en\/product\/nbc-cbrn-co2-un-co-gaisa-filtri\/","title":{"rendered":"NBC, CBRN, CO2 and CO air filters."},"content":{"rendered":"<p>We offer a wide range of air filters for ventilation and filtration systems for civil protection shelters, industrial facilities and more. In addition, our filters comply with international standards and can be tailored to your individual needs. Furthermore, standard filters effectively remove nuclear, biological and chemical contaminants, as well as toxic industrial chemicals (TICs) and carbon dioxide (CO2). Thanks to this, we provide comprehensive protection in a wide range of conditions and hazardous situations.<\/p>\n<p>Filter design<br \/>\nThe filters consist of two elements<\/p>\n<p>Mechanical filtration - carried out using a HEPA or ULPA filter.<br \/>\nAdsorption - using special activated carbon or a special absorbent.<\/p>\n<p>Different versions and performance.<br \/>\nThe AFU series is available in airflows from 36 to 1800 m\u00b3\/h. They can be easily integrated into existing CBRN systems.<br \/>\nIf you need to increase efficiency, you can combine several filtration systems.<\/p>\n<p>Solutions for old systems.<br \/>\nMany sanctuaries in Eastern Europe still use old-style filtration equipment that requires specific NBC and CO2 filters, such as \u0424\u041f\u0423-200, \u0424\u041f-300 or \u0420\u041f-100. Our modern spare parts make it easy to change filters without having to rebuild the whole system, as long as it works. We also offer complete kits, ducting, blowers, valves and other necessary installation accessories.<\/p>\n<p>Application<br \/>\nOur filters are impact-resistant, thanks to their durability, they are perfectly suited for difficult conditions such as high temperatures and humidity. We adapt them to international civil protection standards or specific customer requirements.<\/p>\n<p>System operation modes<br \/>\nOur systems offer two basic modes of operation:<\/p>\n<p>NBC filtration - for filtering nuclear, biological and chemical contaminants.<br \/>\nIn NBC ventilation mode, the airflow is usually twice as high as in filtration mode<\/p>\n<p>Assembly options.<\/p>\n<p>The filtration systems are designed as modules, allowing them to be installed on floors, walls or ceilings. This makes installation easier. In addition, the system is manually operated in the event of a power failure, ensuring uninterrupted operation.<\/p>\n<p>ARC specification:<br \/>\nOur filtration systems contain the following elements:<\/p>\n<p>Blower valve<br \/>\nPre-filter<br \/>\nAir flow regulator<br \/>\nNBC filter<br \/>\nElectric blower with manual operation<br \/>\nPressure relief valve<\/p>","protected":false},"excerpt":{"rendered":"<p>M\u0113s pied\u0101v\u0101jam pla\u0161u gaisa filtru izv\u0113li ventil\u0101cijas un filtr\u0113\u0161anas sist\u0113m\u0101m, kas paredz\u0113tas civil\u0101s aizsardz\u012bbas patvertn\u0113m, industri\u0101lajiem objektiem u.c.Turkl\u0101t m\u016bsu filtri atbilst starptautiskajiem standartiem un ir piel\u0101gojami klientu individu\u0101laj\u0101m vajadz\u012bb\u0101m. Turkl\u0101t standarta filtri efekt\u012bvi no\u0146em kodoliero\u010du, biolo\u0123iskos un \u0137\u012bmiskos pies\u0101r\u0146ojumu, k\u0101 ar\u012b toksiskas r\u016bpniecisk\u0101s \u0137\u012bmisk\u0101s vielas (TIC) un oglek\u013ca dioks\u012bdu (CO2). Pateicoties tam, m\u0113s nodro\u0161in\u0101m visaptvero\u0161u [&hellip;]<\/p>","protected":false},"featured_media":3011,"comment_status":"open","ping_status":"closed","template":"","meta":{"site-sidebar-layout":"default","site-content-layout":"","ast-site-content-layout":"default","site-content-style":"default","site-sidebar-style":"default","ast-global-header-display":"","ast-banner-title-visibility":"","ast-main-header-display":"","ast-hfb-above-header-display":"","ast-hfb-below-header-display":"","ast-hfb-mobile-header-display":"","site-post-title":"","ast-breadcrumbs-content":"","ast-featured-img":"","footer-sml-layout":"","ast-disable-related-posts":"","theme-transparent-header-meta":"default","adv-header-id-meta":"","stick-header-meta":"","header-above-stick-meta":"","header-main-stick-meta":"","header-below-stick-meta":"","astra-migrate-meta-layouts":"set","ast-page-background-enabled":"default","ast-page-background-meta":{"desktop":{"background-color":"","background-image":"","background-repeat":"repeat","background-position":"center center","background-size":"auto","background-attachment":"scroll","background-type":"","background-media":"","overlay-type":"","overlay-color":"","overlay-opacity":"","overlay-gradient":""},"tablet":{"background-color":"","background-image":"","background-repeat":"repeat","background-position":"center center","background-size":"auto","background-attachment":"scroll","background-type":"","background-media":"","overlay-type":"","overlay-color":"","overlay-opacity":"","overlay-gradient":""},"mobile":{"background-color":"","background-image":"","background-repeat":"repeat","background-position":"center center","background-size":"auto","background-attachment":"scroll","background-type":"","background-media":"","overlay-type":"","overlay-color":"","overlay-opacity":"","overlay-gradient":""}},"ast-content-background-meta":{"desktop":{"background-color":"var(--ast-global-color-5)","background-image":"","background-repeat":"repeat","background-position":"center center","background-size":"auto","background-attachment":"scroll","background-type":"","background-media":"","overlay-type":"","overlay-color":"","overlay-opacity":"","overlay-gradient":""},"tablet":{"background-color":"var(--ast-global-color-5)","background-image":"","background-repeat":"repeat","background-position":"center center","background-size":"auto","background-attachment":"scroll","background-type":"","background-media":"","overlay-type":"","overlay-color":"","overlay-opacity":"","overlay-gradient":""},"mobile":{"background-color":"var(--ast-global-color-5)","background-image":"","background-repeat":"repeat","background-position":"center center","background-size":"auto","background-attachment":"scroll","background-type":"","background-media":"","overlay-type":"","overlay-color":"","overlay-opacity":"","overlay-gradient":""}}},"product_brand":[],"product_cat":[44,49],"product_tag":[],"class_list":{"0":"post-2854","1":"product","2":"type-product","3":"status-publish","4":"has-post-thumbnail","6":"product_cat-filtresanas-un-ventilacijas-sistemas","7":"product_cat-filtri","8":"desktop-align-left","9":"tablet-align-left","10":"mobile-align-left","12":"first","13":"instock","14":"shipping-taxable","15":"purchasable","16":"product-type-simple"},"yoast_head":"<!-- This site is optimized with the Yoast SEO Premium plugin v21.8 (Yoast SEO v26.6) - https:\/\/yoast.com\/wordpress\/plugins\/seo\/ -->\n<title>NBC, CBRN, CO2 un CO gaisa filtri. - Pagrabu Eksperti<\/title>\n<meta name=\"robots\" content=\"index, follow, max-snippet:-1, max-image-preview:large, max-video-preview:-1\" \/>\n<link rel=\"canonical\" href=\"https:\/\/pagrabueksperti.lv\/en\/product\/nbc-cbrn-co2-un-co-gaisa-filtri\/\" \/>\n<meta property=\"og:locale\" content=\"en_GB\" \/>\n<meta property=\"og:type\" content=\"article\" \/>\n<meta property=\"og:title\" content=\"NBC, CBRN, CO2 un CO gaisa filtri.\" \/>\n<meta property=\"og:description\" content=\"M\u0113s pied\u0101v\u0101jam pla\u0161u gaisa filtru izv\u0113li ventil\u0101cijas un filtr\u0113\u0161anas sist\u0113m\u0101m, kas paredz\u0113tas civil\u0101s aizsardz\u012bbas patvertn\u0113m, industri\u0101lajiem objektiem u.c.Turkl\u0101t m\u016bsu filtri atbilst starptautiskajiem standartiem un ir piel\u0101gojami klientu individu\u0101laj\u0101m vajadz\u012bb\u0101m. Turkl\u0101t standarta filtri efekt\u012bvi no\u0146em kodoliero\u010du, biolo\u0123iskos un \u0137\u012bmiskos pies\u0101r\u0146ojumu, k\u0101 ar\u012b toksiskas r\u016bpniecisk\u0101s \u0137\u012bmisk\u0101s vielas (TIC) un oglek\u013ca dioks\u012bdu (CO2). Pateicoties tam, m\u0113s nodro\u0161in\u0101m visaptvero\u0161u [&hellip;]\" \/>\n<meta property=\"og:url\" content=\"https:\/\/pagrabueksperti.lv\/en\/product\/nbc-cbrn-co2-un-co-gaisa-filtri\/\" \/>\n<meta property=\"og:site_name\" content=\"Pagrabu Eksperti\" \/>\n<meta property=\"article:modified_time\" content=\"2025-02-26T18:15:26+00:00\" \/>\n<meta property=\"og:image\" content=\"http:\/\/pagrabueksperti.lv\/wp-content\/uploads\/2025\/02\/filtri1.png\" \/>\n\t<meta property=\"og:image:width\" content=\"795\" \/>\n\t<meta property=\"og:image:height\" content=\"795\" \/>\n\t<meta property=\"og:image:type\" content=\"image\/png\" \/>\n<meta name=\"twitter:card\" content=\"summary_large_image\" \/>\n<meta name=\"twitter:label1\" content=\"Estimated reading time\" \/>\n\t<meta name=\"twitter:data1\" content=\"2 minutes\" \/>\n<script type=\"application\/ld+json\" class=\"yoast-schema-graph\">{\"@context\":\"https:\/\/schema.org\",\"@graph\":[{\"@type\":\"WebPage\",\"@id\":\"https:\/\/pagrabueksperti.lv\/product\/nbc-cbrn-co2-un-co-gaisa-filtri\/\",\"url\":\"https:\/\/pagrabueksperti.lv\/product\/nbc-cbrn-co2-un-co-gaisa-filtri\/\",\"name\":\"NBC, CBRN, CO2 un CO gaisa filtri. - Pagrabu Eksperti\",\"isPartOf\":{\"@id\":\"https:\/\/pagrabueksperti.lv\/#website\"},\"primaryImageOfPage\":{\"@id\":\"https:\/\/pagrabueksperti.lv\/product\/nbc-cbrn-co2-un-co-gaisa-filtri\/#primaryimage\"},\"image\":{\"@id\":\"https:\/\/pagrabueksperti.lv\/product\/nbc-cbrn-co2-un-co-gaisa-filtri\/#primaryimage\"},\"thumbnailUrl\":\"https:\/\/pagrabueksperti.lv\/wp-content\/uploads\/2025\/02\/filtri1.png\",\"datePublished\":\"2025-02-23T15:46:37+00:00\",\"dateModified\":\"2025-02-26T18:15:26+00:00\",\"breadcrumb\":{\"@id\":\"https:\/\/pagrabueksperti.lv\/product\/nbc-cbrn-co2-un-co-gaisa-filtri\/#breadcrumb\"},\"inLanguage\":\"en-GB\",\"potentialAction\":[{\"@type\":\"ReadAction\",\"target\":[\"https:\/\/pagrabueksperti.lv\/product\/nbc-cbrn-co2-un-co-gaisa-filtri\/\"]}]},{\"@type\":\"ImageObject\",\"inLanguage\":\"en-GB\",\"@id\":\"https:\/\/pagrabueksperti.lv\/product\/nbc-cbrn-co2-un-co-gaisa-filtri\/#primaryimage\",\"url\":\"https:\/\/pagrabueksperti.lv\/wp-content\/uploads\/2025\/02\/filtri1.png\",\"contentUrl\":\"https:\/\/pagrabueksperti.lv\/wp-content\/uploads\/2025\/02\/filtri1.png\",\"width\":795,\"height\":795},{\"@type\":\"BreadcrumbList\",\"@id\":\"https:\/\/pagrabueksperti.lv\/product\/nbc-cbrn-co2-un-co-gaisa-filtri\/#breadcrumb\",\"itemListElement\":[{\"@type\":\"ListItem\",\"position\":1,\"name\":\"Home\",\"item\":\"https:\/\/pagrabueksperti.lv\/\"},{\"@type\":\"ListItem\",\"position\":2,\"name\":\"Products\",\"item\":\"https:\/\/pagrabueksperti.lv\/shop__trashed\/\"},{\"@type\":\"ListItem\",\"position\":3,\"name\":\"NBC, CBRN, CO2 un CO gaisa filtri.\"}]},{\"@type\":\"WebSite\",\"@id\":\"https:\/\/pagrabueksperti.lv\/#website\",\"url\":\"https:\/\/pagrabueksperti.lv\/\",\"name\":\"Pagrabu Eksperti\",\"description\":\"\",\"publisher\":{\"@id\":\"https:\/\/pagrabueksperti.lv\/#organization\"},\"potentialAction\":[{\"@type\":\"SearchAction\",\"target\":{\"@type\":\"EntryPoint\",\"urlTemplate\":\"https:\/\/pagrabueksperti.lv\/?s={search_term_string}\"},\"query-input\":{\"@type\":\"PropertyValueSpecification\",\"valueRequired\":true,\"valueName\":\"search_term_string\"}}],\"inLanguage\":\"en-GB\"},{\"@type\":\"Organization\",\"@id\":\"https:\/\/pagrabueksperti.lv\/#organization\",\"name\":\"Pagrabu Eksperti\",\"url\":\"https:\/\/pagrabueksperti.lv\/\",\"logo\":{\"@type\":\"ImageObject\",\"inLanguage\":\"en-GB\",\"@id\":\"https:\/\/pagrabueksperti.lv\/#\/schema\/logo\/image\/\",\"url\":\"https:\/\/pagrabueksperti.lv\/wp-content\/uploads\/2025\/02\/Group-20-3.png\",\"contentUrl\":\"https:\/\/pagrabueksperti.lv\/wp-content\/uploads\/2025\/02\/Group-20-3.png\",\"width\":894,\"height\":891,\"caption\":\"Pagrabu Eksperti\"},\"image\":{\"@id\":\"https:\/\/pagrabueksperti.lv\/#\/schema\/logo\/image\/\"}}]}<\/script>\n<!-- \/ Yoast SEO Premium plugin. -->","yoast_head_json":{"title":"NBC, CBRN, CO2 un CO gaisa filtri. - Pagrabu Eksperti","robots":{"index":"index","follow":"follow","max-snippet":"max-snippet:-1","max-image-preview":"max-image-preview:large","max-video-preview":"max-video-preview:-1"},"canonical":"https:\/\/pagrabueksperti.lv\/en\/product\/nbc-cbrn-co2-un-co-gaisa-filtri\/","og_locale":"en_GB","og_type":"article","og_title":"NBC, CBRN, CO2 un CO gaisa filtri.","og_description":"M\u0113s pied\u0101v\u0101jam pla\u0161u gaisa filtru izv\u0113li ventil\u0101cijas un filtr\u0113\u0161anas sist\u0113m\u0101m, kas paredz\u0113tas civil\u0101s aizsardz\u012bbas patvertn\u0113m, industri\u0101lajiem objektiem u.c.Turkl\u0101t m\u016bsu filtri atbilst starptautiskajiem standartiem un ir piel\u0101gojami klientu individu\u0101laj\u0101m vajadz\u012bb\u0101m. Turkl\u0101t standarta filtri efekt\u012bvi no\u0146em kodoliero\u010du, biolo\u0123iskos un \u0137\u012bmiskos pies\u0101r\u0146ojumu, k\u0101 ar\u012b toksiskas r\u016bpniecisk\u0101s \u0137\u012bmisk\u0101s vielas (TIC) un oglek\u013ca dioks\u012bdu (CO2). Pateicoties tam, m\u0113s nodro\u0161in\u0101m visaptvero\u0161u [&hellip;]","og_url":"https:\/\/pagrabueksperti.lv\/en\/product\/nbc-cbrn-co2-un-co-gaisa-filtri\/","og_site_name":"Pagrabu Eksperti","article_modified_time":"2025-02-26T18:15:26+00:00","og_image":[{"width":795,"height":795,"url":"http:\/\/pagrabueksperti.lv\/wp-content\/uploads\/2025\/02\/filtri1.png","type":"image\/png"}],"twitter_card":"summary_large_image","twitter_misc":{"Estimated reading time":"2 minutes"},"schema":{"@context":"https:\/\/schema.org","@graph":[{"@type":"WebPage","@id":"https:\/\/pagrabueksperti.lv\/product\/nbc-cbrn-co2-un-co-gaisa-filtri\/","url":"https:\/\/pagrabueksperti.lv\/product\/nbc-cbrn-co2-un-co-gaisa-filtri\/","name":"NBC, CBRN, CO2 un CO gaisa filtri. - Pagrabu Eksperti","isPartOf":{"@id":"https:\/\/pagrabueksperti.lv\/#website"},"primaryImageOfPage":{"@id":"https:\/\/pagrabueksperti.lv\/product\/nbc-cbrn-co2-un-co-gaisa-filtri\/#primaryimage"},"image":{"@id":"https:\/\/pagrabueksperti.lv\/product\/nbc-cbrn-co2-un-co-gaisa-filtri\/#primaryimage"},"thumbnailUrl":"https:\/\/pagrabueksperti.lv\/wp-content\/uploads\/2025\/02\/filtri1.png","datePublished":"2025-02-23T15:46:37+00:00","dateModified":"2025-02-26T18:15:26+00:00","breadcrumb":{"@id":"https:\/\/pagrabueksperti.lv\/product\/nbc-cbrn-co2-un-co-gaisa-filtri\/#breadcrumb"},"inLanguage":"en-GB","potentialAction":[{"@type":"ReadAction","target":["https:\/\/pagrabueksperti.lv\/product\/nbc-cbrn-co2-un-co-gaisa-filtri\/"]}]},{"@type":"ImageObject","inLanguage":"en-GB","@id":"https:\/\/pagrabueksperti.lv\/product\/nbc-cbrn-co2-un-co-gaisa-filtri\/#primaryimage","url":"https:\/\/pagrabueksperti.lv\/wp-content\/uploads\/2025\/02\/filtri1.png","contentUrl":"https:\/\/pagrabueksperti.lv\/wp-content\/uploads\/2025\/02\/filtri1.png","width":795,"height":795},{"@type":"BreadcrumbList","@id":"https:\/\/pagrabueksperti.lv\/product\/nbc-cbrn-co2-un-co-gaisa-filtri\/#breadcrumb","itemListElement":[{"@type":"ListItem","position":1,"name":"Home","item":"https:\/\/pagrabueksperti.lv\/"},{"@type":"ListItem","position":2,"name":"Products","item":"https:\/\/pagrabueksperti.lv\/shop__trashed\/"},{"@type":"ListItem","position":3,"name":"NBC, CBRN, CO2 un CO gaisa filtri."}]},{"@type":"WebSite","@id":"https:\/\/pagrabueksperti.lv\/#website","url":"https:\/\/pagrabueksperti.lv\/","name":"Pagrabu Eksperti","description":"","publisher":{"@id":"https:\/\/pagrabueksperti.lv\/#organization"},"potentialAction":[{"@type":"SearchAction","target":{"@type":"EntryPoint","urlTemplate":"https:\/\/pagrabueksperti.lv\/?s={search_term_string}"},"query-input":{"@type":"PropertyValueSpecification","valueRequired":true,"valueName":"search_term_string"}}],"inLanguage":"en-GB"},{"@type":"Organization","@id":"https:\/\/pagrabueksperti.lv\/#organization","name":"Pagrabu Eksperti","url":"https:\/\/pagrabueksperti.lv\/","logo":{"@type":"ImageObject","inLanguage":"en-GB","@id":"https:\/\/pagrabueksperti.lv\/#\/schema\/logo\/image\/","url":"https:\/\/pagrabueksperti.lv\/wp-content\/uploads\/2025\/02\/Group-20-3.png","contentUrl":"https:\/\/pagrabueksperti.lv\/wp-content\/uploads\/2025\/02\/Group-20-3.png","width":894,"height":891,"caption":"Pagrabu Eksperti"},"image":{"@id":"https:\/\/pagrabueksperti.lv\/#\/schema\/logo\/image\/"}}]}},"_links":{"self":[{"href":"https:\/\/pagrabueksperti.lv\/en\/wp-json\/wp\/v2\/product\/2854","targetHints":{"allow":["GET"]}}],"collection":[{"href":"https:\/\/pagrabueksperti.lv\/en\/wp-json\/wp\/v2\/product"}],"about":[{"href":"https:\/\/pagrabueksperti.lv\/en\/wp-json\/wp\/v2\/types\/product"}],"replies":[{"embeddable":true,"href":"https:\/\/pagrabueksperti.lv\/en\/wp-json\/wp\/v2\/comments?post=2854"}],"wp:featuredmedia":[{"embeddable":true,"href":"https:\/\/pagrabueksperti.lv\/en\/wp-json\/wp\/v2\/media\/3011"}],"wp:attachment":[{"href":"https:\/\/pagrabueksperti.lv\/en\/wp-json\/wp\/v2\/media?parent=2854"}],"wp:term":[{"taxonomy":"product_brand","embeddable":true,"href":"https:\/\/pagrabueksperti.lv\/en\/wp-json\/wp\/v2\/product_brand?post=2854"},{"taxonomy":"product_cat","embeddable":true,"href":"https:\/\/pagrabueksperti.lv\/en\/wp-json\/wp\/v2\/product_cat?post=2854"},{"taxonomy":"product_tag","embeddable":true,"href":"https:\/\/pagrabueksperti.lv\/en\/wp-json\/wp\/v2\/product_tag?post=2854"}],"curies":[{"name":"wp","href":"https:\/\/api.w.org\/{rel}","templated":true}]}}