{"id":2852,"date":"2025-02-23T17:46:16","date_gmt":"2025-02-23T15:46:16","guid":{"rendered":"https:\/\/pagrabueksperti.lv\/?post_type=product&#038;p=2852"},"modified":"2025-02-26T20:13:31","modified_gmt":"2025-02-26T18:13:31","slug":"nbc-arc-filtresanas-sistemas","status":"publish","type":"product","link":"https:\/\/pagrabueksperti.lv\/en\/product\/nbc-arc-filtresanas-sistemas\/","title":{"rendered":"NBC ARC filter systems"},"content":{"rendered":"<p>ARC series for medium and large shelters and bunkers.<\/p>\n<p>NBC ARC filtration and ventilation systems.<br \/>\nThe ARC NBC series of air filtration systems has flow rates from 180 m\u00b3\/h to 1800 m\u00b3\/h. Capacities from 100 to 1800 m3. These systems are suitable for rooms with limited floor space and efficiently filter air in NBC mode.<\/p>\n<p>Module type<br \/>\nThe modular type allows versatile assembly. This is important in shelters, bunkers, basements, etc.) ARC 180\/240\/300\/450\/600 systems can be floor mounted, wall mounted or rotated. This allows you to make the most of the space available.<\/p>\n<p>Adapted to difficult conditions.<br \/>\nARC systems have been tested in challenging conditions, high, low temperatures and humidity. They are designed to modern civil protection standards and can be tailored to specific customer needs.<\/p>\n<p>Filtration efficiency<br \/>\nThe range includes NBC filtration mode, as well as 180, 240, 300, 450, 600, 900, 1200 and 1800 m\u00b3\/h airflows. In ventilation mode, the airflow is usually twice as high as in filtration mode. This ensures efficient air exchange in any situation.<\/p>\n<p>Options for installing filtration and ventilation systems.<br \/>\nThe ARC system can be installed on the floor, wall or ceiling. This layout facilitates and optimises the use of space. In addition, the system has a manual override option to ensure safe air filtration in the event of a power failure.<\/p>\n<p>ARC specification:<br \/>\nARC systems consist of:<\/p>\n<p>Blower valve<br \/>\nPre-filter<br \/>\nAir flow regulator<br \/>\nNBC filter<br \/>\nManually operated electric blower<br \/>\nPressure relief valve<\/p>\n<p>Applications in different rooms<br \/>\nARC systems work in small, medium and large buildings.<br \/>\nThey are usually installed in schools, kindergartens, hospitals, residential and other buildings.<\/p>","protected":false},"excerpt":{"rendered":"<p>ARC s\u0113rija vid\u0113ja un liela izm\u0113ra patvertn\u0113m un bunkuriem. NBC ARC filtr\u0113\u0161anas un ventil\u0101cijas sist\u0113mas. ARC NBC gaisa filtr\u0113\u0161anas sist\u0113mu s\u0113rijas pl\u016bsmas \u0101trums no 180 m\u00b3\/h l\u012bdz 1800 m\u00b3\/h.Jauda no 100 l\u012bdz 1800 m3, \u0160\u012bs sist\u0113mas ir piem\u0113rotas telp\u0101m ar ierobe\u017eotu plat\u012bbu,t\u0101s efekt\u012bvi filtr\u0113 gaisu NBC re\u017e\u012bm\u0101. Modu\u013cu tips. Modu\u013cveida tips nodro\u0161ina daudzpus\u012bgu mont\u0101\u017eu. Tas [&hellip;]<\/p>","protected":false},"featured_media":3002,"comment_status":"open","ping_status":"closed","template":"","meta":{"site-sidebar-layout":"default","site-content-layout":"","ast-site-content-layout":"default","site-content-style":"default","site-sidebar-style":"default","ast-global-header-display":"","ast-banner-title-visibility":"","ast-main-header-display":"","ast-hfb-above-header-display":"","ast-hfb-below-header-display":"","ast-hfb-mobile-header-display":"","site-post-title":"","ast-breadcrumbs-content":"","ast-featured-img":"","footer-sml-layout":"","ast-disable-related-posts":"","theme-transparent-header-meta":"default","adv-header-id-meta":"","stick-header-meta":"","header-above-stick-meta":"","header-main-stick-meta":"","header-below-stick-meta":"","astra-migrate-meta-layouts":"set","ast-page-background-enabled":"default","ast-page-background-meta":{"desktop":{"background-color":"","background-image":"","background-repeat":"repeat","background-position":"center center","background-size":"auto","background-attachment":"scroll","background-type":"","background-media":"","overlay-type":"","overlay-color":"","overlay-opacity":"","overlay-gradient":""},"tablet":{"background-color":"","background-image":"","background-repeat":"repeat","background-position":"center center","background-size":"auto","background-attachment":"scroll","background-type":"","background-media":"","overlay-type":"","overlay-color":"","overlay-opacity":"","overlay-gradient":""},"mobile":{"background-color":"","background-image":"","background-repeat":"repeat","background-position":"center center","background-size":"auto","background-attachment":"scroll","background-type":"","background-media":"","overlay-type":"","overlay-color":"","overlay-opacity":"","overlay-gradient":""}},"ast-content-background-meta":{"desktop":{"background-color":"var(--ast-global-color-5)","background-image":"","background-repeat":"repeat","background-position":"center center","background-size":"auto","background-attachment":"scroll","background-type":"","background-media":"","overlay-type":"","overlay-color":"","overlay-opacity":"","overlay-gradient":""},"tablet":{"background-color":"var(--ast-global-color-5)","background-image":"","background-repeat":"repeat","background-position":"center center","background-size":"auto","background-attachment":"scroll","background-type":"","background-media":"","overlay-type":"","overlay-color":"","overlay-opacity":"","overlay-gradient":""},"mobile":{"background-color":"var(--ast-global-color-5)","background-image":"","background-repeat":"repeat","background-position":"center center","background-size":"auto","background-attachment":"scroll","background-type":"","background-media":"","overlay-type":"","overlay-color":"","overlay-opacity":"","overlay-gradient":""}}},"product_brand":[],"product_cat":[44,50],"product_tag":[],"class_list":{"0":"post-2852","1":"product","2":"type-product","3":"status-publish","4":"has-post-thumbnail","6":"product_cat-filtresanas-un-ventilacijas-sistemas","7":"product_cat-sistemas","8":"desktop-align-left","9":"tablet-align-left","10":"mobile-align-left","12":"first","13":"instock","14":"shipping-taxable","15":"purchasable","16":"product-type-simple"},"yoast_head":"<!-- This site is optimized with the Yoast SEO Premium plugin v21.8 (Yoast SEO v26.6) - https:\/\/yoast.com\/wordpress\/plugins\/seo\/ -->\n<title>NBC ARC filtr\u0113\u0161anas sist\u0113mas - Pagrabu Eksperti<\/title>\n<meta name=\"robots\" content=\"index, follow, max-snippet:-1, max-image-preview:large, max-video-preview:-1\" \/>\n<link rel=\"canonical\" href=\"https:\/\/pagrabueksperti.lv\/en\/product\/nbc-arc-filtresanas-sistemas\/\" \/>\n<meta property=\"og:locale\" content=\"en_GB\" \/>\n<meta property=\"og:type\" content=\"article\" \/>\n<meta property=\"og:title\" content=\"NBC ARC filtr\u0113\u0161anas sist\u0113mas\" \/>\n<meta property=\"og:description\" content=\"ARC s\u0113rija vid\u0113ja un liela izm\u0113ra patvertn\u0113m un bunkuriem. NBC ARC filtr\u0113\u0161anas un ventil\u0101cijas sist\u0113mas. ARC NBC gaisa filtr\u0113\u0161anas sist\u0113mu s\u0113rijas pl\u016bsmas \u0101trums no 180 m\u00b3\/h l\u012bdz 1800 m\u00b3\/h.Jauda no 100 l\u012bdz 1800 m3, \u0160\u012bs sist\u0113mas ir piem\u0113rotas telp\u0101m ar ierobe\u017eotu plat\u012bbu,t\u0101s efekt\u012bvi filtr\u0113 gaisu NBC re\u017e\u012bm\u0101. Modu\u013cu tips. Modu\u013cveida tips nodro\u0161ina daudzpus\u012bgu mont\u0101\u017eu. Tas [&hellip;]\" \/>\n<meta property=\"og:url\" content=\"https:\/\/pagrabueksperti.lv\/en\/product\/nbc-arc-filtresanas-sistemas\/\" \/>\n<meta property=\"og:site_name\" content=\"Pagrabu Eksperti\" \/>\n<meta property=\"article:modified_time\" content=\"2025-02-26T18:13:31+00:00\" \/>\n<meta property=\"og:image\" content=\"http:\/\/pagrabueksperti.lv\/wp-content\/uploads\/2025\/02\/Tversana-2.png\" \/>\n\t<meta property=\"og:image:width\" content=\"1092\" \/>\n\t<meta property=\"og:image:height\" content=\"811\" \/>\n\t<meta property=\"og:image:type\" content=\"image\/png\" \/>\n<meta name=\"twitter:card\" content=\"summary_large_image\" \/>\n<meta name=\"twitter:label1\" content=\"Estimated reading time\" \/>\n\t<meta name=\"twitter:data1\" content=\"2 minutes\" \/>\n<script type=\"application\/ld+json\" class=\"yoast-schema-graph\">{\"@context\":\"https:\/\/schema.org\",\"@graph\":[{\"@type\":\"WebPage\",\"@id\":\"https:\/\/pagrabueksperti.lv\/product\/nbc-arc-filtresanas-sistemas\/\",\"url\":\"https:\/\/pagrabueksperti.lv\/product\/nbc-arc-filtresanas-sistemas\/\",\"name\":\"NBC ARC filtr\u0113\u0161anas sist\u0113mas - Pagrabu Eksperti\",\"isPartOf\":{\"@id\":\"https:\/\/pagrabueksperti.lv\/#website\"},\"primaryImageOfPage\":{\"@id\":\"https:\/\/pagrabueksperti.lv\/product\/nbc-arc-filtresanas-sistemas\/#primaryimage\"},\"image\":{\"@id\":\"https:\/\/pagrabueksperti.lv\/product\/nbc-arc-filtresanas-sistemas\/#primaryimage\"},\"thumbnailUrl\":\"https:\/\/pagrabueksperti.lv\/wp-content\/uploads\/2025\/02\/Tversana-2.png\",\"datePublished\":\"2025-02-23T15:46:16+00:00\",\"dateModified\":\"2025-02-26T18:13:31+00:00\",\"breadcrumb\":{\"@id\":\"https:\/\/pagrabueksperti.lv\/product\/nbc-arc-filtresanas-sistemas\/#breadcrumb\"},\"inLanguage\":\"en-GB\",\"potentialAction\":[{\"@type\":\"ReadAction\",\"target\":[\"https:\/\/pagrabueksperti.lv\/product\/nbc-arc-filtresanas-sistemas\/\"]}]},{\"@type\":\"ImageObject\",\"inLanguage\":\"en-GB\",\"@id\":\"https:\/\/pagrabueksperti.lv\/product\/nbc-arc-filtresanas-sistemas\/#primaryimage\",\"url\":\"https:\/\/pagrabueksperti.lv\/wp-content\/uploads\/2025\/02\/Tversana-2.png\",\"contentUrl\":\"https:\/\/pagrabueksperti.lv\/wp-content\/uploads\/2025\/02\/Tversana-2.png\",\"width\":1092,\"height\":811},{\"@type\":\"BreadcrumbList\",\"@id\":\"https:\/\/pagrabueksperti.lv\/product\/nbc-arc-filtresanas-sistemas\/#breadcrumb\",\"itemListElement\":[{\"@type\":\"ListItem\",\"position\":1,\"name\":\"Home\",\"item\":\"https:\/\/pagrabueksperti.lv\/\"},{\"@type\":\"ListItem\",\"position\":2,\"name\":\"Products\",\"item\":\"https:\/\/pagrabueksperti.lv\/shop__trashed\/\"},{\"@type\":\"ListItem\",\"position\":3,\"name\":\"NBC ARC filtr\u0113\u0161anas sist\u0113mas\"}]},{\"@type\":\"WebSite\",\"@id\":\"https:\/\/pagrabueksperti.lv\/#website\",\"url\":\"https:\/\/pagrabueksperti.lv\/\",\"name\":\"Pagrabu Eksperti\",\"description\":\"\",\"publisher\":{\"@id\":\"https:\/\/pagrabueksperti.lv\/#organization\"},\"potentialAction\":[{\"@type\":\"SearchAction\",\"target\":{\"@type\":\"EntryPoint\",\"urlTemplate\":\"https:\/\/pagrabueksperti.lv\/?s={search_term_string}\"},\"query-input\":{\"@type\":\"PropertyValueSpecification\",\"valueRequired\":true,\"valueName\":\"search_term_string\"}}],\"inLanguage\":\"en-GB\"},{\"@type\":\"Organization\",\"@id\":\"https:\/\/pagrabueksperti.lv\/#organization\",\"name\":\"Pagrabu Eksperti\",\"url\":\"https:\/\/pagrabueksperti.lv\/\",\"logo\":{\"@type\":\"ImageObject\",\"inLanguage\":\"en-GB\",\"@id\":\"https:\/\/pagrabueksperti.lv\/#\/schema\/logo\/image\/\",\"url\":\"https:\/\/pagrabueksperti.lv\/wp-content\/uploads\/2025\/02\/Group-20-3.png\",\"contentUrl\":\"https:\/\/pagrabueksperti.lv\/wp-content\/uploads\/2025\/02\/Group-20-3.png\",\"width\":894,\"height\":891,\"caption\":\"Pagrabu Eksperti\"},\"image\":{\"@id\":\"https:\/\/pagrabueksperti.lv\/#\/schema\/logo\/image\/\"}}]}<\/script>\n<!-- \/ Yoast SEO Premium plugin. -->","yoast_head_json":{"title":"NBC ARC filtr\u0113\u0161anas sist\u0113mas - Pagrabu Eksperti","robots":{"index":"index","follow":"follow","max-snippet":"max-snippet:-1","max-image-preview":"max-image-preview:large","max-video-preview":"max-video-preview:-1"},"canonical":"https:\/\/pagrabueksperti.lv\/en\/product\/nbc-arc-filtresanas-sistemas\/","og_locale":"en_GB","og_type":"article","og_title":"NBC ARC filtr\u0113\u0161anas sist\u0113mas","og_description":"ARC s\u0113rija vid\u0113ja un liela izm\u0113ra patvertn\u0113m un bunkuriem. NBC ARC filtr\u0113\u0161anas un ventil\u0101cijas sist\u0113mas. ARC NBC gaisa filtr\u0113\u0161anas sist\u0113mu s\u0113rijas pl\u016bsmas \u0101trums no 180 m\u00b3\/h l\u012bdz 1800 m\u00b3\/h.Jauda no 100 l\u012bdz 1800 m3, \u0160\u012bs sist\u0113mas ir piem\u0113rotas telp\u0101m ar ierobe\u017eotu plat\u012bbu,t\u0101s efekt\u012bvi filtr\u0113 gaisu NBC re\u017e\u012bm\u0101. Modu\u013cu tips. Modu\u013cveida tips nodro\u0161ina daudzpus\u012bgu mont\u0101\u017eu. Tas [&hellip;]","og_url":"https:\/\/pagrabueksperti.lv\/en\/product\/nbc-arc-filtresanas-sistemas\/","og_site_name":"Pagrabu Eksperti","article_modified_time":"2025-02-26T18:13:31+00:00","og_image":[{"width":1092,"height":811,"url":"http:\/\/pagrabueksperti.lv\/wp-content\/uploads\/2025\/02\/Tversana-2.png","type":"image\/png"}],"twitter_card":"summary_large_image","twitter_misc":{"Estimated reading time":"2 minutes"},"schema":{"@context":"https:\/\/schema.org","@graph":[{"@type":"WebPage","@id":"https:\/\/pagrabueksperti.lv\/product\/nbc-arc-filtresanas-sistemas\/","url":"https:\/\/pagrabueksperti.lv\/product\/nbc-arc-filtresanas-sistemas\/","name":"NBC ARC filtr\u0113\u0161anas sist\u0113mas - Pagrabu Eksperti","isPartOf":{"@id":"https:\/\/pagrabueksperti.lv\/#website"},"primaryImageOfPage":{"@id":"https:\/\/pagrabueksperti.lv\/product\/nbc-arc-filtresanas-sistemas\/#primaryimage"},"image":{"@id":"https:\/\/pagrabueksperti.lv\/product\/nbc-arc-filtresanas-sistemas\/#primaryimage"},"thumbnailUrl":"https:\/\/pagrabueksperti.lv\/wp-content\/uploads\/2025\/02\/Tversana-2.png","datePublished":"2025-02-23T15:46:16+00:00","dateModified":"2025-02-26T18:13:31+00:00","breadcrumb":{"@id":"https:\/\/pagrabueksperti.lv\/product\/nbc-arc-filtresanas-sistemas\/#breadcrumb"},"inLanguage":"en-GB","potentialAction":[{"@type":"ReadAction","target":["https:\/\/pagrabueksperti.lv\/product\/nbc-arc-filtresanas-sistemas\/"]}]},{"@type":"ImageObject","inLanguage":"en-GB","@id":"https:\/\/pagrabueksperti.lv\/product\/nbc-arc-filtresanas-sistemas\/#primaryimage","url":"https:\/\/pagrabueksperti.lv\/wp-content\/uploads\/2025\/02\/Tversana-2.png","contentUrl":"https:\/\/pagrabueksperti.lv\/wp-content\/uploads\/2025\/02\/Tversana-2.png","width":1092,"height":811},{"@type":"BreadcrumbList","@id":"https:\/\/pagrabueksperti.lv\/product\/nbc-arc-filtresanas-sistemas\/#breadcrumb","itemListElement":[{"@type":"ListItem","position":1,"name":"Home","item":"https:\/\/pagrabueksperti.lv\/"},{"@type":"ListItem","position":2,"name":"Products","item":"https:\/\/pagrabueksperti.lv\/shop__trashed\/"},{"@type":"ListItem","position":3,"name":"NBC ARC filtr\u0113\u0161anas sist\u0113mas"}]},{"@type":"WebSite","@id":"https:\/\/pagrabueksperti.lv\/#website","url":"https:\/\/pagrabueksperti.lv\/","name":"Pagrabu Eksperti","description":"","publisher":{"@id":"https:\/\/pagrabueksperti.lv\/#organization"},"potentialAction":[{"@type":"SearchAction","target":{"@type":"EntryPoint","urlTemplate":"https:\/\/pagrabueksperti.lv\/?s={search_term_string}"},"query-input":{"@type":"PropertyValueSpecification","valueRequired":true,"valueName":"search_term_string"}}],"inLanguage":"en-GB"},{"@type":"Organization","@id":"https:\/\/pagrabueksperti.lv\/#organization","name":"Pagrabu Eksperti","url":"https:\/\/pagrabueksperti.lv\/","logo":{"@type":"ImageObject","inLanguage":"en-GB","@id":"https:\/\/pagrabueksperti.lv\/#\/schema\/logo\/image\/","url":"https:\/\/pagrabueksperti.lv\/wp-content\/uploads\/2025\/02\/Group-20-3.png","contentUrl":"https:\/\/pagrabueksperti.lv\/wp-content\/uploads\/2025\/02\/Group-20-3.png","width":894,"height":891,"caption":"Pagrabu Eksperti"},"image":{"@id":"https:\/\/pagrabueksperti.lv\/#\/schema\/logo\/image\/"}}]}},"_links":{"self":[{"href":"https:\/\/pagrabueksperti.lv\/en\/wp-json\/wp\/v2\/product\/2852","targetHints":{"allow":["GET"]}}],"collection":[{"href":"https:\/\/pagrabueksperti.lv\/en\/wp-json\/wp\/v2\/product"}],"about":[{"href":"https:\/\/pagrabueksperti.lv\/en\/wp-json\/wp\/v2\/types\/product"}],"replies":[{"embeddable":true,"href":"https:\/\/pagrabueksperti.lv\/en\/wp-json\/wp\/v2\/comments?post=2852"}],"wp:featuredmedia":[{"embeddable":true,"href":"https:\/\/pagrabueksperti.lv\/en\/wp-json\/wp\/v2\/media\/3002"}],"wp:attachment":[{"href":"https:\/\/pagrabueksperti.lv\/en\/wp-json\/wp\/v2\/media?parent=2852"}],"wp:term":[{"taxonomy":"product_brand","embeddable":true,"href":"https:\/\/pagrabueksperti.lv\/en\/wp-json\/wp\/v2\/product_brand?post=2852"},{"taxonomy":"product_cat","embeddable":true,"href":"https:\/\/pagrabueksperti.lv\/en\/wp-json\/wp\/v2\/product_cat?post=2852"},{"taxonomy":"product_tag","embeddable":true,"href":"https:\/\/pagrabueksperti.lv\/en\/wp-json\/wp\/v2\/product_tag?post=2852"}],"curies":[{"name":"wp","href":"https:\/\/api.w.org\/{rel}","templated":true}]}}