{"id":2792,"date":"2025-02-20T20:37:14","date_gmt":"2025-02-20T18:37:14","guid":{"rendered":"https:\/\/pagrabueksperti.lv\/?post_type=product&#038;p=2792"},"modified":"2025-02-26T20:17:40","modified_gmt":"2025-02-26T18:17:40","slug":"md-spradziendrosas-durvis-patvertnem-un-citam-drosibas-telpam","status":"publish","type":"product","link":"https:\/\/pagrabueksperti.lv\/en\/product\/md-spradziendrosas-durvis-patvertnem-un-citam-drosibas-telpam\/","title":{"rendered":"MD Explosion-proof doors for shelters and other security rooms."},"content":{"rendered":"<p>MD doors are explosion-proof, steel construction with internal reinforcement for high functionality. Fitted with a central locking mechanism and standard gaskets, it guarantees a complete seal and increased security. Standard dimensions are 700\/800 mm (width) x 2000 mm (height), with the possibility to order non-standard dimensions.<br \/>\nThe door frame, designed to be filled with concrete, further strengthens the stability of the whole structure.<\/p>\n<p>Description:<br \/>\nSteel doors with reinforced construction, covered with steel plates.<br \/>\nSpecial locking mechanism: The central latch, together with the two side screws, ensures an effective locking and sealing of the door.<br \/>\nA gasket compliant with the standard, providing a complete seal to increase safety.<\/p>\n<p>Opening size: standard dimensions are 700\/800 (W) x 2000 (H) mm, and customised sizes are available on request.<br \/>\nThe door frame is designed to be filled with concrete, which further increases stability.<\/p>","protected":false},"excerpt":{"rendered":"<p>MD durvis ir spr\u0101dziendro\u0161as, t\u0113rauda konstrukcijas, ar iek\u0161\u0113jo pastiprin\u0101jumu, nodro\u0161inot augstu funkcionalit\u0101ti. Apr\u012bkotas ar centr\u0101l\u0101s blo\u0137\u0113\u0161anas meh\u0101nismu un standarta bl\u012bv\u0113m, tas garant\u0113 piln\u012bgu bl\u012bv\u0113jumu un paaugstin\u0101tu dro\u0161\u012bbu. Standarta izm\u0113ri ir 700\/800 mm (platums) x 2000 mm (augstums), ar iesp\u0113ju pas\u016bt\u012bt nestandarta izm\u0113rus. Durvju r\u0101mis, kas paredz\u0113ts piepild\u012b\u0161anai ar betonu, papildus nostiprina visas konstrukcijas stabilit\u0101ti. Apraksts: [&hellip;]<\/p>","protected":false},"featured_media":3000,"comment_status":"open","ping_status":"closed","template":"","meta":{"site-sidebar-layout":"default","site-content-layout":"","ast-site-content-layout":"default","site-content-style":"default","site-sidebar-style":"default","ast-global-header-display":"","ast-banner-title-visibility":"","ast-main-header-display":"","ast-hfb-above-header-display":"","ast-hfb-below-header-display":"","ast-hfb-mobile-header-display":"","site-post-title":"","ast-breadcrumbs-content":"","ast-featured-img":"","footer-sml-layout":"","ast-disable-related-posts":"","theme-transparent-header-meta":"default","adv-header-id-meta":"","stick-header-meta":"","header-above-stick-meta":"","header-main-stick-meta":"","header-below-stick-meta":"","astra-migrate-meta-layouts":"set","ast-page-background-enabled":"default","ast-page-background-meta":{"desktop":{"background-color":"","background-image":"","background-repeat":"repeat","background-position":"center center","background-size":"auto","background-attachment":"scroll","background-type":"","background-media":"","overlay-type":"","overlay-color":"","overlay-opacity":"","overlay-gradient":""},"tablet":{"background-color":"","background-image":"","background-repeat":"repeat","background-position":"center center","background-size":"auto","background-attachment":"scroll","background-type":"","background-media":"","overlay-type":"","overlay-color":"","overlay-opacity":"","overlay-gradient":""},"mobile":{"background-color":"","background-image":"","background-repeat":"repeat","background-position":"center center","background-size":"auto","background-attachment":"scroll","background-type":"","background-media":"","overlay-type":"","overlay-color":"","overlay-opacity":"","overlay-gradient":""}},"ast-content-background-meta":{"desktop":{"background-color":"var(--ast-global-color-5)","background-image":"","background-repeat":"repeat","background-position":"center center","background-size":"auto","background-attachment":"scroll","background-type":"","background-media":"","overlay-type":"","overlay-color":"","overlay-opacity":"","overlay-gradient":""},"tablet":{"background-color":"var(--ast-global-color-5)","background-image":"","background-repeat":"repeat","background-position":"center center","background-size":"auto","background-attachment":"scroll","background-type":"","background-media":"","overlay-type":"","overlay-color":"","overlay-opacity":"","overlay-gradient":""},"mobile":{"background-color":"var(--ast-global-color-5)","background-image":"","background-repeat":"repeat","background-position":"center center","background-size":"auto","background-attachment":"scroll","background-type":"","background-media":"","overlay-type":"","overlay-color":"","overlay-opacity":"","overlay-gradient":""}}},"product_brand":[],"product_cat":[47,43],"product_tag":[],"class_list":{"0":"post-2792","1":"product","2":"type-product","3":"status-publish","4":"has-post-thumbnail","6":"product_cat-durvis","7":"product_cat-durvis-un-lukas","8":"desktop-align-left","9":"tablet-align-left","10":"mobile-align-left","12":"first","13":"instock","14":"shipping-taxable","15":"purchasable","16":"product-type-simple"},"yoast_head":"<!-- This site is optimized with the Yoast SEO Premium plugin v21.8 (Yoast SEO v26.6) - https:\/\/yoast.com\/wordpress\/plugins\/seo\/ -->\n<title>MD spr\u0101dziendro\u0161as durvis patvertn\u0113m un cit\u0101m dro\u0161\u012bbas telp\u0101m. - Pagrabu Eksperti<\/title>\n<meta name=\"robots\" content=\"index, follow, max-snippet:-1, max-image-preview:large, max-video-preview:-1\" \/>\n<link rel=\"canonical\" href=\"https:\/\/pagrabueksperti.lv\/en\/product\/md-spradziendrosas-durvis-patvertnem-un-citam-drosibas-telpam\/\" \/>\n<meta property=\"og:locale\" content=\"en_GB\" \/>\n<meta property=\"og:type\" content=\"article\" \/>\n<meta property=\"og:title\" content=\"MD spr\u0101dziendro\u0161as durvis patvertn\u0113m un cit\u0101m dro\u0161\u012bbas telp\u0101m.\" \/>\n<meta property=\"og:description\" content=\"MD durvis ir spr\u0101dziendro\u0161as, t\u0113rauda konstrukcijas, ar iek\u0161\u0113jo pastiprin\u0101jumu, nodro\u0161inot augstu funkcionalit\u0101ti. Apr\u012bkotas ar centr\u0101l\u0101s blo\u0137\u0113\u0161anas meh\u0101nismu un standarta bl\u012bv\u0113m, tas garant\u0113 piln\u012bgu bl\u012bv\u0113jumu un paaugstin\u0101tu dro\u0161\u012bbu. Standarta izm\u0113ri ir 700\/800 mm (platums) x 2000 mm (augstums), ar iesp\u0113ju pas\u016bt\u012bt nestandarta izm\u0113rus. Durvju r\u0101mis, kas paredz\u0113ts piepild\u012b\u0161anai ar betonu, papildus nostiprina visas konstrukcijas stabilit\u0101ti. Apraksts: [&hellip;]\" \/>\n<meta property=\"og:url\" content=\"https:\/\/pagrabueksperti.lv\/en\/product\/md-spradziendrosas-durvis-patvertnem-un-citam-drosibas-telpam\/\" \/>\n<meta property=\"og:site_name\" content=\"Pagrabu Eksperti\" \/>\n<meta property=\"article:modified_time\" content=\"2025-02-26T18:17:40+00:00\" \/>\n<meta property=\"og:image\" content=\"http:\/\/pagrabueksperti.lv\/wp-content\/uploads\/2025\/02\/md.png\" \/>\n\t<meta property=\"og:image:width\" content=\"521\" \/>\n\t<meta property=\"og:image:height\" content=\"829\" \/>\n\t<meta property=\"og:image:type\" content=\"image\/png\" \/>\n<meta name=\"twitter:card\" content=\"summary_large_image\" \/>\n<meta name=\"twitter:label1\" content=\"Estimated reading time\" \/>\n\t<meta name=\"twitter:data1\" content=\"1 minute\" \/>\n<script type=\"application\/ld+json\" class=\"yoast-schema-graph\">{\"@context\":\"https:\/\/schema.org\",\"@graph\":[{\"@type\":\"WebPage\",\"@id\":\"https:\/\/pagrabueksperti.lv\/product\/md-spradziendrosas-durvis-patvertnem-un-citam-drosibas-telpam\/\",\"url\":\"https:\/\/pagrabueksperti.lv\/product\/md-spradziendrosas-durvis-patvertnem-un-citam-drosibas-telpam\/\",\"name\":\"MD spr\u0101dziendro\u0161as durvis patvertn\u0113m un cit\u0101m dro\u0161\u012bbas telp\u0101m. - Pagrabu Eksperti\",\"isPartOf\":{\"@id\":\"https:\/\/pagrabueksperti.lv\/#website\"},\"primaryImageOfPage\":{\"@id\":\"https:\/\/pagrabueksperti.lv\/product\/md-spradziendrosas-durvis-patvertnem-un-citam-drosibas-telpam\/#primaryimage\"},\"image\":{\"@id\":\"https:\/\/pagrabueksperti.lv\/product\/md-spradziendrosas-durvis-patvertnem-un-citam-drosibas-telpam\/#primaryimage\"},\"thumbnailUrl\":\"https:\/\/pagrabueksperti.lv\/wp-content\/uploads\/2025\/02\/md.png\",\"datePublished\":\"2025-02-20T18:37:14+00:00\",\"dateModified\":\"2025-02-26T18:17:40+00:00\",\"breadcrumb\":{\"@id\":\"https:\/\/pagrabueksperti.lv\/product\/md-spradziendrosas-durvis-patvertnem-un-citam-drosibas-telpam\/#breadcrumb\"},\"inLanguage\":\"en-GB\",\"potentialAction\":[{\"@type\":\"ReadAction\",\"target\":[\"https:\/\/pagrabueksperti.lv\/product\/md-spradziendrosas-durvis-patvertnem-un-citam-drosibas-telpam\/\"]}]},{\"@type\":\"ImageObject\",\"inLanguage\":\"en-GB\",\"@id\":\"https:\/\/pagrabueksperti.lv\/product\/md-spradziendrosas-durvis-patvertnem-un-citam-drosibas-telpam\/#primaryimage\",\"url\":\"https:\/\/pagrabueksperti.lv\/wp-content\/uploads\/2025\/02\/md.png\",\"contentUrl\":\"https:\/\/pagrabueksperti.lv\/wp-content\/uploads\/2025\/02\/md.png\",\"width\":521,\"height\":829},{\"@type\":\"BreadcrumbList\",\"@id\":\"https:\/\/pagrabueksperti.lv\/product\/md-spradziendrosas-durvis-patvertnem-un-citam-drosibas-telpam\/#breadcrumb\",\"itemListElement\":[{\"@type\":\"ListItem\",\"position\":1,\"name\":\"Home\",\"item\":\"https:\/\/pagrabueksperti.lv\/\"},{\"@type\":\"ListItem\",\"position\":2,\"name\":\"Products\",\"item\":\"https:\/\/pagrabueksperti.lv\/shop__trashed\/\"},{\"@type\":\"ListItem\",\"position\":3,\"name\":\"MD spr\u0101dziendro\u0161as durvis patvertn\u0113m un cit\u0101m dro\u0161\u012bbas telp\u0101m.\"}]},{\"@type\":\"WebSite\",\"@id\":\"https:\/\/pagrabueksperti.lv\/#website\",\"url\":\"https:\/\/pagrabueksperti.lv\/\",\"name\":\"Pagrabu Eksperti\",\"description\":\"\",\"publisher\":{\"@id\":\"https:\/\/pagrabueksperti.lv\/#organization\"},\"potentialAction\":[{\"@type\":\"SearchAction\",\"target\":{\"@type\":\"EntryPoint\",\"urlTemplate\":\"https:\/\/pagrabueksperti.lv\/?s={search_term_string}\"},\"query-input\":{\"@type\":\"PropertyValueSpecification\",\"valueRequired\":true,\"valueName\":\"search_term_string\"}}],\"inLanguage\":\"en-GB\"},{\"@type\":\"Organization\",\"@id\":\"https:\/\/pagrabueksperti.lv\/#organization\",\"name\":\"Pagrabu Eksperti\",\"url\":\"https:\/\/pagrabueksperti.lv\/\",\"logo\":{\"@type\":\"ImageObject\",\"inLanguage\":\"en-GB\",\"@id\":\"https:\/\/pagrabueksperti.lv\/#\/schema\/logo\/image\/\",\"url\":\"https:\/\/pagrabueksperti.lv\/wp-content\/uploads\/2025\/02\/Group-20-3.png\",\"contentUrl\":\"https:\/\/pagrabueksperti.lv\/wp-content\/uploads\/2025\/02\/Group-20-3.png\",\"width\":894,\"height\":891,\"caption\":\"Pagrabu Eksperti\"},\"image\":{\"@id\":\"https:\/\/pagrabueksperti.lv\/#\/schema\/logo\/image\/\"}}]}<\/script>\n<!-- \/ Yoast SEO Premium plugin. -->","yoast_head_json":{"title":"MD spr\u0101dziendro\u0161as durvis patvertn\u0113m un cit\u0101m dro\u0161\u012bbas telp\u0101m. - Pagrabu Eksperti","robots":{"index":"index","follow":"follow","max-snippet":"max-snippet:-1","max-image-preview":"max-image-preview:large","max-video-preview":"max-video-preview:-1"},"canonical":"https:\/\/pagrabueksperti.lv\/en\/product\/md-spradziendrosas-durvis-patvertnem-un-citam-drosibas-telpam\/","og_locale":"en_GB","og_type":"article","og_title":"MD spr\u0101dziendro\u0161as durvis patvertn\u0113m un cit\u0101m dro\u0161\u012bbas telp\u0101m.","og_description":"MD durvis ir spr\u0101dziendro\u0161as, t\u0113rauda konstrukcijas, ar iek\u0161\u0113jo pastiprin\u0101jumu, nodro\u0161inot augstu funkcionalit\u0101ti. Apr\u012bkotas ar centr\u0101l\u0101s blo\u0137\u0113\u0161anas meh\u0101nismu un standarta bl\u012bv\u0113m, tas garant\u0113 piln\u012bgu bl\u012bv\u0113jumu un paaugstin\u0101tu dro\u0161\u012bbu. Standarta izm\u0113ri ir 700\/800 mm (platums) x 2000 mm (augstums), ar iesp\u0113ju pas\u016bt\u012bt nestandarta izm\u0113rus. Durvju r\u0101mis, kas paredz\u0113ts piepild\u012b\u0161anai ar betonu, papildus nostiprina visas konstrukcijas stabilit\u0101ti. Apraksts: [&hellip;]","og_url":"https:\/\/pagrabueksperti.lv\/en\/product\/md-spradziendrosas-durvis-patvertnem-un-citam-drosibas-telpam\/","og_site_name":"Pagrabu Eksperti","article_modified_time":"2025-02-26T18:17:40+00:00","og_image":[{"width":521,"height":829,"url":"http:\/\/pagrabueksperti.lv\/wp-content\/uploads\/2025\/02\/md.png","type":"image\/png"}],"twitter_card":"summary_large_image","twitter_misc":{"Estimated reading time":"1 minute"},"schema":{"@context":"https:\/\/schema.org","@graph":[{"@type":"WebPage","@id":"https:\/\/pagrabueksperti.lv\/product\/md-spradziendrosas-durvis-patvertnem-un-citam-drosibas-telpam\/","url":"https:\/\/pagrabueksperti.lv\/product\/md-spradziendrosas-durvis-patvertnem-un-citam-drosibas-telpam\/","name":"MD spr\u0101dziendro\u0161as durvis patvertn\u0113m un cit\u0101m dro\u0161\u012bbas telp\u0101m. - Pagrabu Eksperti","isPartOf":{"@id":"https:\/\/pagrabueksperti.lv\/#website"},"primaryImageOfPage":{"@id":"https:\/\/pagrabueksperti.lv\/product\/md-spradziendrosas-durvis-patvertnem-un-citam-drosibas-telpam\/#primaryimage"},"image":{"@id":"https:\/\/pagrabueksperti.lv\/product\/md-spradziendrosas-durvis-patvertnem-un-citam-drosibas-telpam\/#primaryimage"},"thumbnailUrl":"https:\/\/pagrabueksperti.lv\/wp-content\/uploads\/2025\/02\/md.png","datePublished":"2025-02-20T18:37:14+00:00","dateModified":"2025-02-26T18:17:40+00:00","breadcrumb":{"@id":"https:\/\/pagrabueksperti.lv\/product\/md-spradziendrosas-durvis-patvertnem-un-citam-drosibas-telpam\/#breadcrumb"},"inLanguage":"en-GB","potentialAction":[{"@type":"ReadAction","target":["https:\/\/pagrabueksperti.lv\/product\/md-spradziendrosas-durvis-patvertnem-un-citam-drosibas-telpam\/"]}]},{"@type":"ImageObject","inLanguage":"en-GB","@id":"https:\/\/pagrabueksperti.lv\/product\/md-spradziendrosas-durvis-patvertnem-un-citam-drosibas-telpam\/#primaryimage","url":"https:\/\/pagrabueksperti.lv\/wp-content\/uploads\/2025\/02\/md.png","contentUrl":"https:\/\/pagrabueksperti.lv\/wp-content\/uploads\/2025\/02\/md.png","width":521,"height":829},{"@type":"BreadcrumbList","@id":"https:\/\/pagrabueksperti.lv\/product\/md-spradziendrosas-durvis-patvertnem-un-citam-drosibas-telpam\/#breadcrumb","itemListElement":[{"@type":"ListItem","position":1,"name":"Home","item":"https:\/\/pagrabueksperti.lv\/"},{"@type":"ListItem","position":2,"name":"Products","item":"https:\/\/pagrabueksperti.lv\/shop__trashed\/"},{"@type":"ListItem","position":3,"name":"MD spr\u0101dziendro\u0161as durvis patvertn\u0113m un cit\u0101m dro\u0161\u012bbas telp\u0101m."}]},{"@type":"WebSite","@id":"https:\/\/pagrabueksperti.lv\/#website","url":"https:\/\/pagrabueksperti.lv\/","name":"Pagrabu Eksperti","description":"","publisher":{"@id":"https:\/\/pagrabueksperti.lv\/#organization"},"potentialAction":[{"@type":"SearchAction","target":{"@type":"EntryPoint","urlTemplate":"https:\/\/pagrabueksperti.lv\/?s={search_term_string}"},"query-input":{"@type":"PropertyValueSpecification","valueRequired":true,"valueName":"search_term_string"}}],"inLanguage":"en-GB"},{"@type":"Organization","@id":"https:\/\/pagrabueksperti.lv\/#organization","name":"Pagrabu Eksperti","url":"https:\/\/pagrabueksperti.lv\/","logo":{"@type":"ImageObject","inLanguage":"en-GB","@id":"https:\/\/pagrabueksperti.lv\/#\/schema\/logo\/image\/","url":"https:\/\/pagrabueksperti.lv\/wp-content\/uploads\/2025\/02\/Group-20-3.png","contentUrl":"https:\/\/pagrabueksperti.lv\/wp-content\/uploads\/2025\/02\/Group-20-3.png","width":894,"height":891,"caption":"Pagrabu Eksperti"},"image":{"@id":"https:\/\/pagrabueksperti.lv\/#\/schema\/logo\/image\/"}}]}},"_links":{"self":[{"href":"https:\/\/pagrabueksperti.lv\/en\/wp-json\/wp\/v2\/product\/2792","targetHints":{"allow":["GET"]}}],"collection":[{"href":"https:\/\/pagrabueksperti.lv\/en\/wp-json\/wp\/v2\/product"}],"about":[{"href":"https:\/\/pagrabueksperti.lv\/en\/wp-json\/wp\/v2\/types\/product"}],"replies":[{"embeddable":true,"href":"https:\/\/pagrabueksperti.lv\/en\/wp-json\/wp\/v2\/comments?post=2792"}],"wp:featuredmedia":[{"embeddable":true,"href":"https:\/\/pagrabueksperti.lv\/en\/wp-json\/wp\/v2\/media\/3000"}],"wp:attachment":[{"href":"https:\/\/pagrabueksperti.lv\/en\/wp-json\/wp\/v2\/media?parent=2792"}],"wp:term":[{"taxonomy":"product_brand","embeddable":true,"href":"https:\/\/pagrabueksperti.lv\/en\/wp-json\/wp\/v2\/product_brand?post=2792"},{"taxonomy":"product_cat","embeddable":true,"href":"https:\/\/pagrabueksperti.lv\/en\/wp-json\/wp\/v2\/product_cat?post=2792"},{"taxonomy":"product_tag","embeddable":true,"href":"https:\/\/pagrabueksperti.lv\/en\/wp-json\/wp\/v2\/product_tag?post=2792"}],"curies":[{"name":"wp","href":"https:\/\/api.w.org\/{rel}","templated":true}]}}