{"id":2790,"date":"2025-02-20T20:36:59","date_gmt":"2025-02-20T18:36:59","guid":{"rendered":"https:\/\/pagrabueksperti.lv\/?post_type=product&#038;p=2790"},"modified":"2025-02-26T20:15:35","modified_gmt":"2025-02-26T18:15:35","slug":"su-iv-patvertnes-luka","status":"publish","type":"product","link":"https:\/\/pagrabueksperti.lv\/en\/product\/su-iv-patvertnes-luka\/","title":{"rendered":"SU IV shelter hatch"},"content":{"rendered":"<p>The SU IV shelter hatch is an advanced solution offering specialised protection for shelter entrances. We offer different sizes of hatches that are explosion and fire resistant.<br \/>\nThe SU IV hatch is mainly used in civilian and military shelters designed to protect against the effects of nuclear, chemical and conventional attacks. It serves as protection for the entrance to the shelter. Ensures evacuation and access to the shelter, while providing protection against harmful substances such as war gases.<\/p>\n<p>The shelter hatch is characterised by its robust construction, which ensures high gas tightness, essential for protection against CBRN threats. In addition, hatches can be equipped with automatic or manual opening mechanisms. There may be additional protection measures, such as protection against splinters and radiation, in the event of a shock wave or explosion.<\/p>\n<p>Product types:<br \/>\nExplosion-proof (1, 2, 4,4, 9 bar) and gas-tight hatches.<br \/>\nThe hatches open vertically with a hydraulic lift.<br \/>\nEmergency opening covers.<br \/>\nBullet-proof hatches covered with metal or concrete.<\/p>\n<p>Thanks to state-of-the-art technology and clever design, SU IV shelter hatches provide reliable protection in emergency situations, ensuring maximum safety for users.<\/p>","protected":false},"excerpt":{"rendered":"<p>SU IV patvertnes l\u016bka ir uzlabots risin\u0101jums, kas pied\u0101v\u0101 specializ\u0113tu aizsardz\u012bbu patvertnes ieej\u0101m. M\u0113s pied\u0101v\u0101jam da\u017e\u0101du izm\u0113ru l\u016bkas ,kas ir spr\u0101dzien un ugunsiztur\u012bgas. SU IV l\u016bka galvenok\u0101rt tiek izmantota civilaj\u0101s un milit\u0101raj\u0101s patvertn\u0113s, kas paredz\u0113tas aizsardz\u012bbai pret kodoliero\u010du, \u0137\u012bmisko un konvencion\u0101lo uzbrukumu sek\u0101m. T\u0101 kalpo k\u0101 aizsardz\u012bba ieejai patvertn\u0113. Nodro\u0161inot cilv\u0113ku evaku\u0101ciju un iek\u013c\u016b\u0161anu patvertn\u0113, [&hellip;]<\/p>","protected":false},"featured_media":2997,"comment_status":"open","ping_status":"closed","template":"","meta":{"site-sidebar-layout":"default","site-content-layout":"","ast-site-content-layout":"default","site-content-style":"default","site-sidebar-style":"default","ast-global-header-display":"","ast-banner-title-visibility":"","ast-main-header-display":"","ast-hfb-above-header-display":"","ast-hfb-below-header-display":"","ast-hfb-mobile-header-display":"","site-post-title":"","ast-breadcrumbs-content":"","ast-featured-img":"","footer-sml-layout":"","ast-disable-related-posts":"","theme-transparent-header-meta":"default","adv-header-id-meta":"","stick-header-meta":"","header-above-stick-meta":"","header-main-stick-meta":"","header-below-stick-meta":"","astra-migrate-meta-layouts":"set","ast-page-background-enabled":"default","ast-page-background-meta":{"desktop":{"background-color":"","background-image":"","background-repeat":"repeat","background-position":"center center","background-size":"auto","background-attachment":"scroll","background-type":"","background-media":"","overlay-type":"","overlay-color":"","overlay-opacity":"","overlay-gradient":""},"tablet":{"background-color":"","background-image":"","background-repeat":"repeat","background-position":"center center","background-size":"auto","background-attachment":"scroll","background-type":"","background-media":"","overlay-type":"","overlay-color":"","overlay-opacity":"","overlay-gradient":""},"mobile":{"background-color":"","background-image":"","background-repeat":"repeat","background-position":"center center","background-size":"auto","background-attachment":"scroll","background-type":"","background-media":"","overlay-type":"","overlay-color":"","overlay-opacity":"","overlay-gradient":""}},"ast-content-background-meta":{"desktop":{"background-color":"var(--ast-global-color-5)","background-image":"","background-repeat":"repeat","background-position":"center center","background-size":"auto","background-attachment":"scroll","background-type":"","background-media":"","overlay-type":"","overlay-color":"","overlay-opacity":"","overlay-gradient":""},"tablet":{"background-color":"var(--ast-global-color-5)","background-image":"","background-repeat":"repeat","background-position":"center center","background-size":"auto","background-attachment":"scroll","background-type":"","background-media":"","overlay-type":"","overlay-color":"","overlay-opacity":"","overlay-gradient":""},"mobile":{"background-color":"var(--ast-global-color-5)","background-image":"","background-repeat":"repeat","background-position":"center center","background-size":"auto","background-attachment":"scroll","background-type":"","background-media":"","overlay-type":"","overlay-color":"","overlay-opacity":"","overlay-gradient":""}}},"product_brand":[],"product_cat":[43,48],"product_tag":[],"class_list":{"0":"post-2790","1":"product","2":"type-product","3":"status-publish","4":"has-post-thumbnail","6":"product_cat-durvis-un-lukas","7":"product_cat-lukas","8":"desktop-align-left","9":"tablet-align-left","10":"mobile-align-left","12":"first","13":"instock","14":"shipping-taxable","15":"purchasable","16":"product-type-simple"},"yoast_head":"<!-- This site is optimized with the Yoast SEO Premium plugin v21.8 (Yoast SEO v26.6) - https:\/\/yoast.com\/wordpress\/plugins\/seo\/ -->\n<title>SU IV patvertnes l\u016bka. - Pagrabu Eksperti<\/title>\n<meta name=\"robots\" content=\"index, follow, max-snippet:-1, max-image-preview:large, max-video-preview:-1\" \/>\n<link rel=\"canonical\" href=\"https:\/\/pagrabueksperti.lv\/en\/product\/su-iv-patvertnes-luka\/\" \/>\n<meta property=\"og:locale\" content=\"en_GB\" \/>\n<meta property=\"og:type\" content=\"article\" \/>\n<meta property=\"og:title\" content=\"SU IV patvertnes l\u016bka.\" \/>\n<meta property=\"og:description\" content=\"SU IV patvertnes l\u016bka ir uzlabots risin\u0101jums, kas pied\u0101v\u0101 specializ\u0113tu aizsardz\u012bbu patvertnes ieej\u0101m. M\u0113s pied\u0101v\u0101jam da\u017e\u0101du izm\u0113ru l\u016bkas ,kas ir spr\u0101dzien un ugunsiztur\u012bgas. SU IV l\u016bka galvenok\u0101rt tiek izmantota civilaj\u0101s un milit\u0101raj\u0101s patvertn\u0113s, kas paredz\u0113tas aizsardz\u012bbai pret kodoliero\u010du, \u0137\u012bmisko un konvencion\u0101lo uzbrukumu sek\u0101m. T\u0101 kalpo k\u0101 aizsardz\u012bba ieejai patvertn\u0113. Nodro\u0161inot cilv\u0113ku evaku\u0101ciju un iek\u013c\u016b\u0161anu patvertn\u0113, [&hellip;]\" \/>\n<meta property=\"og:url\" content=\"https:\/\/pagrabueksperti.lv\/en\/product\/su-iv-patvertnes-luka\/\" \/>\n<meta property=\"og:site_name\" content=\"Pagrabu Eksperti\" \/>\n<meta property=\"article:modified_time\" content=\"2025-02-26T18:15:35+00:00\" \/>\n<meta property=\"og:image\" content=\"http:\/\/pagrabueksperti.lv\/wp-content\/uploads\/2025\/02\/su-iv.png\" \/>\n\t<meta property=\"og:image:width\" content=\"795\" \/>\n\t<meta property=\"og:image:height\" content=\"796\" \/>\n\t<meta property=\"og:image:type\" content=\"image\/png\" \/>\n<meta name=\"twitter:card\" content=\"summary_large_image\" \/>\n<meta name=\"twitter:label1\" content=\"Estimated reading time\" \/>\n\t<meta name=\"twitter:data1\" content=\"1 minute\" \/>\n<script type=\"application\/ld+json\" class=\"yoast-schema-graph\">{\"@context\":\"https:\/\/schema.org\",\"@graph\":[{\"@type\":\"WebPage\",\"@id\":\"https:\/\/pagrabueksperti.lv\/product\/su-iv-patvertnes-luka\/\",\"url\":\"https:\/\/pagrabueksperti.lv\/product\/su-iv-patvertnes-luka\/\",\"name\":\"SU IV patvertnes l\u016bka. - Pagrabu Eksperti\",\"isPartOf\":{\"@id\":\"https:\/\/pagrabueksperti.lv\/#website\"},\"primaryImageOfPage\":{\"@id\":\"https:\/\/pagrabueksperti.lv\/product\/su-iv-patvertnes-luka\/#primaryimage\"},\"image\":{\"@id\":\"https:\/\/pagrabueksperti.lv\/product\/su-iv-patvertnes-luka\/#primaryimage\"},\"thumbnailUrl\":\"https:\/\/pagrabueksperti.lv\/wp-content\/uploads\/2025\/02\/su-iv.png\",\"datePublished\":\"2025-02-20T18:36:59+00:00\",\"dateModified\":\"2025-02-26T18:15:35+00:00\",\"breadcrumb\":{\"@id\":\"https:\/\/pagrabueksperti.lv\/product\/su-iv-patvertnes-luka\/#breadcrumb\"},\"inLanguage\":\"en-GB\",\"potentialAction\":[{\"@type\":\"ReadAction\",\"target\":[\"https:\/\/pagrabueksperti.lv\/product\/su-iv-patvertnes-luka\/\"]}]},{\"@type\":\"ImageObject\",\"inLanguage\":\"en-GB\",\"@id\":\"https:\/\/pagrabueksperti.lv\/product\/su-iv-patvertnes-luka\/#primaryimage\",\"url\":\"https:\/\/pagrabueksperti.lv\/wp-content\/uploads\/2025\/02\/su-iv.png\",\"contentUrl\":\"https:\/\/pagrabueksperti.lv\/wp-content\/uploads\/2025\/02\/su-iv.png\",\"width\":795,\"height\":796},{\"@type\":\"BreadcrumbList\",\"@id\":\"https:\/\/pagrabueksperti.lv\/product\/su-iv-patvertnes-luka\/#breadcrumb\",\"itemListElement\":[{\"@type\":\"ListItem\",\"position\":1,\"name\":\"Home\",\"item\":\"https:\/\/pagrabueksperti.lv\/\"},{\"@type\":\"ListItem\",\"position\":2,\"name\":\"Products\",\"item\":\"https:\/\/pagrabueksperti.lv\/shop__trashed\/\"},{\"@type\":\"ListItem\",\"position\":3,\"name\":\"SU IV patvertnes l\u016bka.\"}]},{\"@type\":\"WebSite\",\"@id\":\"https:\/\/pagrabueksperti.lv\/#website\",\"url\":\"https:\/\/pagrabueksperti.lv\/\",\"name\":\"Pagrabu Eksperti\",\"description\":\"\",\"publisher\":{\"@id\":\"https:\/\/pagrabueksperti.lv\/#organization\"},\"potentialAction\":[{\"@type\":\"SearchAction\",\"target\":{\"@type\":\"EntryPoint\",\"urlTemplate\":\"https:\/\/pagrabueksperti.lv\/?s={search_term_string}\"},\"query-input\":{\"@type\":\"PropertyValueSpecification\",\"valueRequired\":true,\"valueName\":\"search_term_string\"}}],\"inLanguage\":\"en-GB\"},{\"@type\":\"Organization\",\"@id\":\"https:\/\/pagrabueksperti.lv\/#organization\",\"name\":\"Pagrabu Eksperti\",\"url\":\"https:\/\/pagrabueksperti.lv\/\",\"logo\":{\"@type\":\"ImageObject\",\"inLanguage\":\"en-GB\",\"@id\":\"https:\/\/pagrabueksperti.lv\/#\/schema\/logo\/image\/\",\"url\":\"https:\/\/pagrabueksperti.lv\/wp-content\/uploads\/2025\/02\/Group-20-3.png\",\"contentUrl\":\"https:\/\/pagrabueksperti.lv\/wp-content\/uploads\/2025\/02\/Group-20-3.png\",\"width\":894,\"height\":891,\"caption\":\"Pagrabu Eksperti\"},\"image\":{\"@id\":\"https:\/\/pagrabueksperti.lv\/#\/schema\/logo\/image\/\"}}]}<\/script>\n<!-- \/ Yoast SEO Premium plugin. -->","yoast_head_json":{"title":"SU IV patvertnes l\u016bka. - Pagrabu Eksperti","robots":{"index":"index","follow":"follow","max-snippet":"max-snippet:-1","max-image-preview":"max-image-preview:large","max-video-preview":"max-video-preview:-1"},"canonical":"https:\/\/pagrabueksperti.lv\/en\/product\/su-iv-patvertnes-luka\/","og_locale":"en_GB","og_type":"article","og_title":"SU IV patvertnes l\u016bka.","og_description":"SU IV patvertnes l\u016bka ir uzlabots risin\u0101jums, kas pied\u0101v\u0101 specializ\u0113tu aizsardz\u012bbu patvertnes ieej\u0101m. M\u0113s pied\u0101v\u0101jam da\u017e\u0101du izm\u0113ru l\u016bkas ,kas ir spr\u0101dzien un ugunsiztur\u012bgas. SU IV l\u016bka galvenok\u0101rt tiek izmantota civilaj\u0101s un milit\u0101raj\u0101s patvertn\u0113s, kas paredz\u0113tas aizsardz\u012bbai pret kodoliero\u010du, \u0137\u012bmisko un konvencion\u0101lo uzbrukumu sek\u0101m. T\u0101 kalpo k\u0101 aizsardz\u012bba ieejai patvertn\u0113. Nodro\u0161inot cilv\u0113ku evaku\u0101ciju un iek\u013c\u016b\u0161anu patvertn\u0113, [&hellip;]","og_url":"https:\/\/pagrabueksperti.lv\/en\/product\/su-iv-patvertnes-luka\/","og_site_name":"Pagrabu Eksperti","article_modified_time":"2025-02-26T18:15:35+00:00","og_image":[{"width":795,"height":796,"url":"http:\/\/pagrabueksperti.lv\/wp-content\/uploads\/2025\/02\/su-iv.png","type":"image\/png"}],"twitter_card":"summary_large_image","twitter_misc":{"Estimated reading time":"1 minute"},"schema":{"@context":"https:\/\/schema.org","@graph":[{"@type":"WebPage","@id":"https:\/\/pagrabueksperti.lv\/product\/su-iv-patvertnes-luka\/","url":"https:\/\/pagrabueksperti.lv\/product\/su-iv-patvertnes-luka\/","name":"SU IV patvertnes l\u016bka. - Pagrabu Eksperti","isPartOf":{"@id":"https:\/\/pagrabueksperti.lv\/#website"},"primaryImageOfPage":{"@id":"https:\/\/pagrabueksperti.lv\/product\/su-iv-patvertnes-luka\/#primaryimage"},"image":{"@id":"https:\/\/pagrabueksperti.lv\/product\/su-iv-patvertnes-luka\/#primaryimage"},"thumbnailUrl":"https:\/\/pagrabueksperti.lv\/wp-content\/uploads\/2025\/02\/su-iv.png","datePublished":"2025-02-20T18:36:59+00:00","dateModified":"2025-02-26T18:15:35+00:00","breadcrumb":{"@id":"https:\/\/pagrabueksperti.lv\/product\/su-iv-patvertnes-luka\/#breadcrumb"},"inLanguage":"en-GB","potentialAction":[{"@type":"ReadAction","target":["https:\/\/pagrabueksperti.lv\/product\/su-iv-patvertnes-luka\/"]}]},{"@type":"ImageObject","inLanguage":"en-GB","@id":"https:\/\/pagrabueksperti.lv\/product\/su-iv-patvertnes-luka\/#primaryimage","url":"https:\/\/pagrabueksperti.lv\/wp-content\/uploads\/2025\/02\/su-iv.png","contentUrl":"https:\/\/pagrabueksperti.lv\/wp-content\/uploads\/2025\/02\/su-iv.png","width":795,"height":796},{"@type":"BreadcrumbList","@id":"https:\/\/pagrabueksperti.lv\/product\/su-iv-patvertnes-luka\/#breadcrumb","itemListElement":[{"@type":"ListItem","position":1,"name":"Home","item":"https:\/\/pagrabueksperti.lv\/"},{"@type":"ListItem","position":2,"name":"Products","item":"https:\/\/pagrabueksperti.lv\/shop__trashed\/"},{"@type":"ListItem","position":3,"name":"SU IV patvertnes l\u016bka."}]},{"@type":"WebSite","@id":"https:\/\/pagrabueksperti.lv\/#website","url":"https:\/\/pagrabueksperti.lv\/","name":"Pagrabu Eksperti","description":"","publisher":{"@id":"https:\/\/pagrabueksperti.lv\/#organization"},"potentialAction":[{"@type":"SearchAction","target":{"@type":"EntryPoint","urlTemplate":"https:\/\/pagrabueksperti.lv\/?s={search_term_string}"},"query-input":{"@type":"PropertyValueSpecification","valueRequired":true,"valueName":"search_term_string"}}],"inLanguage":"en-GB"},{"@type":"Organization","@id":"https:\/\/pagrabueksperti.lv\/#organization","name":"Pagrabu Eksperti","url":"https:\/\/pagrabueksperti.lv\/","logo":{"@type":"ImageObject","inLanguage":"en-GB","@id":"https:\/\/pagrabueksperti.lv\/#\/schema\/logo\/image\/","url":"https:\/\/pagrabueksperti.lv\/wp-content\/uploads\/2025\/02\/Group-20-3.png","contentUrl":"https:\/\/pagrabueksperti.lv\/wp-content\/uploads\/2025\/02\/Group-20-3.png","width":894,"height":891,"caption":"Pagrabu Eksperti"},"image":{"@id":"https:\/\/pagrabueksperti.lv\/#\/schema\/logo\/image\/"}}]}},"_links":{"self":[{"href":"https:\/\/pagrabueksperti.lv\/en\/wp-json\/wp\/v2\/product\/2790","targetHints":{"allow":["GET"]}}],"collection":[{"href":"https:\/\/pagrabueksperti.lv\/en\/wp-json\/wp\/v2\/product"}],"about":[{"href":"https:\/\/pagrabueksperti.lv\/en\/wp-json\/wp\/v2\/types\/product"}],"replies":[{"embeddable":true,"href":"https:\/\/pagrabueksperti.lv\/en\/wp-json\/wp\/v2\/comments?post=2790"}],"wp:featuredmedia":[{"embeddable":true,"href":"https:\/\/pagrabueksperti.lv\/en\/wp-json\/wp\/v2\/media\/2997"}],"wp:attachment":[{"href":"https:\/\/pagrabueksperti.lv\/en\/wp-json\/wp\/v2\/media?parent=2790"}],"wp:term":[{"taxonomy":"product_brand","embeddable":true,"href":"https:\/\/pagrabueksperti.lv\/en\/wp-json\/wp\/v2\/product_brand?post=2790"},{"taxonomy":"product_cat","embeddable":true,"href":"https:\/\/pagrabueksperti.lv\/en\/wp-json\/wp\/v2\/product_cat?post=2790"},{"taxonomy":"product_tag","embeddable":true,"href":"https:\/\/pagrabueksperti.lv\/en\/wp-json\/wp\/v2\/product_tag?post=2790"}],"curies":[{"name":"wp","href":"https:\/\/api.w.org\/{rel}","templated":true}]}}