{"id":2788,"date":"2025-02-20T20:36:26","date_gmt":"2025-02-20T18:36:26","guid":{"rendered":"https:\/\/pagrabueksperti.lv\/?post_type=product&#038;p=2788"},"modified":"2025-02-27T09:49:53","modified_gmt":"2025-02-27T07:49:53","slug":"su-iii-patvertnes-luka-4-4-bar","status":"publish","type":"product","link":"https:\/\/pagrabueksperti.lv\/en\/product\/su-iii-patvertnes-luka-4-4-bar\/","title":{"rendered":"SU III shelter hatch 4.4 BAR."},"content":{"rendered":"<p>The SU III 4.4 BAR shelter hatch is a specialised model used in nuclear and bomb shelters as well as civil and military defence facilities. Its main task is to protect the entrance to the shelter against dangerous factors. Protects against: radiation, combat gases and shock wave from explosion. It is characterised by high mechanical strength and resistance to dynamic loads caused by shock waves. The hatch is made of steel,which resists penetration attempts.<\/p>\n<p>Improved sealing system.<br \/>\nImproved sealing system.\nSU III 4.4 The BAR hatch is fitted with a sealing system which effectively blocks the access of combat gases and other hazardous substances to the interior of the shelter. It provides protection against chemical and biological attacks.<\/p>\n<p>Resilient to extreme conditions.<br \/>\nResilient to extreme conditions.\nMade of high-quality steel and corrosion-resistant materials. In addition, the SU III 4.4 BAR hatch has a high resistance to weather and extreme situations. Provides long-lasting protection in the most extreme conditions.<\/p>\n<p>Specification<br \/>\nThe standard hatch size is 800 x 800 mm or 900 x 900 mm and is gas-tight.<br \/>\nExplosion resistance of up to 4.4 bar provides effective protection against shock waves and blasts.<br \/>\nSU III hatches can be installed both horizontally and vertically, making it a versatile solution for a wide range of protection applications<\/p>","protected":false},"excerpt":{"rendered":"<p>SU III 4.4 BAR patvertnes l\u016bka ir specializ\u0113ts modelis, ko izmanto kodoliero\u010du un bumbu patvertn\u0113s, k\u0101 ar\u012b civil\u0101s un milit\u0101r\u0101s aizsardz\u012bbas objektos. T\u0101s galvenais uzdevums ir aizsarg\u0101t ieeju patvertn\u0113 pret b\u012bstamiem faktoriem. Aizsarg\u0101 pret: starojumu , kaujas g\u0101z\u0113m un triecienvilni, ko izraisa spr\u0101dziens. To raksturo augsta meh\u0101nisk\u0101 iztur\u012bba un iztur\u012bba pret dinamisk\u0101m slodz\u0113m, ko rada [&hellip;]<\/p>","protected":false},"featured_media":3170,"comment_status":"open","ping_status":"closed","template":"","meta":{"site-sidebar-layout":"default","site-content-layout":"","ast-site-content-layout":"default","site-content-style":"default","site-sidebar-style":"default","ast-global-header-display":"","ast-banner-title-visibility":"","ast-main-header-display":"","ast-hfb-above-header-display":"","ast-hfb-below-header-display":"","ast-hfb-mobile-header-display":"","site-post-title":"","ast-breadcrumbs-content":"","ast-featured-img":"","footer-sml-layout":"","ast-disable-related-posts":"","theme-transparent-header-meta":"default","adv-header-id-meta":"","stick-header-meta":"","header-above-stick-meta":"","header-main-stick-meta":"","header-below-stick-meta":"","astra-migrate-meta-layouts":"set","ast-page-background-enabled":"default","ast-page-background-meta":{"desktop":{"background-color":"","background-image":"","background-repeat":"repeat","background-position":"center center","background-size":"auto","background-attachment":"scroll","background-type":"","background-media":"","overlay-type":"","overlay-color":"","overlay-opacity":"","overlay-gradient":""},"tablet":{"background-color":"","background-image":"","background-repeat":"repeat","background-position":"center center","background-size":"auto","background-attachment":"scroll","background-type":"","background-media":"","overlay-type":"","overlay-color":"","overlay-opacity":"","overlay-gradient":""},"mobile":{"background-color":"","background-image":"","background-repeat":"repeat","background-position":"center center","background-size":"auto","background-attachment":"scroll","background-type":"","background-media":"","overlay-type":"","overlay-color":"","overlay-opacity":"","overlay-gradient":""}},"ast-content-background-meta":{"desktop":{"background-color":"var(--ast-global-color-5)","background-image":"","background-repeat":"repeat","background-position":"center center","background-size":"auto","background-attachment":"scroll","background-type":"","background-media":"","overlay-type":"","overlay-color":"","overlay-opacity":"","overlay-gradient":""},"tablet":{"background-color":"var(--ast-global-color-5)","background-image":"","background-repeat":"repeat","background-position":"center center","background-size":"auto","background-attachment":"scroll","background-type":"","background-media":"","overlay-type":"","overlay-color":"","overlay-opacity":"","overlay-gradient":""},"mobile":{"background-color":"var(--ast-global-color-5)","background-image":"","background-repeat":"repeat","background-position":"center center","background-size":"auto","background-attachment":"scroll","background-type":"","background-media":"","overlay-type":"","overlay-color":"","overlay-opacity":"","overlay-gradient":""}}},"product_brand":[],"product_cat":[43,48],"product_tag":[],"class_list":{"0":"post-2788","1":"product","2":"type-product","3":"status-publish","4":"has-post-thumbnail","6":"product_cat-durvis-un-lukas","7":"product_cat-lukas","8":"desktop-align-left","9":"tablet-align-left","10":"mobile-align-left","12":"first","13":"instock","14":"shipping-taxable","15":"purchasable","16":"product-type-simple"},"yoast_head":"<!-- This site is optimized with the Yoast SEO Premium plugin v21.8 (Yoast SEO v26.6) - https:\/\/yoast.com\/wordpress\/plugins\/seo\/ -->\n<title>SU III patvertnes l\u016bka 4.4 BAR. - Pagrabu Eksperti<\/title>\n<meta name=\"robots\" content=\"index, follow, max-snippet:-1, max-image-preview:large, max-video-preview:-1\" \/>\n<link rel=\"canonical\" href=\"https:\/\/pagrabueksperti.lv\/en\/product\/su-iii-patvertnes-luka-4-4-bar\/\" \/>\n<meta property=\"og:locale\" content=\"en_GB\" \/>\n<meta property=\"og:type\" content=\"article\" \/>\n<meta property=\"og:title\" content=\"SU III patvertnes l\u016bka 4.4 BAR.\" \/>\n<meta property=\"og:description\" content=\"SU III 4.4 BAR patvertnes l\u016bka ir specializ\u0113ts modelis, ko izmanto kodoliero\u010du un bumbu patvertn\u0113s, k\u0101 ar\u012b civil\u0101s un milit\u0101r\u0101s aizsardz\u012bbas objektos. T\u0101s galvenais uzdevums ir aizsarg\u0101t ieeju patvertn\u0113 pret b\u012bstamiem faktoriem. Aizsarg\u0101 pret: starojumu , kaujas g\u0101z\u0113m un triecienvilni, ko izraisa spr\u0101dziens. To raksturo augsta meh\u0101nisk\u0101 iztur\u012bba un iztur\u012bba pret dinamisk\u0101m slodz\u0113m, ko rada [&hellip;]\" \/>\n<meta property=\"og:url\" content=\"https:\/\/pagrabueksperti.lv\/en\/product\/su-iii-patvertnes-luka-4-4-bar\/\" \/>\n<meta property=\"og:site_name\" content=\"Pagrabu Eksperti\" \/>\n<meta property=\"article:modified_time\" content=\"2025-02-27T07:49:53+00:00\" \/>\n<meta property=\"og:image\" content=\"http:\/\/pagrabueksperti.lv\/wp-content\/uploads\/2025\/02\/Tversana-4.png\" \/>\n\t<meta property=\"og:image:width\" content=\"574\" \/>\n\t<meta property=\"og:image:height\" content=\"765\" \/>\n\t<meta property=\"og:image:type\" content=\"image\/png\" \/>\n<meta name=\"twitter:card\" content=\"summary_large_image\" \/>\n<meta name=\"twitter:label1\" content=\"Estimated reading time\" \/>\n\t<meta name=\"twitter:data1\" content=\"1 minute\" \/>\n<script type=\"application\/ld+json\" class=\"yoast-schema-graph\">{\"@context\":\"https:\/\/schema.org\",\"@graph\":[{\"@type\":\"WebPage\",\"@id\":\"https:\/\/pagrabueksperti.lv\/product\/su-iii-patvertnes-luka-4-4-bar\/\",\"url\":\"https:\/\/pagrabueksperti.lv\/product\/su-iii-patvertnes-luka-4-4-bar\/\",\"name\":\"SU III patvertnes l\u016bka 4.4 BAR. - Pagrabu Eksperti\",\"isPartOf\":{\"@id\":\"https:\/\/pagrabueksperti.lv\/#website\"},\"primaryImageOfPage\":{\"@id\":\"https:\/\/pagrabueksperti.lv\/product\/su-iii-patvertnes-luka-4-4-bar\/#primaryimage\"},\"image\":{\"@id\":\"https:\/\/pagrabueksperti.lv\/product\/su-iii-patvertnes-luka-4-4-bar\/#primaryimage\"},\"thumbnailUrl\":\"https:\/\/pagrabueksperti.lv\/wp-content\/uploads\/2025\/02\/Tversana-4.png\",\"datePublished\":\"2025-02-20T18:36:26+00:00\",\"dateModified\":\"2025-02-27T07:49:53+00:00\",\"breadcrumb\":{\"@id\":\"https:\/\/pagrabueksperti.lv\/product\/su-iii-patvertnes-luka-4-4-bar\/#breadcrumb\"},\"inLanguage\":\"en-GB\",\"potentialAction\":[{\"@type\":\"ReadAction\",\"target\":[\"https:\/\/pagrabueksperti.lv\/product\/su-iii-patvertnes-luka-4-4-bar\/\"]}]},{\"@type\":\"ImageObject\",\"inLanguage\":\"en-GB\",\"@id\":\"https:\/\/pagrabueksperti.lv\/product\/su-iii-patvertnes-luka-4-4-bar\/#primaryimage\",\"url\":\"https:\/\/pagrabueksperti.lv\/wp-content\/uploads\/2025\/02\/Tversana-4.png\",\"contentUrl\":\"https:\/\/pagrabueksperti.lv\/wp-content\/uploads\/2025\/02\/Tversana-4.png\",\"width\":574,\"height\":765},{\"@type\":\"BreadcrumbList\",\"@id\":\"https:\/\/pagrabueksperti.lv\/product\/su-iii-patvertnes-luka-4-4-bar\/#breadcrumb\",\"itemListElement\":[{\"@type\":\"ListItem\",\"position\":1,\"name\":\"Home\",\"item\":\"https:\/\/pagrabueksperti.lv\/\"},{\"@type\":\"ListItem\",\"position\":2,\"name\":\"Products\",\"item\":\"https:\/\/pagrabueksperti.lv\/shop__trashed\/\"},{\"@type\":\"ListItem\",\"position\":3,\"name\":\"SU III patvertnes l\u016bka 4.4 BAR.\"}]},{\"@type\":\"WebSite\",\"@id\":\"https:\/\/pagrabueksperti.lv\/#website\",\"url\":\"https:\/\/pagrabueksperti.lv\/\",\"name\":\"Pagrabu Eksperti\",\"description\":\"\",\"publisher\":{\"@id\":\"https:\/\/pagrabueksperti.lv\/#organization\"},\"potentialAction\":[{\"@type\":\"SearchAction\",\"target\":{\"@type\":\"EntryPoint\",\"urlTemplate\":\"https:\/\/pagrabueksperti.lv\/?s={search_term_string}\"},\"query-input\":{\"@type\":\"PropertyValueSpecification\",\"valueRequired\":true,\"valueName\":\"search_term_string\"}}],\"inLanguage\":\"en-GB\"},{\"@type\":\"Organization\",\"@id\":\"https:\/\/pagrabueksperti.lv\/#organization\",\"name\":\"Pagrabu Eksperti\",\"url\":\"https:\/\/pagrabueksperti.lv\/\",\"logo\":{\"@type\":\"ImageObject\",\"inLanguage\":\"en-GB\",\"@id\":\"https:\/\/pagrabueksperti.lv\/#\/schema\/logo\/image\/\",\"url\":\"https:\/\/pagrabueksperti.lv\/wp-content\/uploads\/2025\/02\/Group-20-3.png\",\"contentUrl\":\"https:\/\/pagrabueksperti.lv\/wp-content\/uploads\/2025\/02\/Group-20-3.png\",\"width\":894,\"height\":891,\"caption\":\"Pagrabu Eksperti\"},\"image\":{\"@id\":\"https:\/\/pagrabueksperti.lv\/#\/schema\/logo\/image\/\"}}]}<\/script>\n<!-- \/ Yoast SEO Premium plugin. -->","yoast_head_json":{"title":"SU III patvertnes l\u016bka 4.4 BAR. - Pagrabu Eksperti","robots":{"index":"index","follow":"follow","max-snippet":"max-snippet:-1","max-image-preview":"max-image-preview:large","max-video-preview":"max-video-preview:-1"},"canonical":"https:\/\/pagrabueksperti.lv\/en\/product\/su-iii-patvertnes-luka-4-4-bar\/","og_locale":"en_GB","og_type":"article","og_title":"SU III patvertnes l\u016bka 4.4 BAR.","og_description":"SU III 4.4 BAR patvertnes l\u016bka ir specializ\u0113ts modelis, ko izmanto kodoliero\u010du un bumbu patvertn\u0113s, k\u0101 ar\u012b civil\u0101s un milit\u0101r\u0101s aizsardz\u012bbas objektos. T\u0101s galvenais uzdevums ir aizsarg\u0101t ieeju patvertn\u0113 pret b\u012bstamiem faktoriem. Aizsarg\u0101 pret: starojumu , kaujas g\u0101z\u0113m un triecienvilni, ko izraisa spr\u0101dziens. To raksturo augsta meh\u0101nisk\u0101 iztur\u012bba un iztur\u012bba pret dinamisk\u0101m slodz\u0113m, ko rada [&hellip;]","og_url":"https:\/\/pagrabueksperti.lv\/en\/product\/su-iii-patvertnes-luka-4-4-bar\/","og_site_name":"Pagrabu Eksperti","article_modified_time":"2025-02-27T07:49:53+00:00","og_image":[{"width":574,"height":765,"url":"http:\/\/pagrabueksperti.lv\/wp-content\/uploads\/2025\/02\/Tversana-4.png","type":"image\/png"}],"twitter_card":"summary_large_image","twitter_misc":{"Estimated reading time":"1 minute"},"schema":{"@context":"https:\/\/schema.org","@graph":[{"@type":"WebPage","@id":"https:\/\/pagrabueksperti.lv\/product\/su-iii-patvertnes-luka-4-4-bar\/","url":"https:\/\/pagrabueksperti.lv\/product\/su-iii-patvertnes-luka-4-4-bar\/","name":"SU III patvertnes l\u016bka 4.4 BAR. - Pagrabu Eksperti","isPartOf":{"@id":"https:\/\/pagrabueksperti.lv\/#website"},"primaryImageOfPage":{"@id":"https:\/\/pagrabueksperti.lv\/product\/su-iii-patvertnes-luka-4-4-bar\/#primaryimage"},"image":{"@id":"https:\/\/pagrabueksperti.lv\/product\/su-iii-patvertnes-luka-4-4-bar\/#primaryimage"},"thumbnailUrl":"https:\/\/pagrabueksperti.lv\/wp-content\/uploads\/2025\/02\/Tversana-4.png","datePublished":"2025-02-20T18:36:26+00:00","dateModified":"2025-02-27T07:49:53+00:00","breadcrumb":{"@id":"https:\/\/pagrabueksperti.lv\/product\/su-iii-patvertnes-luka-4-4-bar\/#breadcrumb"},"inLanguage":"en-GB","potentialAction":[{"@type":"ReadAction","target":["https:\/\/pagrabueksperti.lv\/product\/su-iii-patvertnes-luka-4-4-bar\/"]}]},{"@type":"ImageObject","inLanguage":"en-GB","@id":"https:\/\/pagrabueksperti.lv\/product\/su-iii-patvertnes-luka-4-4-bar\/#primaryimage","url":"https:\/\/pagrabueksperti.lv\/wp-content\/uploads\/2025\/02\/Tversana-4.png","contentUrl":"https:\/\/pagrabueksperti.lv\/wp-content\/uploads\/2025\/02\/Tversana-4.png","width":574,"height":765},{"@type":"BreadcrumbList","@id":"https:\/\/pagrabueksperti.lv\/product\/su-iii-patvertnes-luka-4-4-bar\/#breadcrumb","itemListElement":[{"@type":"ListItem","position":1,"name":"Home","item":"https:\/\/pagrabueksperti.lv\/"},{"@type":"ListItem","position":2,"name":"Products","item":"https:\/\/pagrabueksperti.lv\/shop__trashed\/"},{"@type":"ListItem","position":3,"name":"SU III patvertnes l\u016bka 4.4 BAR."}]},{"@type":"WebSite","@id":"https:\/\/pagrabueksperti.lv\/#website","url":"https:\/\/pagrabueksperti.lv\/","name":"Pagrabu Eksperti","description":"","publisher":{"@id":"https:\/\/pagrabueksperti.lv\/#organization"},"potentialAction":[{"@type":"SearchAction","target":{"@type":"EntryPoint","urlTemplate":"https:\/\/pagrabueksperti.lv\/?s={search_term_string}"},"query-input":{"@type":"PropertyValueSpecification","valueRequired":true,"valueName":"search_term_string"}}],"inLanguage":"en-GB"},{"@type":"Organization","@id":"https:\/\/pagrabueksperti.lv\/#organization","name":"Pagrabu Eksperti","url":"https:\/\/pagrabueksperti.lv\/","logo":{"@type":"ImageObject","inLanguage":"en-GB","@id":"https:\/\/pagrabueksperti.lv\/#\/schema\/logo\/image\/","url":"https:\/\/pagrabueksperti.lv\/wp-content\/uploads\/2025\/02\/Group-20-3.png","contentUrl":"https:\/\/pagrabueksperti.lv\/wp-content\/uploads\/2025\/02\/Group-20-3.png","width":894,"height":891,"caption":"Pagrabu Eksperti"},"image":{"@id":"https:\/\/pagrabueksperti.lv\/#\/schema\/logo\/image\/"}}]}},"_links":{"self":[{"href":"https:\/\/pagrabueksperti.lv\/en\/wp-json\/wp\/v2\/product\/2788","targetHints":{"allow":["GET"]}}],"collection":[{"href":"https:\/\/pagrabueksperti.lv\/en\/wp-json\/wp\/v2\/product"}],"about":[{"href":"https:\/\/pagrabueksperti.lv\/en\/wp-json\/wp\/v2\/types\/product"}],"replies":[{"embeddable":true,"href":"https:\/\/pagrabueksperti.lv\/en\/wp-json\/wp\/v2\/comments?post=2788"}],"wp:featuredmedia":[{"embeddable":true,"href":"https:\/\/pagrabueksperti.lv\/en\/wp-json\/wp\/v2\/media\/3170"}],"wp:attachment":[{"href":"https:\/\/pagrabueksperti.lv\/en\/wp-json\/wp\/v2\/media?parent=2788"}],"wp:term":[{"taxonomy":"product_brand","embeddable":true,"href":"https:\/\/pagrabueksperti.lv\/en\/wp-json\/wp\/v2\/product_brand?post=2788"},{"taxonomy":"product_cat","embeddable":true,"href":"https:\/\/pagrabueksperti.lv\/en\/wp-json\/wp\/v2\/product_cat?post=2788"},{"taxonomy":"product_tag","embeddable":true,"href":"https:\/\/pagrabueksperti.lv\/en\/wp-json\/wp\/v2\/product_tag?post=2788"}],"curies":[{"name":"wp","href":"https:\/\/api.w.org\/{rel}","templated":true}]}}