{"id":2786,"date":"2025-02-20T20:36:10","date_gmt":"2025-02-20T18:36:10","guid":{"rendered":"https:\/\/pagrabueksperti.lv\/?post_type=product&#038;p=2786"},"modified":"2025-02-26T20:18:08","modified_gmt":"2025-02-26T18:18:08","slug":"durvis-patvertnem-un-citam-drosibas-telpam-mdr-70-80-200","status":"publish","type":"product","link":"https:\/\/pagrabueksperti.lv\/en\/product\/durvis-patvertnem-un-citam-drosibas-telpam-mdr-70-80-200\/","title":{"rendered":"Doors for shelters and other security rooms MDR 70\/80\/200."},"content":{"rendered":"<p>The steel doors are fitted with an internal reinforcement structure covered with steel plates. In addition, a 15 mm thick steel plate is embedded in the door to protect it from splinters.<br \/>\nLocking mechanism:<br \/>\nSpecial mechanism with central latch and two side screws for effective locking and sealing of the door.<br \/>\nEfficient sealing:<br \/>\nA gasket that meets standards and provides a complete seal, increasing safety.<br \/>\nOpening size:<br \/>\nStandard dimensions are 700\/800 mm (width) x 2000 mm (height).<br \/>\nWe also offer customised sizes on request.<br \/>\nRobust frame:<br \/>\nThe door frame is designed to be embedded in concrete for extra stability and strength.<\/p>\n<p>Application:<br \/>\nThe doors provide protection against explosions and gases, as well as protection against splinters. Suitable for shelters, basements, etc.<\/p>","protected":false},"excerpt":{"rendered":"<p>T\u0113rauda durvis apr\u012bkotas ar iek\u0161\u0113jo pastiprin\u0101juma konstrukciju, kas p\u0101rkl\u0101ta ar t\u0113rauda pl\u0101ksn\u0113m. Papildus durv\u012bm ir iestr\u0101d\u0101ta 15 mm bieza t\u0113rauda pl\u0101ksne, kas pasarg\u0101 no \u0161\u0137emb\u0101m. Blo\u0137\u0113\u0161anas meh\u0101nisms: Speci\u0101ls meh\u0101nisms ar centr\u0101lo aizb\u012bdni un div\u0101m s\u0101nu skr\u016bv\u0113m,kas nodro\u0161ina efekt\u012bvu durvju blo\u0137\u0113\u0161anu un bl\u012bv\u0113\u0161anu. Efekt\u012bva bl\u012bv\u0113\u0161ana: Standartiem atbilsto\u0161a bl\u012bve,kas nodro\u0161ina piln\u012bgu bl\u012bv\u0113jumu, palielinot dro\u0161\u012bbu. Atv\u0113ruma izm\u0113rs: Standarta [&hellip;]<\/p>","protected":false},"featured_media":2994,"comment_status":"open","ping_status":"closed","template":"","meta":{"site-sidebar-layout":"default","site-content-layout":"","ast-site-content-layout":"default","site-content-style":"default","site-sidebar-style":"default","ast-global-header-display":"","ast-banner-title-visibility":"","ast-main-header-display":"","ast-hfb-above-header-display":"","ast-hfb-below-header-display":"","ast-hfb-mobile-header-display":"","site-post-title":"","ast-breadcrumbs-content":"","ast-featured-img":"","footer-sml-layout":"","ast-disable-related-posts":"","theme-transparent-header-meta":"default","adv-header-id-meta":"","stick-header-meta":"","header-above-stick-meta":"","header-main-stick-meta":"","header-below-stick-meta":"","astra-migrate-meta-layouts":"set","ast-page-background-enabled":"default","ast-page-background-meta":{"desktop":{"background-color":"","background-image":"","background-repeat":"repeat","background-position":"center center","background-size":"auto","background-attachment":"scroll","background-type":"","background-media":"","overlay-type":"","overlay-color":"","overlay-opacity":"","overlay-gradient":""},"tablet":{"background-color":"","background-image":"","background-repeat":"repeat","background-position":"center center","background-size":"auto","background-attachment":"scroll","background-type":"","background-media":"","overlay-type":"","overlay-color":"","overlay-opacity":"","overlay-gradient":""},"mobile":{"background-color":"","background-image":"","background-repeat":"repeat","background-position":"center center","background-size":"auto","background-attachment":"scroll","background-type":"","background-media":"","overlay-type":"","overlay-color":"","overlay-opacity":"","overlay-gradient":""}},"ast-content-background-meta":{"desktop":{"background-color":"var(--ast-global-color-5)","background-image":"","background-repeat":"repeat","background-position":"center center","background-size":"auto","background-attachment":"scroll","background-type":"","background-media":"","overlay-type":"","overlay-color":"","overlay-opacity":"","overlay-gradient":""},"tablet":{"background-color":"var(--ast-global-color-5)","background-image":"","background-repeat":"repeat","background-position":"center center","background-size":"auto","background-attachment":"scroll","background-type":"","background-media":"","overlay-type":"","overlay-color":"","overlay-opacity":"","overlay-gradient":""},"mobile":{"background-color":"var(--ast-global-color-5)","background-image":"","background-repeat":"repeat","background-position":"center center","background-size":"auto","background-attachment":"scroll","background-type":"","background-media":"","overlay-type":"","overlay-color":"","overlay-opacity":"","overlay-gradient":""}}},"product_brand":[],"product_cat":[47,43],"product_tag":[],"class_list":{"0":"post-2786","1":"product","2":"type-product","3":"status-publish","4":"has-post-thumbnail","6":"product_cat-durvis","7":"product_cat-durvis-un-lukas","8":"desktop-align-left","9":"tablet-align-left","10":"mobile-align-left","12":"first","13":"instock","14":"shipping-taxable","15":"purchasable","16":"product-type-simple"},"yoast_head":"<!-- This site is optimized with the Yoast SEO Premium plugin v21.8 (Yoast SEO v26.6) - https:\/\/yoast.com\/wordpress\/plugins\/seo\/ -->\n<title>Durvis patvertn\u0113m un cit\u0101m dro\u0161\u012bbas telp\u0101m MDR 70\/80\/200. - Pagrabu Eksperti<\/title>\n<meta name=\"robots\" content=\"index, follow, max-snippet:-1, max-image-preview:large, max-video-preview:-1\" \/>\n<link rel=\"canonical\" href=\"https:\/\/pagrabueksperti.lv\/en\/product\/durvis-patvertnem-un-citam-drosibas-telpam-mdr-70-80-200\/\" \/>\n<meta property=\"og:locale\" content=\"en_GB\" \/>\n<meta property=\"og:type\" content=\"article\" \/>\n<meta property=\"og:title\" content=\"Durvis patvertn\u0113m un cit\u0101m dro\u0161\u012bbas telp\u0101m MDR 70\/80\/200.\" \/>\n<meta property=\"og:description\" content=\"T\u0113rauda durvis apr\u012bkotas ar iek\u0161\u0113jo pastiprin\u0101juma konstrukciju, kas p\u0101rkl\u0101ta ar t\u0113rauda pl\u0101ksn\u0113m. Papildus durv\u012bm ir iestr\u0101d\u0101ta 15 mm bieza t\u0113rauda pl\u0101ksne, kas pasarg\u0101 no \u0161\u0137emb\u0101m. Blo\u0137\u0113\u0161anas meh\u0101nisms: Speci\u0101ls meh\u0101nisms ar centr\u0101lo aizb\u012bdni un div\u0101m s\u0101nu skr\u016bv\u0113m,kas nodro\u0161ina efekt\u012bvu durvju blo\u0137\u0113\u0161anu un bl\u012bv\u0113\u0161anu. Efekt\u012bva bl\u012bv\u0113\u0161ana: Standartiem atbilsto\u0161a bl\u012bve,kas nodro\u0161ina piln\u012bgu bl\u012bv\u0113jumu, palielinot dro\u0161\u012bbu. Atv\u0113ruma izm\u0113rs: Standarta [&hellip;]\" \/>\n<meta property=\"og:url\" content=\"https:\/\/pagrabueksperti.lv\/en\/product\/durvis-patvertnem-un-citam-drosibas-telpam-mdr-70-80-200\/\" \/>\n<meta property=\"og:site_name\" content=\"Pagrabu Eksperti\" \/>\n<meta property=\"article:modified_time\" content=\"2025-02-26T18:18:08+00:00\" \/>\n<meta property=\"og:image\" content=\"http:\/\/pagrabueksperti.lv\/wp-content\/uploads\/2025\/02\/Tversana-1.png\" \/>\n\t<meta property=\"og:image:width\" content=\"798\" \/>\n\t<meta property=\"og:image:height\" content=\"798\" \/>\n\t<meta property=\"og:image:type\" content=\"image\/png\" \/>\n<meta name=\"twitter:card\" content=\"summary_large_image\" \/>\n<meta name=\"twitter:label1\" content=\"Estimated reading time\" \/>\n\t<meta name=\"twitter:data1\" content=\"1 minute\" \/>\n<script type=\"application\/ld+json\" class=\"yoast-schema-graph\">{\"@context\":\"https:\/\/schema.org\",\"@graph\":[{\"@type\":\"WebPage\",\"@id\":\"https:\/\/pagrabueksperti.lv\/product\/durvis-patvertnem-un-citam-drosibas-telpam-mdr-70-80-200\/\",\"url\":\"https:\/\/pagrabueksperti.lv\/product\/durvis-patvertnem-un-citam-drosibas-telpam-mdr-70-80-200\/\",\"name\":\"Durvis patvertn\u0113m un cit\u0101m dro\u0161\u012bbas telp\u0101m MDR 70\/80\/200. - Pagrabu Eksperti\",\"isPartOf\":{\"@id\":\"https:\/\/pagrabueksperti.lv\/#website\"},\"primaryImageOfPage\":{\"@id\":\"https:\/\/pagrabueksperti.lv\/product\/durvis-patvertnem-un-citam-drosibas-telpam-mdr-70-80-200\/#primaryimage\"},\"image\":{\"@id\":\"https:\/\/pagrabueksperti.lv\/product\/durvis-patvertnem-un-citam-drosibas-telpam-mdr-70-80-200\/#primaryimage\"},\"thumbnailUrl\":\"https:\/\/pagrabueksperti.lv\/wp-content\/uploads\/2025\/02\/Tversana-1.png\",\"datePublished\":\"2025-02-20T18:36:10+00:00\",\"dateModified\":\"2025-02-26T18:18:08+00:00\",\"breadcrumb\":{\"@id\":\"https:\/\/pagrabueksperti.lv\/product\/durvis-patvertnem-un-citam-drosibas-telpam-mdr-70-80-200\/#breadcrumb\"},\"inLanguage\":\"en-GB\",\"potentialAction\":[{\"@type\":\"ReadAction\",\"target\":[\"https:\/\/pagrabueksperti.lv\/product\/durvis-patvertnem-un-citam-drosibas-telpam-mdr-70-80-200\/\"]}]},{\"@type\":\"ImageObject\",\"inLanguage\":\"en-GB\",\"@id\":\"https:\/\/pagrabueksperti.lv\/product\/durvis-patvertnem-un-citam-drosibas-telpam-mdr-70-80-200\/#primaryimage\",\"url\":\"https:\/\/pagrabueksperti.lv\/wp-content\/uploads\/2025\/02\/Tversana-1.png\",\"contentUrl\":\"https:\/\/pagrabueksperti.lv\/wp-content\/uploads\/2025\/02\/Tversana-1.png\",\"width\":798,\"height\":798},{\"@type\":\"BreadcrumbList\",\"@id\":\"https:\/\/pagrabueksperti.lv\/product\/durvis-patvertnem-un-citam-drosibas-telpam-mdr-70-80-200\/#breadcrumb\",\"itemListElement\":[{\"@type\":\"ListItem\",\"position\":1,\"name\":\"Home\",\"item\":\"https:\/\/pagrabueksperti.lv\/\"},{\"@type\":\"ListItem\",\"position\":2,\"name\":\"Products\",\"item\":\"https:\/\/pagrabueksperti.lv\/shop__trashed\/\"},{\"@type\":\"ListItem\",\"position\":3,\"name\":\"Durvis patvertn\u0113m un cit\u0101m dro\u0161\u012bbas telp\u0101m MDR 70\/80\/200.\"}]},{\"@type\":\"WebSite\",\"@id\":\"https:\/\/pagrabueksperti.lv\/#website\",\"url\":\"https:\/\/pagrabueksperti.lv\/\",\"name\":\"Pagrabu Eksperti\",\"description\":\"\",\"publisher\":{\"@id\":\"https:\/\/pagrabueksperti.lv\/#organization\"},\"potentialAction\":[{\"@type\":\"SearchAction\",\"target\":{\"@type\":\"EntryPoint\",\"urlTemplate\":\"https:\/\/pagrabueksperti.lv\/?s={search_term_string}\"},\"query-input\":{\"@type\":\"PropertyValueSpecification\",\"valueRequired\":true,\"valueName\":\"search_term_string\"}}],\"inLanguage\":\"en-GB\"},{\"@type\":\"Organization\",\"@id\":\"https:\/\/pagrabueksperti.lv\/#organization\",\"name\":\"Pagrabu Eksperti\",\"url\":\"https:\/\/pagrabueksperti.lv\/\",\"logo\":{\"@type\":\"ImageObject\",\"inLanguage\":\"en-GB\",\"@id\":\"https:\/\/pagrabueksperti.lv\/#\/schema\/logo\/image\/\",\"url\":\"https:\/\/pagrabueksperti.lv\/wp-content\/uploads\/2025\/02\/Group-20-3.png\",\"contentUrl\":\"https:\/\/pagrabueksperti.lv\/wp-content\/uploads\/2025\/02\/Group-20-3.png\",\"width\":894,\"height\":891,\"caption\":\"Pagrabu Eksperti\"},\"image\":{\"@id\":\"https:\/\/pagrabueksperti.lv\/#\/schema\/logo\/image\/\"}}]}<\/script>\n<!-- \/ Yoast SEO Premium plugin. -->","yoast_head_json":{"title":"Durvis patvertn\u0113m un cit\u0101m dro\u0161\u012bbas telp\u0101m MDR 70\/80\/200. - Pagrabu Eksperti","robots":{"index":"index","follow":"follow","max-snippet":"max-snippet:-1","max-image-preview":"max-image-preview:large","max-video-preview":"max-video-preview:-1"},"canonical":"https:\/\/pagrabueksperti.lv\/en\/product\/durvis-patvertnem-un-citam-drosibas-telpam-mdr-70-80-200\/","og_locale":"en_GB","og_type":"article","og_title":"Durvis patvertn\u0113m un cit\u0101m dro\u0161\u012bbas telp\u0101m MDR 70\/80\/200.","og_description":"T\u0113rauda durvis apr\u012bkotas ar iek\u0161\u0113jo pastiprin\u0101juma konstrukciju, kas p\u0101rkl\u0101ta ar t\u0113rauda pl\u0101ksn\u0113m. Papildus durv\u012bm ir iestr\u0101d\u0101ta 15 mm bieza t\u0113rauda pl\u0101ksne, kas pasarg\u0101 no \u0161\u0137emb\u0101m. Blo\u0137\u0113\u0161anas meh\u0101nisms: Speci\u0101ls meh\u0101nisms ar centr\u0101lo aizb\u012bdni un div\u0101m s\u0101nu skr\u016bv\u0113m,kas nodro\u0161ina efekt\u012bvu durvju blo\u0137\u0113\u0161anu un bl\u012bv\u0113\u0161anu. Efekt\u012bva bl\u012bv\u0113\u0161ana: Standartiem atbilsto\u0161a bl\u012bve,kas nodro\u0161ina piln\u012bgu bl\u012bv\u0113jumu, palielinot dro\u0161\u012bbu. Atv\u0113ruma izm\u0113rs: Standarta [&hellip;]","og_url":"https:\/\/pagrabueksperti.lv\/en\/product\/durvis-patvertnem-un-citam-drosibas-telpam-mdr-70-80-200\/","og_site_name":"Pagrabu Eksperti","article_modified_time":"2025-02-26T18:18:08+00:00","og_image":[{"width":798,"height":798,"url":"http:\/\/pagrabueksperti.lv\/wp-content\/uploads\/2025\/02\/Tversana-1.png","type":"image\/png"}],"twitter_card":"summary_large_image","twitter_misc":{"Estimated reading time":"1 minute"},"schema":{"@context":"https:\/\/schema.org","@graph":[{"@type":"WebPage","@id":"https:\/\/pagrabueksperti.lv\/product\/durvis-patvertnem-un-citam-drosibas-telpam-mdr-70-80-200\/","url":"https:\/\/pagrabueksperti.lv\/product\/durvis-patvertnem-un-citam-drosibas-telpam-mdr-70-80-200\/","name":"Durvis patvertn\u0113m un cit\u0101m dro\u0161\u012bbas telp\u0101m MDR 70\/80\/200. - Pagrabu Eksperti","isPartOf":{"@id":"https:\/\/pagrabueksperti.lv\/#website"},"primaryImageOfPage":{"@id":"https:\/\/pagrabueksperti.lv\/product\/durvis-patvertnem-un-citam-drosibas-telpam-mdr-70-80-200\/#primaryimage"},"image":{"@id":"https:\/\/pagrabueksperti.lv\/product\/durvis-patvertnem-un-citam-drosibas-telpam-mdr-70-80-200\/#primaryimage"},"thumbnailUrl":"https:\/\/pagrabueksperti.lv\/wp-content\/uploads\/2025\/02\/Tversana-1.png","datePublished":"2025-02-20T18:36:10+00:00","dateModified":"2025-02-26T18:18:08+00:00","breadcrumb":{"@id":"https:\/\/pagrabueksperti.lv\/product\/durvis-patvertnem-un-citam-drosibas-telpam-mdr-70-80-200\/#breadcrumb"},"inLanguage":"en-GB","potentialAction":[{"@type":"ReadAction","target":["https:\/\/pagrabueksperti.lv\/product\/durvis-patvertnem-un-citam-drosibas-telpam-mdr-70-80-200\/"]}]},{"@type":"ImageObject","inLanguage":"en-GB","@id":"https:\/\/pagrabueksperti.lv\/product\/durvis-patvertnem-un-citam-drosibas-telpam-mdr-70-80-200\/#primaryimage","url":"https:\/\/pagrabueksperti.lv\/wp-content\/uploads\/2025\/02\/Tversana-1.png","contentUrl":"https:\/\/pagrabueksperti.lv\/wp-content\/uploads\/2025\/02\/Tversana-1.png","width":798,"height":798},{"@type":"BreadcrumbList","@id":"https:\/\/pagrabueksperti.lv\/product\/durvis-patvertnem-un-citam-drosibas-telpam-mdr-70-80-200\/#breadcrumb","itemListElement":[{"@type":"ListItem","position":1,"name":"Home","item":"https:\/\/pagrabueksperti.lv\/"},{"@type":"ListItem","position":2,"name":"Products","item":"https:\/\/pagrabueksperti.lv\/shop__trashed\/"},{"@type":"ListItem","position":3,"name":"Durvis patvertn\u0113m un cit\u0101m dro\u0161\u012bbas telp\u0101m MDR 70\/80\/200."}]},{"@type":"WebSite","@id":"https:\/\/pagrabueksperti.lv\/#website","url":"https:\/\/pagrabueksperti.lv\/","name":"Pagrabu Eksperti","description":"","publisher":{"@id":"https:\/\/pagrabueksperti.lv\/#organization"},"potentialAction":[{"@type":"SearchAction","target":{"@type":"EntryPoint","urlTemplate":"https:\/\/pagrabueksperti.lv\/?s={search_term_string}"},"query-input":{"@type":"PropertyValueSpecification","valueRequired":true,"valueName":"search_term_string"}}],"inLanguage":"en-GB"},{"@type":"Organization","@id":"https:\/\/pagrabueksperti.lv\/#organization","name":"Pagrabu Eksperti","url":"https:\/\/pagrabueksperti.lv\/","logo":{"@type":"ImageObject","inLanguage":"en-GB","@id":"https:\/\/pagrabueksperti.lv\/#\/schema\/logo\/image\/","url":"https:\/\/pagrabueksperti.lv\/wp-content\/uploads\/2025\/02\/Group-20-3.png","contentUrl":"https:\/\/pagrabueksperti.lv\/wp-content\/uploads\/2025\/02\/Group-20-3.png","width":894,"height":891,"caption":"Pagrabu Eksperti"},"image":{"@id":"https:\/\/pagrabueksperti.lv\/#\/schema\/logo\/image\/"}}]}},"_links":{"self":[{"href":"https:\/\/pagrabueksperti.lv\/en\/wp-json\/wp\/v2\/product\/2786","targetHints":{"allow":["GET"]}}],"collection":[{"href":"https:\/\/pagrabueksperti.lv\/en\/wp-json\/wp\/v2\/product"}],"about":[{"href":"https:\/\/pagrabueksperti.lv\/en\/wp-json\/wp\/v2\/types\/product"}],"replies":[{"embeddable":true,"href":"https:\/\/pagrabueksperti.lv\/en\/wp-json\/wp\/v2\/comments?post=2786"}],"wp:featuredmedia":[{"embeddable":true,"href":"https:\/\/pagrabueksperti.lv\/en\/wp-json\/wp\/v2\/media\/2994"}],"wp:attachment":[{"href":"https:\/\/pagrabueksperti.lv\/en\/wp-json\/wp\/v2\/media?parent=2786"}],"wp:term":[{"taxonomy":"product_brand","embeddable":true,"href":"https:\/\/pagrabueksperti.lv\/en\/wp-json\/wp\/v2\/product_brand?post=2786"},{"taxonomy":"product_cat","embeddable":true,"href":"https:\/\/pagrabueksperti.lv\/en\/wp-json\/wp\/v2\/product_cat?post=2786"},{"taxonomy":"product_tag","embeddable":true,"href":"https:\/\/pagrabueksperti.lv\/en\/wp-json\/wp\/v2\/product_tag?post=2786"}],"curies":[{"name":"wp","href":"https:\/\/api.w.org\/{rel}","templated":true}]}}