{"id":2784,"date":"2025-02-20T20:35:49","date_gmt":"2025-02-20T18:35:49","guid":{"rendered":"https:\/\/pagrabueksperti.lv\/?post_type=product&#038;p=2784"},"modified":"2025-02-26T20:18:16","modified_gmt":"2025-02-26T18:18:16","slug":"du-ivr-terauda-durvis-gazes-necaurlaidigas-un-spradziendrosas","status":"publish","type":"product","link":"https:\/\/pagrabueksperti.lv\/en\/product\/du-ivr-terauda-durvis-gazes-necaurlaidigas-un-spradziendrosas\/","title":{"rendered":"DU-IVR steel doors - gas-tight and explosion-proof."},"content":{"rendered":"<p>ATMAS steel doors offer basic protection against explosions and gases. A special frame adapted for pouring concrete is welded to the old frame and installed in the existing opening.<\/p>\n<p>Technical Parameters:<br \/>\nSteel doors with internal reinforcement structure, covered with front and rear steel plates.<br \/>\nExplosion resistance up to 1 bar<br \/>\nLocking mechanism 2x side locks<br \/>\nGasket to ensure gas tightness<br \/>\nOpening size (mm): 900\/1200 x 2000 mm (custom sizes available on request)<br \/>\nThe frame is designed to be installed by filling with concrete.<\/p>","protected":false},"excerpt":{"rendered":"<p>ATMAS t\u0113rauda durvis pied\u0101v\u0101 pamata aizsardz\u012bbu pret spr\u0101dzieniem un g\u0101z\u0113m. Speci\u0101ls r\u0101mis, kas piel\u0101gots betona ielie\u0161anai, piemetin\u0101ts pie vec\u0101 karkasa, uzst\u0101d\u012bts eso\u0161aj\u0101 ail\u0113. Tehniskie paramertri: T\u0113rauda durvis ar iek\u0161\u0113jo stiegrojuma konstrukciju,kas p\u0101rkl\u0101tas ar priek\u0161\u0113j\u0101m un aizmugur\u0113j\u0101m t\u0113rauda pl\u0101ksn\u0113m. Spr\u0101dzieniztur\u012bba l\u012bdz 1 b\u0101ram Blo\u0137\u0113\u0161anas meh\u0101nisms 2x s\u0101nu sl\u0113dzenes Bl\u012bve, kas nodro\u0161ina g\u0101zes herm\u0113tiskumu Atveres izm\u0113rs (mm): [&hellip;]<\/p>","protected":false},"featured_media":3096,"comment_status":"open","ping_status":"closed","template":"","meta":{"site-sidebar-layout":"default","site-content-layout":"","ast-site-content-layout":"default","site-content-style":"default","site-sidebar-style":"default","ast-global-header-display":"","ast-banner-title-visibility":"","ast-main-header-display":"","ast-hfb-above-header-display":"","ast-hfb-below-header-display":"","ast-hfb-mobile-header-display":"","site-post-title":"","ast-breadcrumbs-content":"","ast-featured-img":"","footer-sml-layout":"","ast-disable-related-posts":"","theme-transparent-header-meta":"default","adv-header-id-meta":"","stick-header-meta":"","header-above-stick-meta":"","header-main-stick-meta":"","header-below-stick-meta":"","astra-migrate-meta-layouts":"set","ast-page-background-enabled":"default","ast-page-background-meta":{"desktop":{"background-color":"","background-image":"","background-repeat":"repeat","background-position":"center center","background-size":"auto","background-attachment":"scroll","background-type":"","background-media":"","overlay-type":"","overlay-color":"","overlay-opacity":"","overlay-gradient":""},"tablet":{"background-color":"","background-image":"","background-repeat":"repeat","background-position":"center center","background-size":"auto","background-attachment":"scroll","background-type":"","background-media":"","overlay-type":"","overlay-color":"","overlay-opacity":"","overlay-gradient":""},"mobile":{"background-color":"","background-image":"","background-repeat":"repeat","background-position":"center center","background-size":"auto","background-attachment":"scroll","background-type":"","background-media":"","overlay-type":"","overlay-color":"","overlay-opacity":"","overlay-gradient":""}},"ast-content-background-meta":{"desktop":{"background-color":"var(--ast-global-color-5)","background-image":"","background-repeat":"repeat","background-position":"center center","background-size":"auto","background-attachment":"scroll","background-type":"","background-media":"","overlay-type":"","overlay-color":"","overlay-opacity":"","overlay-gradient":""},"tablet":{"background-color":"var(--ast-global-color-5)","background-image":"","background-repeat":"repeat","background-position":"center center","background-size":"auto","background-attachment":"scroll","background-type":"","background-media":"","overlay-type":"","overlay-color":"","overlay-opacity":"","overlay-gradient":""},"mobile":{"background-color":"var(--ast-global-color-5)","background-image":"","background-repeat":"repeat","background-position":"center center","background-size":"auto","background-attachment":"scroll","background-type":"","background-media":"","overlay-type":"","overlay-color":"","overlay-opacity":"","overlay-gradient":""}}},"product_brand":[],"product_cat":[47,43],"product_tag":[],"class_list":{"0":"post-2784","1":"product","2":"type-product","3":"status-publish","4":"has-post-thumbnail","6":"product_cat-durvis","7":"product_cat-durvis-un-lukas","8":"desktop-align-left","9":"tablet-align-left","10":"mobile-align-left","12":"first","13":"instock","14":"shipping-taxable","15":"purchasable","16":"product-type-simple"},"yoast_head":"<!-- This site is optimized with the Yoast SEO Premium plugin v21.8 (Yoast SEO v26.6) - https:\/\/yoast.com\/wordpress\/plugins\/seo\/ -->\n<title>DU-IVR t\u0113rauda durvis - g\u0101zes necaurlaid\u012bgas un spr\u0101dziendro\u0161as. - Pagrabu Eksperti<\/title>\n<meta name=\"robots\" content=\"index, follow, max-snippet:-1, max-image-preview:large, max-video-preview:-1\" \/>\n<link rel=\"canonical\" href=\"https:\/\/pagrabueksperti.lv\/en\/product\/du-ivr-terauda-durvis-gazes-necaurlaidigas-un-spradziendrosas\/\" \/>\n<meta property=\"og:locale\" content=\"en_GB\" \/>\n<meta property=\"og:type\" content=\"article\" \/>\n<meta property=\"og:title\" content=\"DU-IVR t\u0113rauda durvis - g\u0101zes necaurlaid\u012bgas un spr\u0101dziendro\u0161as.\" \/>\n<meta property=\"og:description\" content=\"ATMAS t\u0113rauda durvis pied\u0101v\u0101 pamata aizsardz\u012bbu pret spr\u0101dzieniem un g\u0101z\u0113m. Speci\u0101ls r\u0101mis, kas piel\u0101gots betona ielie\u0161anai, piemetin\u0101ts pie vec\u0101 karkasa, uzst\u0101d\u012bts eso\u0161aj\u0101 ail\u0113. Tehniskie paramertri: T\u0113rauda durvis ar iek\u0161\u0113jo stiegrojuma konstrukciju,kas p\u0101rkl\u0101tas ar priek\u0161\u0113j\u0101m un aizmugur\u0113j\u0101m t\u0113rauda pl\u0101ksn\u0113m. Spr\u0101dzieniztur\u012bba l\u012bdz 1 b\u0101ram Blo\u0137\u0113\u0161anas meh\u0101nisms 2x s\u0101nu sl\u0113dzenes Bl\u012bve, kas nodro\u0161ina g\u0101zes herm\u0113tiskumu Atveres izm\u0113rs (mm): [&hellip;]\" \/>\n<meta property=\"og:url\" content=\"https:\/\/pagrabueksperti.lv\/en\/product\/du-ivr-terauda-durvis-gazes-necaurlaidigas-un-spradziendrosas\/\" \/>\n<meta property=\"og:site_name\" content=\"Pagrabu Eksperti\" \/>\n<meta property=\"article:modified_time\" content=\"2025-02-26T18:18:16+00:00\" \/>\n<meta property=\"og:image\" content=\"http:\/\/pagrabueksperti.lv\/wp-content\/uploads\/2025\/02\/Screenshot-2025-02-25-213224.png\" \/>\n\t<meta property=\"og:image:width\" content=\"565\" \/>\n\t<meta property=\"og:image:height\" content=\"750\" \/>\n\t<meta property=\"og:image:type\" content=\"image\/png\" \/>\n<meta name=\"twitter:card\" content=\"summary_large_image\" \/>\n<meta name=\"twitter:label1\" content=\"Estimated reading time\" \/>\n\t<meta name=\"twitter:data1\" content=\"1 minute\" \/>\n<script type=\"application\/ld+json\" class=\"yoast-schema-graph\">{\"@context\":\"https:\/\/schema.org\",\"@graph\":[{\"@type\":\"WebPage\",\"@id\":\"https:\/\/pagrabueksperti.lv\/product\/du-ivr-terauda-durvis-gazes-necaurlaidigas-un-spradziendrosas\/\",\"url\":\"https:\/\/pagrabueksperti.lv\/product\/du-ivr-terauda-durvis-gazes-necaurlaidigas-un-spradziendrosas\/\",\"name\":\"DU-IVR t\u0113rauda durvis - g\u0101zes necaurlaid\u012bgas un spr\u0101dziendro\u0161as. - Pagrabu Eksperti\",\"isPartOf\":{\"@id\":\"https:\/\/pagrabueksperti.lv\/#website\"},\"primaryImageOfPage\":{\"@id\":\"https:\/\/pagrabueksperti.lv\/product\/du-ivr-terauda-durvis-gazes-necaurlaidigas-un-spradziendrosas\/#primaryimage\"},\"image\":{\"@id\":\"https:\/\/pagrabueksperti.lv\/product\/du-ivr-terauda-durvis-gazes-necaurlaidigas-un-spradziendrosas\/#primaryimage\"},\"thumbnailUrl\":\"https:\/\/pagrabueksperti.lv\/wp-content\/uploads\/2025\/02\/Screenshot-2025-02-25-213224.png\",\"datePublished\":\"2025-02-20T18:35:49+00:00\",\"dateModified\":\"2025-02-26T18:18:16+00:00\",\"breadcrumb\":{\"@id\":\"https:\/\/pagrabueksperti.lv\/product\/du-ivr-terauda-durvis-gazes-necaurlaidigas-un-spradziendrosas\/#breadcrumb\"},\"inLanguage\":\"en-GB\",\"potentialAction\":[{\"@type\":\"ReadAction\",\"target\":[\"https:\/\/pagrabueksperti.lv\/product\/du-ivr-terauda-durvis-gazes-necaurlaidigas-un-spradziendrosas\/\"]}]},{\"@type\":\"ImageObject\",\"inLanguage\":\"en-GB\",\"@id\":\"https:\/\/pagrabueksperti.lv\/product\/du-ivr-terauda-durvis-gazes-necaurlaidigas-un-spradziendrosas\/#primaryimage\",\"url\":\"https:\/\/pagrabueksperti.lv\/wp-content\/uploads\/2025\/02\/Screenshot-2025-02-25-213224.png\",\"contentUrl\":\"https:\/\/pagrabueksperti.lv\/wp-content\/uploads\/2025\/02\/Screenshot-2025-02-25-213224.png\",\"width\":565,\"height\":750},{\"@type\":\"BreadcrumbList\",\"@id\":\"https:\/\/pagrabueksperti.lv\/product\/du-ivr-terauda-durvis-gazes-necaurlaidigas-un-spradziendrosas\/#breadcrumb\",\"itemListElement\":[{\"@type\":\"ListItem\",\"position\":1,\"name\":\"Home\",\"item\":\"https:\/\/pagrabueksperti.lv\/\"},{\"@type\":\"ListItem\",\"position\":2,\"name\":\"Products\",\"item\":\"https:\/\/pagrabueksperti.lv\/shop__trashed\/\"},{\"@type\":\"ListItem\",\"position\":3,\"name\":\"DU-IVR t\u0113rauda durvis &#8211; g\u0101zes necaurlaid\u012bgas un spr\u0101dziendro\u0161as.\"}]},{\"@type\":\"WebSite\",\"@id\":\"https:\/\/pagrabueksperti.lv\/#website\",\"url\":\"https:\/\/pagrabueksperti.lv\/\",\"name\":\"Pagrabu Eksperti\",\"description\":\"\",\"publisher\":{\"@id\":\"https:\/\/pagrabueksperti.lv\/#organization\"},\"potentialAction\":[{\"@type\":\"SearchAction\",\"target\":{\"@type\":\"EntryPoint\",\"urlTemplate\":\"https:\/\/pagrabueksperti.lv\/?s={search_term_string}\"},\"query-input\":{\"@type\":\"PropertyValueSpecification\",\"valueRequired\":true,\"valueName\":\"search_term_string\"}}],\"inLanguage\":\"en-GB\"},{\"@type\":\"Organization\",\"@id\":\"https:\/\/pagrabueksperti.lv\/#organization\",\"name\":\"Pagrabu Eksperti\",\"url\":\"https:\/\/pagrabueksperti.lv\/\",\"logo\":{\"@type\":\"ImageObject\",\"inLanguage\":\"en-GB\",\"@id\":\"https:\/\/pagrabueksperti.lv\/#\/schema\/logo\/image\/\",\"url\":\"https:\/\/pagrabueksperti.lv\/wp-content\/uploads\/2025\/02\/Group-20-3.png\",\"contentUrl\":\"https:\/\/pagrabueksperti.lv\/wp-content\/uploads\/2025\/02\/Group-20-3.png\",\"width\":894,\"height\":891,\"caption\":\"Pagrabu Eksperti\"},\"image\":{\"@id\":\"https:\/\/pagrabueksperti.lv\/#\/schema\/logo\/image\/\"}}]}<\/script>\n<!-- \/ Yoast SEO Premium plugin. -->","yoast_head_json":{"title":"DU-IVR t\u0113rauda durvis - g\u0101zes necaurlaid\u012bgas un spr\u0101dziendro\u0161as. - Pagrabu Eksperti","robots":{"index":"index","follow":"follow","max-snippet":"max-snippet:-1","max-image-preview":"max-image-preview:large","max-video-preview":"max-video-preview:-1"},"canonical":"https:\/\/pagrabueksperti.lv\/en\/product\/du-ivr-terauda-durvis-gazes-necaurlaidigas-un-spradziendrosas\/","og_locale":"en_GB","og_type":"article","og_title":"DU-IVR t\u0113rauda durvis - g\u0101zes necaurlaid\u012bgas un spr\u0101dziendro\u0161as.","og_description":"ATMAS t\u0113rauda durvis pied\u0101v\u0101 pamata aizsardz\u012bbu pret spr\u0101dzieniem un g\u0101z\u0113m. Speci\u0101ls r\u0101mis, kas piel\u0101gots betona ielie\u0161anai, piemetin\u0101ts pie vec\u0101 karkasa, uzst\u0101d\u012bts eso\u0161aj\u0101 ail\u0113. Tehniskie paramertri: T\u0113rauda durvis ar iek\u0161\u0113jo stiegrojuma konstrukciju,kas p\u0101rkl\u0101tas ar priek\u0161\u0113j\u0101m un aizmugur\u0113j\u0101m t\u0113rauda pl\u0101ksn\u0113m. Spr\u0101dzieniztur\u012bba l\u012bdz 1 b\u0101ram Blo\u0137\u0113\u0161anas meh\u0101nisms 2x s\u0101nu sl\u0113dzenes Bl\u012bve, kas nodro\u0161ina g\u0101zes herm\u0113tiskumu Atveres izm\u0113rs (mm): [&hellip;]","og_url":"https:\/\/pagrabueksperti.lv\/en\/product\/du-ivr-terauda-durvis-gazes-necaurlaidigas-un-spradziendrosas\/","og_site_name":"Pagrabu Eksperti","article_modified_time":"2025-02-26T18:18:16+00:00","og_image":[{"width":565,"height":750,"url":"http:\/\/pagrabueksperti.lv\/wp-content\/uploads\/2025\/02\/Screenshot-2025-02-25-213224.png","type":"image\/png"}],"twitter_card":"summary_large_image","twitter_misc":{"Estimated reading time":"1 minute"},"schema":{"@context":"https:\/\/schema.org","@graph":[{"@type":"WebPage","@id":"https:\/\/pagrabueksperti.lv\/product\/du-ivr-terauda-durvis-gazes-necaurlaidigas-un-spradziendrosas\/","url":"https:\/\/pagrabueksperti.lv\/product\/du-ivr-terauda-durvis-gazes-necaurlaidigas-un-spradziendrosas\/","name":"DU-IVR t\u0113rauda durvis - g\u0101zes necaurlaid\u012bgas un spr\u0101dziendro\u0161as. - Pagrabu Eksperti","isPartOf":{"@id":"https:\/\/pagrabueksperti.lv\/#website"},"primaryImageOfPage":{"@id":"https:\/\/pagrabueksperti.lv\/product\/du-ivr-terauda-durvis-gazes-necaurlaidigas-un-spradziendrosas\/#primaryimage"},"image":{"@id":"https:\/\/pagrabueksperti.lv\/product\/du-ivr-terauda-durvis-gazes-necaurlaidigas-un-spradziendrosas\/#primaryimage"},"thumbnailUrl":"https:\/\/pagrabueksperti.lv\/wp-content\/uploads\/2025\/02\/Screenshot-2025-02-25-213224.png","datePublished":"2025-02-20T18:35:49+00:00","dateModified":"2025-02-26T18:18:16+00:00","breadcrumb":{"@id":"https:\/\/pagrabueksperti.lv\/product\/du-ivr-terauda-durvis-gazes-necaurlaidigas-un-spradziendrosas\/#breadcrumb"},"inLanguage":"en-GB","potentialAction":[{"@type":"ReadAction","target":["https:\/\/pagrabueksperti.lv\/product\/du-ivr-terauda-durvis-gazes-necaurlaidigas-un-spradziendrosas\/"]}]},{"@type":"ImageObject","inLanguage":"en-GB","@id":"https:\/\/pagrabueksperti.lv\/product\/du-ivr-terauda-durvis-gazes-necaurlaidigas-un-spradziendrosas\/#primaryimage","url":"https:\/\/pagrabueksperti.lv\/wp-content\/uploads\/2025\/02\/Screenshot-2025-02-25-213224.png","contentUrl":"https:\/\/pagrabueksperti.lv\/wp-content\/uploads\/2025\/02\/Screenshot-2025-02-25-213224.png","width":565,"height":750},{"@type":"BreadcrumbList","@id":"https:\/\/pagrabueksperti.lv\/product\/du-ivr-terauda-durvis-gazes-necaurlaidigas-un-spradziendrosas\/#breadcrumb","itemListElement":[{"@type":"ListItem","position":1,"name":"Home","item":"https:\/\/pagrabueksperti.lv\/"},{"@type":"ListItem","position":2,"name":"Products","item":"https:\/\/pagrabueksperti.lv\/shop__trashed\/"},{"@type":"ListItem","position":3,"name":"DU-IVR t\u0113rauda durvis &#8211; g\u0101zes necaurlaid\u012bgas un spr\u0101dziendro\u0161as."}]},{"@type":"WebSite","@id":"https:\/\/pagrabueksperti.lv\/#website","url":"https:\/\/pagrabueksperti.lv\/","name":"Pagrabu Eksperti","description":"","publisher":{"@id":"https:\/\/pagrabueksperti.lv\/#organization"},"potentialAction":[{"@type":"SearchAction","target":{"@type":"EntryPoint","urlTemplate":"https:\/\/pagrabueksperti.lv\/?s={search_term_string}"},"query-input":{"@type":"PropertyValueSpecification","valueRequired":true,"valueName":"search_term_string"}}],"inLanguage":"en-GB"},{"@type":"Organization","@id":"https:\/\/pagrabueksperti.lv\/#organization","name":"Pagrabu Eksperti","url":"https:\/\/pagrabueksperti.lv\/","logo":{"@type":"ImageObject","inLanguage":"en-GB","@id":"https:\/\/pagrabueksperti.lv\/#\/schema\/logo\/image\/","url":"https:\/\/pagrabueksperti.lv\/wp-content\/uploads\/2025\/02\/Group-20-3.png","contentUrl":"https:\/\/pagrabueksperti.lv\/wp-content\/uploads\/2025\/02\/Group-20-3.png","width":894,"height":891,"caption":"Pagrabu Eksperti"},"image":{"@id":"https:\/\/pagrabueksperti.lv\/#\/schema\/logo\/image\/"}}]}},"_links":{"self":[{"href":"https:\/\/pagrabueksperti.lv\/en\/wp-json\/wp\/v2\/product\/2784","targetHints":{"allow":["GET"]}}],"collection":[{"href":"https:\/\/pagrabueksperti.lv\/en\/wp-json\/wp\/v2\/product"}],"about":[{"href":"https:\/\/pagrabueksperti.lv\/en\/wp-json\/wp\/v2\/types\/product"}],"replies":[{"embeddable":true,"href":"https:\/\/pagrabueksperti.lv\/en\/wp-json\/wp\/v2\/comments?post=2784"}],"wp:featuredmedia":[{"embeddable":true,"href":"https:\/\/pagrabueksperti.lv\/en\/wp-json\/wp\/v2\/media\/3096"}],"wp:attachment":[{"href":"https:\/\/pagrabueksperti.lv\/en\/wp-json\/wp\/v2\/media?parent=2784"}],"wp:term":[{"taxonomy":"product_brand","embeddable":true,"href":"https:\/\/pagrabueksperti.lv\/en\/wp-json\/wp\/v2\/product_brand?post=2784"},{"taxonomy":"product_cat","embeddable":true,"href":"https:\/\/pagrabueksperti.lv\/en\/wp-json\/wp\/v2\/product_cat?post=2784"},{"taxonomy":"product_tag","embeddable":true,"href":"https:\/\/pagrabueksperti.lv\/en\/wp-json\/wp\/v2\/product_tag?post=2784"}],"curies":[{"name":"wp","href":"https:\/\/api.w.org\/{rel}","templated":true}]}}