{"id":2782,"date":"2025-02-20T20:35:37","date_gmt":"2025-02-20T18:35:37","guid":{"rendered":"https:\/\/pagrabueksperti.lv\/?post_type=product&#038;p=2782"},"modified":"2025-02-26T20:18:23","modified_gmt":"2025-02-26T18:18:23","slug":"brunu-durvis-tips-pd-60x80x20cm-escape","status":"publish","type":"product","link":"https:\/\/pagrabueksperti.lv\/en\/product\/brunu-durvis-tips-pd-60x80x20cm-escape\/","title":{"rendered":"Armoured hatch type PD 60x80x20cm (escape)."},"content":{"rendered":"<p>Armoured door type PD to be filled with concrete. They provide optimum protection against shock waves, harmful radiation, splinters and toxic gases. These specialised security doors are designed for use in facilities where a high level of security is required. This type of door is mainly used in shelters, building basements, military facilities and other areas where protection against explosions, chemical or biological attacks is needed.<\/p>\n<p>Technical parameters:<br \/>\nWidth - 60 cm<br \/>\nHeight (without thresholds) - 80cm<br \/>\nThickness - 20 cm<br \/>\nDegree of protection - 3 bars<br \/>\nWeight without concrete - 142 kg<\/p>","protected":false},"excerpt":{"rendered":"<p>Bru\u0146u durvis PD tips, kas j\u0101piepilda ar betonu. T\u0101s nodro\u0161ina optim\u0101lu aizsardz\u012bbu pret triecienvi\u013c\u0146iem, kait\u012bgo starojumu, \u0161\u0137emb\u0101m un toksisk\u0101m g\u0101z\u0113m. \u0160\u012bs specializ\u0113t\u0101s dro\u0161\u012bbas durvis ir paredz\u0113tas lieto\u0161anai objektos, kur nepiecie\u0161ams augsts dro\u0161\u012bbas l\u012bmenis. \u0160\u0101da veida durvis galvenok\u0101rt tiek izmantotas patvertn\u0113s, \u0113ku pagrabtelp\u0101s, milit\u0101raj\u0101s telp\u0101s, k\u0101 ar\u012b citos objektos, kur nepiecie\u0161ama aizsardz\u012bba pret spr\u0101dzieniem, \u0137\u012bmiskiem vai [&hellip;]<\/p>","protected":false},"featured_media":2992,"comment_status":"open","ping_status":"closed","template":"","meta":{"site-sidebar-layout":"default","site-content-layout":"","ast-site-content-layout":"default","site-content-style":"default","site-sidebar-style":"default","ast-global-header-display":"","ast-banner-title-visibility":"","ast-main-header-display":"","ast-hfb-above-header-display":"","ast-hfb-below-header-display":"","ast-hfb-mobile-header-display":"","site-post-title":"","ast-breadcrumbs-content":"","ast-featured-img":"","footer-sml-layout":"","ast-disable-related-posts":"","theme-transparent-header-meta":"default","adv-header-id-meta":"","stick-header-meta":"","header-above-stick-meta":"","header-main-stick-meta":"","header-below-stick-meta":"","astra-migrate-meta-layouts":"set","ast-page-background-enabled":"default","ast-page-background-meta":{"desktop":{"background-color":"","background-image":"","background-repeat":"repeat","background-position":"center center","background-size":"auto","background-attachment":"scroll","background-type":"","background-media":"","overlay-type":"","overlay-color":"","overlay-opacity":"","overlay-gradient":""},"tablet":{"background-color":"","background-image":"","background-repeat":"repeat","background-position":"center center","background-size":"auto","background-attachment":"scroll","background-type":"","background-media":"","overlay-type":"","overlay-color":"","overlay-opacity":"","overlay-gradient":""},"mobile":{"background-color":"","background-image":"","background-repeat":"repeat","background-position":"center center","background-size":"auto","background-attachment":"scroll","background-type":"","background-media":"","overlay-type":"","overlay-color":"","overlay-opacity":"","overlay-gradient":""}},"ast-content-background-meta":{"desktop":{"background-color":"var(--ast-global-color-5)","background-image":"","background-repeat":"repeat","background-position":"center center","background-size":"auto","background-attachment":"scroll","background-type":"","background-media":"","overlay-type":"","overlay-color":"","overlay-opacity":"","overlay-gradient":""},"tablet":{"background-color":"var(--ast-global-color-5)","background-image":"","background-repeat":"repeat","background-position":"center center","background-size":"auto","background-attachment":"scroll","background-type":"","background-media":"","overlay-type":"","overlay-color":"","overlay-opacity":"","overlay-gradient":""},"mobile":{"background-color":"var(--ast-global-color-5)","background-image":"","background-repeat":"repeat","background-position":"center center","background-size":"auto","background-attachment":"scroll","background-type":"","background-media":"","overlay-type":"","overlay-color":"","overlay-opacity":"","overlay-gradient":""}}},"product_brand":[],"product_cat":[43,48],"product_tag":[],"class_list":{"0":"post-2782","1":"product","2":"type-product","3":"status-publish","4":"has-post-thumbnail","6":"product_cat-durvis-un-lukas","7":"product_cat-lukas","8":"desktop-align-left","9":"tablet-align-left","10":"mobile-align-left","12":"first","13":"instock","14":"shipping-taxable","15":"purchasable","16":"product-type-simple"},"yoast_head":"<!-- This site is optimized with the Yoast SEO Premium plugin v21.8 (Yoast SEO v26.6) - https:\/\/yoast.com\/wordpress\/plugins\/seo\/ -->\n<title>Bru\u0146u l\u016bka tips PD 60x80x20cm (escape). - Pagrabu Eksperti<\/title>\n<meta name=\"robots\" content=\"index, follow, max-snippet:-1, max-image-preview:large, max-video-preview:-1\" \/>\n<link rel=\"canonical\" href=\"https:\/\/pagrabueksperti.lv\/en\/product\/brunu-durvis-tips-pd-60x80x20cm-escape\/\" \/>\n<meta property=\"og:locale\" content=\"en_GB\" \/>\n<meta property=\"og:type\" content=\"article\" \/>\n<meta property=\"og:title\" content=\"Bru\u0146u l\u016bka tips PD 60x80x20cm (escape).\" \/>\n<meta property=\"og:description\" content=\"Bru\u0146u durvis PD tips, kas j\u0101piepilda ar betonu. T\u0101s nodro\u0161ina optim\u0101lu aizsardz\u012bbu pret triecienvi\u013c\u0146iem, kait\u012bgo starojumu, \u0161\u0137emb\u0101m un toksisk\u0101m g\u0101z\u0113m. \u0160\u012bs specializ\u0113t\u0101s dro\u0161\u012bbas durvis ir paredz\u0113tas lieto\u0161anai objektos, kur nepiecie\u0161ams augsts dro\u0161\u012bbas l\u012bmenis. \u0160\u0101da veida durvis galvenok\u0101rt tiek izmantotas patvertn\u0113s, \u0113ku pagrabtelp\u0101s, milit\u0101raj\u0101s telp\u0101s, k\u0101 ar\u012b citos objektos, kur nepiecie\u0161ama aizsardz\u012bba pret spr\u0101dzieniem, \u0137\u012bmiskiem vai [&hellip;]\" \/>\n<meta property=\"og:url\" content=\"https:\/\/pagrabueksperti.lv\/en\/product\/brunu-durvis-tips-pd-60x80x20cm-escape\/\" \/>\n<meta property=\"og:site_name\" content=\"Pagrabu Eksperti\" \/>\n<meta property=\"article:modified_time\" content=\"2025-02-26T18:18:23+00:00\" \/>\n<meta property=\"og:image\" content=\"http:\/\/pagrabueksperti.lv\/wp-content\/uploads\/2025\/02\/pd.png\" \/>\n\t<meta property=\"og:image:width\" content=\"795\" \/>\n\t<meta property=\"og:image:height\" content=\"794\" \/>\n\t<meta property=\"og:image:type\" content=\"image\/png\" \/>\n<meta name=\"twitter:card\" content=\"summary_large_image\" \/>\n<meta name=\"twitter:label1\" content=\"Estimated reading time\" \/>\n\t<meta name=\"twitter:data1\" content=\"1 minute\" \/>\n<script type=\"application\/ld+json\" class=\"yoast-schema-graph\">{\"@context\":\"https:\/\/schema.org\",\"@graph\":[{\"@type\":\"WebPage\",\"@id\":\"https:\/\/pagrabueksperti.lv\/product\/brunu-durvis-tips-pd-60x80x20cm-escape\/\",\"url\":\"https:\/\/pagrabueksperti.lv\/product\/brunu-durvis-tips-pd-60x80x20cm-escape\/\",\"name\":\"Bru\u0146u l\u016bka tips PD 60x80x20cm (escape). - Pagrabu Eksperti\",\"isPartOf\":{\"@id\":\"https:\/\/pagrabueksperti.lv\/#website\"},\"primaryImageOfPage\":{\"@id\":\"https:\/\/pagrabueksperti.lv\/product\/brunu-durvis-tips-pd-60x80x20cm-escape\/#primaryimage\"},\"image\":{\"@id\":\"https:\/\/pagrabueksperti.lv\/product\/brunu-durvis-tips-pd-60x80x20cm-escape\/#primaryimage\"},\"thumbnailUrl\":\"https:\/\/pagrabueksperti.lv\/wp-content\/uploads\/2025\/02\/pd.png\",\"datePublished\":\"2025-02-20T18:35:37+00:00\",\"dateModified\":\"2025-02-26T18:18:23+00:00\",\"breadcrumb\":{\"@id\":\"https:\/\/pagrabueksperti.lv\/product\/brunu-durvis-tips-pd-60x80x20cm-escape\/#breadcrumb\"},\"inLanguage\":\"en-GB\",\"potentialAction\":[{\"@type\":\"ReadAction\",\"target\":[\"https:\/\/pagrabueksperti.lv\/product\/brunu-durvis-tips-pd-60x80x20cm-escape\/\"]}]},{\"@type\":\"ImageObject\",\"inLanguage\":\"en-GB\",\"@id\":\"https:\/\/pagrabueksperti.lv\/product\/brunu-durvis-tips-pd-60x80x20cm-escape\/#primaryimage\",\"url\":\"https:\/\/pagrabueksperti.lv\/wp-content\/uploads\/2025\/02\/pd.png\",\"contentUrl\":\"https:\/\/pagrabueksperti.lv\/wp-content\/uploads\/2025\/02\/pd.png\",\"width\":795,\"height\":794},{\"@type\":\"BreadcrumbList\",\"@id\":\"https:\/\/pagrabueksperti.lv\/product\/brunu-durvis-tips-pd-60x80x20cm-escape\/#breadcrumb\",\"itemListElement\":[{\"@type\":\"ListItem\",\"position\":1,\"name\":\"Home\",\"item\":\"https:\/\/pagrabueksperti.lv\/\"},{\"@type\":\"ListItem\",\"position\":2,\"name\":\"Products\",\"item\":\"https:\/\/pagrabueksperti.lv\/shop__trashed\/\"},{\"@type\":\"ListItem\",\"position\":3,\"name\":\"Bru\u0146u l\u016bka tips PD 60x80x20cm (escape).\"}]},{\"@type\":\"WebSite\",\"@id\":\"https:\/\/pagrabueksperti.lv\/#website\",\"url\":\"https:\/\/pagrabueksperti.lv\/\",\"name\":\"Pagrabu Eksperti\",\"description\":\"\",\"publisher\":{\"@id\":\"https:\/\/pagrabueksperti.lv\/#organization\"},\"potentialAction\":[{\"@type\":\"SearchAction\",\"target\":{\"@type\":\"EntryPoint\",\"urlTemplate\":\"https:\/\/pagrabueksperti.lv\/?s={search_term_string}\"},\"query-input\":{\"@type\":\"PropertyValueSpecification\",\"valueRequired\":true,\"valueName\":\"search_term_string\"}}],\"inLanguage\":\"en-GB\"},{\"@type\":\"Organization\",\"@id\":\"https:\/\/pagrabueksperti.lv\/#organization\",\"name\":\"Pagrabu Eksperti\",\"url\":\"https:\/\/pagrabueksperti.lv\/\",\"logo\":{\"@type\":\"ImageObject\",\"inLanguage\":\"en-GB\",\"@id\":\"https:\/\/pagrabueksperti.lv\/#\/schema\/logo\/image\/\",\"url\":\"https:\/\/pagrabueksperti.lv\/wp-content\/uploads\/2025\/02\/Group-20-3.png\",\"contentUrl\":\"https:\/\/pagrabueksperti.lv\/wp-content\/uploads\/2025\/02\/Group-20-3.png\",\"width\":894,\"height\":891,\"caption\":\"Pagrabu Eksperti\"},\"image\":{\"@id\":\"https:\/\/pagrabueksperti.lv\/#\/schema\/logo\/image\/\"}}]}<\/script>\n<!-- \/ Yoast SEO Premium plugin. -->","yoast_head_json":{"title":"Bru\u0146u l\u016bka tips PD 60x80x20cm (escape). - Pagrabu Eksperti","robots":{"index":"index","follow":"follow","max-snippet":"max-snippet:-1","max-image-preview":"max-image-preview:large","max-video-preview":"max-video-preview:-1"},"canonical":"https:\/\/pagrabueksperti.lv\/en\/product\/brunu-durvis-tips-pd-60x80x20cm-escape\/","og_locale":"en_GB","og_type":"article","og_title":"Bru\u0146u l\u016bka tips PD 60x80x20cm (escape).","og_description":"Bru\u0146u durvis PD tips, kas j\u0101piepilda ar betonu. T\u0101s nodro\u0161ina optim\u0101lu aizsardz\u012bbu pret triecienvi\u013c\u0146iem, kait\u012bgo starojumu, \u0161\u0137emb\u0101m un toksisk\u0101m g\u0101z\u0113m. \u0160\u012bs specializ\u0113t\u0101s dro\u0161\u012bbas durvis ir paredz\u0113tas lieto\u0161anai objektos, kur nepiecie\u0161ams augsts dro\u0161\u012bbas l\u012bmenis. \u0160\u0101da veida durvis galvenok\u0101rt tiek izmantotas patvertn\u0113s, \u0113ku pagrabtelp\u0101s, milit\u0101raj\u0101s telp\u0101s, k\u0101 ar\u012b citos objektos, kur nepiecie\u0161ama aizsardz\u012bba pret spr\u0101dzieniem, \u0137\u012bmiskiem vai [&hellip;]","og_url":"https:\/\/pagrabueksperti.lv\/en\/product\/brunu-durvis-tips-pd-60x80x20cm-escape\/","og_site_name":"Pagrabu Eksperti","article_modified_time":"2025-02-26T18:18:23+00:00","og_image":[{"width":795,"height":794,"url":"http:\/\/pagrabueksperti.lv\/wp-content\/uploads\/2025\/02\/pd.png","type":"image\/png"}],"twitter_card":"summary_large_image","twitter_misc":{"Estimated reading time":"1 minute"},"schema":{"@context":"https:\/\/schema.org","@graph":[{"@type":"WebPage","@id":"https:\/\/pagrabueksperti.lv\/product\/brunu-durvis-tips-pd-60x80x20cm-escape\/","url":"https:\/\/pagrabueksperti.lv\/product\/brunu-durvis-tips-pd-60x80x20cm-escape\/","name":"Bru\u0146u l\u016bka tips PD 60x80x20cm (escape). - Pagrabu Eksperti","isPartOf":{"@id":"https:\/\/pagrabueksperti.lv\/#website"},"primaryImageOfPage":{"@id":"https:\/\/pagrabueksperti.lv\/product\/brunu-durvis-tips-pd-60x80x20cm-escape\/#primaryimage"},"image":{"@id":"https:\/\/pagrabueksperti.lv\/product\/brunu-durvis-tips-pd-60x80x20cm-escape\/#primaryimage"},"thumbnailUrl":"https:\/\/pagrabueksperti.lv\/wp-content\/uploads\/2025\/02\/pd.png","datePublished":"2025-02-20T18:35:37+00:00","dateModified":"2025-02-26T18:18:23+00:00","breadcrumb":{"@id":"https:\/\/pagrabueksperti.lv\/product\/brunu-durvis-tips-pd-60x80x20cm-escape\/#breadcrumb"},"inLanguage":"en-GB","potentialAction":[{"@type":"ReadAction","target":["https:\/\/pagrabueksperti.lv\/product\/brunu-durvis-tips-pd-60x80x20cm-escape\/"]}]},{"@type":"ImageObject","inLanguage":"en-GB","@id":"https:\/\/pagrabueksperti.lv\/product\/brunu-durvis-tips-pd-60x80x20cm-escape\/#primaryimage","url":"https:\/\/pagrabueksperti.lv\/wp-content\/uploads\/2025\/02\/pd.png","contentUrl":"https:\/\/pagrabueksperti.lv\/wp-content\/uploads\/2025\/02\/pd.png","width":795,"height":794},{"@type":"BreadcrumbList","@id":"https:\/\/pagrabueksperti.lv\/product\/brunu-durvis-tips-pd-60x80x20cm-escape\/#breadcrumb","itemListElement":[{"@type":"ListItem","position":1,"name":"Home","item":"https:\/\/pagrabueksperti.lv\/"},{"@type":"ListItem","position":2,"name":"Products","item":"https:\/\/pagrabueksperti.lv\/shop__trashed\/"},{"@type":"ListItem","position":3,"name":"Bru\u0146u l\u016bka tips PD 60x80x20cm (escape)."}]},{"@type":"WebSite","@id":"https:\/\/pagrabueksperti.lv\/#website","url":"https:\/\/pagrabueksperti.lv\/","name":"Pagrabu Eksperti","description":"","publisher":{"@id":"https:\/\/pagrabueksperti.lv\/#organization"},"potentialAction":[{"@type":"SearchAction","target":{"@type":"EntryPoint","urlTemplate":"https:\/\/pagrabueksperti.lv\/?s={search_term_string}"},"query-input":{"@type":"PropertyValueSpecification","valueRequired":true,"valueName":"search_term_string"}}],"inLanguage":"en-GB"},{"@type":"Organization","@id":"https:\/\/pagrabueksperti.lv\/#organization","name":"Pagrabu Eksperti","url":"https:\/\/pagrabueksperti.lv\/","logo":{"@type":"ImageObject","inLanguage":"en-GB","@id":"https:\/\/pagrabueksperti.lv\/#\/schema\/logo\/image\/","url":"https:\/\/pagrabueksperti.lv\/wp-content\/uploads\/2025\/02\/Group-20-3.png","contentUrl":"https:\/\/pagrabueksperti.lv\/wp-content\/uploads\/2025\/02\/Group-20-3.png","width":894,"height":891,"caption":"Pagrabu Eksperti"},"image":{"@id":"https:\/\/pagrabueksperti.lv\/#\/schema\/logo\/image\/"}}]}},"_links":{"self":[{"href":"https:\/\/pagrabueksperti.lv\/en\/wp-json\/wp\/v2\/product\/2782","targetHints":{"allow":["GET"]}}],"collection":[{"href":"https:\/\/pagrabueksperti.lv\/en\/wp-json\/wp\/v2\/product"}],"about":[{"href":"https:\/\/pagrabueksperti.lv\/en\/wp-json\/wp\/v2\/types\/product"}],"replies":[{"embeddable":true,"href":"https:\/\/pagrabueksperti.lv\/en\/wp-json\/wp\/v2\/comments?post=2782"}],"wp:featuredmedia":[{"embeddable":true,"href":"https:\/\/pagrabueksperti.lv\/en\/wp-json\/wp\/v2\/media\/2992"}],"wp:attachment":[{"href":"https:\/\/pagrabueksperti.lv\/en\/wp-json\/wp\/v2\/media?parent=2782"}],"wp:term":[{"taxonomy":"product_brand","embeddable":true,"href":"https:\/\/pagrabueksperti.lv\/en\/wp-json\/wp\/v2\/product_brand?post=2782"},{"taxonomy":"product_cat","embeddable":true,"href":"https:\/\/pagrabueksperti.lv\/en\/wp-json\/wp\/v2\/product_cat?post=2782"},{"taxonomy":"product_tag","embeddable":true,"href":"https:\/\/pagrabueksperti.lv\/en\/wp-json\/wp\/v2\/product_tag?post=2782"}],"curies":[{"name":"wp","href":"https:\/\/api.w.org\/{rel}","templated":true}]}}