{"id":2778,"date":"2025-02-20T20:35:02","date_gmt":"2025-02-20T18:35:02","guid":{"rendered":"https:\/\/pagrabueksperti.lv\/?post_type=product&#038;p=2778"},"modified":"2025-02-26T20:18:41","modified_gmt":"2025-02-26T18:18:41","slug":"du-iii-terauda-durvis","status":"publish","type":"product","link":"https:\/\/pagrabueksperti.lv\/en\/product\/du-iii-terauda-durvis\/","title":{"rendered":"DU III Steel doors"},"content":{"rendered":"<p>Gas-tight doors with explosion resistance 4.4 BAR.<br \/>\nThey offer basic protection against explosions and gases. The door frame is designed to be filled with concrete, which further increases its stability.<br \/>\nThe door frame is welded to the old frame, installed in the existing opening.<\/p>\n<p>Technical Specification:<br \/>\nSteel doors with reinforced inner structure, covered with front and rear steel plates.<br \/>\nExplosion resistance: up to 4.4 bars (optional configuration up to 9 bars)<br \/>\nSpecial gear locking mechanism with lower and upper locking bar.<br \/>\nGasket to ensure gas tightness.<br \/>\nDoor dimensions (mm): 900\/1200 x 2000 mm (non-standard sizes available on request)<br \/>\nThe door frame is designed to be embedded in concrete, which further increases its stability.<\/p>","protected":false},"excerpt":{"rendered":"<p>G\u0101zes necaurlaid\u012bgas durvis ar spr\u0101dzieniztur\u012bbu 4,4 BAR. T\u0101s pied\u0101v\u0101 pamata aizsardz\u012bbu pret spr\u0101dzieniem un g\u0101z\u0113m. Durvju r\u0101mis paredz\u0113ts piepild\u012b\u0161anai ar betonu, kas papildus palielina t\u0101 stabilit\u0101ti. Durvju r\u0101mis piemetin\u0101ts pie vec\u0101 karkasa, uzst\u0101d\u012bts eso\u0161aj\u0101 ail\u0113. Tehnisk\u0101 specifik\u0101cija: T\u0113rauda durvis ar pastiprin\u0101tu iek\u0161\u0113jo konstrukciju, p\u0101rkl\u0101tas ar priek\u0161\u0113j\u0101m un aizmugur\u0113j\u0101m t\u0113rauda pl\u0101ksn\u0113m. Spr\u0101dzieniztur\u012bba: l\u012bdz 4,4 b\u0101riem. (p\u0113c [&hellip;]<\/p>","protected":false},"featured_media":2991,"comment_status":"open","ping_status":"closed","template":"","meta":{"site-sidebar-layout":"default","site-content-layout":"","ast-site-content-layout":"default","site-content-style":"default","site-sidebar-style":"default","ast-global-header-display":"","ast-banner-title-visibility":"","ast-main-header-display":"","ast-hfb-above-header-display":"","ast-hfb-below-header-display":"","ast-hfb-mobile-header-display":"","site-post-title":"","ast-breadcrumbs-content":"","ast-featured-img":"","footer-sml-layout":"","ast-disable-related-posts":"","theme-transparent-header-meta":"default","adv-header-id-meta":"","stick-header-meta":"","header-above-stick-meta":"","header-main-stick-meta":"","header-below-stick-meta":"","astra-migrate-meta-layouts":"set","ast-page-background-enabled":"default","ast-page-background-meta":{"desktop":{"background-color":"","background-image":"","background-repeat":"repeat","background-position":"center center","background-size":"auto","background-attachment":"scroll","background-type":"","background-media":"","overlay-type":"","overlay-color":"","overlay-opacity":"","overlay-gradient":""},"tablet":{"background-color":"","background-image":"","background-repeat":"repeat","background-position":"center center","background-size":"auto","background-attachment":"scroll","background-type":"","background-media":"","overlay-type":"","overlay-color":"","overlay-opacity":"","overlay-gradient":""},"mobile":{"background-color":"","background-image":"","background-repeat":"repeat","background-position":"center center","background-size":"auto","background-attachment":"scroll","background-type":"","background-media":"","overlay-type":"","overlay-color":"","overlay-opacity":"","overlay-gradient":""}},"ast-content-background-meta":{"desktop":{"background-color":"var(--ast-global-color-5)","background-image":"","background-repeat":"repeat","background-position":"center center","background-size":"auto","background-attachment":"scroll","background-type":"","background-media":"","overlay-type":"","overlay-color":"","overlay-opacity":"","overlay-gradient":""},"tablet":{"background-color":"var(--ast-global-color-5)","background-image":"","background-repeat":"repeat","background-position":"center center","background-size":"auto","background-attachment":"scroll","background-type":"","background-media":"","overlay-type":"","overlay-color":"","overlay-opacity":"","overlay-gradient":""},"mobile":{"background-color":"var(--ast-global-color-5)","background-image":"","background-repeat":"repeat","background-position":"center center","background-size":"auto","background-attachment":"scroll","background-type":"","background-media":"","overlay-type":"","overlay-color":"","overlay-opacity":"","overlay-gradient":""}}},"product_brand":[],"product_cat":[47,43],"product_tag":[],"class_list":{"0":"post-2778","1":"product","2":"type-product","3":"status-publish","4":"has-post-thumbnail","6":"product_cat-durvis","7":"product_cat-durvis-un-lukas","8":"desktop-align-left","9":"tablet-align-left","10":"mobile-align-left","12":"first","13":"instock","14":"shipping-taxable","15":"purchasable","16":"product-type-simple"},"yoast_head":"<!-- This site is optimized with the Yoast SEO Premium plugin v21.8 (Yoast SEO v26.6) - https:\/\/yoast.com\/wordpress\/plugins\/seo\/ -->\n<title>DU III T\u0113rauda durvis. - Pagrabu Eksperti<\/title>\n<meta name=\"robots\" content=\"index, follow, max-snippet:-1, max-image-preview:large, max-video-preview:-1\" \/>\n<link rel=\"canonical\" href=\"https:\/\/pagrabueksperti.lv\/en\/product\/du-iii-terauda-durvis\/\" \/>\n<meta property=\"og:locale\" content=\"en_GB\" \/>\n<meta property=\"og:type\" content=\"article\" \/>\n<meta property=\"og:title\" content=\"DU III T\u0113rauda durvis.\" \/>\n<meta property=\"og:description\" content=\"G\u0101zes necaurlaid\u012bgas durvis ar spr\u0101dzieniztur\u012bbu 4,4 BAR. T\u0101s pied\u0101v\u0101 pamata aizsardz\u012bbu pret spr\u0101dzieniem un g\u0101z\u0113m. Durvju r\u0101mis paredz\u0113ts piepild\u012b\u0161anai ar betonu, kas papildus palielina t\u0101 stabilit\u0101ti. Durvju r\u0101mis piemetin\u0101ts pie vec\u0101 karkasa, uzst\u0101d\u012bts eso\u0161aj\u0101 ail\u0113. Tehnisk\u0101 specifik\u0101cija: T\u0113rauda durvis ar pastiprin\u0101tu iek\u0161\u0113jo konstrukciju, p\u0101rkl\u0101tas ar priek\u0161\u0113j\u0101m un aizmugur\u0113j\u0101m t\u0113rauda pl\u0101ksn\u0113m. Spr\u0101dzieniztur\u012bba: l\u012bdz 4,4 b\u0101riem. (p\u0113c [&hellip;]\" \/>\n<meta property=\"og:url\" content=\"https:\/\/pagrabueksperti.lv\/en\/product\/du-iii-terauda-durvis\/\" \/>\n<meta property=\"og:site_name\" content=\"Pagrabu Eksperti\" \/>\n<meta property=\"article:modified_time\" content=\"2025-02-26T18:18:41+00:00\" \/>\n<meta property=\"og:image\" content=\"http:\/\/pagrabueksperti.lv\/wp-content\/uploads\/2025\/02\/du-iii.png\" \/>\n\t<meta property=\"og:image:width\" content=\"394\" \/>\n\t<meta property=\"og:image:height\" content=\"558\" \/>\n\t<meta property=\"og:image:type\" content=\"image\/png\" \/>\n<meta name=\"twitter:card\" content=\"summary_large_image\" \/>\n<meta name=\"twitter:label1\" content=\"Estimated reading time\" \/>\n\t<meta name=\"twitter:data1\" content=\"1 minute\" \/>\n<script type=\"application\/ld+json\" class=\"yoast-schema-graph\">{\"@context\":\"https:\/\/schema.org\",\"@graph\":[{\"@type\":\"WebPage\",\"@id\":\"https:\/\/pagrabueksperti.lv\/product\/du-iii-terauda-durvis\/\",\"url\":\"https:\/\/pagrabueksperti.lv\/product\/du-iii-terauda-durvis\/\",\"name\":\"DU III T\u0113rauda durvis. - Pagrabu Eksperti\",\"isPartOf\":{\"@id\":\"https:\/\/pagrabueksperti.lv\/#website\"},\"primaryImageOfPage\":{\"@id\":\"https:\/\/pagrabueksperti.lv\/product\/du-iii-terauda-durvis\/#primaryimage\"},\"image\":{\"@id\":\"https:\/\/pagrabueksperti.lv\/product\/du-iii-terauda-durvis\/#primaryimage\"},\"thumbnailUrl\":\"https:\/\/pagrabueksperti.lv\/wp-content\/uploads\/2025\/02\/du-iii.png\",\"datePublished\":\"2025-02-20T18:35:02+00:00\",\"dateModified\":\"2025-02-26T18:18:41+00:00\",\"breadcrumb\":{\"@id\":\"https:\/\/pagrabueksperti.lv\/product\/du-iii-terauda-durvis\/#breadcrumb\"},\"inLanguage\":\"en-GB\",\"potentialAction\":[{\"@type\":\"ReadAction\",\"target\":[\"https:\/\/pagrabueksperti.lv\/product\/du-iii-terauda-durvis\/\"]}]},{\"@type\":\"ImageObject\",\"inLanguage\":\"en-GB\",\"@id\":\"https:\/\/pagrabueksperti.lv\/product\/du-iii-terauda-durvis\/#primaryimage\",\"url\":\"https:\/\/pagrabueksperti.lv\/wp-content\/uploads\/2025\/02\/du-iii.png\",\"contentUrl\":\"https:\/\/pagrabueksperti.lv\/wp-content\/uploads\/2025\/02\/du-iii.png\",\"width\":394,\"height\":558},{\"@type\":\"BreadcrumbList\",\"@id\":\"https:\/\/pagrabueksperti.lv\/product\/du-iii-terauda-durvis\/#breadcrumb\",\"itemListElement\":[{\"@type\":\"ListItem\",\"position\":1,\"name\":\"Home\",\"item\":\"https:\/\/pagrabueksperti.lv\/\"},{\"@type\":\"ListItem\",\"position\":2,\"name\":\"Products\",\"item\":\"https:\/\/pagrabueksperti.lv\/shop__trashed\/\"},{\"@type\":\"ListItem\",\"position\":3,\"name\":\"DU III T\u0113rauda durvis.\"}]},{\"@type\":\"WebSite\",\"@id\":\"https:\/\/pagrabueksperti.lv\/#website\",\"url\":\"https:\/\/pagrabueksperti.lv\/\",\"name\":\"Pagrabu Eksperti\",\"description\":\"\",\"publisher\":{\"@id\":\"https:\/\/pagrabueksperti.lv\/#organization\"},\"potentialAction\":[{\"@type\":\"SearchAction\",\"target\":{\"@type\":\"EntryPoint\",\"urlTemplate\":\"https:\/\/pagrabueksperti.lv\/?s={search_term_string}\"},\"query-input\":{\"@type\":\"PropertyValueSpecification\",\"valueRequired\":true,\"valueName\":\"search_term_string\"}}],\"inLanguage\":\"en-GB\"},{\"@type\":\"Organization\",\"@id\":\"https:\/\/pagrabueksperti.lv\/#organization\",\"name\":\"Pagrabu Eksperti\",\"url\":\"https:\/\/pagrabueksperti.lv\/\",\"logo\":{\"@type\":\"ImageObject\",\"inLanguage\":\"en-GB\",\"@id\":\"https:\/\/pagrabueksperti.lv\/#\/schema\/logo\/image\/\",\"url\":\"https:\/\/pagrabueksperti.lv\/wp-content\/uploads\/2025\/02\/Group-20-3.png\",\"contentUrl\":\"https:\/\/pagrabueksperti.lv\/wp-content\/uploads\/2025\/02\/Group-20-3.png\",\"width\":894,\"height\":891,\"caption\":\"Pagrabu Eksperti\"},\"image\":{\"@id\":\"https:\/\/pagrabueksperti.lv\/#\/schema\/logo\/image\/\"}}]}<\/script>\n<!-- \/ Yoast SEO Premium plugin. -->","yoast_head_json":{"title":"DU III T\u0113rauda durvis. - Pagrabu Eksperti","robots":{"index":"index","follow":"follow","max-snippet":"max-snippet:-1","max-image-preview":"max-image-preview:large","max-video-preview":"max-video-preview:-1"},"canonical":"https:\/\/pagrabueksperti.lv\/en\/product\/du-iii-terauda-durvis\/","og_locale":"en_GB","og_type":"article","og_title":"DU III T\u0113rauda durvis.","og_description":"G\u0101zes necaurlaid\u012bgas durvis ar spr\u0101dzieniztur\u012bbu 4,4 BAR. T\u0101s pied\u0101v\u0101 pamata aizsardz\u012bbu pret spr\u0101dzieniem un g\u0101z\u0113m. Durvju r\u0101mis paredz\u0113ts piepild\u012b\u0161anai ar betonu, kas papildus palielina t\u0101 stabilit\u0101ti. Durvju r\u0101mis piemetin\u0101ts pie vec\u0101 karkasa, uzst\u0101d\u012bts eso\u0161aj\u0101 ail\u0113. Tehnisk\u0101 specifik\u0101cija: T\u0113rauda durvis ar pastiprin\u0101tu iek\u0161\u0113jo konstrukciju, p\u0101rkl\u0101tas ar priek\u0161\u0113j\u0101m un aizmugur\u0113j\u0101m t\u0113rauda pl\u0101ksn\u0113m. Spr\u0101dzieniztur\u012bba: l\u012bdz 4,4 b\u0101riem. (p\u0113c [&hellip;]","og_url":"https:\/\/pagrabueksperti.lv\/en\/product\/du-iii-terauda-durvis\/","og_site_name":"Pagrabu Eksperti","article_modified_time":"2025-02-26T18:18:41+00:00","og_image":[{"width":394,"height":558,"url":"http:\/\/pagrabueksperti.lv\/wp-content\/uploads\/2025\/02\/du-iii.png","type":"image\/png"}],"twitter_card":"summary_large_image","twitter_misc":{"Estimated reading time":"1 minute"},"schema":{"@context":"https:\/\/schema.org","@graph":[{"@type":"WebPage","@id":"https:\/\/pagrabueksperti.lv\/product\/du-iii-terauda-durvis\/","url":"https:\/\/pagrabueksperti.lv\/product\/du-iii-terauda-durvis\/","name":"DU III T\u0113rauda durvis. - Pagrabu Eksperti","isPartOf":{"@id":"https:\/\/pagrabueksperti.lv\/#website"},"primaryImageOfPage":{"@id":"https:\/\/pagrabueksperti.lv\/product\/du-iii-terauda-durvis\/#primaryimage"},"image":{"@id":"https:\/\/pagrabueksperti.lv\/product\/du-iii-terauda-durvis\/#primaryimage"},"thumbnailUrl":"https:\/\/pagrabueksperti.lv\/wp-content\/uploads\/2025\/02\/du-iii.png","datePublished":"2025-02-20T18:35:02+00:00","dateModified":"2025-02-26T18:18:41+00:00","breadcrumb":{"@id":"https:\/\/pagrabueksperti.lv\/product\/du-iii-terauda-durvis\/#breadcrumb"},"inLanguage":"en-GB","potentialAction":[{"@type":"ReadAction","target":["https:\/\/pagrabueksperti.lv\/product\/du-iii-terauda-durvis\/"]}]},{"@type":"ImageObject","inLanguage":"en-GB","@id":"https:\/\/pagrabueksperti.lv\/product\/du-iii-terauda-durvis\/#primaryimage","url":"https:\/\/pagrabueksperti.lv\/wp-content\/uploads\/2025\/02\/du-iii.png","contentUrl":"https:\/\/pagrabueksperti.lv\/wp-content\/uploads\/2025\/02\/du-iii.png","width":394,"height":558},{"@type":"BreadcrumbList","@id":"https:\/\/pagrabueksperti.lv\/product\/du-iii-terauda-durvis\/#breadcrumb","itemListElement":[{"@type":"ListItem","position":1,"name":"Home","item":"https:\/\/pagrabueksperti.lv\/"},{"@type":"ListItem","position":2,"name":"Products","item":"https:\/\/pagrabueksperti.lv\/shop__trashed\/"},{"@type":"ListItem","position":3,"name":"DU III T\u0113rauda durvis."}]},{"@type":"WebSite","@id":"https:\/\/pagrabueksperti.lv\/#website","url":"https:\/\/pagrabueksperti.lv\/","name":"Pagrabu Eksperti","description":"","publisher":{"@id":"https:\/\/pagrabueksperti.lv\/#organization"},"potentialAction":[{"@type":"SearchAction","target":{"@type":"EntryPoint","urlTemplate":"https:\/\/pagrabueksperti.lv\/?s={search_term_string}"},"query-input":{"@type":"PropertyValueSpecification","valueRequired":true,"valueName":"search_term_string"}}],"inLanguage":"en-GB"},{"@type":"Organization","@id":"https:\/\/pagrabueksperti.lv\/#organization","name":"Pagrabu Eksperti","url":"https:\/\/pagrabueksperti.lv\/","logo":{"@type":"ImageObject","inLanguage":"en-GB","@id":"https:\/\/pagrabueksperti.lv\/#\/schema\/logo\/image\/","url":"https:\/\/pagrabueksperti.lv\/wp-content\/uploads\/2025\/02\/Group-20-3.png","contentUrl":"https:\/\/pagrabueksperti.lv\/wp-content\/uploads\/2025\/02\/Group-20-3.png","width":894,"height":891,"caption":"Pagrabu Eksperti"},"image":{"@id":"https:\/\/pagrabueksperti.lv\/#\/schema\/logo\/image\/"}}]}},"_links":{"self":[{"href":"https:\/\/pagrabueksperti.lv\/en\/wp-json\/wp\/v2\/product\/2778","targetHints":{"allow":["GET"]}}],"collection":[{"href":"https:\/\/pagrabueksperti.lv\/en\/wp-json\/wp\/v2\/product"}],"about":[{"href":"https:\/\/pagrabueksperti.lv\/en\/wp-json\/wp\/v2\/types\/product"}],"replies":[{"embeddable":true,"href":"https:\/\/pagrabueksperti.lv\/en\/wp-json\/wp\/v2\/comments?post=2778"}],"wp:featuredmedia":[{"embeddable":true,"href":"https:\/\/pagrabueksperti.lv\/en\/wp-json\/wp\/v2\/media\/2991"}],"wp:attachment":[{"href":"https:\/\/pagrabueksperti.lv\/en\/wp-json\/wp\/v2\/media?parent=2778"}],"wp:term":[{"taxonomy":"product_brand","embeddable":true,"href":"https:\/\/pagrabueksperti.lv\/en\/wp-json\/wp\/v2\/product_brand?post=2778"},{"taxonomy":"product_cat","embeddable":true,"href":"https:\/\/pagrabueksperti.lv\/en\/wp-json\/wp\/v2\/product_cat?post=2778"},{"taxonomy":"product_tag","embeddable":true,"href":"https:\/\/pagrabueksperti.lv\/en\/wp-json\/wp\/v2\/product_tag?post=2778"}],"curies":[{"name":"wp","href":"https:\/\/api.w.org\/{rel}","templated":true}]}}