{"id":2776,"date":"2025-02-20T20:34:37","date_gmt":"2025-02-20T18:34:37","guid":{"rendered":"https:\/\/pagrabueksperti.lv\/?post_type=product&#038;p=2776"},"modified":"2025-02-26T20:18:46","modified_gmt":"2025-02-26T18:18:46","slug":"so-1-patvertnu-durvis","status":"publish","type":"product","link":"https:\/\/pagrabueksperti.lv\/en\/product\/so-1-patvertnu-durvis\/","title":{"rendered":"SO 1 Shelter doors"},"content":{"rendered":"<p>Shelter doors<br \/>\nFinnish company Karantia's shelter doors provide effective protection against explosions, gases and splinters, as well as effective protection against shock waves and harmful gases. Made of robust steel panel, can withstand pressure loads up to 200 kN\/m\u00b2. They are gas-tight and fitted with shock absorbers to increase impact resistance.<br \/>\nWe also offer a version SO-1S that protects against splinters. Designed for walls with a thickness of 300 mm, can be adapted to other wall thicknesses. These doors are the ideal solution for protection against a wide range of hazards.<\/p>\n<p>Description:<br \/>\nThe steel panel of the shelter door is designed to withstand a pressure load of 200 kN\/m\u00b2 (2 bar). The hinge and screw mechanism is strong enough to withstand the impact forces. In addition, the doors are equipped with shock absorbers to withstand impact loads of up to 30 g.<\/p>\n<p>The closed shelter door is gas-tight, which prevents harmful gases from entering the shelter. This helps maintain the pressure in the shelter.<br \/>\nIf required, a version with a door panel thickness of at least 30 mm is available. In this case the door type designation will be SO-1S.<\/p>\n<p>Standard doors are manufactured for walls with a thickness of 300 mm, but other thicknesses are also possible. Please specify the wall thickness when ordering. Standard door size is 120 x 200 cm<\/p>","protected":false},"excerpt":{"rendered":"<p>Patversmes durvis. Somijas uz\u0146\u0113muma Karantia patvertnes durvis efekt\u012bvi aizsarg\u0101 iedz\u012bvot\u0101jus pret spr\u0101dzieniem, g\u0101z\u0113m un \u0161\u0137emb\u0101m.K\u0101 ar\u012b nodro\u0161ina efekt\u012bvu aizsardz\u012bbu pret triecienvi\u013c\u0146iem un kait\u012bg\u0101m g\u0101z\u0113m. Izgatavotas no iztur\u012bga t\u0113rauda pane\u013ca, var iztur\u0113t spiediena slodzi l\u012bdz 200 kN\/m\u00b2. T\u0101s ir g\u0101zes necaurlaid\u012bgas un apr\u012bkotas ar amortizatoriem, kas palielina triecieniztur\u012bbu. Pied\u0101v\u0101jam ar\u012b SO-1S versiju, kas aizsarg\u0101 pret \u0161\u0137emb\u0101m. [&hellip;]<\/p>","protected":false},"featured_media":2990,"comment_status":"open","ping_status":"closed","template":"","meta":{"site-sidebar-layout":"default","site-content-layout":"","ast-site-content-layout":"default","site-content-style":"default","site-sidebar-style":"default","ast-global-header-display":"","ast-banner-title-visibility":"","ast-main-header-display":"","ast-hfb-above-header-display":"","ast-hfb-below-header-display":"","ast-hfb-mobile-header-display":"","site-post-title":"","ast-breadcrumbs-content":"","ast-featured-img":"","footer-sml-layout":"","ast-disable-related-posts":"","theme-transparent-header-meta":"default","adv-header-id-meta":"","stick-header-meta":"","header-above-stick-meta":"","header-main-stick-meta":"","header-below-stick-meta":"","astra-migrate-meta-layouts":"set","ast-page-background-enabled":"default","ast-page-background-meta":{"desktop":{"background-color":"","background-image":"","background-repeat":"repeat","background-position":"center center","background-size":"auto","background-attachment":"scroll","background-type":"","background-media":"","overlay-type":"","overlay-color":"","overlay-opacity":"","overlay-gradient":""},"tablet":{"background-color":"","background-image":"","background-repeat":"repeat","background-position":"center center","background-size":"auto","background-attachment":"scroll","background-type":"","background-media":"","overlay-type":"","overlay-color":"","overlay-opacity":"","overlay-gradient":""},"mobile":{"background-color":"","background-image":"","background-repeat":"repeat","background-position":"center center","background-size":"auto","background-attachment":"scroll","background-type":"","background-media":"","overlay-type":"","overlay-color":"","overlay-opacity":"","overlay-gradient":""}},"ast-content-background-meta":{"desktop":{"background-color":"var(--ast-global-color-5)","background-image":"","background-repeat":"repeat","background-position":"center center","background-size":"auto","background-attachment":"scroll","background-type":"","background-media":"","overlay-type":"","overlay-color":"","overlay-opacity":"","overlay-gradient":""},"tablet":{"background-color":"var(--ast-global-color-5)","background-image":"","background-repeat":"repeat","background-position":"center center","background-size":"auto","background-attachment":"scroll","background-type":"","background-media":"","overlay-type":"","overlay-color":"","overlay-opacity":"","overlay-gradient":""},"mobile":{"background-color":"var(--ast-global-color-5)","background-image":"","background-repeat":"repeat","background-position":"center center","background-size":"auto","background-attachment":"scroll","background-type":"","background-media":"","overlay-type":"","overlay-color":"","overlay-opacity":"","overlay-gradient":""}}},"product_brand":[],"product_cat":[47,43],"product_tag":[],"class_list":{"0":"post-2776","1":"product","2":"type-product","3":"status-publish","4":"has-post-thumbnail","6":"product_cat-durvis","7":"product_cat-durvis-un-lukas","8":"desktop-align-left","9":"tablet-align-left","10":"mobile-align-left","12":"first","13":"instock","14":"shipping-taxable","15":"purchasable","16":"product-type-simple"},"yoast_head":"<!-- This site is optimized with the Yoast SEO Premium plugin v21.8 (Yoast SEO v26.6) - https:\/\/yoast.com\/wordpress\/plugins\/seo\/ -->\n<title>SO 1 Patvert\u0146u durvis. - Pagrabu Eksperti<\/title>\n<meta name=\"robots\" content=\"index, follow, max-snippet:-1, max-image-preview:large, max-video-preview:-1\" \/>\n<link rel=\"canonical\" href=\"https:\/\/pagrabueksperti.lv\/en\/product\/so-1-patvertnu-durvis\/\" \/>\n<meta property=\"og:locale\" content=\"en_GB\" \/>\n<meta property=\"og:type\" content=\"article\" \/>\n<meta property=\"og:title\" content=\"SO 1 Patvert\u0146u durvis.\" \/>\n<meta property=\"og:description\" content=\"Patversmes durvis. Somijas uz\u0146\u0113muma Karantia patvertnes durvis efekt\u012bvi aizsarg\u0101 iedz\u012bvot\u0101jus pret spr\u0101dzieniem, g\u0101z\u0113m un \u0161\u0137emb\u0101m.K\u0101 ar\u012b nodro\u0161ina efekt\u012bvu aizsardz\u012bbu pret triecienvi\u013c\u0146iem un kait\u012bg\u0101m g\u0101z\u0113m. Izgatavotas no iztur\u012bga t\u0113rauda pane\u013ca, var iztur\u0113t spiediena slodzi l\u012bdz 200 kN\/m\u00b2. T\u0101s ir g\u0101zes necaurlaid\u012bgas un apr\u012bkotas ar amortizatoriem, kas palielina triecieniztur\u012bbu. Pied\u0101v\u0101jam ar\u012b SO-1S versiju, kas aizsarg\u0101 pret \u0161\u0137emb\u0101m. [&hellip;]\" \/>\n<meta property=\"og:url\" content=\"https:\/\/pagrabueksperti.lv\/en\/product\/so-1-patvertnu-durvis\/\" \/>\n<meta property=\"og:site_name\" content=\"Pagrabu Eksperti\" \/>\n<meta property=\"article:modified_time\" content=\"2025-02-26T18:18:46+00:00\" \/>\n<meta property=\"og:image\" content=\"http:\/\/pagrabueksperti.lv\/wp-content\/uploads\/2025\/02\/so1.png\" \/>\n\t<meta property=\"og:image:width\" content=\"796\" \/>\n\t<meta property=\"og:image:height\" content=\"795\" \/>\n\t<meta property=\"og:image:type\" content=\"image\/png\" \/>\n<meta name=\"twitter:card\" content=\"summary_large_image\" \/>\n<meta name=\"twitter:label1\" content=\"Estimated reading time\" \/>\n\t<meta name=\"twitter:data1\" content=\"1 minute\" \/>\n<script type=\"application\/ld+json\" class=\"yoast-schema-graph\">{\"@context\":\"https:\/\/schema.org\",\"@graph\":[{\"@type\":\"WebPage\",\"@id\":\"https:\/\/pagrabueksperti.lv\/product\/so-1-patvertnu-durvis\/\",\"url\":\"https:\/\/pagrabueksperti.lv\/product\/so-1-patvertnu-durvis\/\",\"name\":\"SO 1 Patvert\u0146u durvis. - Pagrabu Eksperti\",\"isPartOf\":{\"@id\":\"https:\/\/pagrabueksperti.lv\/#website\"},\"primaryImageOfPage\":{\"@id\":\"https:\/\/pagrabueksperti.lv\/product\/so-1-patvertnu-durvis\/#primaryimage\"},\"image\":{\"@id\":\"https:\/\/pagrabueksperti.lv\/product\/so-1-patvertnu-durvis\/#primaryimage\"},\"thumbnailUrl\":\"https:\/\/pagrabueksperti.lv\/wp-content\/uploads\/2025\/02\/so1.png\",\"datePublished\":\"2025-02-20T18:34:37+00:00\",\"dateModified\":\"2025-02-26T18:18:46+00:00\",\"breadcrumb\":{\"@id\":\"https:\/\/pagrabueksperti.lv\/product\/so-1-patvertnu-durvis\/#breadcrumb\"},\"inLanguage\":\"en-GB\",\"potentialAction\":[{\"@type\":\"ReadAction\",\"target\":[\"https:\/\/pagrabueksperti.lv\/product\/so-1-patvertnu-durvis\/\"]}]},{\"@type\":\"ImageObject\",\"inLanguage\":\"en-GB\",\"@id\":\"https:\/\/pagrabueksperti.lv\/product\/so-1-patvertnu-durvis\/#primaryimage\",\"url\":\"https:\/\/pagrabueksperti.lv\/wp-content\/uploads\/2025\/02\/so1.png\",\"contentUrl\":\"https:\/\/pagrabueksperti.lv\/wp-content\/uploads\/2025\/02\/so1.png\",\"width\":796,\"height\":795},{\"@type\":\"BreadcrumbList\",\"@id\":\"https:\/\/pagrabueksperti.lv\/product\/so-1-patvertnu-durvis\/#breadcrumb\",\"itemListElement\":[{\"@type\":\"ListItem\",\"position\":1,\"name\":\"Home\",\"item\":\"https:\/\/pagrabueksperti.lv\/\"},{\"@type\":\"ListItem\",\"position\":2,\"name\":\"Products\",\"item\":\"https:\/\/pagrabueksperti.lv\/shop__trashed\/\"},{\"@type\":\"ListItem\",\"position\":3,\"name\":\"SO 1 Patvert\u0146u durvis.\"}]},{\"@type\":\"WebSite\",\"@id\":\"https:\/\/pagrabueksperti.lv\/#website\",\"url\":\"https:\/\/pagrabueksperti.lv\/\",\"name\":\"Pagrabu Eksperti\",\"description\":\"\",\"publisher\":{\"@id\":\"https:\/\/pagrabueksperti.lv\/#organization\"},\"potentialAction\":[{\"@type\":\"SearchAction\",\"target\":{\"@type\":\"EntryPoint\",\"urlTemplate\":\"https:\/\/pagrabueksperti.lv\/?s={search_term_string}\"},\"query-input\":{\"@type\":\"PropertyValueSpecification\",\"valueRequired\":true,\"valueName\":\"search_term_string\"}}],\"inLanguage\":\"en-GB\"},{\"@type\":\"Organization\",\"@id\":\"https:\/\/pagrabueksperti.lv\/#organization\",\"name\":\"Pagrabu Eksperti\",\"url\":\"https:\/\/pagrabueksperti.lv\/\",\"logo\":{\"@type\":\"ImageObject\",\"inLanguage\":\"en-GB\",\"@id\":\"https:\/\/pagrabueksperti.lv\/#\/schema\/logo\/image\/\",\"url\":\"https:\/\/pagrabueksperti.lv\/wp-content\/uploads\/2025\/02\/Group-20-3.png\",\"contentUrl\":\"https:\/\/pagrabueksperti.lv\/wp-content\/uploads\/2025\/02\/Group-20-3.png\",\"width\":894,\"height\":891,\"caption\":\"Pagrabu Eksperti\"},\"image\":{\"@id\":\"https:\/\/pagrabueksperti.lv\/#\/schema\/logo\/image\/\"}}]}<\/script>\n<!-- \/ Yoast SEO Premium plugin. -->","yoast_head_json":{"title":"SO 1 Patvert\u0146u durvis. - Pagrabu Eksperti","robots":{"index":"index","follow":"follow","max-snippet":"max-snippet:-1","max-image-preview":"max-image-preview:large","max-video-preview":"max-video-preview:-1"},"canonical":"https:\/\/pagrabueksperti.lv\/en\/product\/so-1-patvertnu-durvis\/","og_locale":"en_GB","og_type":"article","og_title":"SO 1 Patvert\u0146u durvis.","og_description":"Patversmes durvis. Somijas uz\u0146\u0113muma Karantia patvertnes durvis efekt\u012bvi aizsarg\u0101 iedz\u012bvot\u0101jus pret spr\u0101dzieniem, g\u0101z\u0113m un \u0161\u0137emb\u0101m.K\u0101 ar\u012b nodro\u0161ina efekt\u012bvu aizsardz\u012bbu pret triecienvi\u013c\u0146iem un kait\u012bg\u0101m g\u0101z\u0113m. Izgatavotas no iztur\u012bga t\u0113rauda pane\u013ca, var iztur\u0113t spiediena slodzi l\u012bdz 200 kN\/m\u00b2. T\u0101s ir g\u0101zes necaurlaid\u012bgas un apr\u012bkotas ar amortizatoriem, kas palielina triecieniztur\u012bbu. Pied\u0101v\u0101jam ar\u012b SO-1S versiju, kas aizsarg\u0101 pret \u0161\u0137emb\u0101m. [&hellip;]","og_url":"https:\/\/pagrabueksperti.lv\/en\/product\/so-1-patvertnu-durvis\/","og_site_name":"Pagrabu Eksperti","article_modified_time":"2025-02-26T18:18:46+00:00","og_image":[{"width":796,"height":795,"url":"http:\/\/pagrabueksperti.lv\/wp-content\/uploads\/2025\/02\/so1.png","type":"image\/png"}],"twitter_card":"summary_large_image","twitter_misc":{"Estimated reading time":"1 minute"},"schema":{"@context":"https:\/\/schema.org","@graph":[{"@type":"WebPage","@id":"https:\/\/pagrabueksperti.lv\/product\/so-1-patvertnu-durvis\/","url":"https:\/\/pagrabueksperti.lv\/product\/so-1-patvertnu-durvis\/","name":"SO 1 Patvert\u0146u durvis. - Pagrabu Eksperti","isPartOf":{"@id":"https:\/\/pagrabueksperti.lv\/#website"},"primaryImageOfPage":{"@id":"https:\/\/pagrabueksperti.lv\/product\/so-1-patvertnu-durvis\/#primaryimage"},"image":{"@id":"https:\/\/pagrabueksperti.lv\/product\/so-1-patvertnu-durvis\/#primaryimage"},"thumbnailUrl":"https:\/\/pagrabueksperti.lv\/wp-content\/uploads\/2025\/02\/so1.png","datePublished":"2025-02-20T18:34:37+00:00","dateModified":"2025-02-26T18:18:46+00:00","breadcrumb":{"@id":"https:\/\/pagrabueksperti.lv\/product\/so-1-patvertnu-durvis\/#breadcrumb"},"inLanguage":"en-GB","potentialAction":[{"@type":"ReadAction","target":["https:\/\/pagrabueksperti.lv\/product\/so-1-patvertnu-durvis\/"]}]},{"@type":"ImageObject","inLanguage":"en-GB","@id":"https:\/\/pagrabueksperti.lv\/product\/so-1-patvertnu-durvis\/#primaryimage","url":"https:\/\/pagrabueksperti.lv\/wp-content\/uploads\/2025\/02\/so1.png","contentUrl":"https:\/\/pagrabueksperti.lv\/wp-content\/uploads\/2025\/02\/so1.png","width":796,"height":795},{"@type":"BreadcrumbList","@id":"https:\/\/pagrabueksperti.lv\/product\/so-1-patvertnu-durvis\/#breadcrumb","itemListElement":[{"@type":"ListItem","position":1,"name":"Home","item":"https:\/\/pagrabueksperti.lv\/"},{"@type":"ListItem","position":2,"name":"Products","item":"https:\/\/pagrabueksperti.lv\/shop__trashed\/"},{"@type":"ListItem","position":3,"name":"SO 1 Patvert\u0146u durvis."}]},{"@type":"WebSite","@id":"https:\/\/pagrabueksperti.lv\/#website","url":"https:\/\/pagrabueksperti.lv\/","name":"Pagrabu Eksperti","description":"","publisher":{"@id":"https:\/\/pagrabueksperti.lv\/#organization"},"potentialAction":[{"@type":"SearchAction","target":{"@type":"EntryPoint","urlTemplate":"https:\/\/pagrabueksperti.lv\/?s={search_term_string}"},"query-input":{"@type":"PropertyValueSpecification","valueRequired":true,"valueName":"search_term_string"}}],"inLanguage":"en-GB"},{"@type":"Organization","@id":"https:\/\/pagrabueksperti.lv\/#organization","name":"Pagrabu Eksperti","url":"https:\/\/pagrabueksperti.lv\/","logo":{"@type":"ImageObject","inLanguage":"en-GB","@id":"https:\/\/pagrabueksperti.lv\/#\/schema\/logo\/image\/","url":"https:\/\/pagrabueksperti.lv\/wp-content\/uploads\/2025\/02\/Group-20-3.png","contentUrl":"https:\/\/pagrabueksperti.lv\/wp-content\/uploads\/2025\/02\/Group-20-3.png","width":894,"height":891,"caption":"Pagrabu Eksperti"},"image":{"@id":"https:\/\/pagrabueksperti.lv\/#\/schema\/logo\/image\/"}}]}},"_links":{"self":[{"href":"https:\/\/pagrabueksperti.lv\/en\/wp-json\/wp\/v2\/product\/2776","targetHints":{"allow":["GET"]}}],"collection":[{"href":"https:\/\/pagrabueksperti.lv\/en\/wp-json\/wp\/v2\/product"}],"about":[{"href":"https:\/\/pagrabueksperti.lv\/en\/wp-json\/wp\/v2\/types\/product"}],"replies":[{"embeddable":true,"href":"https:\/\/pagrabueksperti.lv\/en\/wp-json\/wp\/v2\/comments?post=2776"}],"wp:featuredmedia":[{"embeddable":true,"href":"https:\/\/pagrabueksperti.lv\/en\/wp-json\/wp\/v2\/media\/2990"}],"wp:attachment":[{"href":"https:\/\/pagrabueksperti.lv\/en\/wp-json\/wp\/v2\/media?parent=2776"}],"wp:term":[{"taxonomy":"product_brand","embeddable":true,"href":"https:\/\/pagrabueksperti.lv\/en\/wp-json\/wp\/v2\/product_brand?post=2776"},{"taxonomy":"product_cat","embeddable":true,"href":"https:\/\/pagrabueksperti.lv\/en\/wp-json\/wp\/v2\/product_cat?post=2776"},{"taxonomy":"product_tag","embeddable":true,"href":"https:\/\/pagrabueksperti.lv\/en\/wp-json\/wp\/v2\/product_tag?post=2776"}],"curies":[{"name":"wp","href":"https:\/\/api.w.org\/{rel}","templated":true}]}}