{"id":2774,"date":"2025-02-20T20:33:32","date_gmt":"2025-02-20T18:33:32","guid":{"rendered":"https:\/\/pagrabueksperti.lv\/?post_type=product&#038;p=2774"},"modified":"2025-02-26T20:18:51","modified_gmt":"2025-02-26T18:18:51","slug":"brunu-durvis-tips-pt-2-100x185x20cm","status":"publish","type":"product","link":"https:\/\/pagrabueksperti.lv\/en\/product\/brunu-durvis-tips-pt-2-100x185x20cm\/","title":{"rendered":"Armoured door type PT-2 100x185x20cm."},"content":{"rendered":"<p>PT-1 bru\u0146u durvis 100 x 185 x 20 cm.<br \/>\nPT-1 armoured door 100 x 185 x 20 cm.\nArmoured doors, type PT 2, must be filled with concrete and embedded in the wall. They provide protection against shock waves, harmful radiation, splinters and toxic gases.<\/p>\n<p>Technical parameters:<br \/>\nWidth - 100 cm<br \/>\nHeight - 185 cm<br \/>\nThickness - 20 cm<br \/>\nDegree of protection - 3 bars<br \/>\nWeight without concrete - 250kg<\/p>","protected":false},"excerpt":{"rendered":"<p>PT-1 bru\u0146u durvis 100 x 185 x 20 cm. Bru\u0146u durvis, tips PT 2, j\u0101piepilda ar betonu,iestr\u0101d\u0101tas sien\u0101.T\u0101s nodro\u0161ina aizsardz\u012bbu pret triecienvi\u013c\u0146iem, kait\u012bgo starojumu, \u0161\u0137emb\u0101m un toksisk\u0101m g\u0101z\u0113m. Tehniskie parametri: Platums &#8211; 100 cm Augums &#8211; 185cm Biezums &#8211; 20 cm Aizsardz\u012bbas pak\u0101pe \u2013 3 b\u0101ri Svars bez betona \u2013 250kg<\/p>","protected":false},"featured_media":2988,"comment_status":"open","ping_status":"closed","template":"","meta":{"site-sidebar-layout":"default","site-content-layout":"","ast-site-content-layout":"default","site-content-style":"default","site-sidebar-style":"default","ast-global-header-display":"","ast-banner-title-visibility":"","ast-main-header-display":"","ast-hfb-above-header-display":"","ast-hfb-below-header-display":"","ast-hfb-mobile-header-display":"","site-post-title":"","ast-breadcrumbs-content":"","ast-featured-img":"","footer-sml-layout":"","ast-disable-related-posts":"","theme-transparent-header-meta":"default","adv-header-id-meta":"","stick-header-meta":"","header-above-stick-meta":"","header-main-stick-meta":"","header-below-stick-meta":"","astra-migrate-meta-layouts":"set","ast-page-background-enabled":"default","ast-page-background-meta":{"desktop":{"background-color":"","background-image":"","background-repeat":"repeat","background-position":"center center","background-size":"auto","background-attachment":"scroll","background-type":"","background-media":"","overlay-type":"","overlay-color":"","overlay-opacity":"","overlay-gradient":""},"tablet":{"background-color":"","background-image":"","background-repeat":"repeat","background-position":"center center","background-size":"auto","background-attachment":"scroll","background-type":"","background-media":"","overlay-type":"","overlay-color":"","overlay-opacity":"","overlay-gradient":""},"mobile":{"background-color":"","background-image":"","background-repeat":"repeat","background-position":"center center","background-size":"auto","background-attachment":"scroll","background-type":"","background-media":"","overlay-type":"","overlay-color":"","overlay-opacity":"","overlay-gradient":""}},"ast-content-background-meta":{"desktop":{"background-color":"var(--ast-global-color-5)","background-image":"","background-repeat":"repeat","background-position":"center center","background-size":"auto","background-attachment":"scroll","background-type":"","background-media":"","overlay-type":"","overlay-color":"","overlay-opacity":"","overlay-gradient":""},"tablet":{"background-color":"var(--ast-global-color-5)","background-image":"","background-repeat":"repeat","background-position":"center center","background-size":"auto","background-attachment":"scroll","background-type":"","background-media":"","overlay-type":"","overlay-color":"","overlay-opacity":"","overlay-gradient":""},"mobile":{"background-color":"var(--ast-global-color-5)","background-image":"","background-repeat":"repeat","background-position":"center center","background-size":"auto","background-attachment":"scroll","background-type":"","background-media":"","overlay-type":"","overlay-color":"","overlay-opacity":"","overlay-gradient":""}}},"product_brand":[],"product_cat":[47,43],"product_tag":[],"class_list":{"0":"post-2774","1":"product","2":"type-product","3":"status-publish","4":"has-post-thumbnail","6":"product_cat-durvis","7":"product_cat-durvis-un-lukas","8":"desktop-align-left","9":"tablet-align-left","10":"mobile-align-left","12":"first","13":"instock","14":"shipping-taxable","15":"purchasable","16":"product-type-simple"},"yoast_head":"<!-- This site is optimized with the Yoast SEO Premium plugin v21.8 (Yoast SEO v26.6) - https:\/\/yoast.com\/wordpress\/plugins\/seo\/ -->\n<title>Bru\u0146u durvis tips PT-2 100x185x20cm. - Pagrabu Eksperti<\/title>\n<meta name=\"robots\" content=\"index, follow, max-snippet:-1, max-image-preview:large, max-video-preview:-1\" \/>\n<link rel=\"canonical\" href=\"https:\/\/pagrabueksperti.lv\/en\/product\/brunu-durvis-tips-pt-2-100x185x20cm\/\" \/>\n<meta property=\"og:locale\" content=\"en_GB\" \/>\n<meta property=\"og:type\" content=\"article\" \/>\n<meta property=\"og:title\" content=\"Bru\u0146u durvis tips PT-2 100x185x20cm.\" \/>\n<meta property=\"og:description\" content=\"PT-1 bru\u0146u durvis 100 x 185 x 20 cm. Bru\u0146u durvis, tips PT 2, j\u0101piepilda ar betonu,iestr\u0101d\u0101tas sien\u0101.T\u0101s nodro\u0161ina aizsardz\u012bbu pret triecienvi\u013c\u0146iem, kait\u012bgo starojumu, \u0161\u0137emb\u0101m un toksisk\u0101m g\u0101z\u0113m. Tehniskie parametri: Platums &#8211; 100 cm Augums &#8211; 185cm Biezums &#8211; 20 cm Aizsardz\u012bbas pak\u0101pe \u2013 3 b\u0101ri Svars bez betona \u2013 250kg\" \/>\n<meta property=\"og:url\" content=\"https:\/\/pagrabueksperti.lv\/en\/product\/brunu-durvis-tips-pt-2-100x185x20cm\/\" \/>\n<meta property=\"og:site_name\" content=\"Pagrabu Eksperti\" \/>\n<meta property=\"article:modified_time\" content=\"2025-02-26T18:18:51+00:00\" \/>\n<meta property=\"og:image\" content=\"http:\/\/pagrabueksperti.lv\/wp-content\/uploads\/2025\/02\/Tversana.png\" \/>\n\t<meta property=\"og:image:width\" content=\"1103\" \/>\n\t<meta property=\"og:image:height\" content=\"828\" \/>\n\t<meta property=\"og:image:type\" content=\"image\/png\" \/>\n<meta name=\"twitter:card\" content=\"summary_large_image\" \/>\n<meta name=\"twitter:label1\" content=\"Estimated reading time\" \/>\n\t<meta name=\"twitter:data1\" content=\"1 minute\" \/>\n<script type=\"application\/ld+json\" class=\"yoast-schema-graph\">{\"@context\":\"https:\/\/schema.org\",\"@graph\":[{\"@type\":\"WebPage\",\"@id\":\"https:\/\/pagrabueksperti.lv\/product\/brunu-durvis-tips-pt-2-100x185x20cm\/\",\"url\":\"https:\/\/pagrabueksperti.lv\/product\/brunu-durvis-tips-pt-2-100x185x20cm\/\",\"name\":\"Bru\u0146u durvis tips PT-2 100x185x20cm. - Pagrabu Eksperti\",\"isPartOf\":{\"@id\":\"https:\/\/pagrabueksperti.lv\/#website\"},\"primaryImageOfPage\":{\"@id\":\"https:\/\/pagrabueksperti.lv\/product\/brunu-durvis-tips-pt-2-100x185x20cm\/#primaryimage\"},\"image\":{\"@id\":\"https:\/\/pagrabueksperti.lv\/product\/brunu-durvis-tips-pt-2-100x185x20cm\/#primaryimage\"},\"thumbnailUrl\":\"https:\/\/pagrabueksperti.lv\/wp-content\/uploads\/2025\/02\/Tversana.png\",\"datePublished\":\"2025-02-20T18:33:32+00:00\",\"dateModified\":\"2025-02-26T18:18:51+00:00\",\"breadcrumb\":{\"@id\":\"https:\/\/pagrabueksperti.lv\/product\/brunu-durvis-tips-pt-2-100x185x20cm\/#breadcrumb\"},\"inLanguage\":\"en-GB\",\"potentialAction\":[{\"@type\":\"ReadAction\",\"target\":[\"https:\/\/pagrabueksperti.lv\/product\/brunu-durvis-tips-pt-2-100x185x20cm\/\"]}]},{\"@type\":\"ImageObject\",\"inLanguage\":\"en-GB\",\"@id\":\"https:\/\/pagrabueksperti.lv\/product\/brunu-durvis-tips-pt-2-100x185x20cm\/#primaryimage\",\"url\":\"https:\/\/pagrabueksperti.lv\/wp-content\/uploads\/2025\/02\/Tversana.png\",\"contentUrl\":\"https:\/\/pagrabueksperti.lv\/wp-content\/uploads\/2025\/02\/Tversana.png\",\"width\":1103,\"height\":828},{\"@type\":\"BreadcrumbList\",\"@id\":\"https:\/\/pagrabueksperti.lv\/product\/brunu-durvis-tips-pt-2-100x185x20cm\/#breadcrumb\",\"itemListElement\":[{\"@type\":\"ListItem\",\"position\":1,\"name\":\"Home\",\"item\":\"https:\/\/pagrabueksperti.lv\/\"},{\"@type\":\"ListItem\",\"position\":2,\"name\":\"Products\",\"item\":\"https:\/\/pagrabueksperti.lv\/shop__trashed\/\"},{\"@type\":\"ListItem\",\"position\":3,\"name\":\"Bru\u0146u durvis tips PT-2 100x185x20cm.\"}]},{\"@type\":\"WebSite\",\"@id\":\"https:\/\/pagrabueksperti.lv\/#website\",\"url\":\"https:\/\/pagrabueksperti.lv\/\",\"name\":\"Pagrabu Eksperti\",\"description\":\"\",\"publisher\":{\"@id\":\"https:\/\/pagrabueksperti.lv\/#organization\"},\"potentialAction\":[{\"@type\":\"SearchAction\",\"target\":{\"@type\":\"EntryPoint\",\"urlTemplate\":\"https:\/\/pagrabueksperti.lv\/?s={search_term_string}\"},\"query-input\":{\"@type\":\"PropertyValueSpecification\",\"valueRequired\":true,\"valueName\":\"search_term_string\"}}],\"inLanguage\":\"en-GB\"},{\"@type\":\"Organization\",\"@id\":\"https:\/\/pagrabueksperti.lv\/#organization\",\"name\":\"Pagrabu Eksperti\",\"url\":\"https:\/\/pagrabueksperti.lv\/\",\"logo\":{\"@type\":\"ImageObject\",\"inLanguage\":\"en-GB\",\"@id\":\"https:\/\/pagrabueksperti.lv\/#\/schema\/logo\/image\/\",\"url\":\"https:\/\/pagrabueksperti.lv\/wp-content\/uploads\/2025\/02\/Group-20-3.png\",\"contentUrl\":\"https:\/\/pagrabueksperti.lv\/wp-content\/uploads\/2025\/02\/Group-20-3.png\",\"width\":894,\"height\":891,\"caption\":\"Pagrabu Eksperti\"},\"image\":{\"@id\":\"https:\/\/pagrabueksperti.lv\/#\/schema\/logo\/image\/\"}}]}<\/script>\n<!-- \/ Yoast SEO Premium plugin. -->","yoast_head_json":{"title":"Bru\u0146u durvis tips PT-2 100x185x20cm. - Pagrabu Eksperti","robots":{"index":"index","follow":"follow","max-snippet":"max-snippet:-1","max-image-preview":"max-image-preview:large","max-video-preview":"max-video-preview:-1"},"canonical":"https:\/\/pagrabueksperti.lv\/en\/product\/brunu-durvis-tips-pt-2-100x185x20cm\/","og_locale":"en_GB","og_type":"article","og_title":"Bru\u0146u durvis tips PT-2 100x185x20cm.","og_description":"PT-1 bru\u0146u durvis 100 x 185 x 20 cm. Bru\u0146u durvis, tips PT 2, j\u0101piepilda ar betonu,iestr\u0101d\u0101tas sien\u0101.T\u0101s nodro\u0161ina aizsardz\u012bbu pret triecienvi\u013c\u0146iem, kait\u012bgo starojumu, \u0161\u0137emb\u0101m un toksisk\u0101m g\u0101z\u0113m. Tehniskie parametri: Platums &#8211; 100 cm Augums &#8211; 185cm Biezums &#8211; 20 cm Aizsardz\u012bbas pak\u0101pe \u2013 3 b\u0101ri Svars bez betona \u2013 250kg","og_url":"https:\/\/pagrabueksperti.lv\/en\/product\/brunu-durvis-tips-pt-2-100x185x20cm\/","og_site_name":"Pagrabu Eksperti","article_modified_time":"2025-02-26T18:18:51+00:00","og_image":[{"width":1103,"height":828,"url":"http:\/\/pagrabueksperti.lv\/wp-content\/uploads\/2025\/02\/Tversana.png","type":"image\/png"}],"twitter_card":"summary_large_image","twitter_misc":{"Estimated reading time":"1 minute"},"schema":{"@context":"https:\/\/schema.org","@graph":[{"@type":"WebPage","@id":"https:\/\/pagrabueksperti.lv\/product\/brunu-durvis-tips-pt-2-100x185x20cm\/","url":"https:\/\/pagrabueksperti.lv\/product\/brunu-durvis-tips-pt-2-100x185x20cm\/","name":"Bru\u0146u durvis tips PT-2 100x185x20cm. - Pagrabu Eksperti","isPartOf":{"@id":"https:\/\/pagrabueksperti.lv\/#website"},"primaryImageOfPage":{"@id":"https:\/\/pagrabueksperti.lv\/product\/brunu-durvis-tips-pt-2-100x185x20cm\/#primaryimage"},"image":{"@id":"https:\/\/pagrabueksperti.lv\/product\/brunu-durvis-tips-pt-2-100x185x20cm\/#primaryimage"},"thumbnailUrl":"https:\/\/pagrabueksperti.lv\/wp-content\/uploads\/2025\/02\/Tversana.png","datePublished":"2025-02-20T18:33:32+00:00","dateModified":"2025-02-26T18:18:51+00:00","breadcrumb":{"@id":"https:\/\/pagrabueksperti.lv\/product\/brunu-durvis-tips-pt-2-100x185x20cm\/#breadcrumb"},"inLanguage":"en-GB","potentialAction":[{"@type":"ReadAction","target":["https:\/\/pagrabueksperti.lv\/product\/brunu-durvis-tips-pt-2-100x185x20cm\/"]}]},{"@type":"ImageObject","inLanguage":"en-GB","@id":"https:\/\/pagrabueksperti.lv\/product\/brunu-durvis-tips-pt-2-100x185x20cm\/#primaryimage","url":"https:\/\/pagrabueksperti.lv\/wp-content\/uploads\/2025\/02\/Tversana.png","contentUrl":"https:\/\/pagrabueksperti.lv\/wp-content\/uploads\/2025\/02\/Tversana.png","width":1103,"height":828},{"@type":"BreadcrumbList","@id":"https:\/\/pagrabueksperti.lv\/product\/brunu-durvis-tips-pt-2-100x185x20cm\/#breadcrumb","itemListElement":[{"@type":"ListItem","position":1,"name":"Home","item":"https:\/\/pagrabueksperti.lv\/"},{"@type":"ListItem","position":2,"name":"Products","item":"https:\/\/pagrabueksperti.lv\/shop__trashed\/"},{"@type":"ListItem","position":3,"name":"Bru\u0146u durvis tips PT-2 100x185x20cm."}]},{"@type":"WebSite","@id":"https:\/\/pagrabueksperti.lv\/#website","url":"https:\/\/pagrabueksperti.lv\/","name":"Pagrabu Eksperti","description":"","publisher":{"@id":"https:\/\/pagrabueksperti.lv\/#organization"},"potentialAction":[{"@type":"SearchAction","target":{"@type":"EntryPoint","urlTemplate":"https:\/\/pagrabueksperti.lv\/?s={search_term_string}"},"query-input":{"@type":"PropertyValueSpecification","valueRequired":true,"valueName":"search_term_string"}}],"inLanguage":"en-GB"},{"@type":"Organization","@id":"https:\/\/pagrabueksperti.lv\/#organization","name":"Pagrabu Eksperti","url":"https:\/\/pagrabueksperti.lv\/","logo":{"@type":"ImageObject","inLanguage":"en-GB","@id":"https:\/\/pagrabueksperti.lv\/#\/schema\/logo\/image\/","url":"https:\/\/pagrabueksperti.lv\/wp-content\/uploads\/2025\/02\/Group-20-3.png","contentUrl":"https:\/\/pagrabueksperti.lv\/wp-content\/uploads\/2025\/02\/Group-20-3.png","width":894,"height":891,"caption":"Pagrabu Eksperti"},"image":{"@id":"https:\/\/pagrabueksperti.lv\/#\/schema\/logo\/image\/"}}]}},"_links":{"self":[{"href":"https:\/\/pagrabueksperti.lv\/en\/wp-json\/wp\/v2\/product\/2774","targetHints":{"allow":["GET"]}}],"collection":[{"href":"https:\/\/pagrabueksperti.lv\/en\/wp-json\/wp\/v2\/product"}],"about":[{"href":"https:\/\/pagrabueksperti.lv\/en\/wp-json\/wp\/v2\/types\/product"}],"replies":[{"embeddable":true,"href":"https:\/\/pagrabueksperti.lv\/en\/wp-json\/wp\/v2\/comments?post=2774"}],"wp:featuredmedia":[{"embeddable":true,"href":"https:\/\/pagrabueksperti.lv\/en\/wp-json\/wp\/v2\/media\/2988"}],"wp:attachment":[{"href":"https:\/\/pagrabueksperti.lv\/en\/wp-json\/wp\/v2\/media?parent=2774"}],"wp:term":[{"taxonomy":"product_brand","embeddable":true,"href":"https:\/\/pagrabueksperti.lv\/en\/wp-json\/wp\/v2\/product_brand?post=2774"},{"taxonomy":"product_cat","embeddable":true,"href":"https:\/\/pagrabueksperti.lv\/en\/wp-json\/wp\/v2\/product_cat?post=2774"},{"taxonomy":"product_tag","embeddable":true,"href":"https:\/\/pagrabueksperti.lv\/en\/wp-json\/wp\/v2\/product_tag?post=2774"}],"curies":[{"name":"wp","href":"https:\/\/api.w.org\/{rel}","templated":true}]}}