{"id":2772,"date":"2025-02-20T20:32:56","date_gmt":"2025-02-20T18:32:56","guid":{"rendered":"https:\/\/pagrabueksperti.lv\/?post_type=product&#038;p=2772"},"modified":"2025-02-26T20:19:01","modified_gmt":"2025-02-26T18:19:01","slug":"mmr-spradziendrosas-gazes-necaurlaidigas-un-skembu-necaurlaidigas-durvis","status":"publish","type":"product","link":"https:\/\/pagrabueksperti.lv\/en\/product\/mmr-spradziendrosas-gazes-necaurlaidigas-un-skembu-necaurlaidigas-durvis\/","title":{"rendered":"MMR explosion-proof, gas-tight and splinter-proof doors."},"content":{"rendered":"<p>MMR explosion-proof, gas-tight and splinter-proof doors. Made in Israel. MMR doors.<\/p>\n<p>Available sizes: 70, 80, 90, 100, 110, 120, 130 cm x 200 or 210 cm.<\/p>\n<p>Description:<br \/>\nSteel sheet, 25 mm thick, fitted with sturdy hinges and locking mechanism.<br \/>\nHandle for operating the mechanism, with lower and upper locking system.<br \/>\nGasket to ensure gas tightness.<br \/>\nThe door frame is designed to be embedded in concrete, which further increases its stability.<\/p>\n<p>Opening size: 700 to 1300 mm wide and 2000 mm high.<br \/>\nThese robust doors are ideal for shelters, basements, etc.<\/p>","protected":false},"excerpt":{"rendered":"<p>MMR spr\u0101dzieniztur\u012bgas, g\u0101zes necaurlaid\u012bgas un \u0161\u0137embu notutr\u012bgas durvis Ra\u017eotas Izra\u0113l\u0101 MMR durvis. Pieejamie izm\u0113ri: 70, 80, 90, 100, 110, 120, 130 cm x 200 vai 210 cm. Apraksts: T\u0113rauda loksne, 25 mm bieza, apr\u012bkotas ar iztur\u012bg\u0101m e\u0146\u0123\u0113m un blo\u0137\u0113\u0161anas meh\u0101nismu. Rokturis meh\u0101nisma darbin\u0101\u0161anai, ar apak\u0161\u0113jo un aug\u0161\u0113jo blo\u0137\u0113\u0161anas sist\u0113mu. Bl\u012bve, kas nodro\u0161ina g\u0101zes herm\u0113tiskumu. Durvju [&hellip;]<\/p>","protected":false},"featured_media":2985,"comment_status":"open","ping_status":"closed","template":"","meta":{"site-sidebar-layout":"default","site-content-layout":"","ast-site-content-layout":"default","site-content-style":"default","site-sidebar-style":"default","ast-global-header-display":"","ast-banner-title-visibility":"","ast-main-header-display":"","ast-hfb-above-header-display":"","ast-hfb-below-header-display":"","ast-hfb-mobile-header-display":"","site-post-title":"","ast-breadcrumbs-content":"","ast-featured-img":"","footer-sml-layout":"","ast-disable-related-posts":"","theme-transparent-header-meta":"default","adv-header-id-meta":"","stick-header-meta":"","header-above-stick-meta":"","header-main-stick-meta":"","header-below-stick-meta":"","astra-migrate-meta-layouts":"set","ast-page-background-enabled":"default","ast-page-background-meta":{"desktop":{"background-color":"","background-image":"","background-repeat":"repeat","background-position":"center center","background-size":"auto","background-attachment":"scroll","background-type":"","background-media":"","overlay-type":"","overlay-color":"","overlay-opacity":"","overlay-gradient":""},"tablet":{"background-color":"","background-image":"","background-repeat":"repeat","background-position":"center center","background-size":"auto","background-attachment":"scroll","background-type":"","background-media":"","overlay-type":"","overlay-color":"","overlay-opacity":"","overlay-gradient":""},"mobile":{"background-color":"","background-image":"","background-repeat":"repeat","background-position":"center center","background-size":"auto","background-attachment":"scroll","background-type":"","background-media":"","overlay-type":"","overlay-color":"","overlay-opacity":"","overlay-gradient":""}},"ast-content-background-meta":{"desktop":{"background-color":"var(--ast-global-color-5)","background-image":"","background-repeat":"repeat","background-position":"center center","background-size":"auto","background-attachment":"scroll","background-type":"","background-media":"","overlay-type":"","overlay-color":"","overlay-opacity":"","overlay-gradient":""},"tablet":{"background-color":"var(--ast-global-color-5)","background-image":"","background-repeat":"repeat","background-position":"center center","background-size":"auto","background-attachment":"scroll","background-type":"","background-media":"","overlay-type":"","overlay-color":"","overlay-opacity":"","overlay-gradient":""},"mobile":{"background-color":"var(--ast-global-color-5)","background-image":"","background-repeat":"repeat","background-position":"center center","background-size":"auto","background-attachment":"scroll","background-type":"","background-media":"","overlay-type":"","overlay-color":"","overlay-opacity":"","overlay-gradient":""}}},"product_brand":[],"product_cat":[47,43],"product_tag":[],"class_list":{"0":"post-2772","1":"product","2":"type-product","3":"status-publish","4":"has-post-thumbnail","6":"product_cat-durvis","7":"product_cat-durvis-un-lukas","8":"desktop-align-left","9":"tablet-align-left","10":"mobile-align-left","12":"first","13":"instock","14":"shipping-taxable","15":"purchasable","16":"product-type-simple"},"yoast_head":"<!-- This site is optimized with the Yoast SEO Premium plugin v21.8 (Yoast SEO v26.6) - https:\/\/yoast.com\/wordpress\/plugins\/seo\/ -->\n<title>MMR spr\u0101dziendro\u0161as, g\u0101zes necaurlaid\u012bgas un \u0161\u0137embu necaurlaid\u012bgas durvis. - Pagrabu Eksperti<\/title>\n<meta name=\"robots\" content=\"index, follow, max-snippet:-1, max-image-preview:large, max-video-preview:-1\" \/>\n<link rel=\"canonical\" href=\"https:\/\/pagrabueksperti.lv\/en\/product\/mmr-spradziendrosas-gazes-necaurlaidigas-un-skembu-necaurlaidigas-durvis\/\" \/>\n<meta property=\"og:locale\" content=\"en_GB\" \/>\n<meta property=\"og:type\" content=\"article\" \/>\n<meta property=\"og:title\" content=\"MMR spr\u0101dziendro\u0161as, g\u0101zes necaurlaid\u012bgas un \u0161\u0137embu necaurlaid\u012bgas durvis.\" \/>\n<meta property=\"og:description\" content=\"MMR spr\u0101dzieniztur\u012bgas, g\u0101zes necaurlaid\u012bgas un \u0161\u0137embu notutr\u012bgas durvis Ra\u017eotas Izra\u0113l\u0101 MMR durvis. Pieejamie izm\u0113ri: 70, 80, 90, 100, 110, 120, 130 cm x 200 vai 210 cm. Apraksts: T\u0113rauda loksne, 25 mm bieza, apr\u012bkotas ar iztur\u012bg\u0101m e\u0146\u0123\u0113m un blo\u0137\u0113\u0161anas meh\u0101nismu. Rokturis meh\u0101nisma darbin\u0101\u0161anai, ar apak\u0161\u0113jo un aug\u0161\u0113jo blo\u0137\u0113\u0161anas sist\u0113mu. Bl\u012bve, kas nodro\u0161ina g\u0101zes herm\u0113tiskumu. Durvju [&hellip;]\" \/>\n<meta property=\"og:url\" content=\"https:\/\/pagrabueksperti.lv\/en\/product\/mmr-spradziendrosas-gazes-necaurlaidigas-un-skembu-necaurlaidigas-durvis\/\" \/>\n<meta property=\"og:site_name\" content=\"Pagrabu Eksperti\" \/>\n<meta property=\"article:modified_time\" content=\"2025-02-26T18:19:01+00:00\" \/>\n<meta property=\"og:image\" content=\"http:\/\/pagrabueksperti.lv\/wp-content\/uploads\/2025\/02\/Screenshot-2025-02-25-103340.jpg\" \/>\n\t<meta property=\"og:image:width\" content=\"751\" \/>\n\t<meta property=\"og:image:height\" content=\"752\" \/>\n\t<meta property=\"og:image:type\" content=\"image\/jpeg\" \/>\n<meta name=\"twitter:card\" content=\"summary_large_image\" \/>\n<meta name=\"twitter:label1\" content=\"Estimated reading time\" \/>\n\t<meta name=\"twitter:data1\" content=\"1 minute\" \/>\n<script type=\"application\/ld+json\" class=\"yoast-schema-graph\">{\"@context\":\"https:\/\/schema.org\",\"@graph\":[{\"@type\":\"WebPage\",\"@id\":\"https:\/\/pagrabueksperti.lv\/product\/mmr-spradziendrosas-gazes-necaurlaidigas-un-skembu-necaurlaidigas-durvis\/\",\"url\":\"https:\/\/pagrabueksperti.lv\/product\/mmr-spradziendrosas-gazes-necaurlaidigas-un-skembu-necaurlaidigas-durvis\/\",\"name\":\"MMR spr\u0101dziendro\u0161as, g\u0101zes necaurlaid\u012bgas un \u0161\u0137embu necaurlaid\u012bgas durvis. - Pagrabu Eksperti\",\"isPartOf\":{\"@id\":\"https:\/\/pagrabueksperti.lv\/#website\"},\"primaryImageOfPage\":{\"@id\":\"https:\/\/pagrabueksperti.lv\/product\/mmr-spradziendrosas-gazes-necaurlaidigas-un-skembu-necaurlaidigas-durvis\/#primaryimage\"},\"image\":{\"@id\":\"https:\/\/pagrabueksperti.lv\/product\/mmr-spradziendrosas-gazes-necaurlaidigas-un-skembu-necaurlaidigas-durvis\/#primaryimage\"},\"thumbnailUrl\":\"https:\/\/pagrabueksperti.lv\/wp-content\/uploads\/2025\/02\/Screenshot-2025-02-25-103340.jpg\",\"datePublished\":\"2025-02-20T18:32:56+00:00\",\"dateModified\":\"2025-02-26T18:19:01+00:00\",\"breadcrumb\":{\"@id\":\"https:\/\/pagrabueksperti.lv\/product\/mmr-spradziendrosas-gazes-necaurlaidigas-un-skembu-necaurlaidigas-durvis\/#breadcrumb\"},\"inLanguage\":\"en-GB\",\"potentialAction\":[{\"@type\":\"ReadAction\",\"target\":[\"https:\/\/pagrabueksperti.lv\/product\/mmr-spradziendrosas-gazes-necaurlaidigas-un-skembu-necaurlaidigas-durvis\/\"]}]},{\"@type\":\"ImageObject\",\"inLanguage\":\"en-GB\",\"@id\":\"https:\/\/pagrabueksperti.lv\/product\/mmr-spradziendrosas-gazes-necaurlaidigas-un-skembu-necaurlaidigas-durvis\/#primaryimage\",\"url\":\"https:\/\/pagrabueksperti.lv\/wp-content\/uploads\/2025\/02\/Screenshot-2025-02-25-103340.jpg\",\"contentUrl\":\"https:\/\/pagrabueksperti.lv\/wp-content\/uploads\/2025\/02\/Screenshot-2025-02-25-103340.jpg\",\"width\":751,\"height\":752},{\"@type\":\"BreadcrumbList\",\"@id\":\"https:\/\/pagrabueksperti.lv\/product\/mmr-spradziendrosas-gazes-necaurlaidigas-un-skembu-necaurlaidigas-durvis\/#breadcrumb\",\"itemListElement\":[{\"@type\":\"ListItem\",\"position\":1,\"name\":\"Home\",\"item\":\"https:\/\/pagrabueksperti.lv\/\"},{\"@type\":\"ListItem\",\"position\":2,\"name\":\"Products\",\"item\":\"https:\/\/pagrabueksperti.lv\/shop__trashed\/\"},{\"@type\":\"ListItem\",\"position\":3,\"name\":\"MMR spr\u0101dziendro\u0161as, g\u0101zes necaurlaid\u012bgas un \u0161\u0137embu necaurlaid\u012bgas durvis.\"}]},{\"@type\":\"WebSite\",\"@id\":\"https:\/\/pagrabueksperti.lv\/#website\",\"url\":\"https:\/\/pagrabueksperti.lv\/\",\"name\":\"Pagrabu Eksperti\",\"description\":\"\",\"publisher\":{\"@id\":\"https:\/\/pagrabueksperti.lv\/#organization\"},\"potentialAction\":[{\"@type\":\"SearchAction\",\"target\":{\"@type\":\"EntryPoint\",\"urlTemplate\":\"https:\/\/pagrabueksperti.lv\/?s={search_term_string}\"},\"query-input\":{\"@type\":\"PropertyValueSpecification\",\"valueRequired\":true,\"valueName\":\"search_term_string\"}}],\"inLanguage\":\"en-GB\"},{\"@type\":\"Organization\",\"@id\":\"https:\/\/pagrabueksperti.lv\/#organization\",\"name\":\"Pagrabu Eksperti\",\"url\":\"https:\/\/pagrabueksperti.lv\/\",\"logo\":{\"@type\":\"ImageObject\",\"inLanguage\":\"en-GB\",\"@id\":\"https:\/\/pagrabueksperti.lv\/#\/schema\/logo\/image\/\",\"url\":\"https:\/\/pagrabueksperti.lv\/wp-content\/uploads\/2025\/02\/Group-20-3.png\",\"contentUrl\":\"https:\/\/pagrabueksperti.lv\/wp-content\/uploads\/2025\/02\/Group-20-3.png\",\"width\":894,\"height\":891,\"caption\":\"Pagrabu Eksperti\"},\"image\":{\"@id\":\"https:\/\/pagrabueksperti.lv\/#\/schema\/logo\/image\/\"}}]}<\/script>\n<!-- \/ Yoast SEO Premium plugin. -->","yoast_head_json":{"title":"MMR spr\u0101dziendro\u0161as, g\u0101zes necaurlaid\u012bgas un \u0161\u0137embu necaurlaid\u012bgas durvis. - Pagrabu Eksperti","robots":{"index":"index","follow":"follow","max-snippet":"max-snippet:-1","max-image-preview":"max-image-preview:large","max-video-preview":"max-video-preview:-1"},"canonical":"https:\/\/pagrabueksperti.lv\/en\/product\/mmr-spradziendrosas-gazes-necaurlaidigas-un-skembu-necaurlaidigas-durvis\/","og_locale":"en_GB","og_type":"article","og_title":"MMR spr\u0101dziendro\u0161as, g\u0101zes necaurlaid\u012bgas un \u0161\u0137embu necaurlaid\u012bgas durvis.","og_description":"MMR spr\u0101dzieniztur\u012bgas, g\u0101zes necaurlaid\u012bgas un \u0161\u0137embu notutr\u012bgas durvis Ra\u017eotas Izra\u0113l\u0101 MMR durvis. Pieejamie izm\u0113ri: 70, 80, 90, 100, 110, 120, 130 cm x 200 vai 210 cm. Apraksts: T\u0113rauda loksne, 25 mm bieza, apr\u012bkotas ar iztur\u012bg\u0101m e\u0146\u0123\u0113m un blo\u0137\u0113\u0161anas meh\u0101nismu. Rokturis meh\u0101nisma darbin\u0101\u0161anai, ar apak\u0161\u0113jo un aug\u0161\u0113jo blo\u0137\u0113\u0161anas sist\u0113mu. Bl\u012bve, kas nodro\u0161ina g\u0101zes herm\u0113tiskumu. Durvju [&hellip;]","og_url":"https:\/\/pagrabueksperti.lv\/en\/product\/mmr-spradziendrosas-gazes-necaurlaidigas-un-skembu-necaurlaidigas-durvis\/","og_site_name":"Pagrabu Eksperti","article_modified_time":"2025-02-26T18:19:01+00:00","og_image":[{"width":751,"height":752,"url":"http:\/\/pagrabueksperti.lv\/wp-content\/uploads\/2025\/02\/Screenshot-2025-02-25-103340.jpg","type":"image\/jpeg"}],"twitter_card":"summary_large_image","twitter_misc":{"Estimated reading time":"1 minute"},"schema":{"@context":"https:\/\/schema.org","@graph":[{"@type":"WebPage","@id":"https:\/\/pagrabueksperti.lv\/product\/mmr-spradziendrosas-gazes-necaurlaidigas-un-skembu-necaurlaidigas-durvis\/","url":"https:\/\/pagrabueksperti.lv\/product\/mmr-spradziendrosas-gazes-necaurlaidigas-un-skembu-necaurlaidigas-durvis\/","name":"MMR spr\u0101dziendro\u0161as, g\u0101zes necaurlaid\u012bgas un \u0161\u0137embu necaurlaid\u012bgas durvis. - Pagrabu Eksperti","isPartOf":{"@id":"https:\/\/pagrabueksperti.lv\/#website"},"primaryImageOfPage":{"@id":"https:\/\/pagrabueksperti.lv\/product\/mmr-spradziendrosas-gazes-necaurlaidigas-un-skembu-necaurlaidigas-durvis\/#primaryimage"},"image":{"@id":"https:\/\/pagrabueksperti.lv\/product\/mmr-spradziendrosas-gazes-necaurlaidigas-un-skembu-necaurlaidigas-durvis\/#primaryimage"},"thumbnailUrl":"https:\/\/pagrabueksperti.lv\/wp-content\/uploads\/2025\/02\/Screenshot-2025-02-25-103340.jpg","datePublished":"2025-02-20T18:32:56+00:00","dateModified":"2025-02-26T18:19:01+00:00","breadcrumb":{"@id":"https:\/\/pagrabueksperti.lv\/product\/mmr-spradziendrosas-gazes-necaurlaidigas-un-skembu-necaurlaidigas-durvis\/#breadcrumb"},"inLanguage":"en-GB","potentialAction":[{"@type":"ReadAction","target":["https:\/\/pagrabueksperti.lv\/product\/mmr-spradziendrosas-gazes-necaurlaidigas-un-skembu-necaurlaidigas-durvis\/"]}]},{"@type":"ImageObject","inLanguage":"en-GB","@id":"https:\/\/pagrabueksperti.lv\/product\/mmr-spradziendrosas-gazes-necaurlaidigas-un-skembu-necaurlaidigas-durvis\/#primaryimage","url":"https:\/\/pagrabueksperti.lv\/wp-content\/uploads\/2025\/02\/Screenshot-2025-02-25-103340.jpg","contentUrl":"https:\/\/pagrabueksperti.lv\/wp-content\/uploads\/2025\/02\/Screenshot-2025-02-25-103340.jpg","width":751,"height":752},{"@type":"BreadcrumbList","@id":"https:\/\/pagrabueksperti.lv\/product\/mmr-spradziendrosas-gazes-necaurlaidigas-un-skembu-necaurlaidigas-durvis\/#breadcrumb","itemListElement":[{"@type":"ListItem","position":1,"name":"Home","item":"https:\/\/pagrabueksperti.lv\/"},{"@type":"ListItem","position":2,"name":"Products","item":"https:\/\/pagrabueksperti.lv\/shop__trashed\/"},{"@type":"ListItem","position":3,"name":"MMR spr\u0101dziendro\u0161as, g\u0101zes necaurlaid\u012bgas un \u0161\u0137embu necaurlaid\u012bgas durvis."}]},{"@type":"WebSite","@id":"https:\/\/pagrabueksperti.lv\/#website","url":"https:\/\/pagrabueksperti.lv\/","name":"Pagrabu Eksperti","description":"","publisher":{"@id":"https:\/\/pagrabueksperti.lv\/#organization"},"potentialAction":[{"@type":"SearchAction","target":{"@type":"EntryPoint","urlTemplate":"https:\/\/pagrabueksperti.lv\/?s={search_term_string}"},"query-input":{"@type":"PropertyValueSpecification","valueRequired":true,"valueName":"search_term_string"}}],"inLanguage":"en-GB"},{"@type":"Organization","@id":"https:\/\/pagrabueksperti.lv\/#organization","name":"Pagrabu Eksperti","url":"https:\/\/pagrabueksperti.lv\/","logo":{"@type":"ImageObject","inLanguage":"en-GB","@id":"https:\/\/pagrabueksperti.lv\/#\/schema\/logo\/image\/","url":"https:\/\/pagrabueksperti.lv\/wp-content\/uploads\/2025\/02\/Group-20-3.png","contentUrl":"https:\/\/pagrabueksperti.lv\/wp-content\/uploads\/2025\/02\/Group-20-3.png","width":894,"height":891,"caption":"Pagrabu Eksperti"},"image":{"@id":"https:\/\/pagrabueksperti.lv\/#\/schema\/logo\/image\/"}}]}},"_links":{"self":[{"href":"https:\/\/pagrabueksperti.lv\/en\/wp-json\/wp\/v2\/product\/2772","targetHints":{"allow":["GET"]}}],"collection":[{"href":"https:\/\/pagrabueksperti.lv\/en\/wp-json\/wp\/v2\/product"}],"about":[{"href":"https:\/\/pagrabueksperti.lv\/en\/wp-json\/wp\/v2\/types\/product"}],"replies":[{"embeddable":true,"href":"https:\/\/pagrabueksperti.lv\/en\/wp-json\/wp\/v2\/comments?post=2772"}],"wp:featuredmedia":[{"embeddable":true,"href":"https:\/\/pagrabueksperti.lv\/en\/wp-json\/wp\/v2\/media\/2985"}],"wp:attachment":[{"href":"https:\/\/pagrabueksperti.lv\/en\/wp-json\/wp\/v2\/media?parent=2772"}],"wp:term":[{"taxonomy":"product_brand","embeddable":true,"href":"https:\/\/pagrabueksperti.lv\/en\/wp-json\/wp\/v2\/product_brand?post=2772"},{"taxonomy":"product_cat","embeddable":true,"href":"https:\/\/pagrabueksperti.lv\/en\/wp-json\/wp\/v2\/product_cat?post=2772"},{"taxonomy":"product_tag","embeddable":true,"href":"https:\/\/pagrabueksperti.lv\/en\/wp-json\/wp\/v2\/product_tag?post=2772"}],"curies":[{"name":"wp","href":"https:\/\/api.w.org\/{rel}","templated":true}]}}