{"id":2768,"date":"2025-02-20T20:14:08","date_gmt":"2025-02-20T18:14:08","guid":{"rendered":"https:\/\/pagrabueksperti.lv\/?post_type=product&#038;p=2768"},"modified":"2025-02-26T20:19:16","modified_gmt":"2025-02-26T18:19:16","slug":"brunu-durvju-tips-pt-3-120x220x20","status":"publish","type":"product","link":"https:\/\/pagrabueksperti.lv\/en\/product\/brunu-durvju-tips-pt-3-120x220x20\/","title":{"rendered":"Armoured door type PT-3 120x220x20"},"content":{"rendered":"<p>Armoured door type PT-3 120 x 220 x 20 cm<br \/>\nArmoured door type PT 3, to be filled with concrete. When installed in the wall, they provide protection against shock waves, splinters, toxic gases and harmful radiation.<\/p>\n<p>Technical parameters:<br \/>\nWidth - 120 cm<br \/>\nHeight - 210 cm<br \/>\nThickness - 20 cm<br \/>\nDegree of protection - 3 bars<br \/>\nWeight without concrete - 450 kg<\/p>","protected":false},"excerpt":{"rendered":"<p>Bru\u0146u durvis tips PT-3 120 x 220 x 20 cm Bru\u0146u durvis tips PT 3, j\u0101piepilda ar betonu. Iemont\u0113tas sien\u0101 t\u0101s nodro\u0161ina aizsardz\u012bbu pret triecienvi\u013c\u0146iem, \u0161\u0137emb\u0101m un toksisk\u0101m g\u0101z\u0113m,kait\u012bgo starojumu. Tehniskie parametri: Platums &#8211; 120 cm Augstums &#8211; 210 cm Biezums &#8211; 20 cm Aizsardz\u012bbas pak\u0101pe \u2013 3 b\u0101ri Svars bez betona \u2013 450 kg<\/p>","protected":false},"featured_media":2808,"comment_status":"open","ping_status":"closed","template":"","meta":{"site-sidebar-layout":"default","site-content-layout":"","ast-site-content-layout":"default","site-content-style":"default","site-sidebar-style":"default","ast-global-header-display":"","ast-banner-title-visibility":"","ast-main-header-display":"","ast-hfb-above-header-display":"","ast-hfb-below-header-display":"","ast-hfb-mobile-header-display":"","site-post-title":"","ast-breadcrumbs-content":"","ast-featured-img":"","footer-sml-layout":"","ast-disable-related-posts":"","theme-transparent-header-meta":"default","adv-header-id-meta":"","stick-header-meta":"","header-above-stick-meta":"","header-main-stick-meta":"","header-below-stick-meta":"","astra-migrate-meta-layouts":"set","ast-page-background-enabled":"default","ast-page-background-meta":{"desktop":{"background-color":"","background-image":"","background-repeat":"repeat","background-position":"center center","background-size":"auto","background-attachment":"scroll","background-type":"","background-media":"","overlay-type":"","overlay-color":"","overlay-opacity":"","overlay-gradient":""},"tablet":{"background-color":"","background-image":"","background-repeat":"repeat","background-position":"center center","background-size":"auto","background-attachment":"scroll","background-type":"","background-media":"","overlay-type":"","overlay-color":"","overlay-opacity":"","overlay-gradient":""},"mobile":{"background-color":"","background-image":"","background-repeat":"repeat","background-position":"center center","background-size":"auto","background-attachment":"scroll","background-type":"","background-media":"","overlay-type":"","overlay-color":"","overlay-opacity":"","overlay-gradient":""}},"ast-content-background-meta":{"desktop":{"background-color":"var(--ast-global-color-5)","background-image":"","background-repeat":"repeat","background-position":"center center","background-size":"auto","background-attachment":"scroll","background-type":"","background-media":"","overlay-type":"","overlay-color":"","overlay-opacity":"","overlay-gradient":""},"tablet":{"background-color":"var(--ast-global-color-5)","background-image":"","background-repeat":"repeat","background-position":"center center","background-size":"auto","background-attachment":"scroll","background-type":"","background-media":"","overlay-type":"","overlay-color":"","overlay-opacity":"","overlay-gradient":""},"mobile":{"background-color":"var(--ast-global-color-5)","background-image":"","background-repeat":"repeat","background-position":"center center","background-size":"auto","background-attachment":"scroll","background-type":"","background-media":"","overlay-type":"","overlay-color":"","overlay-opacity":"","overlay-gradient":""}}},"product_brand":[],"product_cat":[47,43],"product_tag":[],"class_list":{"0":"post-2768","1":"product","2":"type-product","3":"status-publish","4":"has-post-thumbnail","6":"product_cat-durvis","7":"product_cat-durvis-un-lukas","8":"desktop-align-left","9":"tablet-align-left","10":"mobile-align-left","12":"first","13":"instock","14":"shipping-taxable","15":"purchasable","16":"product-type-simple"},"yoast_head":"<!-- This site is optimized with the Yoast SEO Premium plugin v21.8 (Yoast SEO v26.6) - https:\/\/yoast.com\/wordpress\/plugins\/seo\/ -->\n<title>Bru\u0146u durvju tips PT-3 120x220x20 - Pagrabu Eksperti<\/title>\n<meta name=\"robots\" content=\"index, follow, max-snippet:-1, max-image-preview:large, max-video-preview:-1\" \/>\n<link rel=\"canonical\" href=\"https:\/\/pagrabueksperti.lv\/en\/product\/brunu-durvju-tips-pt-3-120x220x20\/\" \/>\n<meta property=\"og:locale\" content=\"en_GB\" \/>\n<meta property=\"og:type\" content=\"article\" \/>\n<meta property=\"og:title\" content=\"Bru\u0146u durvju tips PT-3 120x220x20\" \/>\n<meta property=\"og:description\" content=\"Bru\u0146u durvis tips PT-3 120 x 220 x 20 cm Bru\u0146u durvis tips PT 3, j\u0101piepilda ar betonu. Iemont\u0113tas sien\u0101 t\u0101s nodro\u0161ina aizsardz\u012bbu pret triecienvi\u013c\u0146iem, \u0161\u0137emb\u0101m un toksisk\u0101m g\u0101z\u0113m,kait\u012bgo starojumu. Tehniskie parametri: Platums &#8211; 120 cm Augstums &#8211; 210 cm Biezums &#8211; 20 cm Aizsardz\u012bbas pak\u0101pe \u2013 3 b\u0101ri Svars bez betona \u2013 450 kg\" \/>\n<meta property=\"og:url\" content=\"https:\/\/pagrabueksperti.lv\/en\/product\/brunu-durvju-tips-pt-3-120x220x20\/\" \/>\n<meta property=\"og:site_name\" content=\"Pagrabu Eksperti\" \/>\n<meta property=\"article:modified_time\" content=\"2025-02-26T18:19:16+00:00\" \/>\n<meta property=\"og:image\" content=\"http:\/\/pagrabueksperti.lv\/wp-content\/uploads\/2025\/02\/c2VydmljZT1pbWFnZXMmc3JjPWh0dHBzJTNBJTJGJTJGc2hlbHRlcnMucGwlMkZ3cC1jb250ZW50JTJGdXBsb2FkcyUyRjIwMjMl.jpeg\" \/>\n\t<meta property=\"og:image:width\" content=\"1920\" \/>\n\t<meta property=\"og:image:height\" content=\"1440\" \/>\n\t<meta property=\"og:image:type\" content=\"image\/jpeg\" \/>\n<meta name=\"twitter:card\" content=\"summary_large_image\" \/>\n<meta name=\"twitter:label1\" content=\"Estimated reading time\" \/>\n\t<meta name=\"twitter:data1\" content=\"1 minute\" \/>\n<script type=\"application\/ld+json\" class=\"yoast-schema-graph\">{\"@context\":\"https:\/\/schema.org\",\"@graph\":[{\"@type\":\"WebPage\",\"@id\":\"https:\/\/pagrabueksperti.lv\/product\/brunu-durvju-tips-pt-3-120x220x20\/\",\"url\":\"https:\/\/pagrabueksperti.lv\/product\/brunu-durvju-tips-pt-3-120x220x20\/\",\"name\":\"Bru\u0146u durvju tips PT-3 120x220x20 - Pagrabu Eksperti\",\"isPartOf\":{\"@id\":\"https:\/\/pagrabueksperti.lv\/#website\"},\"primaryImageOfPage\":{\"@id\":\"https:\/\/pagrabueksperti.lv\/product\/brunu-durvju-tips-pt-3-120x220x20\/#primaryimage\"},\"image\":{\"@id\":\"https:\/\/pagrabueksperti.lv\/product\/brunu-durvju-tips-pt-3-120x220x20\/#primaryimage\"},\"thumbnailUrl\":\"https:\/\/pagrabueksperti.lv\/wp-content\/uploads\/2025\/02\/c2VydmljZT1pbWFnZXMmc3JjPWh0dHBzJTNBJTJGJTJGc2hlbHRlcnMucGwlMkZ3cC1jb250ZW50JTJGdXBsb2FkcyUyRjIwMjMl.jpeg\",\"datePublished\":\"2025-02-20T18:14:08+00:00\",\"dateModified\":\"2025-02-26T18:19:16+00:00\",\"breadcrumb\":{\"@id\":\"https:\/\/pagrabueksperti.lv\/product\/brunu-durvju-tips-pt-3-120x220x20\/#breadcrumb\"},\"inLanguage\":\"en-GB\",\"potentialAction\":[{\"@type\":\"ReadAction\",\"target\":[\"https:\/\/pagrabueksperti.lv\/product\/brunu-durvju-tips-pt-3-120x220x20\/\"]}]},{\"@type\":\"ImageObject\",\"inLanguage\":\"en-GB\",\"@id\":\"https:\/\/pagrabueksperti.lv\/product\/brunu-durvju-tips-pt-3-120x220x20\/#primaryimage\",\"url\":\"https:\/\/pagrabueksperti.lv\/wp-content\/uploads\/2025\/02\/c2VydmljZT1pbWFnZXMmc3JjPWh0dHBzJTNBJTJGJTJGc2hlbHRlcnMucGwlMkZ3cC1jb250ZW50JTJGdXBsb2FkcyUyRjIwMjMl.jpeg\",\"contentUrl\":\"https:\/\/pagrabueksperti.lv\/wp-content\/uploads\/2025\/02\/c2VydmljZT1pbWFnZXMmc3JjPWh0dHBzJTNBJTJGJTJGc2hlbHRlcnMucGwlMkZ3cC1jb250ZW50JTJGdXBsb2FkcyUyRjIwMjMl.jpeg\",\"width\":1920,\"height\":1440},{\"@type\":\"BreadcrumbList\",\"@id\":\"https:\/\/pagrabueksperti.lv\/product\/brunu-durvju-tips-pt-3-120x220x20\/#breadcrumb\",\"itemListElement\":[{\"@type\":\"ListItem\",\"position\":1,\"name\":\"Home\",\"item\":\"https:\/\/pagrabueksperti.lv\/\"},{\"@type\":\"ListItem\",\"position\":2,\"name\":\"Products\",\"item\":\"https:\/\/pagrabueksperti.lv\/shop__trashed\/\"},{\"@type\":\"ListItem\",\"position\":3,\"name\":\"Bru\u0146u durvju tips PT-3 120x220x20\"}]},{\"@type\":\"WebSite\",\"@id\":\"https:\/\/pagrabueksperti.lv\/#website\",\"url\":\"https:\/\/pagrabueksperti.lv\/\",\"name\":\"Pagrabu Eksperti\",\"description\":\"\",\"publisher\":{\"@id\":\"https:\/\/pagrabueksperti.lv\/#organization\"},\"potentialAction\":[{\"@type\":\"SearchAction\",\"target\":{\"@type\":\"EntryPoint\",\"urlTemplate\":\"https:\/\/pagrabueksperti.lv\/?s={search_term_string}\"},\"query-input\":{\"@type\":\"PropertyValueSpecification\",\"valueRequired\":true,\"valueName\":\"search_term_string\"}}],\"inLanguage\":\"en-GB\"},{\"@type\":\"Organization\",\"@id\":\"https:\/\/pagrabueksperti.lv\/#organization\",\"name\":\"Pagrabu Eksperti\",\"url\":\"https:\/\/pagrabueksperti.lv\/\",\"logo\":{\"@type\":\"ImageObject\",\"inLanguage\":\"en-GB\",\"@id\":\"https:\/\/pagrabueksperti.lv\/#\/schema\/logo\/image\/\",\"url\":\"https:\/\/pagrabueksperti.lv\/wp-content\/uploads\/2025\/02\/Group-20-3.png\",\"contentUrl\":\"https:\/\/pagrabueksperti.lv\/wp-content\/uploads\/2025\/02\/Group-20-3.png\",\"width\":894,\"height\":891,\"caption\":\"Pagrabu Eksperti\"},\"image\":{\"@id\":\"https:\/\/pagrabueksperti.lv\/#\/schema\/logo\/image\/\"}}]}<\/script>\n<!-- \/ Yoast SEO Premium plugin. -->","yoast_head_json":{"title":"Bru\u0146u durvju tips PT-3 120x220x20 - Pagrabu Eksperti","robots":{"index":"index","follow":"follow","max-snippet":"max-snippet:-1","max-image-preview":"max-image-preview:large","max-video-preview":"max-video-preview:-1"},"canonical":"https:\/\/pagrabueksperti.lv\/en\/product\/brunu-durvju-tips-pt-3-120x220x20\/","og_locale":"en_GB","og_type":"article","og_title":"Bru\u0146u durvju tips PT-3 120x220x20","og_description":"Bru\u0146u durvis tips PT-3 120 x 220 x 20 cm Bru\u0146u durvis tips PT 3, j\u0101piepilda ar betonu. Iemont\u0113tas sien\u0101 t\u0101s nodro\u0161ina aizsardz\u012bbu pret triecienvi\u013c\u0146iem, \u0161\u0137emb\u0101m un toksisk\u0101m g\u0101z\u0113m,kait\u012bgo starojumu. Tehniskie parametri: Platums &#8211; 120 cm Augstums &#8211; 210 cm Biezums &#8211; 20 cm Aizsardz\u012bbas pak\u0101pe \u2013 3 b\u0101ri Svars bez betona \u2013 450 kg","og_url":"https:\/\/pagrabueksperti.lv\/en\/product\/brunu-durvju-tips-pt-3-120x220x20\/","og_site_name":"Pagrabu Eksperti","article_modified_time":"2025-02-26T18:19:16+00:00","og_image":[{"width":1920,"height":1440,"url":"http:\/\/pagrabueksperti.lv\/wp-content\/uploads\/2025\/02\/c2VydmljZT1pbWFnZXMmc3JjPWh0dHBzJTNBJTJGJTJGc2hlbHRlcnMucGwlMkZ3cC1jb250ZW50JTJGdXBsb2FkcyUyRjIwMjMl.jpeg","type":"image\/jpeg"}],"twitter_card":"summary_large_image","twitter_misc":{"Estimated reading time":"1 minute"},"schema":{"@context":"https:\/\/schema.org","@graph":[{"@type":"WebPage","@id":"https:\/\/pagrabueksperti.lv\/product\/brunu-durvju-tips-pt-3-120x220x20\/","url":"https:\/\/pagrabueksperti.lv\/product\/brunu-durvju-tips-pt-3-120x220x20\/","name":"Bru\u0146u durvju tips PT-3 120x220x20 - Pagrabu Eksperti","isPartOf":{"@id":"https:\/\/pagrabueksperti.lv\/#website"},"primaryImageOfPage":{"@id":"https:\/\/pagrabueksperti.lv\/product\/brunu-durvju-tips-pt-3-120x220x20\/#primaryimage"},"image":{"@id":"https:\/\/pagrabueksperti.lv\/product\/brunu-durvju-tips-pt-3-120x220x20\/#primaryimage"},"thumbnailUrl":"https:\/\/pagrabueksperti.lv\/wp-content\/uploads\/2025\/02\/c2VydmljZT1pbWFnZXMmc3JjPWh0dHBzJTNBJTJGJTJGc2hlbHRlcnMucGwlMkZ3cC1jb250ZW50JTJGdXBsb2FkcyUyRjIwMjMl.jpeg","datePublished":"2025-02-20T18:14:08+00:00","dateModified":"2025-02-26T18:19:16+00:00","breadcrumb":{"@id":"https:\/\/pagrabueksperti.lv\/product\/brunu-durvju-tips-pt-3-120x220x20\/#breadcrumb"},"inLanguage":"en-GB","potentialAction":[{"@type":"ReadAction","target":["https:\/\/pagrabueksperti.lv\/product\/brunu-durvju-tips-pt-3-120x220x20\/"]}]},{"@type":"ImageObject","inLanguage":"en-GB","@id":"https:\/\/pagrabueksperti.lv\/product\/brunu-durvju-tips-pt-3-120x220x20\/#primaryimage","url":"https:\/\/pagrabueksperti.lv\/wp-content\/uploads\/2025\/02\/c2VydmljZT1pbWFnZXMmc3JjPWh0dHBzJTNBJTJGJTJGc2hlbHRlcnMucGwlMkZ3cC1jb250ZW50JTJGdXBsb2FkcyUyRjIwMjMl.jpeg","contentUrl":"https:\/\/pagrabueksperti.lv\/wp-content\/uploads\/2025\/02\/c2VydmljZT1pbWFnZXMmc3JjPWh0dHBzJTNBJTJGJTJGc2hlbHRlcnMucGwlMkZ3cC1jb250ZW50JTJGdXBsb2FkcyUyRjIwMjMl.jpeg","width":1920,"height":1440},{"@type":"BreadcrumbList","@id":"https:\/\/pagrabueksperti.lv\/product\/brunu-durvju-tips-pt-3-120x220x20\/#breadcrumb","itemListElement":[{"@type":"ListItem","position":1,"name":"Home","item":"https:\/\/pagrabueksperti.lv\/"},{"@type":"ListItem","position":2,"name":"Products","item":"https:\/\/pagrabueksperti.lv\/shop__trashed\/"},{"@type":"ListItem","position":3,"name":"Bru\u0146u durvju tips PT-3 120x220x20"}]},{"@type":"WebSite","@id":"https:\/\/pagrabueksperti.lv\/#website","url":"https:\/\/pagrabueksperti.lv\/","name":"Pagrabu Eksperti","description":"","publisher":{"@id":"https:\/\/pagrabueksperti.lv\/#organization"},"potentialAction":[{"@type":"SearchAction","target":{"@type":"EntryPoint","urlTemplate":"https:\/\/pagrabueksperti.lv\/?s={search_term_string}"},"query-input":{"@type":"PropertyValueSpecification","valueRequired":true,"valueName":"search_term_string"}}],"inLanguage":"en-GB"},{"@type":"Organization","@id":"https:\/\/pagrabueksperti.lv\/#organization","name":"Pagrabu Eksperti","url":"https:\/\/pagrabueksperti.lv\/","logo":{"@type":"ImageObject","inLanguage":"en-GB","@id":"https:\/\/pagrabueksperti.lv\/#\/schema\/logo\/image\/","url":"https:\/\/pagrabueksperti.lv\/wp-content\/uploads\/2025\/02\/Group-20-3.png","contentUrl":"https:\/\/pagrabueksperti.lv\/wp-content\/uploads\/2025\/02\/Group-20-3.png","width":894,"height":891,"caption":"Pagrabu Eksperti"},"image":{"@id":"https:\/\/pagrabueksperti.lv\/#\/schema\/logo\/image\/"}}]}},"_links":{"self":[{"href":"https:\/\/pagrabueksperti.lv\/en\/wp-json\/wp\/v2\/product\/2768","targetHints":{"allow":["GET"]}}],"collection":[{"href":"https:\/\/pagrabueksperti.lv\/en\/wp-json\/wp\/v2\/product"}],"about":[{"href":"https:\/\/pagrabueksperti.lv\/en\/wp-json\/wp\/v2\/types\/product"}],"replies":[{"embeddable":true,"href":"https:\/\/pagrabueksperti.lv\/en\/wp-json\/wp\/v2\/comments?post=2768"}],"wp:featuredmedia":[{"embeddable":true,"href":"https:\/\/pagrabueksperti.lv\/en\/wp-json\/wp\/v2\/media\/2808"}],"wp:attachment":[{"href":"https:\/\/pagrabueksperti.lv\/en\/wp-json\/wp\/v2\/media?parent=2768"}],"wp:term":[{"taxonomy":"product_brand","embeddable":true,"href":"https:\/\/pagrabueksperti.lv\/en\/wp-json\/wp\/v2\/product_brand?post=2768"},{"taxonomy":"product_cat","embeddable":true,"href":"https:\/\/pagrabueksperti.lv\/en\/wp-json\/wp\/v2\/product_cat?post=2768"},{"taxonomy":"product_tag","embeddable":true,"href":"https:\/\/pagrabueksperti.lv\/en\/wp-json\/wp\/v2\/product_tag?post=2768"}],"curies":[{"name":"wp","href":"https:\/\/api.w.org\/{rel}","templated":true}]}}