{"id":2969,"date":"2025-02-25T10:20:14","date_gmt":"2025-02-25T08:20:14","guid":{"rendered":"https:\/\/pagrabueksperti.lv\/?page_id=2969"},"modified":"2026-01-06T11:14:14","modified_gmt":"2026-01-06T09:14:14","slug":"patvertnu-aprikojums","status":"publish","type":"page","link":"https:\/\/pagrabueksperti.lv\/en\/patvertnu-aprikojums\/","title":{"rendered":"Shelter equipment"},"content":{"rendered":"<div data-elementor-type=\"wp-page\" data-elementor-id=\"2969\" class=\"elementor elementor-2969\" data-elementor-post-type=\"page\">\n\t\t\t\t<div class=\"elementor-element elementor-element-999d0f3 e-flex e-con-boxed e-con e-parent\" data-id=\"999d0f3\" data-element_type=\"container\">\n\t\t\t\t\t<div class=\"e-con-inner\">\n\t\t\t\t<div class=\"elementor-element elementor-element-1870a78 elementor-widget elementor-widget-heading\" data-id=\"1870a78\" data-element_type=\"widget\" data-widget_type=\"heading.default\">\n\t\t\t\t<div class=\"elementor-widget-container\">\n\t\t\t\t\t<h2 class=\"elementor-heading-title elementor-size-default\">Shelter equipment<\/h2>\t\t\t\t<\/div>\n\t\t\t\t<\/div>\n\t\t\t\t<div class=\"elementor-element elementor-element-837fe5f elementor-widget elementor-widget-text-editor\" data-id=\"837fe5f\" data-element_type=\"widget\" data-widget_type=\"text-editor.default\">\n\t\t\t\t<div class=\"elementor-widget-container\">\n\t\t\t\t\t\t\t\t\t<p>Choose a category below to view products<\/p>\t\t\t\t\t\t\t\t<\/div>\n\t\t\t\t<\/div>\n\t\t<div class=\"elementor-element elementor-element-c381733 e-flex e-con-boxed e-con e-child\" data-id=\"c381733\" data-element_type=\"container\">\n\t\t\t\t\t<div class=\"e-con-inner\">\n\t\t\t\t<div class=\"elementor-element elementor-element-3577380 elementor-widget__width-initial elementor-position-top elementor-widget elementor-widget-image-box\" data-id=\"3577380\" data-element_type=\"widget\" data-widget_type=\"image-box.default\">\n\t\t\t\t<div class=\"elementor-widget-container\">\n\t\t\t\t\t<div class=\"elementor-image-box-wrapper\"><figure class=\"elementor-image-box-img\"><a href=\"\/en\/patvertnu-aprikojums\/patvertnu-durvis-un-lukas\/\" tabindex=\"-1\"><img fetchpriority=\"high\" decoding=\"async\" width=\"1920\" height=\"1440\" src=\"https:\/\/pagrabueksperti.lv\/wp-content\/uploads\/2025\/02\/c2VydmljZT1pbWFnZXMmc3JjPWh0dHBzJTNBJTJGJTJGc2hlbHRlcnMucGwlMkZ3cC1jb250ZW50JTJGdXBsb2FkcyUyRjIwMjMl.jpeg\" class=\"elementor-animation-shrink attachment-full size-full wp-image-2808\" alt=\"\" srcset=\"https:\/\/pagrabueksperti.lv\/wp-content\/uploads\/2025\/02\/c2VydmljZT1pbWFnZXMmc3JjPWh0dHBzJTNBJTJGJTJGc2hlbHRlcnMucGwlMkZ3cC1jb250ZW50JTJGdXBsb2FkcyUyRjIwMjMl.jpeg 1920w, https:\/\/pagrabueksperti.lv\/wp-content\/uploads\/2025\/02\/c2VydmljZT1pbWFnZXMmc3JjPWh0dHBzJTNBJTJGJTJGc2hlbHRlcnMucGwlMkZ3cC1jb250ZW50JTJGdXBsb2FkcyUyRjIwMjMl-300x225.jpeg 300w, https:\/\/pagrabueksperti.lv\/wp-content\/uploads\/2025\/02\/c2VydmljZT1pbWFnZXMmc3JjPWh0dHBzJTNBJTJGJTJGc2hlbHRlcnMucGwlMkZ3cC1jb250ZW50JTJGdXBsb2FkcyUyRjIwMjMl-1024x768.jpeg 1024w, https:\/\/pagrabueksperti.lv\/wp-content\/uploads\/2025\/02\/c2VydmljZT1pbWFnZXMmc3JjPWh0dHBzJTNBJTJGJTJGc2hlbHRlcnMucGwlMkZ3cC1jb250ZW50JTJGdXBsb2FkcyUyRjIwMjMl-768x576.jpeg 768w, https:\/\/pagrabueksperti.lv\/wp-content\/uploads\/2025\/02\/c2VydmljZT1pbWFnZXMmc3JjPWh0dHBzJTNBJTJGJTJGc2hlbHRlcnMucGwlMkZ3cC1jb250ZW50JTJGdXBsb2FkcyUyRjIwMjMl-1536x1152.jpeg 1536w, https:\/\/pagrabueksperti.lv\/wp-content\/uploads\/2025\/02\/c2VydmljZT1pbWFnZXMmc3JjPWh0dHBzJTNBJTJGJTJGc2hlbHRlcnMucGwlMkZ3cC1jb250ZW50JTJGdXBsb2FkcyUyRjIwMjMl-600x450.jpeg 600w\" sizes=\"(max-width: 1920px) 100vw, 1920px\" \/><\/a><\/figure><div class=\"elementor-image-box-content\"><h3 class=\"elementor-image-box-title\"><a href=\"\/en\/patvertnu-aprikojums\/patvertnu-durvis-un-lukas\/\">Doors and hatches<\/a><\/h3><\/div><\/div>\t\t\t\t<\/div>\n\t\t\t\t<\/div>\n\t\t\t\t<div class=\"elementor-element elementor-element-6d6bbc1 elementor-widget__width-initial elementor-position-top elementor-widget elementor-widget-image-box\" data-id=\"6d6bbc1\" data-element_type=\"widget\" data-widget_type=\"image-box.default\">\n\t\t\t\t<div class=\"elementor-widget-container\">\n\t\t\t\t\t<div class=\"elementor-image-box-wrapper\"><figure class=\"elementor-image-box-img\"><a href=\"\/en\/patvertnu-aprikojums\/ventilacijas-sistemas-un-filtri\/\" tabindex=\"-1\"><img decoding=\"async\" width=\"1092\" height=\"811\" src=\"https:\/\/pagrabueksperti.lv\/wp-content\/uploads\/2025\/02\/Tversana-2.png\" class=\"elementor-animation-shrink attachment-full size-full wp-image-3002\" alt=\"\" srcset=\"https:\/\/pagrabueksperti.lv\/wp-content\/uploads\/2025\/02\/Tversana-2.png 1092w, https:\/\/pagrabueksperti.lv\/wp-content\/uploads\/2025\/02\/Tversana-2-300x223.png 300w, https:\/\/pagrabueksperti.lv\/wp-content\/uploads\/2025\/02\/Tversana-2-1024x760.png 1024w, https:\/\/pagrabueksperti.lv\/wp-content\/uploads\/2025\/02\/Tversana-2-768x570.png 768w, https:\/\/pagrabueksperti.lv\/wp-content\/uploads\/2025\/02\/Tversana-2-600x446.png 600w\" sizes=\"(max-width: 1092px) 100vw, 1092px\" \/><\/a><\/figure><div class=\"elementor-image-box-content\"><h3 class=\"elementor-image-box-title\"><a href=\"\/en\/patvertnu-aprikojums\/ventilacijas-sistemas-un-filtri\/\">Ventilation systems and filters<\/a><\/h3><\/div><\/div>\t\t\t\t<\/div>\n\t\t\t\t<\/div>\n\t\t\t\t<div class=\"elementor-element elementor-element-50eaf3f elementor-widget__width-initial elementor-position-top elementor-widget elementor-widget-image-box\" data-id=\"50eaf3f\" data-element_type=\"widget\" data-widget_type=\"image-box.default\">\n\t\t\t\t<div class=\"elementor-widget-container\">\n\t\t\t\t\t<div class=\"elementor-image-box-wrapper\"><figure class=\"elementor-image-box-img\"><a href=\"\/en\/patvertnu-aprikojums\/cits-aprikojums\/\" tabindex=\"-1\"><img decoding=\"async\" src=\"https:\/\/pagrabueksperti.lv\/wp-content\/uploads\/2025\/08\/shelter_bunk_bed_3_layer-e1754031040783.avif\" title=\"shelter_bunk_bed_3_layer\" alt=\"shelter_bunk_bed_3_layer\" class=\"elementor-animation-shrink\" loading=\"lazy\" \/><\/a><\/figure><div class=\"elementor-image-box-content\"><h3 class=\"elementor-image-box-title\"><a href=\"\/en\/patvertnu-aprikojums\/cits-aprikojums\/\">Patvert\u0146u papildapr\u012bkojums<\/a><\/h3><\/div><\/div>\t\t\t\t<\/div>\n\t\t\t\t<\/div>\n\t\t\t\t\t<\/div>\n\t\t\t\t<\/div>\n\t\t\t\t\t<\/div>\n\t\t\t\t<\/div>\n\t\t\t\t<\/div>","protected":false},"excerpt":{"rendered":"<p>Patvert\u0146u apr\u012bkojms Izv\u0113lies k\u0101du no zem\u0101k eso\u0161aj\u0101m kategorij\u0101m, lai apskat\u012btu preces! Patvert\u0146u durvis un l\u016bkas Ventil\u0101cijas sist\u0113mas un filtri Patvert\u0146u papildapr\u012bkojums<\/p>","protected":false},"author":1,"featured_media":0,"parent":0,"menu_order":0,"comment_status":"closed","ping_status":"closed","template":"","meta":{"site-sidebar-layout":"no-sidebar","site-content-layout":"page-builder","ast-site-content-layout":"full-width-container","site-content-style":"default","site-sidebar-style":"default","ast-global-header-display":"","ast-banner-title-visibility":"","ast-main-header-display":"","ast-hfb-above-header-display":"","ast-hfb-below-header-display":"","ast-hfb-mobile-header-display":"","site-post-title":"disabled","ast-breadcrumbs-content":"","ast-featured-img":"disabled","footer-sml-layout":"","ast-disable-related-posts":"","theme-transparent-header-meta":"","adv-header-id-meta":"","stick-header-meta":"","header-above-stick-meta":"","header-main-stick-meta":"","header-below-stick-meta":"","astra-migrate-meta-layouts":"set","ast-page-background-enabled":"default","ast-page-background-meta":{"desktop":{"background-color":"","background-image":"","background-repeat":"repeat","background-position":"center center","background-size":"auto","background-attachment":"scroll","background-type":"","background-media":"","overlay-type":"","overlay-color":"","overlay-opacity":"","overlay-gradient":""},"tablet":{"background-color":"","background-image":"","background-repeat":"repeat","background-position":"center center","background-size":"auto","background-attachment":"scroll","background-type":"","background-media":"","overlay-type":"","overlay-color":"","overlay-opacity":"","overlay-gradient":""},"mobile":{"background-color":"","background-image":"","background-repeat":"repeat","background-position":"center center","background-size":"auto","background-attachment":"scroll","background-type":"","background-media":"","overlay-type":"","overlay-color":"","overlay-opacity":"","overlay-gradient":""}},"ast-content-background-meta":{"desktop":{"background-color":"var(--ast-global-color-5)","background-image":"","background-repeat":"repeat","background-position":"center center","background-size":"auto","background-attachment":"scroll","background-type":"","background-media":"","overlay-type":"","overlay-color":"","overlay-opacity":"","overlay-gradient":""},"tablet":{"background-color":"var(--ast-global-color-5)","background-image":"","background-repeat":"repeat","background-position":"center center","background-size":"auto","background-attachment":"scroll","background-type":"","background-media":"","overlay-type":"","overlay-color":"","overlay-opacity":"","overlay-gradient":""},"mobile":{"background-color":"var(--ast-global-color-5)","background-image":"","background-repeat":"repeat","background-position":"center center","background-size":"auto","background-attachment":"scroll","background-type":"","background-media":"","overlay-type":"","overlay-color":"","overlay-opacity":"","overlay-gradient":""}},"footnotes":""},"class_list":["post-2969","page","type-page","status-publish","hentry"],"yoast_head":"<!-- This site is optimized with the Yoast SEO Premium plugin v21.8 (Yoast SEO v26.6) - https:\/\/yoast.com\/wordpress\/plugins\/seo\/ -->\n<title>Patvert\u0146u apr\u012bkojums - Pagrabu Eksperti<\/title>\n<meta name=\"description\" content=\"Patvert\u0146u apr\u012bkojums - druvis un l\u016bkas, ventil\u0101cijas sist\u0113mas, filtri un daudz kas cits.\" \/>\n<meta name=\"robots\" content=\"index, follow, max-snippet:-1, max-image-preview:large, max-video-preview:-1\" \/>\n<link rel=\"canonical\" href=\"https:\/\/pagrabueksperti.lv\/en\/patvertnu-aprikojums\/\" \/>\n<meta property=\"og:locale\" content=\"en_GB\" \/>\n<meta property=\"og:type\" content=\"article\" \/>\n<meta property=\"og:title\" content=\"Patvert\u0146u apr\u012bkojums\" \/>\n<meta property=\"og:description\" content=\"Patvert\u0146u apr\u012bkojums - druvis un l\u016bkas, ventil\u0101cijas sist\u0113mas, filtri un daudz kas cits.\" \/>\n<meta property=\"og:url\" content=\"https:\/\/pagrabueksperti.lv\/en\/patvertnu-aprikojums\/\" \/>\n<meta property=\"og:site_name\" content=\"Pagrabu Eksperti\" \/>\n<meta property=\"article:modified_time\" content=\"2026-01-06T09:14:14+00:00\" \/>\n<meta property=\"og:image\" content=\"https:\/\/pagrabueksperti.lv\/wp-content\/uploads\/2025\/02\/c2VydmljZT1pbWFnZXMmc3JjPWh0dHBzJTNBJTJGJTJGc2hlbHRlcnMucGwlMkZ3cC1jb250ZW50JTJGdXBsb2FkcyUyRjIwMjMl.jpeg\" \/>\n\t<meta property=\"og:image:width\" content=\"1920\" \/>\n\t<meta property=\"og:image:height\" content=\"1440\" \/>\n\t<meta property=\"og:image:type\" content=\"image\/jpeg\" \/>\n<meta name=\"twitter:card\" content=\"summary_large_image\" \/>\n<meta name=\"twitter:label1\" content=\"Estimated reading time\" \/>\n\t<meta name=\"twitter:data1\" content=\"1 minute\" \/>\n<script type=\"application\/ld+json\" class=\"yoast-schema-graph\">{\"@context\":\"https:\/\/schema.org\",\"@graph\":[{\"@type\":\"WebPage\",\"@id\":\"https:\/\/pagrabueksperti.lv\/patvertnu-aprikojums\/\",\"url\":\"https:\/\/pagrabueksperti.lv\/patvertnu-aprikojums\/\",\"name\":\"Patvert\u0146u apr\u012bkojums - Pagrabu Eksperti\",\"isPartOf\":{\"@id\":\"https:\/\/pagrabueksperti.lv\/#website\"},\"primaryImageOfPage\":{\"@id\":\"https:\/\/pagrabueksperti.lv\/patvertnu-aprikojums\/#primaryimage\"},\"image\":{\"@id\":\"https:\/\/pagrabueksperti.lv\/patvertnu-aprikojums\/#primaryimage\"},\"thumbnailUrl\":\"http:\/\/pagrabueksperti.lv\/wp-content\/uploads\/2025\/02\/c2VydmljZT1pbWFnZXMmc3JjPWh0dHBzJTNBJTJGJTJGc2hlbHRlcnMucGwlMkZ3cC1jb250ZW50JTJGdXBsb2FkcyUyRjIwMjMl.jpeg\",\"datePublished\":\"2025-02-25T08:20:14+00:00\",\"dateModified\":\"2026-01-06T09:14:14+00:00\",\"description\":\"Patvert\u0146u apr\u012bkojums - druvis un l\u016bkas, ventil\u0101cijas sist\u0113mas, filtri un daudz kas cits.\",\"breadcrumb\":{\"@id\":\"https:\/\/pagrabueksperti.lv\/patvertnu-aprikojums\/#breadcrumb\"},\"inLanguage\":\"en-GB\",\"potentialAction\":[{\"@type\":\"ReadAction\",\"target\":[\"https:\/\/pagrabueksperti.lv\/patvertnu-aprikojums\/\"]}]},{\"@type\":\"ImageObject\",\"inLanguage\":\"en-GB\",\"@id\":\"https:\/\/pagrabueksperti.lv\/patvertnu-aprikojums\/#primaryimage\",\"url\":\"http:\/\/pagrabueksperti.lv\/wp-content\/uploads\/2025\/02\/c2VydmljZT1pbWFnZXMmc3JjPWh0dHBzJTNBJTJGJTJGc2hlbHRlcnMucGwlMkZ3cC1jb250ZW50JTJGdXBsb2FkcyUyRjIwMjMl.jpeg\",\"contentUrl\":\"http:\/\/pagrabueksperti.lv\/wp-content\/uploads\/2025\/02\/c2VydmljZT1pbWFnZXMmc3JjPWh0dHBzJTNBJTJGJTJGc2hlbHRlcnMucGwlMkZ3cC1jb250ZW50JTJGdXBsb2FkcyUyRjIwMjMl.jpeg\"},{\"@type\":\"BreadcrumbList\",\"@id\":\"https:\/\/pagrabueksperti.lv\/patvertnu-aprikojums\/#breadcrumb\",\"itemListElement\":[{\"@type\":\"ListItem\",\"position\":1,\"name\":\"Home\",\"item\":\"https:\/\/pagrabueksperti.lv\/\"},{\"@type\":\"ListItem\",\"position\":2,\"name\":\"Patvert\u0146u apr\u012bkojums\"}]},{\"@type\":\"WebSite\",\"@id\":\"https:\/\/pagrabueksperti.lv\/#website\",\"url\":\"https:\/\/pagrabueksperti.lv\/\",\"name\":\"Pagrabu Eksperti\",\"description\":\"\",\"publisher\":{\"@id\":\"https:\/\/pagrabueksperti.lv\/#organization\"},\"potentialAction\":[{\"@type\":\"SearchAction\",\"target\":{\"@type\":\"EntryPoint\",\"urlTemplate\":\"https:\/\/pagrabueksperti.lv\/?s={search_term_string}\"},\"query-input\":{\"@type\":\"PropertyValueSpecification\",\"valueRequired\":true,\"valueName\":\"search_term_string\"}}],\"inLanguage\":\"en-GB\"},{\"@type\":\"Organization\",\"@id\":\"https:\/\/pagrabueksperti.lv\/#organization\",\"name\":\"Pagrabu Eksperti\",\"url\":\"https:\/\/pagrabueksperti.lv\/\",\"logo\":{\"@type\":\"ImageObject\",\"inLanguage\":\"en-GB\",\"@id\":\"https:\/\/pagrabueksperti.lv\/#\/schema\/logo\/image\/\",\"url\":\"https:\/\/pagrabueksperti.lv\/wp-content\/uploads\/2025\/02\/Group-20-3.png\",\"contentUrl\":\"https:\/\/pagrabueksperti.lv\/wp-content\/uploads\/2025\/02\/Group-20-3.png\",\"width\":894,\"height\":891,\"caption\":\"Pagrabu Eksperti\"},\"image\":{\"@id\":\"https:\/\/pagrabueksperti.lv\/#\/schema\/logo\/image\/\"}}]}<\/script>\n<!-- \/ Yoast SEO Premium plugin. -->","yoast_head_json":{"title":"Patvert\u0146u apr\u012bkojums - Pagrabu Eksperti","description":"Patvert\u0146u apr\u012bkojums - druvis un l\u016bkas, ventil\u0101cijas sist\u0113mas, filtri un daudz kas cits.","robots":{"index":"index","follow":"follow","max-snippet":"max-snippet:-1","max-image-preview":"max-image-preview:large","max-video-preview":"max-video-preview:-1"},"canonical":"https:\/\/pagrabueksperti.lv\/en\/patvertnu-aprikojums\/","og_locale":"en_GB","og_type":"article","og_title":"Patvert\u0146u apr\u012bkojums","og_description":"Patvert\u0146u apr\u012bkojums - druvis un l\u016bkas, ventil\u0101cijas sist\u0113mas, filtri un daudz kas cits.","og_url":"https:\/\/pagrabueksperti.lv\/en\/patvertnu-aprikojums\/","og_site_name":"Pagrabu Eksperti","article_modified_time":"2026-01-06T09:14:14+00:00","og_image":[{"width":1920,"height":1440,"url":"https:\/\/pagrabueksperti.lv\/wp-content\/uploads\/2025\/02\/c2VydmljZT1pbWFnZXMmc3JjPWh0dHBzJTNBJTJGJTJGc2hlbHRlcnMucGwlMkZ3cC1jb250ZW50JTJGdXBsb2FkcyUyRjIwMjMl.jpeg","type":"image\/jpeg"}],"twitter_card":"summary_large_image","twitter_misc":{"Estimated reading time":"1 minute"},"schema":{"@context":"https:\/\/schema.org","@graph":[{"@type":"WebPage","@id":"https:\/\/pagrabueksperti.lv\/patvertnu-aprikojums\/","url":"https:\/\/pagrabueksperti.lv\/patvertnu-aprikojums\/","name":"Patvert\u0146u apr\u012bkojums - Pagrabu Eksperti","isPartOf":{"@id":"https:\/\/pagrabueksperti.lv\/#website"},"primaryImageOfPage":{"@id":"https:\/\/pagrabueksperti.lv\/patvertnu-aprikojums\/#primaryimage"},"image":{"@id":"https:\/\/pagrabueksperti.lv\/patvertnu-aprikojums\/#primaryimage"},"thumbnailUrl":"http:\/\/pagrabueksperti.lv\/wp-content\/uploads\/2025\/02\/c2VydmljZT1pbWFnZXMmc3JjPWh0dHBzJTNBJTJGJTJGc2hlbHRlcnMucGwlMkZ3cC1jb250ZW50JTJGdXBsb2FkcyUyRjIwMjMl.jpeg","datePublished":"2025-02-25T08:20:14+00:00","dateModified":"2026-01-06T09:14:14+00:00","description":"Patvert\u0146u apr\u012bkojums - druvis un l\u016bkas, ventil\u0101cijas sist\u0113mas, filtri un daudz kas cits.","breadcrumb":{"@id":"https:\/\/pagrabueksperti.lv\/patvertnu-aprikojums\/#breadcrumb"},"inLanguage":"en-GB","potentialAction":[{"@type":"ReadAction","target":["https:\/\/pagrabueksperti.lv\/patvertnu-aprikojums\/"]}]},{"@type":"ImageObject","inLanguage":"en-GB","@id":"https:\/\/pagrabueksperti.lv\/patvertnu-aprikojums\/#primaryimage","url":"http:\/\/pagrabueksperti.lv\/wp-content\/uploads\/2025\/02\/c2VydmljZT1pbWFnZXMmc3JjPWh0dHBzJTNBJTJGJTJGc2hlbHRlcnMucGwlMkZ3cC1jb250ZW50JTJGdXBsb2FkcyUyRjIwMjMl.jpeg","contentUrl":"http:\/\/pagrabueksperti.lv\/wp-content\/uploads\/2025\/02\/c2VydmljZT1pbWFnZXMmc3JjPWh0dHBzJTNBJTJGJTJGc2hlbHRlcnMucGwlMkZ3cC1jb250ZW50JTJGdXBsb2FkcyUyRjIwMjMl.jpeg"},{"@type":"BreadcrumbList","@id":"https:\/\/pagrabueksperti.lv\/patvertnu-aprikojums\/#breadcrumb","itemListElement":[{"@type":"ListItem","position":1,"name":"Home","item":"https:\/\/pagrabueksperti.lv\/"},{"@type":"ListItem","position":2,"name":"Patvert\u0146u apr\u012bkojums"}]},{"@type":"WebSite","@id":"https:\/\/pagrabueksperti.lv\/#website","url":"https:\/\/pagrabueksperti.lv\/","name":"Pagrabu Eksperti","description":"","publisher":{"@id":"https:\/\/pagrabueksperti.lv\/#organization"},"potentialAction":[{"@type":"SearchAction","target":{"@type":"EntryPoint","urlTemplate":"https:\/\/pagrabueksperti.lv\/?s={search_term_string}"},"query-input":{"@type":"PropertyValueSpecification","valueRequired":true,"valueName":"search_term_string"}}],"inLanguage":"en-GB"},{"@type":"Organization","@id":"https:\/\/pagrabueksperti.lv\/#organization","name":"Pagrabu Eksperti","url":"https:\/\/pagrabueksperti.lv\/","logo":{"@type":"ImageObject","inLanguage":"en-GB","@id":"https:\/\/pagrabueksperti.lv\/#\/schema\/logo\/image\/","url":"https:\/\/pagrabueksperti.lv\/wp-content\/uploads\/2025\/02\/Group-20-3.png","contentUrl":"https:\/\/pagrabueksperti.lv\/wp-content\/uploads\/2025\/02\/Group-20-3.png","width":894,"height":891,"caption":"Pagrabu Eksperti"},"image":{"@id":"https:\/\/pagrabueksperti.lv\/#\/schema\/logo\/image\/"}}]}},"_links":{"self":[{"href":"https:\/\/pagrabueksperti.lv\/en\/wp-json\/wp\/v2\/pages\/2969","targetHints":{"allow":["GET"]}}],"collection":[{"href":"https:\/\/pagrabueksperti.lv\/en\/wp-json\/wp\/v2\/pages"}],"about":[{"href":"https:\/\/pagrabueksperti.lv\/en\/wp-json\/wp\/v2\/types\/page"}],"author":[{"embeddable":true,"href":"https:\/\/pagrabueksperti.lv\/en\/wp-json\/wp\/v2\/users\/1"}],"replies":[{"embeddable":true,"href":"https:\/\/pagrabueksperti.lv\/en\/wp-json\/wp\/v2\/comments?post=2969"}],"version-history":[{"count":32,"href":"https:\/\/pagrabueksperti.lv\/en\/wp-json\/wp\/v2\/pages\/2969\/revisions"}],"predecessor-version":[{"id":3544,"href":"https:\/\/pagrabueksperti.lv\/en\/wp-json\/wp\/v2\/pages\/2969\/revisions\/3544"}],"wp:attachment":[{"href":"https:\/\/pagrabueksperti.lv\/en\/wp-json\/wp\/v2\/media?parent=2969"}],"curies":[{"name":"wp","href":"https:\/\/api.w.org\/{rel}","templated":true}]}}