{"id":2794,"date":"2025-02-20T20:45:44","date_gmt":"2025-02-20T18:45:44","guid":{"rendered":"https:\/\/pagrabueksperti.lv\/?page_id=2794"},"modified":"2025-02-28T10:56:46","modified_gmt":"2025-02-28T08:56:46","slug":"bazes-pazemes-bunkura-modelis","status":"publish","type":"page","link":"https:\/\/pagrabueksperti.lv\/en\/bazes-pazemes-bunkura-modelis\/","title":{"rendered":"Base Underground Bunker Module"},"content":{"rendered":"<div data-elementor-type=\"wp-page\" data-elementor-id=\"2794\" class=\"elementor elementor-2794\" data-elementor-post-type=\"page\">\n\t\t\t\t<div class=\"elementor-element elementor-element-3ada66a e-flex e-con-boxed e-con e-parent\" data-id=\"3ada66a\" data-element_type=\"container\" data-settings=\"{&quot;background_background&quot;:&quot;slideshow&quot;,&quot;background_slideshow_gallery&quot;:[{&quot;id&quot;:2810,&quot;url&quot;:&quot;http:\\\/\\\/pagrabueksperti.lv\\\/wp-content\\\/uploads\\\/2025\\\/02\\\/c2VydmljZT1pbWFnZXMmc3JjPWh0dHBzJTNBJTJGJTJGc2hlbHRlcnMucGwlMkZ3cC1jb250ZW50JTJGdXBsb2FkcyUyRjIwMjMl_1.jpeg&quot;},{&quot;id&quot;:2812,&quot;url&quot;:&quot;http:\\\/\\\/pagrabueksperti.lv\\\/wp-content\\\/uploads\\\/2025\\\/02\\\/c2VydmljZT1pbWFnZXMmc3JjPWh0dHBzJTNBJTJGJTJGc2hlbHRlcnMucGwlMkZ3cC1jb250ZW50JTJGdXBsb2FkcyUyRjIwMjMl_1-1.jpeg&quot;},{&quot;id&quot;:2809,&quot;url&quot;:&quot;http:\\\/\\\/pagrabueksperti.lv\\\/wp-content\\\/uploads\\\/2025\\\/02\\\/c2VydmljZT1pbWFnZXMmc3JjPWh0dHBzJTNBJTJGJTJGc2hlbHRlcnMucGwlMkZ3cC1jb250ZW50JTJGdXBsb2FkcyUyRjIwMjMl-1.jpeg&quot;}],&quot;background_slideshow_loop&quot;:&quot;yes&quot;,&quot;background_slideshow_slide_duration&quot;:5000,&quot;background_slideshow_slide_transition&quot;:&quot;fade&quot;,&quot;background_slideshow_transition_duration&quot;:500}\">\n\t\t\t\t\t<div class=\"e-con-inner\">\n\t\t\t\t<div class=\"elementor-element elementor-element-ce9341f elementor-widget elementor-widget-heading\" data-id=\"ce9341f\" data-element_type=\"widget\" data-widget_type=\"heading.default\">\n\t\t\t\t<div class=\"elementor-widget-container\">\n\t\t\t\t\t<h2 class=\"elementor-heading-title elementor-size-default\">Base Underground Bunker Module<\/h2>\t\t\t\t<\/div>\n\t\t\t\t<\/div>\n\t\t\t\t\t<\/div>\n\t\t\t\t<\/div>\n\t\t<div class=\"elementor-element elementor-element-8176f92 e-flex e-con-boxed e-con e-parent\" data-id=\"8176f92\" data-element_type=\"container\">\n\t\t\t\t\t<div class=\"e-con-inner\">\n\t\t\t\t<div class=\"elementor-element elementor-element-ae213d0 elementor-widget elementor-widget-heading\" data-id=\"ae213d0\" data-element_type=\"widget\" data-widget_type=\"heading.default\">\n\t\t\t\t<div class=\"elementor-widget-container\">\n\t\t\t\t\t<h5 class=\"elementor-heading-title elementor-size-default\">The bunker is a steel structure below ground level, providing safety and protection for 2-4 people against explosions, gases and splinters. It requires a reinforced concrete slab made of C20\/25 (C30\/35) concrete, which guarantees the stability of the bunker.<\/h5>\t\t\t\t<\/div>\n\t\t\t\t<\/div>\n\t\t\t\t<div class=\"elementor-element elementor-element-6b63692 elementor-widget elementor-widget-text-editor\" data-id=\"6b63692\" data-element_type=\"widget\" data-widget_type=\"text-editor.default\">\n\t\t\t\t<div class=\"elementor-widget-container\">\n\t\t\t\t\t\t\t\t\t<h4><span style=\"color: #638700;\">Modern NBC protection technology.<\/span><\/h4><p>The bunker is equipped with an air filtration system from Swiss company Lunor, which effectively protects against nuclear, biological and chemical (NBC) threats. This gives us a modern NBC bunker. In addition, security is enhanced by gas-tight and watertight doors separating the living area from the decontamination area.<\/p><h4><span style=\"color: #638700;\">Metal construction and ballistic protection.<\/span><\/h4><p>The entrance to the bunker is provided by a hatch made of AR 500 steel, which is resistant to most firearms bullets. This hatch can provide safety in crisis situations. The entire bunker structure is coated with TEKNOZINC 90 SE, a two-layer zinc paint that provides corrosion protection.The outer steel walls of the bunker are coated with closed cell foam that lasts up to 25 years.<\/p><h4><span style=\"color: #638700;\">Installation and application.<\/span><\/h4><p>The bunkers are designed to be installed in the chosen location, near the house - under the house. The structure is delivered in two parts for easy transport and assembly.<br \/>A bunker not only provides a safe shelter, but can also be used as a weapons room, etc. A bunker can be used as a cellar for storing food supplies during peacetime. Thanks to the NBC equipment, the bunker becomes the ideal solution for crisis situations.<\/p><h4><span style=\"color: #638700;\">Easy installation.<\/span><\/h4><p>During installation, we install an underground air supply, water pipe, power line and sewer line in the excavated pit. Thanks to this, we can set up bunkers in different places, for example under the house. This solution provides flexibility, allowing the bunker to be tailored to the individual needs of the user and the site conditions.<\/p><h4><span style=\"color: #638700;\">Invest in safety.<\/span><\/h4><p>This solution is ideal both as an emergency bunker and as a practical place to store valuables. You get the security and reassurance that your valuables are properly protected.<\/p><h4><span style=\"color: #638700;\">Standard specification for bunker:<\/span><\/h4><p><strong>External dimensions:<\/strong> 2,45 m x 5,8 m<br \/><strong>Installation depth:<\/strong> l\u012bdz 2,5 m<br \/><strong>Weight:<\/strong> 6000 kg<\/p><p>Thanks to the modular design, bunkers can be extended, reconfigured during the design process and fitted with an additional emergency exit.<\/p>\t\t\t\t\t\t\t\t<\/div>\n\t\t\t\t<\/div>\n\t\t\t\t<div class=\"elementor-element elementor-element-5465d99 elementor-widget elementor-widget-gallery\" data-id=\"5465d99\" data-element_type=\"widget\" data-settings=\"{&quot;columns&quot;:3,&quot;lazyload&quot;:&quot;yes&quot;,&quot;gallery_layout&quot;:&quot;grid&quot;,&quot;columns_tablet&quot;:2,&quot;columns_mobile&quot;:1,&quot;gap&quot;:{&quot;unit&quot;:&quot;px&quot;,&quot;size&quot;:10,&quot;sizes&quot;:[]},&quot;gap_tablet&quot;:{&quot;unit&quot;:&quot;px&quot;,&quot;size&quot;:10,&quot;sizes&quot;:[]},&quot;gap_mobile&quot;:{&quot;unit&quot;:&quot;px&quot;,&quot;size&quot;:10,&quot;sizes&quot;:[]},&quot;link_to&quot;:&quot;file&quot;,&quot;aspect_ratio&quot;:&quot;3:2&quot;,&quot;overlay_background&quot;:&quot;yes&quot;,&quot;content_hover_animation&quot;:&quot;fade-in&quot;}\" data-widget_type=\"gallery.default\">\n\t\t\t\t<div class=\"elementor-widget-container\">\n\t\t\t\t\t\t\t<div class=\"elementor-gallery__container\">\n\t\t\t\t\t\t\t<a class=\"e-gallery-item elementor-gallery-item elementor-animated-content\" href=\"https:\/\/pagrabueksperti.lv\/wp-content\/uploads\/2025\/02\/c2VydmljZT1pbWFnZXMmc3JjPWh0dHBzJTNBJTJGJTJGc2hlbHRlcnMucGwlMkZ3cC1jb250ZW50JTJGdXBsb2FkcyUyRjIwMjMl-1.jpeg\" data-elementor-open-lightbox=\"yes\" data-elementor-lightbox-slideshow=\"5465d99\" data-e-action-hash=\"#elementor-action%3Aaction%3Dlightbox%26settings%3DeyJpZCI6MjgwOSwidXJsIjoiaHR0cHM6XC9cL3BhZ3JhYnVla3NwZXJ0aS5sdlwvd3AtY29udGVudFwvdXBsb2Fkc1wvMjAyNVwvMDJcL2MyVnlkbWxqWlQxcGJXRm5aWE1tYzNKalBXaDBkSEJ6SlROQkpUSkdKVEpHYzJobGJIUmxjbk11Y0d3bE1rWjNjQzFqYjI1MFpXNTBKVEpHZFhCc2IyRmtjeVV5UmpJd01qTWwtMS5qcGVnIiwic2xpZGVzaG93IjoiNTQ2NWQ5OSJ9\">\n\t\t\t\t\t<div class=\"e-gallery-image elementor-gallery-item__image\" data-thumbnail=\"https:\/\/pagrabueksperti.lv\/wp-content\/uploads\/2025\/02\/c2VydmljZT1pbWFnZXMmc3JjPWh0dHBzJTNBJTJGJTJGc2hlbHRlcnMucGwlMkZ3cC1jb250ZW50JTJGdXBsb2FkcyUyRjIwMjMl-1-768x576.jpeg\" data-width=\"768\" data-height=\"576\" aria-label=\"\" role=\"img\" ><\/div>\n\t\t\t\t\t\t\t\t\t\t\t<div class=\"elementor-gallery-item__overlay\"><\/div>\n\t\t\t\t\t\t\t\t\t\t\t\t\t\t<\/a>\n\t\t\t\t\t\t\t<a class=\"e-gallery-item elementor-gallery-item elementor-animated-content\" href=\"https:\/\/pagrabueksperti.lv\/wp-content\/uploads\/2025\/02\/c2VydmljZT1pbWFnZXMmc3JjPWh0dHBzJTNBJTJGJTJGc2hlbHRlcnMucGwlMkZ3cC1jb250ZW50JTJGdXBsb2FkcyUyRjIwMjMl_1.jpeg\" data-elementor-open-lightbox=\"yes\" data-elementor-lightbox-slideshow=\"5465d99\" data-e-action-hash=\"#elementor-action%3Aaction%3Dlightbox%26settings%3DeyJpZCI6MjgxMCwidXJsIjoiaHR0cHM6XC9cL3BhZ3JhYnVla3NwZXJ0aS5sdlwvd3AtY29udGVudFwvdXBsb2Fkc1wvMjAyNVwvMDJcL2MyVnlkbWxqWlQxcGJXRm5aWE1tYzNKalBXaDBkSEJ6SlROQkpUSkdKVEpHYzJobGJIUmxjbk11Y0d3bE1rWjNjQzFqYjI1MFpXNTBKVEpHZFhCc2IyRmtjeVV5UmpJd01qTWxfMS5qcGVnIiwic2xpZGVzaG93IjoiNTQ2NWQ5OSJ9\">\n\t\t\t\t\t<div class=\"e-gallery-image elementor-gallery-item__image\" data-thumbnail=\"https:\/\/pagrabueksperti.lv\/wp-content\/uploads\/2025\/02\/c2VydmljZT1pbWFnZXMmc3JjPWh0dHBzJTNBJTJGJTJGc2hlbHRlcnMucGwlMkZ3cC1jb250ZW50JTJGdXBsb2FkcyUyRjIwMjMl_1-768x576.jpeg\" data-width=\"768\" data-height=\"576\" aria-label=\"\" role=\"img\" ><\/div>\n\t\t\t\t\t\t\t\t\t\t\t<div class=\"elementor-gallery-item__overlay\"><\/div>\n\t\t\t\t\t\t\t\t\t\t\t\t\t\t<\/a>\n\t\t\t\t\t\t\t<a class=\"e-gallery-item elementor-gallery-item elementor-animated-content\" href=\"https:\/\/pagrabueksperti.lv\/wp-content\/uploads\/2025\/02\/c2VydmljZT1pbWFnZXMmc3JjPWh0dHBzJTNBJTJGJTJGc2hlbHRlcnMucGwlMkZ3cC1jb250ZW50JTJGdXBsb2FkcyUyRjIwMjMl-2.jpeg\" data-elementor-open-lightbox=\"yes\" data-elementor-lightbox-slideshow=\"5465d99\" data-e-action-hash=\"#elementor-action%3Aaction%3Dlightbox%26settings%3DeyJpZCI6MjgxMSwidXJsIjoiaHR0cHM6XC9cL3BhZ3JhYnVla3NwZXJ0aS5sdlwvd3AtY29udGVudFwvdXBsb2Fkc1wvMjAyNVwvMDJcL2MyVnlkbWxqWlQxcGJXRm5aWE1tYzNKalBXaDBkSEJ6SlROQkpUSkdKVEpHYzJobGJIUmxjbk11Y0d3bE1rWjNjQzFqYjI1MFpXNTBKVEpHZFhCc2IyRmtjeVV5UmpJd01qTWwtMi5qcGVnIiwic2xpZGVzaG93IjoiNTQ2NWQ5OSJ9\">\n\t\t\t\t\t<div class=\"e-gallery-image elementor-gallery-item__image\" data-thumbnail=\"https:\/\/pagrabueksperti.lv\/wp-content\/uploads\/2025\/02\/c2VydmljZT1pbWFnZXMmc3JjPWh0dHBzJTNBJTJGJTJGc2hlbHRlcnMucGwlMkZ3cC1jb250ZW50JTJGdXBsb2FkcyUyRjIwMjMl-2-768x576.jpeg\" data-width=\"768\" data-height=\"576\" aria-label=\"\" role=\"img\" ><\/div>\n\t\t\t\t\t\t\t\t\t\t\t<div class=\"elementor-gallery-item__overlay\"><\/div>\n\t\t\t\t\t\t\t\t\t\t\t\t\t\t<\/a>\n\t\t\t\t\t\t\t<a class=\"e-gallery-item elementor-gallery-item elementor-animated-content\" href=\"https:\/\/pagrabueksperti.lv\/wp-content\/uploads\/2025\/02\/c2VydmljZT1pbWFnZXMmc3JjPWh0dHBzJTNBJTJGJTJGc2hlbHRlcnMucGwlMkZ3cC1jb250ZW50JTJGdXBsb2FkcyUyRjIwMjMl_1-1.jpeg\" data-elementor-open-lightbox=\"yes\" data-elementor-lightbox-slideshow=\"5465d99\" data-e-action-hash=\"#elementor-action%3Aaction%3Dlightbox%26settings%3DeyJpZCI6MjgxMiwidXJsIjoiaHR0cHM6XC9cL3BhZ3JhYnVla3NwZXJ0aS5sdlwvd3AtY29udGVudFwvdXBsb2Fkc1wvMjAyNVwvMDJcL2MyVnlkbWxqWlQxcGJXRm5aWE1tYzNKalBXaDBkSEJ6SlROQkpUSkdKVEpHYzJobGJIUmxjbk11Y0d3bE1rWjNjQzFqYjI1MFpXNTBKVEpHZFhCc2IyRmtjeVV5UmpJd01qTWxfMS0xLmpwZWciLCJzbGlkZXNob3ciOiI1NDY1ZDk5In0%3D\">\n\t\t\t\t\t<div class=\"e-gallery-image elementor-gallery-item__image\" data-thumbnail=\"https:\/\/pagrabueksperti.lv\/wp-content\/uploads\/2025\/02\/c2VydmljZT1pbWFnZXMmc3JjPWh0dHBzJTNBJTJGJTJGc2hlbHRlcnMucGwlMkZ3cC1jb250ZW50JTJGdXBsb2FkcyUyRjIwMjMl_1-1-768x510.jpeg\" data-width=\"768\" data-height=\"510\" aria-label=\"\" role=\"img\" ><\/div>\n\t\t\t\t\t\t\t\t\t\t\t<div class=\"elementor-gallery-item__overlay\"><\/div>\n\t\t\t\t\t\t\t\t\t\t\t\t\t\t<\/a>\n\t\t\t\t\t\t\t<a class=\"e-gallery-item elementor-gallery-item elementor-animated-content\" href=\"https:\/\/pagrabueksperti.lv\/wp-content\/uploads\/2025\/02\/c2VydmljZT1pbWFnZXMmc3JjPWh0dHBzJTNBJTJGJTJGc2hlbHRlcnMucGwlMkZ3cC1jb250ZW50JTJGdXBsb2FkcyUyRjIwMjMl-4.jpeg\" data-elementor-open-lightbox=\"yes\" data-elementor-lightbox-slideshow=\"5465d99\" data-e-action-hash=\"#elementor-action%3Aaction%3Dlightbox%26settings%3DeyJpZCI6MjgxNSwidXJsIjoiaHR0cHM6XC9cL3BhZ3JhYnVla3NwZXJ0aS5sdlwvd3AtY29udGVudFwvdXBsb2Fkc1wvMjAyNVwvMDJcL2MyVnlkbWxqWlQxcGJXRm5aWE1tYzNKalBXaDBkSEJ6SlROQkpUSkdKVEpHYzJobGJIUmxjbk11Y0d3bE1rWjNjQzFqYjI1MFpXNTBKVEpHZFhCc2IyRmtjeVV5UmpJd01qTWwtNC5qcGVnIiwic2xpZGVzaG93IjoiNTQ2NWQ5OSJ9\">\n\t\t\t\t\t<div class=\"e-gallery-image elementor-gallery-item__image\" data-thumbnail=\"https:\/\/pagrabueksperti.lv\/wp-content\/uploads\/2025\/02\/c2VydmljZT1pbWFnZXMmc3JjPWh0dHBzJTNBJTJGJTJGc2hlbHRlcnMucGwlMkZ3cC1jb250ZW50JTJGdXBsb2FkcyUyRjIwMjMl-4-768x721.jpeg\" data-width=\"768\" data-height=\"721\" aria-label=\"\" role=\"img\" ><\/div>\n\t\t\t\t\t\t\t\t\t\t\t<div class=\"elementor-gallery-item__overlay\"><\/div>\n\t\t\t\t\t\t\t\t\t\t\t\t\t\t<\/a>\n\t\t\t\t\t\t\t<a class=\"e-gallery-item elementor-gallery-item elementor-animated-content\" href=\"https:\/\/pagrabueksperti.lv\/wp-content\/uploads\/2025\/02\/c2VydmljZT1pbWFnZXMmc3JjPWh0dHBzJTNBJTJGJTJGc2hlbHRlcnMucGwlMkZ3cC1jb250ZW50JTJGdXBsb2FkcyUyRjIwMjMl_1-3.jpeg\" data-elementor-open-lightbox=\"yes\" data-elementor-lightbox-slideshow=\"5465d99\" data-e-action-hash=\"#elementor-action%3Aaction%3Dlightbox%26settings%3DeyJpZCI6MjgxNiwidXJsIjoiaHR0cHM6XC9cL3BhZ3JhYnVla3NwZXJ0aS5sdlwvd3AtY29udGVudFwvdXBsb2Fkc1wvMjAyNVwvMDJcL2MyVnlkbWxqWlQxcGJXRm5aWE1tYzNKalBXaDBkSEJ6SlROQkpUSkdKVEpHYzJobGJIUmxjbk11Y0d3bE1rWjNjQzFqYjI1MFpXNTBKVEpHZFhCc2IyRmtjeVV5UmpJd01qTWxfMS0zLmpwZWciLCJzbGlkZXNob3ciOiI1NDY1ZDk5In0%3D\">\n\t\t\t\t\t<div class=\"e-gallery-image elementor-gallery-item__image\" data-thumbnail=\"https:\/\/pagrabueksperti.lv\/wp-content\/uploads\/2025\/02\/c2VydmljZT1pbWFnZXMmc3JjPWh0dHBzJTNBJTJGJTJGc2hlbHRlcnMucGwlMkZ3cC1jb250ZW50JTJGdXBsb2FkcyUyRjIwMjMl_1-3-768x1006.jpeg\" data-width=\"768\" data-height=\"1006\" aria-label=\"\" role=\"img\" ><\/div>\n\t\t\t\t\t\t\t\t\t\t\t<div class=\"elementor-gallery-item__overlay\"><\/div>\n\t\t\t\t\t\t\t\t\t\t\t\t\t\t<\/a>\n\t\t\t\t\t<\/div>\n\t\t\t\t\t<\/div>\n\t\t\t\t<\/div>\n\t\t\t\t<div class=\"elementor-element elementor-element-95c50a1 elementor-align-center elementor-widget elementor-widget-button\" data-id=\"95c50a1\" data-element_type=\"widget\" data-widget_type=\"button.default\">\n\t\t\t\t<div class=\"elementor-widget-container\">\n\t\t\t\t\t\t\t\t\t<div class=\"elementor-button-wrapper\">\n\t\t\t\t\t<a class=\"elementor-button elementor-button-link elementor-size-sm\" href=\"\/en\/kontakti\/\">\n\t\t\t\t\t\t<span class=\"elementor-button-content-wrapper\">\n\t\t\t\t\t\t\t\t\t<span class=\"elementor-button-text\">CONTACT US TO RECEIVE A QUOTE<\/span>\n\t\t\t\t\t<\/span>\n\t\t\t\t\t<\/a>\n\t\t\t\t<\/div>\n\t\t\t\t\t\t\t\t<\/div>\n\t\t\t\t<\/div>\n\t\t\t\t\t<\/div>\n\t\t\t\t<\/div>\n\t\t\t\t<\/div>","protected":false},"excerpt":{"rendered":"<p>B\u0101zes Pazemes Bunkura modelis Bunkurs ir t\u0113rauda konstrukcija, kas atrodas zem zemes l\u012bme\u0146a, nodro\u0161inot dro\u0161\u012bbu un aizsardz\u012bbu 2-4 person\u0101m pret spr\u0101dzieniem, g\u0101z\u0113m un \u0161\u0137emb\u0101m. T\u0101 uzst\u0101d\u012b\u0161anai nepiecie\u0161ams izmantot arm\u0113tu betona pl\u0101tni no C20\/25 (C30\/35) betona, kas garant\u0113 bunkura stabilit\u0101ti. M\u016bsdienu NBC aizsardz\u012bbas tehnolo\u0123ija. Bunkurs ir apr\u012bkots ar \u0160veices uz\u0146\u0113muma Lunor gaisa filtr\u0113\u0161anas sist\u0113mu, kas efekt\u012bvi [&hellip;]<\/p>","protected":false},"author":1,"featured_media":0,"parent":0,"menu_order":0,"comment_status":"closed","ping_status":"closed","template":"","meta":{"site-sidebar-layout":"no-sidebar","site-content-layout":"page-builder","ast-site-content-layout":"full-width-container","site-content-style":"default","site-sidebar-style":"default","ast-global-header-display":"","ast-banner-title-visibility":"","ast-main-header-display":"","ast-hfb-above-header-display":"","ast-hfb-below-header-display":"","ast-hfb-mobile-header-display":"","site-post-title":"disabled","ast-breadcrumbs-content":"","ast-featured-img":"disabled","footer-sml-layout":"","ast-disable-related-posts":"","theme-transparent-header-meta":"","adv-header-id-meta":"","stick-header-meta":"","header-above-stick-meta":"","header-main-stick-meta":"","header-below-stick-meta":"","astra-migrate-meta-layouts":"set","ast-page-background-enabled":"default","ast-page-background-meta":{"desktop":{"background-color":"","background-image":"","background-repeat":"repeat","background-position":"center center","background-size":"auto","background-attachment":"scroll","background-type":"","background-media":"","overlay-type":"","overlay-color":"","overlay-opacity":"","overlay-gradient":""},"tablet":{"background-color":"","background-image":"","background-repeat":"repeat","background-position":"center center","background-size":"auto","background-attachment":"scroll","background-type":"","background-media":"","overlay-type":"","overlay-color":"","overlay-opacity":"","overlay-gradient":""},"mobile":{"background-color":"","background-image":"","background-repeat":"repeat","background-position":"center center","background-size":"auto","background-attachment":"scroll","background-type":"","background-media":"","overlay-type":"","overlay-color":"","overlay-opacity":"","overlay-gradient":""}},"ast-content-background-meta":{"desktop":{"background-color":"var(--ast-global-color-5)","background-image":"","background-repeat":"repeat","background-position":"center center","background-size":"auto","background-attachment":"scroll","background-type":"","background-media":"","overlay-type":"","overlay-color":"","overlay-opacity":"","overlay-gradient":""},"tablet":{"background-color":"var(--ast-global-color-5)","background-image":"","background-repeat":"repeat","background-position":"center center","background-size":"auto","background-attachment":"scroll","background-type":"","background-media":"","overlay-type":"","overlay-color":"","overlay-opacity":"","overlay-gradient":""},"mobile":{"background-color":"var(--ast-global-color-5)","background-image":"","background-repeat":"repeat","background-position":"center center","background-size":"auto","background-attachment":"scroll","background-type":"","background-media":"","overlay-type":"","overlay-color":"","overlay-opacity":"","overlay-gradient":""}},"footnotes":""},"class_list":["post-2794","page","type-page","status-publish","hentry"],"yoast_head":"<!-- This site is optimized with the Yoast SEO Premium plugin v21.8 (Yoast SEO v26.6) - https:\/\/yoast.com\/wordpress\/plugins\/seo\/ -->\n<title>B\u0101zes Pazemes Bunkura modelis - Pagrabu Eksperti<\/title>\n<meta name=\"description\" content=\"Bunkurs ir t\u0113rauda konstrukcija, kas atrodas zem zemes l\u012bme\u0146a, nodro\u0161inot dro\u0161\u012bbu un aizsardz\u012bbu 2-4 person\u0101m pret spr\u0101dzieniem, g\u0101z\u0113m un \u0161\u0137emb\u0101m.\" \/>\n<meta name=\"robots\" content=\"index, follow, max-snippet:-1, max-image-preview:large, max-video-preview:-1\" \/>\n<link rel=\"canonical\" href=\"https:\/\/pagrabueksperti.lv\/en\/bazes-pazemes-bunkura-modelis\/\" \/>\n<meta property=\"og:locale\" content=\"en_GB\" \/>\n<meta property=\"og:type\" content=\"article\" \/>\n<meta property=\"og:title\" content=\"B\u0101zes Pazemes Bunkura modelis\" \/>\n<meta property=\"og:description\" content=\"Bunkurs ir t\u0113rauda konstrukcija, kas atrodas zem zemes l\u012bme\u0146a, nodro\u0161inot dro\u0161\u012bbu un aizsardz\u012bbu 2-4 person\u0101m pret spr\u0101dzieniem, g\u0101z\u0113m un \u0161\u0137emb\u0101m.\" \/>\n<meta property=\"og:url\" content=\"https:\/\/pagrabueksperti.lv\/en\/bazes-pazemes-bunkura-modelis\/\" \/>\n<meta property=\"og:site_name\" content=\"Pagrabu Eksperti\" \/>\n<meta property=\"article:modified_time\" content=\"2025-02-28T08:56:46+00:00\" \/>\n<meta name=\"twitter:card\" content=\"summary_large_image\" \/>\n<meta name=\"twitter:label1\" content=\"Estimated reading time\" \/>\n\t<meta name=\"twitter:data1\" content=\"2 minutes\" \/>\n<script type=\"application\/ld+json\" class=\"yoast-schema-graph\">{\"@context\":\"https:\/\/schema.org\",\"@graph\":[{\"@type\":\"WebPage\",\"@id\":\"https:\/\/pagrabueksperti.lv\/bazes-pazemes-bunkura-modelis\/\",\"url\":\"https:\/\/pagrabueksperti.lv\/bazes-pazemes-bunkura-modelis\/\",\"name\":\"B\u0101zes Pazemes Bunkura modelis - Pagrabu Eksperti\",\"isPartOf\":{\"@id\":\"https:\/\/pagrabueksperti.lv\/#website\"},\"datePublished\":\"2025-02-20T18:45:44+00:00\",\"dateModified\":\"2025-02-28T08:56:46+00:00\",\"description\":\"Bunkurs ir t\u0113rauda konstrukcija, kas atrodas zem zemes l\u012bme\u0146a, nodro\u0161inot dro\u0161\u012bbu un aizsardz\u012bbu 2-4 person\u0101m pret spr\u0101dzieniem, g\u0101z\u0113m un \u0161\u0137emb\u0101m.\",\"breadcrumb\":{\"@id\":\"https:\/\/pagrabueksperti.lv\/bazes-pazemes-bunkura-modelis\/#breadcrumb\"},\"inLanguage\":\"en-GB\",\"potentialAction\":[{\"@type\":\"ReadAction\",\"target\":[\"https:\/\/pagrabueksperti.lv\/bazes-pazemes-bunkura-modelis\/\"]}]},{\"@type\":\"BreadcrumbList\",\"@id\":\"https:\/\/pagrabueksperti.lv\/bazes-pazemes-bunkura-modelis\/#breadcrumb\",\"itemListElement\":[{\"@type\":\"ListItem\",\"position\":1,\"name\":\"Home\",\"item\":\"https:\/\/pagrabueksperti.lv\/\"},{\"@type\":\"ListItem\",\"position\":2,\"name\":\"B\u0101zes Pazemes Bunkura modelis\"}]},{\"@type\":\"WebSite\",\"@id\":\"https:\/\/pagrabueksperti.lv\/#website\",\"url\":\"https:\/\/pagrabueksperti.lv\/\",\"name\":\"Pagrabu Eksperti\",\"description\":\"\",\"publisher\":{\"@id\":\"https:\/\/pagrabueksperti.lv\/#organization\"},\"potentialAction\":[{\"@type\":\"SearchAction\",\"target\":{\"@type\":\"EntryPoint\",\"urlTemplate\":\"https:\/\/pagrabueksperti.lv\/?s={search_term_string}\"},\"query-input\":{\"@type\":\"PropertyValueSpecification\",\"valueRequired\":true,\"valueName\":\"search_term_string\"}}],\"inLanguage\":\"en-GB\"},{\"@type\":\"Organization\",\"@id\":\"https:\/\/pagrabueksperti.lv\/#organization\",\"name\":\"Pagrabu Eksperti\",\"url\":\"https:\/\/pagrabueksperti.lv\/\",\"logo\":{\"@type\":\"ImageObject\",\"inLanguage\":\"en-GB\",\"@id\":\"https:\/\/pagrabueksperti.lv\/#\/schema\/logo\/image\/\",\"url\":\"https:\/\/pagrabueksperti.lv\/wp-content\/uploads\/2025\/02\/Group-20-3.png\",\"contentUrl\":\"https:\/\/pagrabueksperti.lv\/wp-content\/uploads\/2025\/02\/Group-20-3.png\",\"width\":894,\"height\":891,\"caption\":\"Pagrabu Eksperti\"},\"image\":{\"@id\":\"https:\/\/pagrabueksperti.lv\/#\/schema\/logo\/image\/\"}}]}<\/script>\n<!-- \/ Yoast SEO Premium plugin. -->","yoast_head_json":{"title":"B\u0101zes Pazemes Bunkura modelis - Pagrabu Eksperti","description":"Bunkurs ir t\u0113rauda konstrukcija, kas atrodas zem zemes l\u012bme\u0146a, nodro\u0161inot dro\u0161\u012bbu un aizsardz\u012bbu 2-4 person\u0101m pret spr\u0101dzieniem, g\u0101z\u0113m un \u0161\u0137emb\u0101m.","robots":{"index":"index","follow":"follow","max-snippet":"max-snippet:-1","max-image-preview":"max-image-preview:large","max-video-preview":"max-video-preview:-1"},"canonical":"https:\/\/pagrabueksperti.lv\/en\/bazes-pazemes-bunkura-modelis\/","og_locale":"en_GB","og_type":"article","og_title":"B\u0101zes Pazemes Bunkura modelis","og_description":"Bunkurs ir t\u0113rauda konstrukcija, kas atrodas zem zemes l\u012bme\u0146a, nodro\u0161inot dro\u0161\u012bbu un aizsardz\u012bbu 2-4 person\u0101m pret spr\u0101dzieniem, g\u0101z\u0113m un \u0161\u0137emb\u0101m.","og_url":"https:\/\/pagrabueksperti.lv\/en\/bazes-pazemes-bunkura-modelis\/","og_site_name":"Pagrabu Eksperti","article_modified_time":"2025-02-28T08:56:46+00:00","twitter_card":"summary_large_image","twitter_misc":{"Estimated reading time":"2 minutes"},"schema":{"@context":"https:\/\/schema.org","@graph":[{"@type":"WebPage","@id":"https:\/\/pagrabueksperti.lv\/bazes-pazemes-bunkura-modelis\/","url":"https:\/\/pagrabueksperti.lv\/bazes-pazemes-bunkura-modelis\/","name":"B\u0101zes Pazemes Bunkura modelis - Pagrabu Eksperti","isPartOf":{"@id":"https:\/\/pagrabueksperti.lv\/#website"},"datePublished":"2025-02-20T18:45:44+00:00","dateModified":"2025-02-28T08:56:46+00:00","description":"Bunkurs ir t\u0113rauda konstrukcija, kas atrodas zem zemes l\u012bme\u0146a, nodro\u0161inot dro\u0161\u012bbu un aizsardz\u012bbu 2-4 person\u0101m pret spr\u0101dzieniem, g\u0101z\u0113m un \u0161\u0137emb\u0101m.","breadcrumb":{"@id":"https:\/\/pagrabueksperti.lv\/bazes-pazemes-bunkura-modelis\/#breadcrumb"},"inLanguage":"en-GB","potentialAction":[{"@type":"ReadAction","target":["https:\/\/pagrabueksperti.lv\/bazes-pazemes-bunkura-modelis\/"]}]},{"@type":"BreadcrumbList","@id":"https:\/\/pagrabueksperti.lv\/bazes-pazemes-bunkura-modelis\/#breadcrumb","itemListElement":[{"@type":"ListItem","position":1,"name":"Home","item":"https:\/\/pagrabueksperti.lv\/"},{"@type":"ListItem","position":2,"name":"B\u0101zes Pazemes Bunkura modelis"}]},{"@type":"WebSite","@id":"https:\/\/pagrabueksperti.lv\/#website","url":"https:\/\/pagrabueksperti.lv\/","name":"Pagrabu Eksperti","description":"","publisher":{"@id":"https:\/\/pagrabueksperti.lv\/#organization"},"potentialAction":[{"@type":"SearchAction","target":{"@type":"EntryPoint","urlTemplate":"https:\/\/pagrabueksperti.lv\/?s={search_term_string}"},"query-input":{"@type":"PropertyValueSpecification","valueRequired":true,"valueName":"search_term_string"}}],"inLanguage":"en-GB"},{"@type":"Organization","@id":"https:\/\/pagrabueksperti.lv\/#organization","name":"Pagrabu Eksperti","url":"https:\/\/pagrabueksperti.lv\/","logo":{"@type":"ImageObject","inLanguage":"en-GB","@id":"https:\/\/pagrabueksperti.lv\/#\/schema\/logo\/image\/","url":"https:\/\/pagrabueksperti.lv\/wp-content\/uploads\/2025\/02\/Group-20-3.png","contentUrl":"https:\/\/pagrabueksperti.lv\/wp-content\/uploads\/2025\/02\/Group-20-3.png","width":894,"height":891,"caption":"Pagrabu Eksperti"},"image":{"@id":"https:\/\/pagrabueksperti.lv\/#\/schema\/logo\/image\/"}}]}},"_links":{"self":[{"href":"https:\/\/pagrabueksperti.lv\/en\/wp-json\/wp\/v2\/pages\/2794","targetHints":{"allow":["GET"]}}],"collection":[{"href":"https:\/\/pagrabueksperti.lv\/en\/wp-json\/wp\/v2\/pages"}],"about":[{"href":"https:\/\/pagrabueksperti.lv\/en\/wp-json\/wp\/v2\/types\/page"}],"author":[{"embeddable":true,"href":"https:\/\/pagrabueksperti.lv\/en\/wp-json\/wp\/v2\/users\/1"}],"replies":[{"embeddable":true,"href":"https:\/\/pagrabueksperti.lv\/en\/wp-json\/wp\/v2\/comments?post=2794"}],"version-history":[{"count":44,"href":"https:\/\/pagrabueksperti.lv\/en\/wp-json\/wp\/v2\/pages\/2794\/revisions"}],"predecessor-version":[{"id":3221,"href":"https:\/\/pagrabueksperti.lv\/en\/wp-json\/wp\/v2\/pages\/2794\/revisions\/3221"}],"wp:attachment":[{"href":"https:\/\/pagrabueksperti.lv\/en\/wp-json\/wp\/v2\/media?parent=2794"}],"curies":[{"name":"wp","href":"https:\/\/api.w.org\/{rel}","templated":true}]}}